{"id":758,"date":"2025-06-05T02:48:14","date_gmt":"2025-06-05T02:48:14","guid":{"rendered":"https:\/\/rttheadlight.com\/?post_type=product&#038;p=758"},"modified":"2026-02-01T13:00:11","modified_gmt":"2026-02-01T13:00:11","slug":"k9-6-sided-fog-headlight-series","status":"publish","type":"product","link":"https:\/\/rttheadlight.com\/pt\/product\/k9-6-sided-fog-headlight-series\/","title":{"rendered":"S\u00e9rie de far\u00f3is de neblina K9 de 6 lados"},"content":{"rendered":"<table>\n<tbody>\n<tr>\n<td width=\"160\">Voltagem<\/td>\n<td width=\"180\">12V&#8212;90V<\/td>\n<\/tr>\n<tr>\n<td width=\"160\">Consumo de energia<\/td>\n<td width=\"180\">10W<\/td>\n<\/tr>\n<tr>\n<td width=\"160\">Temperatura de cor<\/td>\n<td width=\"180\">3000K\/6000K<\/td>\n<\/tr>\n<tr>\n<td width=\"160\">Brilho<\/td>\n<td width=\"180\">1000Lm<\/td>\n<\/tr>\n<tr>\n<td width=\"160\">Di\u00e2metro do n\u00facleo LED<\/td>\n<td width=\"180\">5mm<\/td>\n<\/tr>\n<tr>\n<td width=\"160\">Fonte de alimenta\u00e7\u00e3o<\/td>\n<td width=\"180\">Built-in<\/td>\n<\/tr>\n<tr>\n<td width=\"160\">Modelos compat\u00edveis<\/td>\n<td width=\"180\">H7\/H8\/H9\/H11\/9005\/9006\/PSX24W\/H16(EU)5202\/PSX26W\/P13W<\/td>\n<\/tr>\n<\/tbody>\n<\/table>","protected":false},"excerpt":{"rendered":"<p class=\"\" data-start=\"306\" data-end=\"775\">Este modelo \u00e9 um farol de neblina com ampla faixa de alimenta\u00e7\u00e3o de 12V a 90V. Mant\u00e9m os mesmos padr\u00f5es de desempenho e qualidade, como design LED de 6 lados, n\u00facleo de 5 mm, driver externo e tecnologias t\u00e9rmicas patenteadas.<\/p>\n<hr class=\"\" data-start=\"777\" data-end=\"780\" \/>\n<h3 class=\"\" data-start=\"782\" data-end=\"802\"><strong data-start=\"786\" data-end=\"802\">Principais Caracter\u00edsticas:<\/strong><\/h3>\n<ol data-start=\"804\" data-end=\"2145\">\n<li class=\"\" data-start=\"804\" data-end=\"957\">\n<p class=\"\" data-start=\"807\" data-end=\"957\"><strong data-start=\"807\" data-end=\"841\">Design de farol de neblina<\/strong><br data-start=\"841\" data-end=\"844\" \/>\u2013 Com design de estrutura de farol de neblina 1:1.<\/p>\n<\/li>\n<li class=\"\" data-start=\"959\" data-end=\"1104\">\n<p class=\"\" data-start=\"962\" data-end=\"1104\"><strong data-start=\"962\" data-end=\"991\">Configura\u00e7\u00e3o LED de 6 faces<\/strong><br data-start=\"991\" data-end=\"994\" \/>\u2013 Garante ilumina\u00e7\u00e3o real de 360\u00b0 com padr\u00e3o de feixe uniforme e sem \u00e1reas escuras, aumentando a visibilidade durante a condu\u00e7\u00e3o.<\/p>\n<\/li>\n<li class=\"\" data-start=\"1258\" data-end=\"1397\">\n<p class=\"\" data-start=\"1261\" data-end=\"1397\"><strong data-start=\"1261\" data-end=\"1286\">Di\u00e2metro do n\u00facleo LED de 5 mm<\/strong><br data-start=\"1286\" data-end=\"1289\" \/>\u2013 Proporciona excelente foco do feixe, reproduzindo os padr\u00f5es tradicionais de hal\u00f3geno e HID para compatibilidade ideal.<\/p>\n<\/li>\n<li class=\"\" data-start=\"1399\" data-end=\"1532\">\n<p class=\"\" data-start=\"1402\" data-end=\"1532\"><strong data-start=\"1402\" data-end=\"1439\">Tecnologia de encapsulamento patenteada<\/strong><br data-start=\"1439\" data-end=\"1442\" \/>\u2013 Protege os componentes LED enquanto melhora a resist\u00eancia t\u00e9rmica e o desempenho a longo prazo.<\/p>\n<\/li>\n<li class=\"\" data-start=\"1534\" data-end=\"1687\">\n<p class=\"\" data-start=\"1537\" data-end=\"1687\"><strong data-start=\"1537\" data-end=\"1578\">Condu\u00e7\u00e3o de calor em alum\u00ednio aeron\u00e1utico<\/strong><br data-start=\"1578\" data-end=\"1581\" \/>\u2013 Design eficiente de transfer\u00eancia de calor usando material de alum\u00ednio aeron\u00e1utico para manter temperaturas de opera\u00e7\u00e3o est\u00e1veis.<\/p>\n<\/li>\n<li class=\"\" data-start=\"1689\" data-end=\"1848\">\n<p class=\"\" data-start=\"1692\" data-end=\"1848\"><strong data-start=\"1692\" data-end=\"1734\">Design com separa\u00e7\u00e3o t\u00e9rmica e el\u00e9trica<\/strong><br data-start=\"1734\" data-end=\"1737\" \/>\u2013 Isola os sistemas de gest\u00e3o t\u00e9rmica e de energia, reduzindo interfer\u00eancias el\u00e9tricas e aumentando a confiabilidade.<\/p>\n<\/li>\n<li class=\"\" data-start=\"1850\" data-end=\"1981\">\n<p class=\"\" data-start=\"1853\" data-end=\"1981\"><strong data-start=\"1853\" data-end=\"1885\">Fonte de alimenta\u00e7\u00e3o integrada do driver<\/strong><br data-start=\"1885\" data-end=\"1888\" \/>\u2013 Garante fornecimento de energia constante e reduz a carga t\u00e9rmica dentro da carca\u00e7a do farol.<\/p>\n<\/li>\n<\/ol>","protected":false},"featured_media":761,"template":"","meta":[],"product_brand":[],"product_cat":[21],"product_tag":[24],"class_list":{"0":"post-758","1":"product","2":"type-product","3":"status-publish","4":"has-post-thumbnail","6":"product_cat-6-sided-led-headlight","7":"product_tag-led-headlight","9":"first","10":"instock","11":"shipping-taxable","12":"product-type-simple"},"_links":{"self":[{"href":"https:\/\/rttheadlight.com\/pt\/wp-json\/wp\/v2\/product\/758","targetHints":{"allow":["GET"]}}],"collection":[{"href":"https:\/\/rttheadlight.com\/pt\/wp-json\/wp\/v2\/product"}],"about":[{"href":"https:\/\/rttheadlight.com\/pt\/wp-json\/wp\/v2\/types\/product"}],"wp:featuredmedia":[{"embeddable":true,"href":"https:\/\/rttheadlight.com\/pt\/wp-json\/wp\/v2\/media\/761"}],"wp:attachment":[{"href":"https:\/\/rttheadlight.com\/pt\/wp-json\/wp\/v2\/media?parent=758"}],"wp:term":[{"taxonomy":"product_brand","embeddable":true,"href":"https:\/\/rttheadlight.com\/pt\/wp-json\/wp\/v2\/product_brand?post=758"},{"taxonomy":"product_cat","embeddable":true,"href":"https:\/\/rttheadlight.com\/pt\/wp-json\/wp\/v2\/product_cat?post=758"},{"taxonomy":"product_tag","embeddable":true,"href":"https:\/\/rttheadlight.com\/pt\/wp-json\/wp\/v2\/product_tag?post=758"}],"curies":[{"name":"wp","href":"https:\/\/api.w.org\/{rel}","templated":true}]}}