{"id":267,"date":"2025-05-20T16:03:24","date_gmt":"2025-05-20T16:03:24","guid":{"rendered":"https:\/\/rttheadlight.com\/?post_type=product&#038;p=267"},"modified":"2026-02-02T12:00:07","modified_gmt":"2026-02-02T12:00:07","slug":"r7-8-sided-classic-series-led-headlight","status":"publish","type":"product","link":"https:\/\/rttheadlight.com\/pt\/product\/r7-8-sided-classic-series-led-headlight\/","title":{"rendered":"Farol LED S\u00e9rie Cl\u00e1ssica R7 de 8 Lados"},"content":{"rendered":"<table>\n<tbody>\n<tr>\n<td width=\"160\">Voltagem<\/td>\n<td width=\"180\">12V<\/td>\n<\/tr>\n<tr>\n<td width=\"160\">Consumo de energia<\/td>\n<td width=\"180\">50W<\/td>\n<\/tr>\n<tr>\n<td width=\"160\">Temperatura de cor<\/td>\n<td width=\"180\">4300K\/6000K\/8000K<\/td>\n<\/tr>\n<tr>\n<td width=\"160\">Brilho<\/td>\n<td width=\"180\">4500\/6000Lm<\/td>\n<\/tr>\n<tr>\n<td width=\"160\">Di\u00e2metro do n\u00facleo LED<\/td>\n<td width=\"180\">6mm<\/td>\n<\/tr>\n<tr>\n<td width=\"160\">Fonte de alimenta\u00e7\u00e3o<\/td>\n<td width=\"180\">Fonte de alimenta\u00e7\u00e3o com interruptor externo<\/td>\n<\/tr>\n<tr>\n<td width=\"160\">Modelos compat\u00edveis<\/td>\n<td width=\"180\">H1\/H3\/H4\/H7\/H11\/9005\/9006\/9012<\/td>\n<\/tr>\n<\/tbody>\n<\/table>","protected":false},"excerpt":{"rendered":"<p class=\"\" data-start=\"191\" data-end=\"844\">Este modelo de farol LED de alto desempenho possui uma estrutura LED de 8 faces e um n\u00facleo emissor de luz de 6\u202fmm, projetado para fornecer ilumina\u00e7\u00e3o potente em amplo \u00e2ngulo com brilho aprimorado. Equipado com um driver externo, garante corrente est\u00e1vel e gerenciamento t\u00e9rmico otimizado. Combinado com nossa tecnologia patenteada de encapsulamento, sistema de dissipa\u00e7\u00e3o de calor em cobre vermelho e design de separa\u00e7\u00e3o t\u00e9rmica e el\u00e9trica, este modelo oferece confiabilidade excepcional e adaptabilidade a diversas condi\u00e7\u00f5es de condu\u00e7\u00e3o. V\u00e1rias op\u00e7\u00f5es de temperatura de cor permitem que os motoristas alternem os modos de ilumina\u00e7\u00e3o de acordo com o clima e prefer\u00eancia pessoal.<\/p>\n<hr class=\"\" data-start=\"846\" data-end=\"849\" \/>\n<h3 class=\"\" data-start=\"851\" data-end=\"871\"><strong data-start=\"855\" data-end=\"871\">Principais Caracter\u00edsticas:<\/strong><\/h3>\n<ol data-start=\"873\" data-end=\"1987\">\n<li class=\"\" data-start=\"873\" data-end=\"1020\">\n<p class=\"\" data-start=\"876\" data-end=\"1020\"><strong data-start=\"876\" data-end=\"908\">Fonte de alimenta\u00e7\u00e3o com driver externo<\/strong><br data-start=\"908\" data-end=\"911\" \/>\u2013 Garante melhor isolamento t\u00e9rmico e sa\u00edda el\u00e9trica est\u00e1vel, especialmente em aplica\u00e7\u00f5es de alto desempenho.<\/p>\n<\/li>\n<li class=\"\" data-start=\"1022\" data-end=\"1149\">\n<p class=\"\" data-start=\"1025\" data-end=\"1149\"><strong data-start=\"1025\" data-end=\"1054\">Configura\u00e7\u00e3o LED de 8 faces<\/strong><br data-start=\"1054\" data-end=\"1057\" \/>\u2013 Proporciona ilumina\u00e7\u00e3o real de 360\u00b0 com um \u00e2ngulo de feixe mais amplo e maior cobertura da estrada.<\/p>\n<\/li>\n<li class=\"\" data-start=\"1151\" data-end=\"1286\">\n<p class=\"\" data-start=\"1154\" data-end=\"1286\"><strong data-start=\"1154\" data-end=\"1179\">Di\u00e2metro do n\u00facleo LED de 6 mm<\/strong><br data-start=\"1179\" data-end=\"1182\" \/>\u2013 Oferece um equil\u00edbrio entre foco do feixe e brilho, melhorando a visibilidade de longa dist\u00e2ncia e perif\u00e9rica.<\/p>\n<\/li>\n<li class=\"\" data-start=\"1288\" data-end=\"1432\">\n<p class=\"\" data-start=\"1291\" data-end=\"1432\"><strong data-start=\"1291\" data-end=\"1324\">Temperaturas de cor selecion\u00e1veis<\/strong><br data-start=\"1324\" data-end=\"1327\" \/>\u2013 Supports 4300K, 6000K, and 8000K for customizable lighting in various weather conditions.<\/p>\n<\/li>\n<li class=\"\" data-start=\"1434\" data-end=\"1575\">\n<p class=\"\" data-start=\"1437\" data-end=\"1575\"><strong data-start=\"1437\" data-end=\"1478\">Sistema de dissipa\u00e7\u00e3o t\u00e9rmica em cobre vermelho<\/strong><br data-start=\"1478\" data-end=\"1481\" \/>\u2013 Utiliza tubo e haste de cobre de alta efici\u00eancia para manter a temperatura de opera\u00e7\u00e3o abaixo de 100\u202f\u00b0C.<\/p>\n<\/li>\n<li class=\"\" data-start=\"1577\" data-end=\"1695\">\n<p class=\"\" data-start=\"1580\" data-end=\"1695\"><strong data-start=\"1580\" data-end=\"1617\">Tecnologia de encapsulamento patenteada<\/strong><br data-start=\"1617\" data-end=\"1620\" \/>\u2013 Melhora a estabilidade t\u00e9rmica, protege os chips LED e aumenta a durabilidade.<\/p>\n<\/li>\n<li class=\"\" data-start=\"1697\" data-end=\"1846\">\n<p class=\"\" data-start=\"1700\" data-end=\"1846\"><strong data-start=\"1700\" data-end=\"1742\">Design com separa\u00e7\u00e3o t\u00e9rmica e el\u00e9trica<\/strong><br data-start=\"1742\" data-end=\"1745\" \/>\u2013 Melhora a seguran\u00e7a e o desempenho geral, evitando que o calor afete os componentes el\u00e9tricos.<\/p>\n<\/li>\n<\/ol>","protected":false},"featured_media":268,"template":"","meta":[],"product_brand":[],"product_cat":[22],"product_tag":[24],"class_list":{"0":"post-267","1":"product","2":"type-product","3":"status-publish","4":"has-post-thumbnail","6":"product_cat-8-sided-led-headlight","7":"product_tag-led-headlight","9":"first","10":"instock","11":"shipping-taxable","12":"product-type-simple"},"_links":{"self":[{"href":"https:\/\/rttheadlight.com\/pt\/wp-json\/wp\/v2\/product\/267","targetHints":{"allow":["GET"]}}],"collection":[{"href":"https:\/\/rttheadlight.com\/pt\/wp-json\/wp\/v2\/product"}],"about":[{"href":"https:\/\/rttheadlight.com\/pt\/wp-json\/wp\/v2\/types\/product"}],"wp:featuredmedia":[{"embeddable":true,"href":"https:\/\/rttheadlight.com\/pt\/wp-json\/wp\/v2\/media\/268"}],"wp:attachment":[{"href":"https:\/\/rttheadlight.com\/pt\/wp-json\/wp\/v2\/media?parent=267"}],"wp:term":[{"taxonomy":"product_brand","embeddable":true,"href":"https:\/\/rttheadlight.com\/pt\/wp-json\/wp\/v2\/product_brand?post=267"},{"taxonomy":"product_cat","embeddable":true,"href":"https:\/\/rttheadlight.com\/pt\/wp-json\/wp\/v2\/product_cat?post=267"},{"taxonomy":"product_tag","embeddable":true,"href":"https:\/\/rttheadlight.com\/pt\/wp-json\/wp\/v2\/product_tag?post=267"}],"curies":[{"name":"wp","href":"https:\/\/api.w.org\/{rel}","templated":true}]}}