{"id":249,"date":"2025-05-20T15:49:39","date_gmt":"2025-05-20T15:49:39","guid":{"rendered":"https:\/\/rttheadlight.com\/?post_type=product&#038;p=249"},"modified":"2026-02-02T11:55:13","modified_gmt":"2026-02-02T11:55:13","slug":"l6-6-sided-classic-series-led-headlight","status":"publish","type":"product","link":"https:\/\/rttheadlight.com\/pt\/product\/l6-6-sided-classic-series-led-headlight\/","title":{"rendered":"Farol LED S\u00e9rie Cl\u00e1ssica L6 de 6 Lados"},"content":{"rendered":"<table>\n<tbody>\n<tr>\n<td width=\"160\">Voltagem<\/td>\n<td width=\"180\">12V<\/td>\n<\/tr>\n<tr>\n<td width=\"160\">Consumo de energia<\/td>\n<td width=\"180\">25W<\/td>\n<\/tr>\n<tr>\n<td width=\"160\">Temperatura de cor<\/td>\n<td width=\"180\">3000K\/4300K\/6000K\/8000K<\/td>\n<\/tr>\n<tr>\n<td width=\"160\">Brilho<\/td>\n<td width=\"180\">2700Lm<\/td>\n<\/tr>\n<tr>\n<td width=\"160\">Di\u00e2metro do n\u00facleo LED<\/td>\n<td width=\"180\">5mm<\/td>\n<\/tr>\n<tr>\n<td width=\"160\">Fonte de alimenta\u00e7\u00e3o<\/td>\n<td width=\"180\">Fonte de alimenta\u00e7\u00e3o com interruptor externo<\/td>\n<\/tr>\n<tr>\n<td width=\"160\">Modelos compat\u00edveis<\/td>\n<td width=\"180\">H1\/H3\/H4\/H7\/H11\/9005\/9006\/9012<\/td>\n<\/tr>\n<\/tbody>\n<\/table>","protected":false},"excerpt":{"rendered":"<p class=\"\" data-start=\"230\" data-end=\"766\">Este modelo de farol LED combina versatilidade de m\u00faltiplas temperaturas de cor com um design compacto tudo-em-um, tornando-o ideal para ve\u00edculos com espa\u00e7o limitado na carca\u00e7a do farol. Mant\u00e9m nosso layout LED de 6 lados caracter\u00edstico, n\u00facleo de luz de 5 mm e design avan\u00e7ado de separa\u00e7\u00e3o termo-el\u00e9trica, utilizando fonte de alimenta\u00e7\u00e3o integrada para facilitar a instala\u00e7\u00e3o. Com temperaturas de cor selecion\u00e1veis de 3000K, 4300K, 6000K e 8000K, os motoristas podem adaptar facilmente a ilumina\u00e7\u00e3o a diferentes condi\u00e7\u00f5es de clima e estrada.<\/p>\n<hr class=\"\" data-start=\"768\" data-end=\"771\" \/>\n<h3 class=\"\" data-start=\"773\" data-end=\"793\"><strong data-start=\"777\" data-end=\"793\">Principais Caracter\u00edsticas:<\/strong><\/h3>\n<ol data-start=\"795\" data-end=\"2085\">\n<li class=\"\" data-start=\"795\" data-end=\"971\">\n<p class=\"\" data-start=\"798\" data-end=\"971\"><strong data-start=\"798\" data-end=\"842\">Tamanho compacto para compatibilidade universal<\/strong><br data-start=\"842\" data-end=\"845\" \/>\u2013 O design de corpo fino garante melhor encaixe em carca\u00e7as de far\u00f3is estreitas, facilitando a instala\u00e7\u00e3o em mais modelos de ve\u00edculos.<\/p>\n<\/li>\n<li class=\"\" data-start=\"973\" data-end=\"1120\">\n<p class=\"\" data-start=\"976\" data-end=\"1120\"><strong data-start=\"976\" data-end=\"1008\">Fonte de alimenta\u00e7\u00e3o integrada do driver<\/strong><br data-start=\"1008\" data-end=\"1011\" \/>\u2013 O design integrado reduz a complexidade da fia\u00e7\u00e3o e economiza espa\u00e7o, oferecendo energia est\u00e1vel e confi\u00e1vel.<\/p>\n<\/li>\n<li class=\"\" data-start=\"1122\" data-end=\"1288\">\n<p class=\"\" data-start=\"1125\" data-end=\"1288\"><strong data-start=\"1125\" data-end=\"1170\">Temperaturas de cor selecion\u00e1veis<\/strong><br data-start=\"1170\" data-end=\"1173\" \/>\u2013 Alterne entre 3000K, 4300K, 6000K e 8000K para se adequar a diferentes ambientes de condu\u00e7\u00e3o e condi\u00e7\u00f5es clim\u00e1ticas.<\/p>\n<\/li>\n<li class=\"\" data-start=\"1290\" data-end=\"1407\">\n<p class=\"\" data-start=\"1293\" data-end=\"1407\"><strong data-start=\"1293\" data-end=\"1322\">Configura\u00e7\u00e3o LED de 6 faces<\/strong><br data-start=\"1322\" data-end=\"1325\" \/>\u2013 Oferece cobertura de feixe real de 360\u00b0 com ilumina\u00e7\u00e3o uniforme e sem pontos escuros.<\/p>\n<\/li>\n<li class=\"\" data-start=\"1409\" data-end=\"1509\">\n<p class=\"\" data-start=\"1412\" data-end=\"1509\"><strong data-start=\"1412\" data-end=\"1437\">Di\u00e2metro do n\u00facleo LED de 5 mm<\/strong><br data-start=\"1437\" data-end=\"1440\" \/>\u2013 Oferece foco de feixe preciso com desempenho \u00f3ptico semelhante ao dos halog\u00eanios.<\/p>\n<\/li>\n<li class=\"\" data-start=\"1511\" data-end=\"1626\">\n<p class=\"\" data-start=\"1514\" data-end=\"1626\"><strong data-start=\"1514\" data-end=\"1551\">Tecnologia de encapsulamento patenteada<\/strong><br data-start=\"1551\" data-end=\"1554\" \/>\u2013 Aumenta a prote\u00e7\u00e3o dos LEDs e garante desempenho t\u00e9rmico consistente.<\/p>\n<\/li>\n<li class=\"\" data-start=\"1628\" data-end=\"1771\">\n<p class=\"\" data-start=\"1631\" data-end=\"1771\"><strong data-start=\"1631\" data-end=\"1669\">Sistema de dissipa\u00e7\u00e3o de calor em cobre vermelho<\/strong><br data-start=\"1669\" data-end=\"1672\" \/>\u2013 Utiliza tubo e haste de cobre de alta efici\u00eancia para manter baixas temperaturas de opera\u00e7\u00e3o e prolongar a vida \u00fatil.<\/p>\n<\/li>\n<li class=\"\" data-start=\"1773\" data-end=\"1914\">\n<p class=\"\" data-start=\"1776\" data-end=\"1914\"><strong data-start=\"1776\" data-end=\"1818\">Design com separa\u00e7\u00e3o t\u00e9rmica e el\u00e9trica<\/strong><br data-start=\"1818\" data-end=\"1821\" \/>\u2013 Aumenta a seguran\u00e7a e o desempenho ao isolar o calor dos componentes el\u00e9tricos sens\u00edveis.<\/p>\n<\/li>\n<\/ol>","protected":false},"featured_media":261,"template":"","meta":[],"product_brand":[],"product_cat":[21],"product_tag":[24],"class_list":{"0":"post-249","1":"product","2":"type-product","3":"status-publish","4":"has-post-thumbnail","6":"product_cat-6-sided-led-headlight","7":"product_tag-led-headlight","9":"first","10":"instock","11":"shipping-taxable","12":"product-type-simple"},"_links":{"self":[{"href":"https:\/\/rttheadlight.com\/pt\/wp-json\/wp\/v2\/product\/249","targetHints":{"allow":["GET"]}}],"collection":[{"href":"https:\/\/rttheadlight.com\/pt\/wp-json\/wp\/v2\/product"}],"about":[{"href":"https:\/\/rttheadlight.com\/pt\/wp-json\/wp\/v2\/types\/product"}],"wp:featuredmedia":[{"embeddable":true,"href":"https:\/\/rttheadlight.com\/pt\/wp-json\/wp\/v2\/media\/261"}],"wp:attachment":[{"href":"https:\/\/rttheadlight.com\/pt\/wp-json\/wp\/v2\/media?parent=249"}],"wp:term":[{"taxonomy":"product_brand","embeddable":true,"href":"https:\/\/rttheadlight.com\/pt\/wp-json\/wp\/v2\/product_brand?post=249"},{"taxonomy":"product_cat","embeddable":true,"href":"https:\/\/rttheadlight.com\/pt\/wp-json\/wp\/v2\/product_cat?post=249"},{"taxonomy":"product_tag","embeddable":true,"href":"https:\/\/rttheadlight.com\/pt\/wp-json\/wp\/v2\/product_tag?post=249"}],"curies":[{"name":"wp","href":"https:\/\/api.w.org\/{rel}","templated":true}]}}