{"id":230,"date":"2025-05-20T15:36:26","date_gmt":"2025-05-20T15:36:26","guid":{"rendered":"https:\/\/rttheadlight.com\/?post_type=product&#038;p=230"},"modified":"2026-02-02T11:58:56","modified_gmt":"2026-02-02T11:58:56","slug":"l8e-6-sided-red-copper-series-led-headlight","status":"publish","type":"product","link":"https:\/\/rttheadlight.com\/pt\/product\/l8e-6-sided-red-copper-series-led-headlight\/","title":{"rendered":"Farol LED S\u00e9rie Cl\u00e1ssica L8E de 6 Lados"},"content":{"rendered":"<table>\n<tbody>\n<tr>\n<td width=\"160\">Voltagem<\/td>\n<td width=\"180\">12V<\/td>\n<\/tr>\n<tr>\n<td width=\"160\">Consumo de energia<\/td>\n<td width=\"180\">40W<\/td>\n<\/tr>\n<tr>\n<td width=\"160\">Temperatura de cor<\/td>\n<td width=\"180\">3000K\/4300K\/6000K\/8000K<\/td>\n<\/tr>\n<tr>\n<td width=\"160\">Brilho<\/td>\n<td width=\"180\">3800Lm<\/td>\n<\/tr>\n<tr>\n<td width=\"160\">Di\u00e2metro do n\u00facleo LED<\/td>\n<td width=\"180\">5mm<\/td>\n<\/tr>\n<tr>\n<td width=\"160\">Fonte de alimenta\u00e7\u00e3o<\/td>\n<td width=\"180\">Fonte de alimenta\u00e7\u00e3o com interruptor externo<\/td>\n<\/tr>\n<tr>\n<td width=\"160\">Modelos compat\u00edveis<\/td>\n<td width=\"180\">H1\/H3\/H4\/H7\/H8\/H9\/H11\/9005\/9006\/9012<\/td>\n<\/tr>\n<\/tbody>\n<\/table>","protected":false},"excerpt":{"rendered":"<p class=\"\" data-start=\"209\" data-end=\"535\">Este modelo pode ser equipado com LED 3000K, 4300K, 6000K ou 8000K para diferentes aplica\u00e7\u00f5es. Ele vem com fonte de alimenta\u00e7\u00e3o externa com interruptor, proporcionando desempenho est\u00e1vel e sem cintila\u00e7\u00e3o, mantendo um design compacto ideal para carca\u00e7as de projetores HID.<\/p>\n<h4 class=\"\" data-start=\"537\" data-end=\"555\">Principais Caracter\u00edsticas:<\/h4>\n<ol data-start=\"556\" data-end=\"1389\">\n<li class=\"\" data-start=\"556\" data-end=\"696\">\n<p class=\"\" data-start=\"559\" data-end=\"696\"><strong data-start=\"559\" data-end=\"593\">4 op\u00e7\u00f5es de temperatura de cor LED<\/strong> \u2013 Pode ser equipado com LED 3000K, 4300K, 6000K ou 8000K para diferentes aplica\u00e7\u00f5es.<\/p>\n<\/li>\n<li class=\"\" data-start=\"697\" data-end=\"866\">\n<p class=\"\" data-start=\"700\" data-end=\"866\"><strong data-start=\"700\" data-end=\"732\">Fonte de alimenta\u00e7\u00e3o externa do driver com interruptor<\/strong> \u2013 Proporciona opera\u00e7\u00e3o est\u00e1vel e sem EMI, garantindo compatibilidade com eletr\u00f4nicos automotivos sens\u00edveis e eliminando a necessidade de drivers externos.<\/p>\n<\/li>\n<li class=\"\" data-start=\"867\" data-end=\"1018\">\n<p class=\"\" data-start=\"870\" data-end=\"1018\"><strong data-start=\"870\" data-end=\"900\">Instala\u00e7\u00e3o direta plug-and-play<\/strong> \u2013 Projetado para instala\u00e7\u00e3o r\u00e1pida e sem complica\u00e7\u00f5es, replicando as dimens\u00f5es e a posi\u00e7\u00e3o do conector da l\u00e2mpada HID original.<\/p>\n<\/li>\n<li class=\"\" data-start=\"1019\" data-end=\"1185\">\n<p class=\"\" data-start=\"1022\" data-end=\"1185\"><strong data-start=\"1022\" data-end=\"1052\">Dissipa\u00e7\u00e3o de calor eficiente<\/strong> \u2013 Utiliza material de alum\u00ednio aeron\u00e1utico como coluna de condu\u00e7\u00e3o de calor e um ventilador hidr\u00e1ulico de 8500 RPM para manter a temperatura de opera\u00e7\u00e3o abaixo de 100\u00b0C, garantindo durabilidade prolongada.<\/p>\n<\/li>\n<\/ol>","protected":false},"featured_media":750,"template":"","meta":[],"product_brand":[],"product_cat":[21],"product_tag":[24],"class_list":{"0":"post-230","1":"product","2":"type-product","3":"status-publish","4":"has-post-thumbnail","6":"product_cat-6-sided-led-headlight","7":"product_tag-led-headlight","9":"first","10":"instock","11":"shipping-taxable","12":"product-type-simple"},"_links":{"self":[{"href":"https:\/\/rttheadlight.com\/pt\/wp-json\/wp\/v2\/product\/230","targetHints":{"allow":["GET"]}}],"collection":[{"href":"https:\/\/rttheadlight.com\/pt\/wp-json\/wp\/v2\/product"}],"about":[{"href":"https:\/\/rttheadlight.com\/pt\/wp-json\/wp\/v2\/types\/product"}],"wp:featuredmedia":[{"embeddable":true,"href":"https:\/\/rttheadlight.com\/pt\/wp-json\/wp\/v2\/media\/750"}],"wp:attachment":[{"href":"https:\/\/rttheadlight.com\/pt\/wp-json\/wp\/v2\/media?parent=230"}],"wp:term":[{"taxonomy":"product_brand","embeddable":true,"href":"https:\/\/rttheadlight.com\/pt\/wp-json\/wp\/v2\/product_brand?post=230"},{"taxonomy":"product_cat","embeddable":true,"href":"https:\/\/rttheadlight.com\/pt\/wp-json\/wp\/v2\/product_cat?post=230"},{"taxonomy":"product_tag","embeddable":true,"href":"https:\/\/rttheadlight.com\/pt\/wp-json\/wp\/v2\/product_tag?post=230"}],"curies":[{"name":"wp","href":"https:\/\/api.w.org\/{rel}","templated":true}]}}