{"id":2231,"date":"2026-02-07T11:25:15","date_gmt":"2026-02-07T11:25:15","guid":{"rendered":"https:\/\/rttheadlight.com\/?post_type=product&#038;p=2231"},"modified":"2026-02-07T11:26:01","modified_gmt":"2026-02-07T11:26:01","slug":"f7pro-4-sided-65w-led-headlight","status":"publish","type":"product","link":"https:\/\/rttheadlight.com\/pt\/product\/f7pro-4-sided-65w-led-headlight\/","title":{"rendered":"Farol LED F7Pro de 4 Lados 65W"},"content":{"rendered":"<table>\n<tbody>\n<tr>\n<td width=\"160\">Voltagem<\/td>\n<td width=\"180\">12V\/24V<\/td>\n<\/tr>\n<tr>\n<td width=\"160\">Consumo de energia<\/td>\n<td width=\"180\">65W<\/td>\n<\/tr>\n<tr>\n<td width=\"160\">Temperatura de cor<\/td>\n<td width=\"180\">6500K<\/td>\n<\/tr>\n<tr>\n<td width=\"160\">Brilho<\/td>\n<td width=\"180\">7000Lm<\/td>\n<\/tr>\n<tr>\n<td width=\"160\">Di\u00e2metro do n\u00facleo LED<\/td>\n<td width=\"180\">2.5mm<\/td>\n<\/tr>\n<tr>\n<td width=\"160\">Fonte de alimenta\u00e7\u00e3o<\/td>\n<td width=\"180\">Fonte de alimenta\u00e7\u00e3o com interruptor externo<\/td>\n<\/tr>\n<tr>\n<td width=\"160\">Modelos compat\u00edveis<\/td>\n<td width=\"180\">H1\/H3\/H4\/H7\/H11\/9005\/9006\/9012\/D2H<\/td>\n<\/tr>\n<\/tbody>\n<\/table>","protected":false},"excerpt":{"rendered":"<p class=\"\" data-start=\"182\" data-end=\"792\">Esta \u00e9 uma vers\u00e3o de alta pot\u00eancia de 65\u202fW com suporte a dupla tens\u00e3o (12\u202fV\/24\u202fV). Este farol LED oferece at\u00e9 7000 l\u00famens de ilumina\u00e7\u00e3o ultra-brilhante, tornando-o ideal para carros e caminh\u00f5es. Projetado para desempenho e confiabilidade excepcionais, possui um n\u00facleo de luz ultrafino de 2,5\u202fmm \u2014 um dos mais finos da ind\u00fastria \u2014 proporcionando foco preciso, ilumina\u00e7\u00e3o verdadeira de 360\u00b0 sem pontos escuros e eliminando a necessidade de ajustar o \u00e2ngulo do feixe ap\u00f3s a instala\u00e7\u00e3o. Este modelo \u00e9 projetado com gerenciamento t\u00e9rmico avan\u00e7ado e componentes de alta qualidade para estabilidade e seguran\u00e7a duradouras.<\/p>\n<p class=\"\" data-start=\"794\" data-end=\"811\"><strong data-start=\"794\" data-end=\"811\">Principais Caracter\u00edsticas:<\/strong><\/p>\n<ol data-start=\"813\" data-end=\"2010\">\n<li class=\"\" data-start=\"813\" data-end=\"1010\">\n<p class=\"\" data-start=\"816\" data-end=\"1010\"><strong data-start=\"816\" data-end=\"860\">Alta pot\u00eancia e suporte a dupla tens\u00e3o<\/strong><br data-start=\"860\" data-end=\"863\" \/>Vers\u00e3o de 65\u202fW de alto l\u00famen com entrada de dupla tens\u00e3o 12\u202fV\/24\u202fV, fornecendo at\u00e9 7000 l\u00famens \u2014 adequada para ve\u00edculos de passeio e caminh\u00f5es comerciais.<\/p>\n<\/li>\n<li class=\"\" data-start=\"1012\" data-end=\"1214\">\n<p class=\"\" data-start=\"1015\" data-end=\"1214\"><strong data-start=\"1015\" data-end=\"1046\">Ilumina\u00e7\u00e3o Surround de 360\u00b0 verdadeira<\/strong><br data-start=\"1046\" data-end=\"1049\" \/>Integrado com 12 chips LED SANAN 55x55mil de alta pot\u00eancia distribu\u00eddos em quatro lados, oferecendo ilumina\u00e7\u00e3o consistente e sem sombras que imita fielmente os padr\u00f5es de feixe hal\u00f3geno.<\/p>\n<\/li>\n<li class=\"\" data-start=\"1216\" data-end=\"1413\">\n<p class=\"\" data-start=\"1219\" data-end=\"1413\"><strong data-start=\"1219\" data-end=\"1262\">N\u00facleo de luz ultrafino para foco preciso<\/strong><br data-start=\"1262\" data-end=\"1265\" \/>O n\u00facleo de luz de 2,5\u202fmm garante precis\u00e3o e alinhamento do feixe, correspondendo \u00e0 posi\u00e7\u00e3o do filamento hal\u00f3geno para maximizar a visibilidade na estrada e minimizar o ofuscamento.<\/p>\n<\/li>\n<li class=\"\" data-start=\"1415\" data-end=\"1612\">\n<p class=\"\" data-start=\"1418\" data-end=\"1612\"><strong data-start=\"1418\" data-end=\"1445\">Sistema de resfriamento avan\u00e7ado<\/strong><br data-start=\"1445\" data-end=\"1448\" \/>Utiliza um tubo e haste de cobre vermelho para excelente condu\u00e7\u00e3o de calor, combinado com um ventilador hidr\u00e1ulico de 8500 RPM para manter a temperatura de opera\u00e7\u00e3o abaixo de 100\u00b0C, garantindo estabilidade e durabilidade a longo prazo.<\/p>\n<\/li>\n<li class=\"\" data-start=\"1614\" data-end=\"1827\">\n<p class=\"\" data-start=\"1617\" data-end=\"1827\"><strong data-start=\"1617\" data-end=\"1661\">Design com separa\u00e7\u00e3o t\u00e9rmica e el\u00e9trica<\/strong><br data-start=\"1661\" data-end=\"1664\" \/>Apresenta um design estruturalmente independente, separando os componentes t\u00e9rmicos e el\u00e9tricos, combinado com um driver externo para maior seguran\u00e7a e vida \u00fatil prolongada.<\/p>\n<\/li>\n<li class=\"\" data-start=\"1829\" data-end=\"2010\">\n<p class=\"\" data-start=\"1832\" data-end=\"2010\"><strong data-start=\"1832\" data-end=\"1854\">Ampla compatibilidade de modelos<\/strong><br data-start=\"1854\" data-end=\"1857\" \/>Adequado para tamanhos comuns de l\u00e2mpadas hal\u00f3genas, incluindo H1, H3, H7, H11, 9005, 9006 e 9012, oferecendo flexibilidade para diversos modelos de ve\u00edculos.<\/p>\n<\/li>\n<\/ol>","protected":false},"featured_media":160,"template":"","meta":[],"product_brand":[],"product_cat":[23],"product_tag":[24],"class_list":{"0":"post-2231","1":"product","2":"type-product","3":"status-publish","4":"has-post-thumbnail","6":"product_cat-4-sided-led-headlight","7":"product_tag-led-headlight","9":"first","10":"instock","11":"shipping-taxable","12":"product-type-simple"},"_links":{"self":[{"href":"https:\/\/rttheadlight.com\/pt\/wp-json\/wp\/v2\/product\/2231","targetHints":{"allow":["GET"]}}],"collection":[{"href":"https:\/\/rttheadlight.com\/pt\/wp-json\/wp\/v2\/product"}],"about":[{"href":"https:\/\/rttheadlight.com\/pt\/wp-json\/wp\/v2\/types\/product"}],"wp:featuredmedia":[{"embeddable":true,"href":"https:\/\/rttheadlight.com\/pt\/wp-json\/wp\/v2\/media\/160"}],"wp:attachment":[{"href":"https:\/\/rttheadlight.com\/pt\/wp-json\/wp\/v2\/media?parent=2231"}],"wp:term":[{"taxonomy":"product_brand","embeddable":true,"href":"https:\/\/rttheadlight.com\/pt\/wp-json\/wp\/v2\/product_brand?post=2231"},{"taxonomy":"product_cat","embeddable":true,"href":"https:\/\/rttheadlight.com\/pt\/wp-json\/wp\/v2\/product_cat?post=2231"},{"taxonomy":"product_tag","embeddable":true,"href":"https:\/\/rttheadlight.com\/pt\/wp-json\/wp\/v2\/product_tag?post=2231"}],"curies":[{"name":"wp","href":"https:\/\/api.w.org\/{rel}","templated":true}]}}