{"id":190,"date":"2025-05-20T12:45:47","date_gmt":"2025-05-20T12:45:47","guid":{"rendered":"https:\/\/rttheadlight.com\/?post_type=product&#038;p=190"},"modified":"2026-01-31T11:48:01","modified_gmt":"2026-01-31T11:48:01","slug":"f9-4-sided-direct-plug-11-hid-size-matched-led-headlight","status":"publish","type":"product","link":"https:\/\/rttheadlight.com\/pt\/product\/f9-4-sided-direct-plug-11-hid-size-matched-led-headlight\/","title":{"rendered":"Farol LED F9 de 4 lados, plug direto, tamanho 1:1 compat\u00edvel com HID"},"content":{"rendered":"<table>\n<tbody>\n<tr>\n<td width=\"160\">Voltagem<\/td>\n<td width=\"180\">Balastro compat\u00edvel<\/td>\n<\/tr>\n<tr>\n<td width=\"160\">Consumo de energia<\/td>\n<td width=\"180\">Balastro compat\u00edvel<\/td>\n<\/tr>\n<tr>\n<td width=\"160\">Temperatura de cor<\/td>\n<td width=\"180\">6500K<\/td>\n<\/tr>\n<tr>\n<td width=\"160\">Brilho<\/td>\n<td width=\"180\">6500Lm<\/td>\n<\/tr>\n<tr>\n<td width=\"160\">Di\u00e2metro do n\u00facleo LED<\/td>\n<td width=\"180\">2.5mm<\/td>\n<\/tr>\n<tr>\n<td width=\"160\">Fonte de alimenta\u00e7\u00e3o<\/td>\n<td width=\"180\">Fonte de alimenta\u00e7\u00e3o interna<\/td>\n<\/tr>\n<tr>\n<td width=\"160\">Modelos compat\u00edveis<\/td>\n<td width=\"180\">D1S\/D1R\/D2S\/D2R\/D3S\/D3R<\/p>\n<p>D4S\/D4R\/D5S\/D5R\/D8S\/D8R<\/td>\n<\/tr>\n<\/tbody>\n<\/table>","protected":false},"excerpt":{"rendered":"<p class=\"\" data-start=\"209\" data-end=\"535\">Este modelo foi projetado como um substituto HID plug-and-play, apresentando um ajuste verdadeiro 1:1 para l\u00e2mpadas HID, garantindo instala\u00e7\u00e3o sem esfor\u00e7o e sem modifica\u00e7\u00f5es. Ele integra uma fonte de alimenta\u00e7\u00e3o linear embutida, oferecendo desempenho est\u00e1vel e sem cintila\u00e7\u00e3o, mantendo um design compacto ideal para carca\u00e7as de projetores HID.<\/p>\n<h4 class=\"\" data-start=\"537\" data-end=\"555\">Principais Caracter\u00edsticas:<\/h4>\n<ol data-start=\"556\" data-end=\"1389\">\n<li class=\"\" data-start=\"556\" data-end=\"696\">\n<p class=\"\" data-start=\"559\" data-end=\"696\"><strong data-start=\"559\" data-end=\"593\">Design de tamanho 1:1 compat\u00edvel com HID<\/strong> \u2013 Encaixe perfeito para substituir l\u00e2mpadas HID sem necessidade de ajustes no alojamento ou suportes adicionais.<\/p>\n<\/li>\n<li class=\"\" data-start=\"697\" data-end=\"866\">\n<p class=\"\" data-start=\"700\" data-end=\"866\"><strong data-start=\"700\" data-end=\"732\">Fonte de alimenta\u00e7\u00e3o linear integrada<\/strong> \u2013 Proporciona opera\u00e7\u00e3o est\u00e1vel e sem EMI, garantindo compatibilidade com eletr\u00f4nicos automotivos sens\u00edveis e eliminando a necessidade de drivers externos.<\/p>\n<\/li>\n<li class=\"\" data-start=\"867\" data-end=\"1018\">\n<p class=\"\" data-start=\"870\" data-end=\"1018\"><strong data-start=\"870\" data-end=\"900\">Instala\u00e7\u00e3o direta plug-and-play<\/strong> \u2013 Projetado para instala\u00e7\u00e3o r\u00e1pida e sem complica\u00e7\u00f5es, replicando as dimens\u00f5es e a posi\u00e7\u00e3o do conector da l\u00e2mpada HID original.<\/p>\n<\/li>\n<li class=\"\" data-start=\"1019\" data-end=\"1185\">\n<p class=\"\" data-start=\"1022\" data-end=\"1185\"><strong data-start=\"1022\" data-end=\"1052\">Dissipa\u00e7\u00e3o de calor eficiente<\/strong> \u2013 Utiliza n\u00facleo de cobre vermelho e ventilador hidr\u00e1ulico de 8500 RPM para manter a temperatura de opera\u00e7\u00e3o abaixo de 100\u202f\u00b0C, garantindo durabilidade prolongada.<\/p>\n<\/li>\n<\/ol>","protected":false},"featured_media":196,"template":"","meta":[],"product_brand":[],"product_cat":[23],"product_tag":[24],"class_list":{"0":"post-190","1":"product","2":"type-product","3":"status-publish","4":"has-post-thumbnail","6":"product_cat-4-sided-led-headlight","7":"product_tag-led-headlight","9":"first","10":"instock","11":"shipping-taxable","12":"product-type-simple"},"_links":{"self":[{"href":"https:\/\/rttheadlight.com\/pt\/wp-json\/wp\/v2\/product\/190","targetHints":{"allow":["GET"]}}],"collection":[{"href":"https:\/\/rttheadlight.com\/pt\/wp-json\/wp\/v2\/product"}],"about":[{"href":"https:\/\/rttheadlight.com\/pt\/wp-json\/wp\/v2\/types\/product"}],"wp:featuredmedia":[{"embeddable":true,"href":"https:\/\/rttheadlight.com\/pt\/wp-json\/wp\/v2\/media\/196"}],"wp:attachment":[{"href":"https:\/\/rttheadlight.com\/pt\/wp-json\/wp\/v2\/media?parent=190"}],"wp:term":[{"taxonomy":"product_brand","embeddable":true,"href":"https:\/\/rttheadlight.com\/pt\/wp-json\/wp\/v2\/product_brand?post=190"},{"taxonomy":"product_cat","embeddable":true,"href":"https:\/\/rttheadlight.com\/pt\/wp-json\/wp\/v2\/product_cat?post=190"},{"taxonomy":"product_tag","embeddable":true,"href":"https:\/\/rttheadlight.com\/pt\/wp-json\/wp\/v2\/product_tag?post=190"}],"curies":[{"name":"wp","href":"https:\/\/api.w.org\/{rel}","templated":true}]}}