{"id":182,"date":"2025-05-20T09:31:11","date_gmt":"2025-05-20T09:31:11","guid":{"rendered":"https:\/\/rttheadlight.com\/?post_type=product&#038;p=182"},"modified":"2026-01-31T08:39:02","modified_gmt":"2026-01-31T08:39:02","slug":"f1-4-sided-direct-plug-11-halogen-size-matched-led-headlight","status":"publish","type":"product","link":"https:\/\/rttheadlight.com\/pt\/product\/f1-4-sided-direct-plug-11-halogen-size-matched-led-headlight\/","title":{"rendered":"Farol LED F1 de encaixe direto, 4 faces, tamanho 1:1 equivalente ao hal\u00f3geno"},"content":{"rendered":"<table>\n<tbody>\n<tr>\n<td width=\"160\">Voltagem<\/td>\n<td width=\"180\">13.5V<\/td>\n<\/tr>\n<tr>\n<td width=\"160\">Consumo de energia<\/td>\n<td width=\"180\">35W<\/td>\n<\/tr>\n<tr>\n<td width=\"160\">Temperatura de cor<\/td>\n<td width=\"180\">6000K<\/td>\n<\/tr>\n<tr>\n<td width=\"160\">Brilho<\/td>\n<td width=\"180\">3500Lm<\/td>\n<\/tr>\n<tr>\n<td width=\"160\">Di\u00e2metro do n\u00facleo LED<\/td>\n<td width=\"180\">3.6mm<\/td>\n<\/tr>\n<tr>\n<td width=\"160\">Fonte de alimenta\u00e7\u00e3o<\/td>\n<td width=\"180\">Fonte de alimenta\u00e7\u00e3o interna<\/td>\n<\/tr>\n<tr>\n<td width=\"160\">Modelos compat\u00edveis<\/td>\n<td width=\"180\">H1\/H3\/H4\/H7\/H11\/9005\/9006\/9012<\/td>\n<\/tr>\n<\/tbody>\n<\/table>","protected":false},"excerpt":{"rendered":"<p class=\" translation-block\" data-start=\"233\" data-end=\"618\">Este farol LED foi desenvolvido para uma instala\u00e7\u00e3o sem esfor\u00e7o, com tamanho 1:1 correspondente \u00e0s l\u00e2mpadas hal\u00f3genas padr\u00e3o e uma fonte de alimenta\u00e7\u00e3o do driver integrada para uma verdadeira instala\u00e7\u00e3o plug-and-play. N\u00e3o \u00e9 necess\u00e1rio driver externo, modifica\u00e7\u00f5es na fia\u00e7\u00e3o ou ajustes no alojamento \u2014 \u00e9 s\u00f3 instalar e usar. \u00c9 a atualiza\u00e7\u00e3o LED ideal para quem procura encaixe OEM com desempenho de ilumina\u00e7\u00e3o moderno.<\/p>\n<p class=\"\" data-start=\"620\" data-end=\"969\">Proporcionando uma ilumina\u00e7\u00e3o de 360\u00b0 brilhante e uniformemente distribu\u00edda, este modelo garante excelente visibilidade, mantendo um perfil compacto que se encaixa facilmente em espa\u00e7os reduzidos do farol. Al\u00e9m disso, as vers\u00f5es H11, 9005 e 9006 apresentam carca\u00e7as de alum\u00ednio fundido de precis\u00e3o, oferecendo melhor dissipa\u00e7\u00e3o de calor e maior durabilidade em condi\u00e7\u00f5es exigentes.<\/p>\n<p class=\"\" data-start=\"971\" data-end=\"988\"><strong data-start=\"971\" data-end=\"988\">Principais Caracter\u00edsticas:<\/strong><\/p>\n<ol data-start=\"990\" data-end=\"2504\">\n<li class=\"\" data-start=\"990\" data-end=\"1196\">\n<p class=\"\" data-start=\"993\" data-end=\"1196\"><strong data-start=\"993\" data-end=\"1044\">Compatibilidade 1:1 com l\u00e2mpadas hal\u00f3genas e design com driver integrado<\/strong><br data-start=\"1044\" data-end=\"1047\" \/>A estrutura tudo-em-um corresponde ao tamanho e formato das l\u00e2mpadas hal\u00f3genas originais com driver de pot\u00eancia integrado \u2014 nenhum componente externo ou fia\u00e7\u00e3o \u00e9 necess\u00e1rio.<\/p>\n<\/li>\n<li class=\"\" data-start=\"1198\" data-end=\"1364\">\n<p class=\"\" data-start=\"1201\" data-end=\"1364\"><strong data-start=\"1201\" data-end=\"1238\">Instala\u00e7\u00e3o direta plug-and-play<\/strong><br data-start=\"1238\" data-end=\"1241\" \/>Processo de substitui\u00e7\u00e3o simples sem qualquer modifica\u00e7\u00e3o; encaixa perfeitamente nos soquetes originais dos far\u00f3is para uma instala\u00e7\u00e3o r\u00e1pida e f\u00e1cil.<\/p>\n<\/li>\n<li class=\"\" data-start=\"1366\" data-end=\"1518\">\n<p class=\"\" data-start=\"1369\" data-end=\"1518\"><strong data-start=\"1369\" data-end=\"1407\">Estrutura compacta para espa\u00e7os apertados<\/strong><br data-start=\"1407\" data-end=\"1410\" \/>O corpo fino encaixa facilmente em carca\u00e7as de far\u00f3is compactas ou restritas em uma ampla variedade de tipos de ve\u00edculos.<\/p>\n<\/li>\n<li class=\"\" data-start=\"1520\" data-end=\"1662\">\n<p class=\"\" data-start=\"1523\" data-end=\"1662\"><strong data-start=\"1523\" data-end=\"1554\">Ilumina\u00e7\u00e3o Surround de 360\u00b0 verdadeira<\/strong><br data-start=\"1554\" data-end=\"1557\" \/>A configura\u00e7\u00e3o LED de quatro lados com 12 chips SANAN 55x55mil garante brilho consistente sem sombras.<\/p>\n<\/li>\n<li class=\"\" data-start=\"1664\" data-end=\"1829\">\n<p class=\"\" data-start=\"1667\" data-end=\"1829\"><strong data-start=\"1667\" data-end=\"1693\">Padr\u00e3o de feixe otimizado<\/strong><br data-start=\"1693\" data-end=\"1696\" \/>Projetado para imitar de perto o foco do feixe das l\u00e2mpadas hal\u00f3genas, oferecendo visibilidade clara da estrada e m\u00ednimo ofuscamento para o tr\u00e1fego que vem em sentido contr\u00e1rio.<\/p>\n<\/li>\n<li class=\"\" data-start=\"1831\" data-end=\"2007\">\n<p class=\"\" data-start=\"1834\" data-end=\"2007\"><strong data-start=\"1834\" data-end=\"1868\">Sistema de resfriamento de alta efici\u00eancia<\/strong><br data-start=\"1868\" data-end=\"1871\" \/>O tubo e haste de cobre vermelho integrados, combinados com um ventilador hidr\u00e1ulico de 8500 RPM, mant\u00eam a temperatura de opera\u00e7\u00e3o est\u00e1vel abaixo de 100\u00b0C.<\/p>\n<\/li>\n<li class=\"\" data-start=\"2009\" data-end=\"2176\">\n<p class=\"\" data-start=\"2012\" data-end=\"2176\"><strong data-start=\"2012\" data-end=\"2056\">Design com separa\u00e7\u00e3o t\u00e9rmica e el\u00e9trica<\/strong><br data-start=\"2056\" data-end=\"2059\" \/>A separa\u00e7\u00e3o estrutural entre os componentes geradores de calor e os el\u00e9tricos aumenta a confiabilidade e a vida \u00fatil do produto.<\/p>\n<\/li>\n<li class=\"\" data-start=\"2178\" data-end=\"2348\">\n<p class=\"\" data-start=\"2181\" data-end=\"2348\"><strong data-start=\"2181\" data-end=\"2230\">Carca\u00e7a de alum\u00ednio fundido dur\u00e1vel (H11\/9005\/9006)<\/strong><br data-start=\"2230\" data-end=\"2233\" \/>These models feature aluminum cast bodies for superior heat resistance and mechanical strength in long-term use.<\/p>\n<\/li>\n<li class=\"\" data-start=\"2350\" data-end=\"2504\">\n<p class=\"\" data-start=\"2353\" data-end=\"2504\"><strong data-start=\"2353\" data-end=\"2381\">Ampla compatibilidade de modelos<\/strong><br data-start=\"2381\" data-end=\"2384\" \/>Dispon\u00edvel em tamanhos hal\u00f3genos padr\u00e3o, incluindo H1, H3, H7, H11, 9005, 9006 e 9012, para se encaixar em uma ampla gama de ve\u00edculos.<\/p>\n<\/li>\n<\/ol>","protected":false},"featured_media":2201,"template":"","meta":[],"product_brand":[],"product_cat":[23],"product_tag":[24],"class_list":{"0":"post-182","1":"product","2":"type-product","3":"status-publish","4":"has-post-thumbnail","6":"product_cat-4-sided-led-headlight","7":"product_tag-led-headlight","9":"first","10":"instock","11":"shipping-taxable","12":"product-type-simple"},"_links":{"self":[{"href":"https:\/\/rttheadlight.com\/pt\/wp-json\/wp\/v2\/product\/182","targetHints":{"allow":["GET"]}}],"collection":[{"href":"https:\/\/rttheadlight.com\/pt\/wp-json\/wp\/v2\/product"}],"about":[{"href":"https:\/\/rttheadlight.com\/pt\/wp-json\/wp\/v2\/types\/product"}],"wp:featuredmedia":[{"embeddable":true,"href":"https:\/\/rttheadlight.com\/pt\/wp-json\/wp\/v2\/media\/2201"}],"wp:attachment":[{"href":"https:\/\/rttheadlight.com\/pt\/wp-json\/wp\/v2\/media?parent=182"}],"wp:term":[{"taxonomy":"product_brand","embeddable":true,"href":"https:\/\/rttheadlight.com\/pt\/wp-json\/wp\/v2\/product_brand?post=182"},{"taxonomy":"product_cat","embeddable":true,"href":"https:\/\/rttheadlight.com\/pt\/wp-json\/wp\/v2\/product_cat?post=182"},{"taxonomy":"product_tag","embeddable":true,"href":"https:\/\/rttheadlight.com\/pt\/wp-json\/wp\/v2\/product_tag?post=182"}],"curies":[{"name":"wp","href":"https:\/\/api.w.org\/{rel}","templated":true}]}}