{"id":171,"date":"2025-05-20T09:21:02","date_gmt":"2025-05-20T09:21:02","guid":{"rendered":"https:\/\/rttheadlight.com\/?post_type=product&#038;p=171"},"modified":"2026-01-31T10:28:59","modified_gmt":"2026-01-31T10:28:59","slug":"f3-4-sided-compact-led-headlight","status":"publish","type":"product","link":"https:\/\/rttheadlight.com\/pt\/product\/f3-4-sided-compact-led-headlight\/","title":{"rendered":"Farol LED Compacto F3 de 4 Lados"},"content":{"rendered":"<table>\n<tbody>\n<tr>\n<td width=\"160\">Voltagem<\/td>\n<td width=\"180\">12V<\/td>\n<\/tr>\n<tr>\n<td width=\"160\">Consumo de energia<\/td>\n<td width=\"180\">45W<\/td>\n<\/tr>\n<tr>\n<td width=\"160\">Temperatura de cor<\/td>\n<td width=\"180\">4300K,\/6500<\/td>\n<\/tr>\n<tr>\n<td width=\"160\">Brilho<\/td>\n<td width=\"180\">5000Lm<\/td>\n<\/tr>\n<tr>\n<td width=\"160\">Di\u00e2metro do n\u00facleo LED<\/td>\n<td width=\"180\">2.5mm<\/td>\n<\/tr>\n<tr>\n<td width=\"160\">Fonte de alimenta\u00e7\u00e3o<\/td>\n<td width=\"180\">Fonte de alimenta\u00e7\u00e3o com interruptor externo<\/td>\n<\/tr>\n<tr>\n<td width=\"160\">Modelos compat\u00edveis<\/td>\n<td width=\"180\">H1\/H3\/H4\/H7\/H11\/9005\/9006\/9012\/D2H<\/td>\n<\/tr>\n<\/tbody>\n<\/table>","protected":false},"excerpt":{"rendered":"<p class=\"\" data-start=\"259\" data-end=\"550\">Este farol LED foi projetado para oferecer compatibilidade, foco e durabilidade superiores \u2014 tornando-o uma excelente atualiza\u00e7\u00e3o para uma ampla gama de ve\u00edculos. Com um design ultracompacto, encaixa-se facilmente em carca\u00e7as de far\u00f3is mais apertadas, garantindo instala\u00e7\u00e3o sem complica\u00e7\u00f5es mesmo em ve\u00edculos com espa\u00e7o limitado.<\/p>\n<p class=\"\" data-start=\"552\" data-end=\"899\">Com um n\u00facleo de luz ultrafino de 2,5 mm, l\u00edder na ind\u00fastria, este modelo proporciona ilumina\u00e7\u00e3o altamente focada em 360\u00b0 sem pontos escuros e n\u00e3o requer ajuste do feixe ap\u00f3s a instala\u00e7\u00e3o. Projetado com gest\u00e3o t\u00e9rmica avan\u00e7ada e materiais de alta qualidade, oferece desempenho est\u00e1vel, vida \u00fatil prolongada e excelente clareza de ilumina\u00e7\u00e3o.<\/p>\n<p class=\"\" data-start=\"901\" data-end=\"918\"><strong data-start=\"901\" data-end=\"918\">Principais Caracter\u00edsticas:<\/strong><\/p>\n<ol data-start=\"920\" data-end=\"2112\">\n<li class=\"\" data-start=\"920\" data-end=\"1104\">\n<p class=\"\" data-start=\"923\" data-end=\"1104\"><strong data-start=\"923\" data-end=\"957\">Design compacto e encaixe universal<\/strong><br data-start=\"957\" data-end=\"960\" \/>A constru\u00e7\u00e3o economizadora de espa\u00e7o garante compatibilidade com uma gama mais ampla de carca\u00e7as de far\u00f3is, ideal para ve\u00edculos com espa\u00e7o de instala\u00e7\u00e3o limitado.<\/p>\n<\/li>\n<li class=\"\" data-start=\"1106\" data-end=\"1312\">\n<p class=\"\" data-start=\"1109\" data-end=\"1312\"><strong data-start=\"1109\" data-end=\"1140\">Ilumina\u00e7\u00e3o Surround de 360\u00b0 verdadeira<\/strong><br data-start=\"1140\" data-end=\"1143\" \/>Integrado com 12 chips LED SANAN 55x55mil de alta pot\u00eancia distribu\u00eddos em quatro lados, oferecendo ilumina\u00e7\u00e3o consistente e sem sombras que imita fielmente os padr\u00f5es de feixe hal\u00f3geno.<\/p>\n<\/li>\n<li class=\"\" data-start=\"1314\" data-end=\"1520\">\n<p class=\"\" data-start=\"1317\" data-end=\"1520\"><strong data-start=\"1317\" data-end=\"1361\">N\u00facleo de luz ultrafino para foco preciso<\/strong><br data-start=\"1361\" data-end=\"1364\" \/>O n\u00facleo de luz de 2,5 mm replica com precis\u00e3o a posi\u00e7\u00e3o do filamento hal\u00f3geno, garantindo foco n\u00edtido do feixe e maior visibilidade sem ofuscar outros motoristas.<\/p>\n<\/li>\n<li class=\"\" data-start=\"1522\" data-end=\"1717\">\n<p class=\"\" data-start=\"1525\" data-end=\"1717\"><strong data-start=\"1525\" data-end=\"1552\">Sistema de resfriamento avan\u00e7ado<\/strong><br data-start=\"1552\" data-end=\"1555\" \/>Tubo e haste de cobre vermelho integrados fornecem dissipa\u00e7\u00e3o de calor eficiente, apoiados por um ventilador hidr\u00e1ulico de 8500 RPM para manter a temperatura de opera\u00e7\u00e3o abaixo de 100\u202f\u00b0C.<\/p>\n<\/li>\n<li class=\"\" data-start=\"1719\" data-end=\"1940\">\n<p class=\"\" data-start=\"1722\" data-end=\"1940\"><strong data-start=\"1722\" data-end=\"1766\">Design com separa\u00e7\u00e3o t\u00e9rmica e el\u00e9trica<\/strong><br data-start=\"1766\" data-end=\"1769\" \/>Projetado com separa\u00e7\u00e3o dedicada entre os componentes t\u00e9rmicos e el\u00e9tricos, juntamente com um driver externo, para garantir seguran\u00e7a, confiabilidade e vida \u00fatil prolongada do produto.<\/p>\n<\/li>\n<li class=\"\" data-start=\"1942\" data-end=\"2112\">\n<p class=\"\" data-start=\"1945\" data-end=\"2112\"><strong data-start=\"1945\" data-end=\"1967\">Ampla compatibilidade de modelos<\/strong><br data-start=\"1967\" data-end=\"1970\" \/>Adequado para tamanhos comuns de l\u00e2mpadas hal\u00f3genas, incluindo H1, H3, H7, H11, 9005, 9006 e 9012, oferecendo flexibilidade para diversos modelos de ve\u00edculos.<\/p>\n<\/li>\n<\/ol>","protected":false},"featured_media":174,"template":"","meta":[],"product_brand":[],"product_cat":[23],"product_tag":[24],"class_list":{"0":"post-171","1":"product","2":"type-product","3":"status-publish","4":"has-post-thumbnail","6":"product_cat-4-sided-led-headlight","7":"product_tag-led-headlight","9":"first","10":"instock","11":"shipping-taxable","12":"product-type-simple"},"_links":{"self":[{"href":"https:\/\/rttheadlight.com\/pt\/wp-json\/wp\/v2\/product\/171","targetHints":{"allow":["GET"]}}],"collection":[{"href":"https:\/\/rttheadlight.com\/pt\/wp-json\/wp\/v2\/product"}],"about":[{"href":"https:\/\/rttheadlight.com\/pt\/wp-json\/wp\/v2\/types\/product"}],"wp:featuredmedia":[{"embeddable":true,"href":"https:\/\/rttheadlight.com\/pt\/wp-json\/wp\/v2\/media\/174"}],"wp:attachment":[{"href":"https:\/\/rttheadlight.com\/pt\/wp-json\/wp\/v2\/media?parent=171"}],"wp:term":[{"taxonomy":"product_brand","embeddable":true,"href":"https:\/\/rttheadlight.com\/pt\/wp-json\/wp\/v2\/product_brand?post=171"},{"taxonomy":"product_cat","embeddable":true,"href":"https:\/\/rttheadlight.com\/pt\/wp-json\/wp\/v2\/product_cat?post=171"},{"taxonomy":"product_tag","embeddable":true,"href":"https:\/\/rttheadlight.com\/pt\/wp-json\/wp\/v2\/product_tag?post=171"}],"curies":[{"name":"wp","href":"https:\/\/api.w.org\/{rel}","templated":true}]}}