{"id":162,"date":"2025-05-20T09:13:24","date_gmt":"2025-05-20T09:13:24","guid":{"rendered":"https:\/\/rttheadlight.com\/?post_type=product&#038;p=162"},"modified":"2026-01-31T10:29:32","modified_gmt":"2026-01-31T10:29:32","slug":"f3tri-4-sided-tri-color-compact-led-headlight","status":"publish","type":"product","link":"https:\/\/rttheadlight.com\/pt\/product\/f3tri-4-sided-tri-color-compact-led-headlight\/","title":{"rendered":"Farol LED Compacto Tricolor F3Tri de 4 Lados"},"content":{"rendered":"<table>\n<tbody>\n<tr>\n<td width=\"160\">Voltagem<\/td>\n<td width=\"180\">12V<\/td>\n<\/tr>\n<tr>\n<td width=\"160\">Consumo de energia<\/td>\n<td width=\"180\">50W<\/td>\n<\/tr>\n<tr>\n<td width=\"160\">Temperatura de cor<\/td>\n<td width=\"180\">3000K, 4300K, 6500 Adjustable<\/td>\n<\/tr>\n<tr>\n<td width=\"160\">Brilho<\/td>\n<td width=\"180\">5000Lm<\/td>\n<\/tr>\n<tr>\n<td width=\"160\">Di\u00e2metro do n\u00facleo LED<\/td>\n<td width=\"180\">2.5mm<\/td>\n<\/tr>\n<tr>\n<td width=\"160\">Fonte de alimenta\u00e7\u00e3o<\/td>\n<td width=\"180\">Fonte de alimenta\u00e7\u00e3o com interruptor externo<\/td>\n<\/tr>\n<tr>\n<td width=\"160\">Modelos compat\u00edveis<\/td>\n<td width=\"180\">H1\/H3\/H4\/H7\/H11\/9005\/9006\/9012\/D2H<\/td>\n<\/tr>\n<\/tbody>\n<\/table>","protected":false},"excerpt":{"rendered":"<p class=\"\" data-start=\"175\" data-end=\"603\">Designed for versatility and performance, this LED headlight features a tri-color adjustable mode, allowing drivers to switch between 3000K (yellow), 4300K (warm white), and 6000K (cool white) lighting\u2014ideal for adapting to various weather conditions such as fog, rain, or clear nights. Its compact, space-saving design ensures a more universal fit, making it compatible with a wider range of vehicle headlight housings.<\/p>\n<p class=\"\" data-start=\"605\" data-end=\"921\">Com um n\u00facleo ultra-fino de 4 lados de 2,5 mm \u2014 entre os mais finos do setor \u2014 este modelo proporciona foco preciso, ilumina\u00e7\u00e3o verdadeira de 360\u00b0 sem pontos escuros e sem necessidade de ajustar o \u00e2ngulo do feixe ap\u00f3s a instala\u00e7\u00e3o. Constru\u00eddo com materiais de alta qualidade e gest\u00e3o t\u00e9rmica avan\u00e7ada, oferece desempenho est\u00e1vel e duradouro.<\/p>\n<p class=\"\" data-start=\"923\" data-end=\"940\"><strong data-start=\"923\" data-end=\"940\">Principais Caracter\u00edsticas:<\/strong><\/p>\n<ol data-start=\"942\" data-end=\"2138\">\n<li class=\"\" data-start=\"942\" data-end=\"1124\">\n<p class=\"\" data-start=\"945\" data-end=\"1124\"><strong data-start=\"945\" data-end=\"974\">Tri-Color Adjustable Mode<\/strong><br data-start=\"974\" data-end=\"977\" \/>Easily switch between 3000K, 4300K, and 6000K light outputs to match different driving environments and weather conditions for safer visibility.<\/p>\n<\/li>\n<li class=\"\" data-start=\"1126\" data-end=\"1269\">\n<p class=\"\" data-start=\"1129\" data-end=\"1269\"><strong data-start=\"1129\" data-end=\"1163\">Design compacto e encaixe universal<\/strong><br data-start=\"1163\" data-end=\"1166\" \/>Fino e economizador de espa\u00e7o para garantir uma instala\u00e7\u00e3o f\u00e1cil, mesmo em ve\u00edculos com espa\u00e7o limitado nos far\u00f3is.<\/p>\n<\/li>\n<li class=\"\" data-start=\"1271\" data-end=\"1450\">\n<p class=\"\" data-start=\"1274\" data-end=\"1450\"><strong data-start=\"1274\" data-end=\"1305\">Ilumina\u00e7\u00e3o Surround de 360\u00b0 verdadeira<\/strong><br data-start=\"1305\" data-end=\"1308\" \/>Incorporates 12 SANAN 55x55mil LED chips on four sides to deliver even, shadow-free lighting that closely replicates halogen beam patterns.<\/p>\n<\/li>\n<li class=\"\" data-start=\"1452\" data-end=\"1620\">\n<p class=\"\" data-start=\"1455\" data-end=\"1620\"><strong data-start=\"1455\" data-end=\"1499\">N\u00facleo de luz ultrafino para foco preciso<\/strong><br data-start=\"1499\" data-end=\"1502\" \/>O n\u00facleo de luz de 2,5 mm alinha-se com a posi\u00e7\u00e3o do filamento hal\u00f3geno, oferecendo excelente precis\u00e3o do feixe e m\u00ednimo ofuscamento.<\/p>\n<\/li>\n<li class=\"\" data-start=\"1622\" data-end=\"1813\">\n<p class=\"\" data-start=\"1625\" data-end=\"1813\"><strong data-start=\"1625\" data-end=\"1652\">Sistema de resfriamento avan\u00e7ado<\/strong><br data-start=\"1652\" data-end=\"1655\" \/>Utiliza um tubo e haste de cobre vermelho para excelente condu\u00e7\u00e3o de calor, combinado com um ventilador hidr\u00e1ulico de 8500 RPM para manter a temperatura de opera\u00e7\u00e3o abaixo de 100\u00b0C, garantindo estabilidade e durabilidade a longo prazo.<\/p>\n<\/li>\n<li class=\"\" data-start=\"1815\" data-end=\"1989\">\n<p class=\"\" data-start=\"1818\" data-end=\"1989\"><strong data-start=\"1818\" data-end=\"1862\">Design com separa\u00e7\u00e3o t\u00e9rmica e el\u00e9trica<\/strong><br data-start=\"1862\" data-end=\"1865\" \/>Possui sistemas t\u00e9rmicos e el\u00e9tricos isolados com um driver externo para maior seguran\u00e7a, confiabilidade e vida \u00fatil.<\/p>\n<\/li>\n<li class=\"\" data-start=\"1991\" data-end=\"2138\">\n<p class=\"\" data-start=\"1994\" data-end=\"2138\"><strong data-start=\"1994\" data-end=\"2016\">Ampla compatibilidade de modelos<\/strong><br data-start=\"2016\" data-end=\"2019\" \/>Compat\u00edvel com modelos de l\u00e2mpadas hal\u00f3genas padr\u00e3o, incluindo H1, H3, H7, H11, 9005, 9006 e 9012, para ampla aplica\u00e7\u00e3o em ve\u00edculos.<\/p>\n<\/li>\n<\/ol>","protected":false},"featured_media":169,"template":"","meta":[],"product_brand":[],"product_cat":[23],"product_tag":[24],"class_list":{"0":"post-162","1":"product","2":"type-product","3":"status-publish","4":"has-post-thumbnail","6":"product_cat-4-sided-led-headlight","7":"product_tag-led-headlight","9":"first","10":"instock","11":"shipping-taxable","12":"product-type-simple"},"_links":{"self":[{"href":"https:\/\/rttheadlight.com\/pt\/wp-json\/wp\/v2\/product\/162","targetHints":{"allow":["GET"]}}],"collection":[{"href":"https:\/\/rttheadlight.com\/pt\/wp-json\/wp\/v2\/product"}],"about":[{"href":"https:\/\/rttheadlight.com\/pt\/wp-json\/wp\/v2\/types\/product"}],"wp:featuredmedia":[{"embeddable":true,"href":"https:\/\/rttheadlight.com\/pt\/wp-json\/wp\/v2\/media\/169"}],"wp:attachment":[{"href":"https:\/\/rttheadlight.com\/pt\/wp-json\/wp\/v2\/media?parent=162"}],"wp:term":[{"taxonomy":"product_brand","embeddable":true,"href":"https:\/\/rttheadlight.com\/pt\/wp-json\/wp\/v2\/product_brand?post=162"},{"taxonomy":"product_cat","embeddable":true,"href":"https:\/\/rttheadlight.com\/pt\/wp-json\/wp\/v2\/product_cat?post=162"},{"taxonomy":"product_tag","embeddable":true,"href":"https:\/\/rttheadlight.com\/pt\/wp-json\/wp\/v2\/product_tag?post=162"}],"curies":[{"name":"wp","href":"https:\/\/api.w.org\/{rel}","templated":true}]}}