{"id":429,"date":"2025-05-22T09:28:58","date_gmt":"2025-05-22T09:28:58","guid":{"rendered":"https:\/\/rttheadlight.com\/?page_id=429"},"modified":"2026-01-17T07:52:09","modified_gmt":"2026-01-17T07:52:09","slug":"technology-2","status":"publish","type":"page","link":"https:\/\/rttheadlight.com\/pt\/technology-2\/","title":{"rendered":"Tecnologia"},"content":{"rendered":"<section class=\"section\" id=\"section_1579360975\">\n\t\t<div class=\"section-bg fill\" >\n\t\t\t\t\t\t\t\t\t\n\t\t\t\n\n\t\t<\/div>\n\n\t\t\n\n\t\t<div class=\"section-content relative\">\n\t\t\t\n\n<div class=\"row\"  id=\"row-415944161\">\n\n\n\t<div id=\"col-871151006\" class=\"col small-12 large-12\"  >\n\t\t\t\t<div class=\"col-inner\"  >\n\t\t\t\n\t\t\t\n\n\n  <div class=\"banner has-hover\" id=\"banner-1809874777\">\n          <div class=\"banner-inner fill\">\n        <div class=\"banner-bg fill\" >\n            <img fetchpriority=\"high\" decoding=\"async\" width=\"1200\" height=\"417\" src=\"https:\/\/rttheadlight.com\/wp-content\/uploads\/2025\/05\/3-1.jpg\" class=\"bg attachment-1536x1536 size-1536x1536\" alt=\"\" \/>                        <div class=\"overlay\"><\/div>            \n                    <\/div>\n\t\t\n        <div class=\"banner-layers container\">\n            <div class=\"fill banner-link\"><\/div>            \n\n   <div id=\"text-box-1392794665\" class=\"text-box banner-layer x95 md-x95 lg-x95 y50 md-y50 lg-y50 res-text\">\n                                <div class=\"text-box-content text dark\">\n              \n              <div class=\"text-inner text-right\">\n                  \n\n<h3 class=\"uppercase\"><strong>A acumula\u00e7\u00e3o de know-how<\/strong><\/h3>\n<p>Manter nossa tecnologia na vanguarda.<\/p>\n\n              <\/div>\n           <\/div>\n                            \n<style>\n#text-box-1392794665 {\n  margin: 0px 0px 0px 0px;\n  width: 86%;\n}\n#text-box-1392794665 .text-inner {\n  padding: 0px 0px 200px 0px;\n}\n#text-box-1392794665 .text-box-content {\n  font-size: 96%;\n}\n@media (min-width:550px) {\n  #text-box-1392794665 {\n    width: 67%;\n  }\n}\n<\/style>\n    <\/div>\n \n\n        <\/div>\n      <\/div>\n\n            \n<style>\n#banner-1809874777 {\n  padding-top: 400px;\n}\n#banner-1809874777 .overlay {\n  background-color: rgba(0, 0, 0, 0.2);\n}\n<\/style>\n  <\/div>\n\n\n\n\t\t<\/div>\n\t\t\t\t\t<\/div>\n\n\t\n\n<\/div>\n\n\t\t<\/div>\n\n\t\t\n<style>\n#section_1579360975 {\n  padding-top: 0px;\n  padding-bottom: 0px;\n}\n<\/style>\n\t<\/section>\n\t\n\n\t<section class=\"section\" id=\"section_1802957988\">\n\t\t<div class=\"section-bg fill\" >\n\t\t\t\t\t\t\t\t\t\n\t\t\t\n\n\t\t<\/div>\n\n\t\t\n\n\t\t<div class=\"section-content relative\">\n\t\t\t\n\n<div class=\"row\"  id=\"row-1567333424\">\n\n\n\t<div id=\"col-123726823\" class=\"col small-12 large-12\"  >\n\t\t\t\t<div class=\"col-inner\"  >\n\t\t\t\n\t\t\t\n\n<div class=\"container section-title-container\" ><h2 class=\"section-title section-title-center\"><b><\/b><span class=\"section-title-main\" >Por que far\u00f3is LED de 360\u00b0<\/span><b><\/b><\/h2><\/div>\n\n<div class=\"row\"  id=\"row-1975367562\">\n\n\n\t<div id=\"col-2037691790\" class=\"col medium-6 small-12 large-6\"  >\n\t\t\t\t<div class=\"col-inner\"  >\n\t\t\t\n\t\t\t\n\n\t<div class=\"img has-hover x md-x lg-x y md-y lg-y\" id=\"image_1619587496\">\n\t\t\t\t\t\t\t\t<div class=\"img-inner dark\" >\n\t\t\t<img decoding=\"async\" width=\"850\" height=\"850\" src=\"https:\/\/rttheadlight.com\/wp-content\/uploads\/2025\/05\/126-1.jpg\" class=\"attachment-1536x1536 size-1536x1536\" alt=\"\" srcset=\"https:\/\/rttheadlight.com\/wp-content\/uploads\/2025\/05\/126-1.jpg 850w, https:\/\/rttheadlight.com\/wp-content\/uploads\/2025\/05\/126-1-100x100.jpg 100w, https:\/\/rttheadlight.com\/wp-content\/uploads\/2025\/05\/126-1-510x510.jpg 510w, https:\/\/rttheadlight.com\/wp-content\/uploads\/2025\/05\/126-1-300x300.jpg 300w, https:\/\/rttheadlight.com\/wp-content\/uploads\/2025\/05\/126-1-150x150.jpg 150w, https:\/\/rttheadlight.com\/wp-content\/uploads\/2025\/05\/126-1-768x768.jpg 768w, https:\/\/rttheadlight.com\/wp-content\/uploads\/2025\/05\/126-1-12x12.jpg 12w\" sizes=\"(max-width: 850px) 100vw, 850px\" \/>\t\t\t\t\t\t\n\t\t\t\t\t<\/div>\n\t\t\t\t\t\t\t\t\n<style>\n#image_1619587496 {\n  width: 100%;\n}\n<\/style>\n\t<\/div>\n\t\n\n\n\t\t<\/div>\n\t\t\t\t\t<\/div>\n\n\t\n\n\t<div id=\"col-788539997\" class=\"col medium-6 small-12 large-6\"  >\n\t\t\t\t<div class=\"col-inner\"  >\n\t\t\t\n\t\t\t\n\n<h2>Sem \u00e1reas escuras<\/h2>\n<p>Nosso farol LED de 360\u00b0 adota um design de n\u00facleo LED de quatro lados, reduzindo significativamente o di\u00e2metro de emiss\u00e3o de luz para se aproximar ao das l\u00e2mpadas hal\u00f3genas e de xen\u00f4nio. Isso garante um padr\u00e3o de feixe perfeitamente focado, sem \u00e1reas escuras e sem necessidade de ajuste manual. Assim como os far\u00f3is hal\u00f3genos ou HID tradicionais, nosso LED oferece uma verdadeira emiss\u00e3o de luz em 360\u00b0, com at\u00e9 10 vezes o brilho de uma l\u00e2mpada hal\u00f3gena padr\u00e3o.<\/p>\n\n\t\t<\/div>\n\t\t\t\t\t<\/div>\n\n\t\n\n<\/div>\n<div class=\"row\"  id=\"row-2079558598\">\n\n\n\t<div id=\"col-111575788\" class=\"col small-12 large-12\"  >\n\t\t\t\t<div class=\"col-inner\"  >\n\t\t\t\n\t\t\t\n\n<div class=\"row\"  id=\"row-2144197676\">\n\n\n\t<div id=\"col-882411748\" class=\"col medium-6 small-12 large-6\"  >\n\t\t\t\t<div class=\"col-inner\"  >\n\t\t\t\n\t\t\t\n\n\t<div class=\"img has-hover x md-x lg-x y md-y lg-y\" id=\"image_654437598\">\n\t\t\t\t\t\t\t\t<div class=\"img-inner dark\" >\n\t\t\t<img decoding=\"async\" width=\"850\" height=\"850\" src=\"https:\/\/rttheadlight.com\/wp-content\/uploads\/2025\/05\/128-1.jpg\" class=\"attachment-1536x1536 size-1536x1536\" alt=\"\" srcset=\"https:\/\/rttheadlight.com\/wp-content\/uploads\/2025\/05\/128-1.jpg 850w, https:\/\/rttheadlight.com\/wp-content\/uploads\/2025\/05\/128-1-100x100.jpg 100w, https:\/\/rttheadlight.com\/wp-content\/uploads\/2025\/05\/128-1-510x510.jpg 510w, https:\/\/rttheadlight.com\/wp-content\/uploads\/2025\/05\/128-1-300x300.jpg 300w, https:\/\/rttheadlight.com\/wp-content\/uploads\/2025\/05\/128-1-150x150.jpg 150w, https:\/\/rttheadlight.com\/wp-content\/uploads\/2025\/05\/128-1-768x768.jpg 768w, https:\/\/rttheadlight.com\/wp-content\/uploads\/2025\/05\/128-1-12x12.jpg 12w\" sizes=\"(max-width: 850px) 100vw, 850px\" \/>\t\t\t\t\t\t\n\t\t\t\t\t<\/div>\n\t\t\t\t\t\t\t\t\n<style>\n#image_654437598 {\n  width: 100%;\n}\n<\/style>\n\t<\/div>\n\t\n\n\n\t\t<\/div>\n\t\t\t\t\t<\/div>\n\n\t\n\n\t<div id=\"col-471635604\" class=\"col medium-6 small-12 large-6\"  >\n\t\t\t\t<div class=\"col-inner\"  >\n\t\t\t\n\t\t\t\n\n<h2>Feixe e brilho<\/h2>\n<p data-start=\"138\" data-end=\"292\"><strong data-start=\"138\" data-end=\"292\">Em compara\u00e7\u00e3o com far\u00f3is de xen\u00f4nio tradicionais e far\u00f3is LED padr\u00e3o de 2 lados, nosso farol LED de 4 lados e 360\u00b0 oferece vantagens claras em todos os aspectos:<\/strong><\/p>\n<ul data-start=\"294\" data-end=\"976\">\n<li data-start=\"294\" data-end=\"412\">\n<p data-start=\"296\" data-end=\"412\">Brilho: at\u00e9 10\u00d7 mais brilhante que uma l\u00e2mpada hal\u00f3gena, e significativamente mais brilhante que os designs de xen\u00f4nio e LED de 2 lados.<\/p>\n<\/li>\n<li data-start=\"413\" data-end=\"576\">\n<p data-start=\"415\" data-end=\"576\">Padr\u00e3o do feixe: Fornece um feixe perfeitamente focado de 360\u00b0 sem \u00e1reas escuras ou ofuscamento, replicando de perto a precis\u00e3o dos far\u00f3is de xen\u00f4nio sem necessidade de ajuste manual.<\/p>\n<\/li>\n<li data-start=\"577\" data-end=\"708\">\n<p data-start=\"579\" data-end=\"708\">Custo: Mais econ\u00f4mico do que os sistemas de xen\u00f4nio (sem necessidade de reator), com desempenho melhor do que os far\u00f3is LED baratos t\u00edpicos.<\/p>\n<\/li>\n<li data-start=\"709\" data-end=\"842\">\n<p data-start=\"711\" data-end=\"842\">Vida \u00fatil: Projetado para uso prolongado, com uma vida \u00fatil superior a 30.000 horas \u2014 muito acima das l\u00e2mpadas de xen\u00f4nio e das op\u00e7\u00f5es LED mais baratas.<\/p>\n<\/li>\n<li data-start=\"843\" data-end=\"976\">\n<p data-start=\"845\" data-end=\"976\">Estabilidade: Dissipa\u00e7\u00e3o de calor superior e design do driver garantem brilho e desempenho consistentes mesmo em condi\u00e7\u00f5es extremas.<\/p>\n<\/li>\n<\/ul>\n\n\t\t<\/div>\n\t\t\t\t\t<\/div>\n\n\t\n\n<\/div>\n\n\t\t<\/div>\n\t\t\t\t\t<\/div>\n\n\t\n\n<\/div>\n<div class=\"row\"  id=\"row-1302030914\">\n\n\n\t<div id=\"col-2088425247\" class=\"col medium-6 small-12 large-6\"  >\n\t\t\t\t<div class=\"col-inner\"  >\n\t\t\t\n\t\t\t\n\n\t<div class=\"img has-hover x md-x lg-x y md-y lg-y\" id=\"image_849336761\">\n\t\t\t\t\t\t\t\t<div class=\"img-inner dark\" >\n\t\t\t<img loading=\"lazy\" decoding=\"async\" width=\"850\" height=\"850\" src=\"https:\/\/rttheadlight.com\/wp-content\/uploads\/2025\/05\/127-1.jpg\" class=\"attachment-1536x1536 size-1536x1536\" alt=\"\" srcset=\"https:\/\/rttheadlight.com\/wp-content\/uploads\/2025\/05\/127-1.jpg 850w, https:\/\/rttheadlight.com\/wp-content\/uploads\/2025\/05\/127-1-100x100.jpg 100w, https:\/\/rttheadlight.com\/wp-content\/uploads\/2025\/05\/127-1-510x510.jpg 510w, https:\/\/rttheadlight.com\/wp-content\/uploads\/2025\/05\/127-1-300x300.jpg 300w, https:\/\/rttheadlight.com\/wp-content\/uploads\/2025\/05\/127-1-150x150.jpg 150w, https:\/\/rttheadlight.com\/wp-content\/uploads\/2025\/05\/127-1-768x768.jpg 768w, https:\/\/rttheadlight.com\/wp-content\/uploads\/2025\/05\/127-1-12x12.jpg 12w\" sizes=\"(max-width: 850px) 100vw, 850px\" \/>\t\t\t\t\t\t\n\t\t\t\t\t<\/div>\n\t\t\t\t\t\t\t\t\n<style>\n#image_849336761 {\n  width: 100%;\n}\n<\/style>\n\t<\/div>\n\t\n\n\n\t\t<\/div>\n\t\t\t\t\t<\/div>\n\n\t\n\n\t<div id=\"col-2012176644\" class=\"col medium-6 small-12 large-6\"  >\n\t\t\t\t<div class=\"col-inner\"  >\n\t\t\t\n\t\t\t\n\n<h2>Comparado com outros<\/h2>\n<p data-start=\"202\" data-end=\"505\"><strong data-start=\"202\" data-end=\"505\">Unlike many other 4-sided, 6-sided, or even 8-sided LED headlights on the market that require a larger light-emitting diameter due to design or physical limitations, our 4-sided 360\u00b0 LED headlight features an ultra-compact LED core layout that closely matches the filament size of halogen and xenon bulbs.<\/strong><\/p>\n<ul data-start=\"507\" data-end=\"1201\">\n<li data-start=\"507\" data-end=\"677\">\n<p data-start=\"509\" data-end=\"677\">Beam Focus: The smaller diameter allows our LEDs to achieve an exceptionally accurate beam focus \u2014 no dark spots, no scattered light, and no need for adjustment.<\/p>\n<\/li>\n<li data-start=\"678\" data-end=\"839\">\n<p data-start=\"680\" data-end=\"839\">Brilho: Apesar do tamanho compacto, nossos LEDs alcan\u00e7am um brilho muito maior do que os designs multilateral superdimensionados, que frequentemente sofrem de emiss\u00e3o de luz desfocada.<\/p>\n<\/li>\n<li data-start=\"840\" data-end=\"1021\">\n<p data-start=\"842\" data-end=\"1021\">Efici\u00eancia de tamanho: Modelos maiores de 6 e 8 lados tendem a comprometer a compatibilidade com o refletor devido ao di\u00e2metro excessivo, enquanto nosso design fino mant\u00e9m os padr\u00f5es de encaixe OEM.<\/p>\n<\/li>\n<li data-start=\"1022\" data-end=\"1201\">\n<p data-start=\"1024\" data-end=\"1201\">Estabilidade t\u00e9rmica: O layout compacto permite um controle t\u00e9rmico mais eficiente, melhorando o desempenho a longo prazo e reduzindo os riscos de falha observados em modelos multilateral densamente compactados.<\/p>\n<\/li>\n<\/ul>\n<p data-start=\"1203\" data-end=\"1401\"><strong data-start=\"1203\" data-end=\"1401\">Em resumo, o design avan\u00e7ado de 4 lados da Ruituo oferece o equil\u00edbrio perfeito entre precis\u00e3o do feixe, brilho, compatibilidade de tamanho e estabilidade \u2014 superando tanto os LEDs tradicionais quanto os concorrentes multilateral.<\/strong><\/p>\n\n\t\t<\/div>\n\t\t\t\t\t<\/div>\n\n\t\n\n<\/div>\n<div class=\"row\"  id=\"row-166757030\">\n\n\n\t<div id=\"col-663301496\" class=\"col medium-6 small-12 large-6\"  >\n\t\t\t\t<div class=\"col-inner\"  >\n\t\t\t\n\t\t\t\n\n\t<div class=\"img has-hover x md-x lg-x y md-y lg-y\" id=\"image_1240331763\">\n\t\t\t\t\t\t\t\t<div class=\"img-inner dark\" >\n\t\t\t<img loading=\"lazy\" decoding=\"async\" width=\"850\" height=\"850\" src=\"https:\/\/rttheadlight.com\/wp-content\/uploads\/2025\/05\/129.jpg\" class=\"attachment-1536x1536 size-1536x1536\" alt=\"\" srcset=\"https:\/\/rttheadlight.com\/wp-content\/uploads\/2025\/05\/129.jpg 850w, https:\/\/rttheadlight.com\/wp-content\/uploads\/2025\/05\/129-100x100.jpg 100w, https:\/\/rttheadlight.com\/wp-content\/uploads\/2025\/05\/129-510x510.jpg 510w, https:\/\/rttheadlight.com\/wp-content\/uploads\/2025\/05\/129-300x300.jpg 300w, https:\/\/rttheadlight.com\/wp-content\/uploads\/2025\/05\/129-150x150.jpg 150w, https:\/\/rttheadlight.com\/wp-content\/uploads\/2025\/05\/129-768x768.jpg 768w, https:\/\/rttheadlight.com\/wp-content\/uploads\/2025\/05\/129-12x12.jpg 12w\" sizes=\"(max-width: 850px) 100vw, 850px\" \/>\t\t\t\t\t\t\n\t\t\t\t\t<\/div>\n\t\t\t\t\t\t\t\t\n<style>\n#image_1240331763 {\n  width: 100%;\n}\n<\/style>\n\t<\/div>\n\t\n\n\n\t\t<\/div>\n\t\t\t\t\t<\/div>\n\n\t\n\n\t<div id=\"col-310518171\" class=\"col medium-6 small-12 large-6\"  >\n\t\t\t\t<div class=\"col-inner\"  >\n\t\t\t\n\t\t\t\n\n<h2>Fonte de alimenta\u00e7\u00e3o<\/h2>\n<p>A fonte de alimenta\u00e7\u00e3o \u00e9 um componente cr\u00edtico deste produto, pois muitos ve\u00edculos conseguem detectar consumo irregular de energia dos far\u00f3is. Se a fonte de alimenta\u00e7\u00e3o n\u00e3o estiver em conformidade com as especifica\u00e7\u00f5es originais, podem ocorrer os seguintes problemas:<\/p>\n<ul>\n<li>Piscar ou cintilar: Os far\u00f3is podem n\u00e3o funcionar corretamente e podem piscar ou cintilar continuamente ao serem ligados.<\/li>\n<li>Interfer\u00eancia de r\u00e1dio: Uma fonte de alimenta\u00e7\u00e3o anormal pode afetar os sinais de r\u00e1dio, resultando em baixa qualidade de \u00e1udio ou chiados durante a transmiss\u00e3o.<\/li>\n<li>Desligamento dos far\u00f3is na partida: Os far\u00f3is podem desligar temporariamente quando o ve\u00edculo \u00e9 ligado e s\u00f3 voltar a acender depois que o motor estiver em funcionamento.<\/li>\n<li>Luz de advert\u00eancia no painel: O painel do ve\u00edculo pode exibir uma luz de advert\u00eancia, indicando um problema relacionado \u00e0 energia do sistema de far\u00f3is.<\/li>\n<\/ul>\n<p>Para resolver essas preocupa\u00e7\u00f5es, utilizamos fontes de alimenta\u00e7\u00e3o que passaram por testes extensivos e est\u00e3o equipadas com recursos avan\u00e7ados de decodifica\u00e7\u00e3o de energia para garantir uma sa\u00edda est\u00e1vel e confi\u00e1vel.<\/p>\n<p>Al\u00e9m disso, nosso sistema possui um circuito inteligente de controle de temperatura. Esta tecnologia monitora a temperatura de opera\u00e7\u00e3o em tempo real e, se um limite pr\u00e9-definido for alcan\u00e7ado, reduz automaticamente a pot\u00eancia para proteger o sistema el\u00e9trico do ve\u00edculo e manter o desempenho ideal.<\/p>\n\n\t\t<\/div>\n\t\t\t\t\t<\/div>\n\n\t\n\n<\/div>\n\n\t\t<\/div>\n\t\t\t\t\t<\/div>\n\n\t\n\n<\/div>\n\n\t\t<\/div>\n\n\t\t\n<style>\n#section_1802957988 {\n  padding-top: 30px;\n  padding-bottom: 30px;\n}\n<\/style>\n\t<\/section>\n\t\n\n\t<section class=\"section\" id=\"section_288347360\">\n\t\t<div class=\"section-bg fill\" >\n\t\t\t\t\t\t\t\t\t\n\t\t\t\n\n\t\t<\/div>\n\n\t\t\n\n\t\t<div class=\"section-content relative\">\n\t\t\t\n\n<div class=\"row\"  id=\"row-437468615\">\n\n\n\t<div id=\"col-1803041608\" class=\"col small-12 large-12\"  >\n\t\t\t\t<div class=\"col-inner\"  >\n\t\t\t\n\t\t\t\n\n<div class=\"container section-title-container\" ><h2 class=\"section-title section-title-center\"><b><\/b><span class=\"section-title-main\" >Demonstra\u00e7\u00e3o em v\u00eddeo<\/span><b><\/b><\/h2><\/div>\n\n<p style=\"text-align: center;\">Esta se\u00e7\u00e3o exibir\u00e1 v\u00e1rios modelos com introdu\u00e7\u00e3o \u00e0s funcionalidades, como testamos e instalamos. Continuaremos a compartilhar aqui as demonstra\u00e7\u00f5es em v\u00eddeo dos \u00faltimos modelos.<\/p>\n\n\t\t<\/div>\n\t\t\t\t\t<\/div>\n\n\t\n\n<\/div>\n<div class=\"row\"  id=\"row-160632930\">\n\n\n\t<div id=\"col-121115007\" class=\"col medium-3 small-6 large-3\"  >\n\t\t\t\t<div class=\"col-inner\"  >\n\t\t\t\n\t\t\t\n\n<div class=\"video video-fit mb\" style=\"padding-top:56.25%;\"><iframe title=\"2025\u5e746\u67084\u65e5\" width=\"1020\" height=\"574\" src=\"https:\/\/www.youtube.com\/embed\/empsQUI5fI8?feature=oembed\" frameborder=\"0\" allow=\"accelerometer; autoplay; clipboard-write; encrypted-media; gyroscope; picture-in-picture; web-share\" referrerpolicy=\"strict-origin-when-cross-origin\" allowfullscreen><\/iframe><\/div>\n\n\n\t\t<\/div>\n\t\t\t\t\t<\/div>\n\n\t\n\n\t<div id=\"col-543851118\" class=\"col medium-3 small-6 large-3\"  >\n\t\t\t\t<div class=\"col-inner\"  >\n\t\t\t\n\t\t\t\n\n<div class=\"video video-fit mb\" style=\"padding-top:56.25%;\"><p><iframe title=\"2025\u5e746\u67084\u65e5\" width=\"1020\" height=\"574\" src=\"https:\/\/www.youtube.com\/embed\/mxAF67m8eHc?feature=oembed\" frameborder=\"0\" allow=\"accelerometer; autoplay; clipboard-write; encrypted-media; gyroscope; picture-in-picture; web-share\" referrerpolicy=\"strict-origin-when-cross-origin\" allowfullscreen><\/iframe><\/p>\n<\/div>\n\n\n\t\t<\/div>\n\t\t\t\t\t<\/div>\n\n\t\n\n\t<div id=\"col-884420883\" class=\"col medium-3 small-6 large-3\"  >\n\t\t\t\t<div class=\"col-inner\"  >\n\t\t\t\n\t\t\t\n\n<div class=\"video video-fit mb\" style=\"padding-top:56.25%;\"><p><iframe title=\"2025\u5e746\u67084\u65e5\" width=\"1020\" height=\"574\" src=\"https:\/\/www.youtube.com\/embed\/Bgq--W1EJFw?feature=oembed\" frameborder=\"0\" allow=\"accelerometer; autoplay; clipboard-write; encrypted-media; gyroscope; picture-in-picture; web-share\" referrerpolicy=\"strict-origin-when-cross-origin\" allowfullscreen><\/iframe><\/p>\n<\/div>\n\n\n\t\t<\/div>\n\t\t\t\t\t<\/div>\n\n\t\n\n\t<div id=\"col-976914638\" class=\"col medium-3 small-6 large-3\"  >\n\t\t\t\t<div class=\"col-inner\"  >\n\t\t\t\n\t\t\t\n\n<div class=\"video video-fit mb\" style=\"padding-top:56.25%;\"><p><iframe title=\"2025\u5e746\u67084\u65e5\" width=\"1020\" height=\"574\" src=\"https:\/\/www.youtube.com\/embed\/zSNXAOzzhBE?feature=oembed\" frameborder=\"0\" allow=\"accelerometer; autoplay; clipboard-write; encrypted-media; gyroscope; picture-in-picture; web-share\" referrerpolicy=\"strict-origin-when-cross-origin\" allowfullscreen><\/iframe><\/p>\n<\/div>\n\n\n\t\t<\/div>\n\t\t\t\t\t<\/div>\n\n\t\n\n<\/div>\n<div class=\"row\"  id=\"row-2062731826\">\n\n\n\t<div id=\"col-1318558812\" class=\"col medium-3 small-6 large-3\"  >\n\t\t\t\t<div class=\"col-inner\"  >\n\t\t\t\n\t\t\t\n\n<div class=\"video video-fit mb\" style=\"padding-top:56.25%;\"><p><iframe title=\"2025\u5e746\u67084\u65e5\" width=\"1020\" height=\"574\" src=\"https:\/\/www.youtube.com\/embed\/tM_20APBjl8?feature=oembed\" frameborder=\"0\" allow=\"accelerometer; autoplay; clipboard-write; encrypted-media; gyroscope; picture-in-picture; web-share\" referrerpolicy=\"strict-origin-when-cross-origin\" allowfullscreen><\/iframe><\/p>\n<\/div>\n\n\n\t\t<\/div>\n\t\t\t\t\t<\/div>\n\n\t\n\n\t<div id=\"col-2131279282\" class=\"col medium-3 small-6 large-3\"  >\n\t\t\t\t<div class=\"col-inner\"  >\n\t\t\t\n\t\t\t\n\n<div class=\"video video-fit mb\" style=\"padding-top:56.25%;\"><p><iframe title=\"2025\u5e746\u67084\u65e5\" width=\"1020\" height=\"574\" src=\"https:\/\/www.youtube.com\/embed\/i_OqjwSXMHE?feature=oembed\" frameborder=\"0\" allow=\"accelerometer; autoplay; clipboard-write; encrypted-media; gyroscope; picture-in-picture; web-share\" referrerpolicy=\"strict-origin-when-cross-origin\" allowfullscreen><\/iframe><\/p>\n<\/div>\n\n\n\t\t<\/div>\n\t\t\t\t\t<\/div>\n\n\t\n\n\t<div id=\"col-566242128\" class=\"col medium-3 small-6 large-3\"  >\n\t\t\t\t<div class=\"col-inner\"  >\n\t\t\t\n\t\t\t\n\n\n\t\t<\/div>\n\t\t\t\t\t<\/div>\n\n\t\n\n\t<div id=\"col-561715274\" class=\"col medium-3 small-6 large-3\"  >\n\t\t\t\t<div class=\"col-inner\"  >\n\t\t\t\n\t\t\t\n\n\n\t\t<\/div>\n\t\t\t\t\t<\/div>\n\n\t\n\n<\/div>\n\n\t\t<\/div>\n\n\t\t\n<style>\n#section_288347360 {\n  padding-top: 30px;\n  padding-bottom: 30px;\n}\n<\/style>\n\t<\/section>","protected":false},"excerpt":{"rendered":"","protected":false},"author":2,"featured_media":0,"parent":0,"menu_order":0,"comment_status":"closed","ping_status":"closed","template":"","meta":{"footnotes":""},"class_list":["post-429","page","type-page","status-publish","hentry"],"_links":{"self":[{"href":"https:\/\/rttheadlight.com\/pt\/wp-json\/wp\/v2\/pages\/429","targetHints":{"allow":["GET"]}}],"collection":[{"href":"https:\/\/rttheadlight.com\/pt\/wp-json\/wp\/v2\/pages"}],"about":[{"href":"https:\/\/rttheadlight.com\/pt\/wp-json\/wp\/v2\/types\/page"}],"author":[{"embeddable":true,"href":"https:\/\/rttheadlight.com\/pt\/wp-json\/wp\/v2\/users\/2"}],"replies":[{"embeddable":true,"href":"https:\/\/rttheadlight.com\/pt\/wp-json\/wp\/v2\/comments?post=429"}],"version-history":[{"count":38,"href":"https:\/\/rttheadlight.com\/pt\/wp-json\/wp\/v2\/pages\/429\/revisions"}],"predecessor-version":[{"id":2174,"href":"https:\/\/rttheadlight.com\/pt\/wp-json\/wp\/v2\/pages\/429\/revisions\/2174"}],"wp:attachment":[{"href":"https:\/\/rttheadlight.com\/pt\/wp-json\/wp\/v2\/media?parent=429"}],"curies":[{"name":"wp","href":"https:\/\/api.w.org\/{rel}","templated":true}]}}