{"id":2234,"date":"2026-02-07T11:30:44","date_gmt":"2026-02-07T11:30:44","guid":{"rendered":"https:\/\/rttheadlight.com\/?post_type=product&#038;p=2234"},"modified":"2026-02-07T11:31:04","modified_gmt":"2026-02-07T11:31:04","slug":"f5-bullet-cap-4-sided-high-power-led-headlight","status":"publish","type":"product","link":"https:\/\/rttheadlight.com\/it\/product\/f5-bullet-cap-4-sided-high-power-led-headlight\/","title":{"rendered":"Faro LED Alta Potenza F5 Bullet Cap a 4 Lati"},"content":{"rendered":"<table>\n<tbody>\n<tr>\n<td width=\"160\">Tensione<\/td>\n<td width=\"180\">12V<\/td>\n<\/tr>\n<tr>\n<td width=\"160\">Consumo energetico<\/td>\n<td width=\"180\">55W<\/td>\n<\/tr>\n<tr>\n<td width=\"160\">Temperatura colore<\/td>\n<td width=\"180\">4300K\/6000K<\/td>\n<\/tr>\n<tr>\n<td width=\"160\">Luminosit\u00e0<\/td>\n<td width=\"180\">6000Lm<\/td>\n<\/tr>\n<tr>\n<td width=\"160\">Diametro del nucleo LED<\/td>\n<td width=\"180\">2.5mm<\/td>\n<\/tr>\n<tr>\n<td width=\"160\">Alimentazione<\/td>\n<td width=\"180\">Alimentazione con interruttore esterno<\/td>\n<\/tr>\n<tr>\n<td width=\"160\">Modelli compatibili<\/td>\n<td width=\"180\">H1\/H3\/H4\/H7\/H11\/9005\/9006\/9012\/D2H<\/td>\n<\/tr>\n<\/tbody>\n<\/table>","protected":false},"excerpt":{"rendered":"<p class=\"\" data-start=\"169\" data-end=\"674\">Questo faro LED ad alte prestazioni \u00e8 progettato per offrire messa a fuoco, luminosit\u00e0 e affidabilit\u00e0 eccezionali. Con un diametro del nucleo luminoso di soli 2,5 mm \u2014 tra i pi\u00f9 sottili del settore \u2014 riproduce fedelmente il modello del fascio delle lampadine alogene, garantendo un\u2019illuminazione precisa, una vera illuminazione a 360\u00b0 senza punti oscuri e senza necessit\u00e0 di regolare l\u2019angolo del fascio dopo l\u2019installazione. Basato su una gestione termica avanzata e componenti di alta qualit\u00e0, questo modello offre prestazioni e qualit\u00e0 durature.<\/p>\n<p class=\"\" data-start=\"676\" data-end=\"693\"><strong data-start=\"676\" data-end=\"693\">Caratteristiche principali:<\/strong><\/p>\n<ol data-start=\"695\" data-end=\"1816\">\n<li class=\"\" data-start=\"695\" data-end=\"913\">\n<p class=\"\" data-start=\"698\" data-end=\"913\"><strong data-start=\"698\" data-end=\"729\">Illuminazione Surround a 360\u00b0 reale<\/strong><br data-start=\"729\" data-end=\"732\" \/>Presenta 12 chip LED SANAN 55x55mil ad alta efficienza posizionati su quattro lati, fornendo un\u2019illuminazione uniforme e senza ombre che imita l\u2019output delle lampadine alogene tradizionali.<\/p>\n<\/li>\n<li class=\"\" data-start=\"915\" data-end=\"1141\">\n<p class=\"\" data-start=\"918\" data-end=\"1141\"><strong data-start=\"918\" data-end=\"961\">Nucleo luminoso ultra-sottile per una messa a fuoco precisa<\/strong><br data-start=\"961\" data-end=\"964\" \/>Il nucleo luminoso da 2,5 mm garantisce un\u2019eccellente precisione del fascio, consentendo una messa a fuoco nitida e una visibilit\u00e0 ottimale della strada \u2014 corrispondendo alla posizione del filamento alogeno per prestazioni di prim\u2019ordine.<\/p>\n<\/li>\n<li class=\"\" data-start=\"1143\" data-end=\"1377\">\n<p class=\"\" data-start=\"1146\" data-end=\"1377\"><strong data-start=\"1146\" data-end=\"1173\">Sistema di raffreddamento avanzato<\/strong><br data-start=\"1173\" data-end=\"1176\" \/>Utilizza un tubo di calore e un\u2019asta in rame rosso per una conduzione termica superiore, abbinati a una ventola idraulica da 8500 RPM per mantenere la temperatura di esercizio sotto i 100\u00b0C, garantendo stabilit\u00e0 e durata nel tempo.<\/p>\n<\/li>\n<li class=\"\" data-start=\"1379\" data-end=\"1626\">\n<p class=\"\" data-start=\"1382\" data-end=\"1626\"><strong data-start=\"1382\" data-end=\"1426\">Progettazione con separazione termica ed elettrica<\/strong><br data-start=\"1426\" data-end=\"1429\" \/>Progettato con una separazione dedicata tra i sistemi termico ed elettrico, insieme a un\u2019alimentazione esterna del driver, per migliorare la sicurezza, ridurre le interferenze e prolungare la durata dei componenti.<\/p>\n<\/li>\n<li class=\"\" data-start=\"1628\" data-end=\"1816\">\n<p class=\"\" data-start=\"1631\" data-end=\"1816\"><strong data-start=\"1631\" data-end=\"1653\">Ampia compatibilit\u00e0 dei modelli<\/strong><br data-start=\"1653\" data-end=\"1656\" \/>Progettato per adattarsi a una variet\u00e0 di modelli di lampadine alogene, tra cui H1, H3, H7, H11, 9005, 9006, 9012 e D2H, rendendolo un aggiornamento versatile per un\u2019ampia gamma di veicoli.<\/p>\n<\/li>\n<\/ol>","protected":false},"featured_media":136,"template":"","meta":[],"product_brand":[],"product_cat":[23],"product_tag":[24],"class_list":{"0":"post-2234","1":"product","2":"type-product","3":"status-publish","4":"has-post-thumbnail","6":"product_cat-4-sided-led-headlight","7":"product_tag-led-headlight","9":"first","10":"instock","11":"shipping-taxable","12":"product-type-simple"},"_links":{"self":[{"href":"https:\/\/rttheadlight.com\/it\/wp-json\/wp\/v2\/product\/2234","targetHints":{"allow":["GET"]}}],"collection":[{"href":"https:\/\/rttheadlight.com\/it\/wp-json\/wp\/v2\/product"}],"about":[{"href":"https:\/\/rttheadlight.com\/it\/wp-json\/wp\/v2\/types\/product"}],"wp:featuredmedia":[{"embeddable":true,"href":"https:\/\/rttheadlight.com\/it\/wp-json\/wp\/v2\/media\/136"}],"wp:attachment":[{"href":"https:\/\/rttheadlight.com\/it\/wp-json\/wp\/v2\/media?parent=2234"}],"wp:term":[{"taxonomy":"product_brand","embeddable":true,"href":"https:\/\/rttheadlight.com\/it\/wp-json\/wp\/v2\/product_brand?post=2234"},{"taxonomy":"product_cat","embeddable":true,"href":"https:\/\/rttheadlight.com\/it\/wp-json\/wp\/v2\/product_cat?post=2234"},{"taxonomy":"product_tag","embeddable":true,"href":"https:\/\/rttheadlight.com\/it\/wp-json\/wp\/v2\/product_tag?post=2234"}],"curies":[{"name":"wp","href":"https:\/\/api.w.org\/{rel}","templated":true}]}}