{"id":2231,"date":"2026-02-07T11:25:15","date_gmt":"2026-02-07T11:25:15","guid":{"rendered":"https:\/\/rttheadlight.com\/?post_type=product&#038;p=2231"},"modified":"2026-02-07T11:26:01","modified_gmt":"2026-02-07T11:26:01","slug":"f7pro-4-sided-65w-led-headlight","status":"publish","type":"product","link":"https:\/\/rttheadlight.com\/it\/product\/f7pro-4-sided-65w-led-headlight\/","title":{"rendered":"Faro LED F7Pro a 4 Lati 65W"},"content":{"rendered":"<table>\n<tbody>\n<tr>\n<td width=\"160\">Tensione<\/td>\n<td width=\"180\">12V\/24V<\/td>\n<\/tr>\n<tr>\n<td width=\"160\">Consumo energetico<\/td>\n<td width=\"180\">65W<\/td>\n<\/tr>\n<tr>\n<td width=\"160\">Temperatura colore<\/td>\n<td width=\"180\">6500K<\/td>\n<\/tr>\n<tr>\n<td width=\"160\">Luminosit\u00e0<\/td>\n<td width=\"180\">7000Lm<\/td>\n<\/tr>\n<tr>\n<td width=\"160\">Diametro del nucleo LED<\/td>\n<td width=\"180\">2.5mm<\/td>\n<\/tr>\n<tr>\n<td width=\"160\">Alimentazione<\/td>\n<td width=\"180\">Alimentazione con interruttore esterno<\/td>\n<\/tr>\n<tr>\n<td width=\"160\">Modelli compatibili<\/td>\n<td width=\"180\">H1\/H3\/H4\/H7\/H11\/9005\/9006\/9012\/D2H<\/td>\n<\/tr>\n<\/tbody>\n<\/table>","protected":false},"excerpt":{"rendered":"<p class=\"\" data-start=\"182\" data-end=\"792\">Questa \u00e8 una versione ad alta potenza da 65\u202fW con supporto a doppia tensione (12\u202fV\/24\u202fV). Questo faro LED offre fino a 7000 lumen di illuminazione ultra-brillante, rendendolo ideale sia per auto che per camion. Progettato per prestazioni e affidabilit\u00e0 eccezionali, dispone di un nucleo luminoso ultra-sottile da 2,5\u202fmm \u2014 tra i pi\u00f9 sottili del settore \u2014 che garantisce messa a fuoco precisa, illuminazione reale a 360\u00b0 senza punti oscuri e elimina la necessit\u00e0 di regolare l\u2019angolo del fascio dopo l\u2019installazione. Questo modello \u00e8 progettato con gestione termica avanzata e componenti di alta qualit\u00e0 per stabilit\u00e0 e sicurezza durature.<\/p>\n<p class=\"\" data-start=\"794\" data-end=\"811\"><strong data-start=\"794\" data-end=\"811\">Caratteristiche principali:<\/strong><\/p>\n<ol data-start=\"813\" data-end=\"2010\">\n<li class=\"\" data-start=\"813\" data-end=\"1010\">\n<p class=\"\" data-start=\"816\" data-end=\"1010\"><strong data-start=\"816\" data-end=\"860\">Alta potenza e supporto a doppia tensione<\/strong><br data-start=\"860\" data-end=\"863\" \/>Versione da 65\u202fW ad alto flusso luminoso con ingresso a doppia tensione 12\u202fV\/24\u202fV, eroga fino a 7000 lumen \u2014 adatta sia per veicoli passeggeri sia per camion commerciali.<\/p>\n<\/li>\n<li class=\"\" data-start=\"1012\" data-end=\"1214\">\n<p class=\"\" data-start=\"1015\" data-end=\"1214\"><strong data-start=\"1015\" data-end=\"1046\">Illuminazione Surround a 360\u00b0 reale<\/strong><br data-start=\"1046\" data-end=\"1049\" \/>Integrato con 12 chip LED SANAN 55x55mil ad alta potenza su quattro lati, offrendo un\u2019illuminazione uniforme e senza ombre che replica fedelmente i modelli di fascio alogeno.<\/p>\n<\/li>\n<li class=\"\" data-start=\"1216\" data-end=\"1413\">\n<p class=\"\" data-start=\"1219\" data-end=\"1413\"><strong data-start=\"1219\" data-end=\"1262\">Nucleo luminoso ultra-sottile per una messa a fuoco precisa<\/strong><br data-start=\"1262\" data-end=\"1265\" \/>Il nucleo luminoso da 2,5\u202fmm garantisce precisione e allineamento del fascio, corrispondendo alla posizione del filamento alogeno per massimizzare la visibilit\u00e0 sulla strada e ridurre l\u2019abbagliamento.<\/p>\n<\/li>\n<li class=\"\" data-start=\"1415\" data-end=\"1612\">\n<p class=\"\" data-start=\"1418\" data-end=\"1612\"><strong data-start=\"1418\" data-end=\"1445\">Sistema di raffreddamento avanzato<\/strong><br data-start=\"1445\" data-end=\"1448\" \/>Utilizza un tubo di calore e un\u2019asta in rame rosso per una conduzione termica superiore, abbinati a una ventola idraulica da 8500 RPM per mantenere la temperatura di esercizio sotto i 100\u00b0C, garantendo stabilit\u00e0 e durata nel tempo.<\/p>\n<\/li>\n<li class=\"\" data-start=\"1614\" data-end=\"1827\">\n<p class=\"\" data-start=\"1617\" data-end=\"1827\"><strong data-start=\"1617\" data-end=\"1661\">Progettazione con separazione termica ed elettrica<\/strong><br data-start=\"1661\" data-end=\"1664\" \/>Presenta un design strutturalmente indipendente che separa i componenti termici ed elettrici, abbinato a un driver esterno per maggiore sicurezza e durata.<\/p>\n<\/li>\n<li class=\"\" data-start=\"1829\" data-end=\"2010\">\n<p class=\"\" data-start=\"1832\" data-end=\"2010\"><strong data-start=\"1832\" data-end=\"1854\">Ampia compatibilit\u00e0 dei modelli<\/strong><br data-start=\"1854\" data-end=\"1857\" \/>Adatto alle dimensioni comuni delle lampadine alogene, tra cui H1, H3, H7, H11, 9005, 9006 e 9012, offrendo flessibilit\u00e0 per vari modelli di veicoli.<\/p>\n<\/li>\n<\/ol>","protected":false},"featured_media":160,"template":"","meta":[],"product_brand":[],"product_cat":[23],"product_tag":[24],"class_list":{"0":"post-2231","1":"product","2":"type-product","3":"status-publish","4":"has-post-thumbnail","6":"product_cat-4-sided-led-headlight","7":"product_tag-led-headlight","9":"first","10":"instock","11":"shipping-taxable","12":"product-type-simple"},"_links":{"self":[{"href":"https:\/\/rttheadlight.com\/it\/wp-json\/wp\/v2\/product\/2231","targetHints":{"allow":["GET"]}}],"collection":[{"href":"https:\/\/rttheadlight.com\/it\/wp-json\/wp\/v2\/product"}],"about":[{"href":"https:\/\/rttheadlight.com\/it\/wp-json\/wp\/v2\/types\/product"}],"wp:featuredmedia":[{"embeddable":true,"href":"https:\/\/rttheadlight.com\/it\/wp-json\/wp\/v2\/media\/160"}],"wp:attachment":[{"href":"https:\/\/rttheadlight.com\/it\/wp-json\/wp\/v2\/media?parent=2231"}],"wp:term":[{"taxonomy":"product_brand","embeddable":true,"href":"https:\/\/rttheadlight.com\/it\/wp-json\/wp\/v2\/product_brand?post=2231"},{"taxonomy":"product_cat","embeddable":true,"href":"https:\/\/rttheadlight.com\/it\/wp-json\/wp\/v2\/product_cat?post=2231"},{"taxonomy":"product_tag","embeddable":true,"href":"https:\/\/rttheadlight.com\/it\/wp-json\/wp\/v2\/product_tag?post=2231"}],"curies":[{"name":"wp","href":"https:\/\/api.w.org\/{rel}","templated":true}]}}