{"id":2179,"date":"2026-01-31T03:14:56","date_gmt":"2026-01-31T03:14:56","guid":{"rendered":"https:\/\/rttheadlight.com\/?post_type=product&#038;p=2179"},"modified":"2026-01-31T10:28:09","modified_gmt":"2026-01-31T10:28:09","slug":"f3pro-4-sided-tri-color-compact-led-headlight","status":"publish","type":"product","link":"https:\/\/rttheadlight.com\/it\/product\/f3pro-4-sided-tri-color-compact-led-headlight\/","title":{"rendered":"Faro LED Compatto Tricolore F3Pro a 4 Lati"},"content":{"rendered":"<table>\n<tbody>\n<tr>\n<td width=\"160\">Tensione<\/td>\n<td width=\"180\">12V<\/td>\n<\/tr>\n<tr>\n<td width=\"160\">Consumo energetico<\/td>\n<td width=\"180\">55W<\/td>\n<\/tr>\n<tr>\n<td width=\"160\">Temperatura colore<\/td>\n<td width=\"180\">3000K, 4300K, 6500 Adjustable<\/td>\n<\/tr>\n<tr>\n<td width=\"160\">Luminosit\u00e0<\/td>\n<td width=\"180\">5000Lm<\/td>\n<\/tr>\n<tr>\n<td width=\"160\">Diametro del nucleo LED<\/td>\n<td width=\"180\">2.5mm<\/td>\n<\/tr>\n<tr>\n<td width=\"160\">Alimentazione<\/td>\n<td width=\"180\">Alimentazione con interruttore esterno<\/td>\n<\/tr>\n<tr>\n<td width=\"160\">Modelli compatibili<\/td>\n<td width=\"180\">H1\/H3\/H4\/H7\/H11\/9005\/9006\/9012\/D2H<\/td>\n<\/tr>\n<\/tbody>\n<\/table>","protected":false},"excerpt":{"rendered":"<p class=\"\" data-start=\"175\" data-end=\"603\">Progettato per versatilit\u00e0 e prestazioni, il suo design compatto e salvaspazio garantisce una vestibilit\u00e0 pi\u00f9 universale, rendendolo compatibile con una gamma pi\u00f9 ampia di alloggiamenti per fari dei veicoli.<\/p>\n<p class=\"\" data-start=\"605\" data-end=\"921\">Con un nucleo ultra-sottile a 4 lati da 2,5 mm \u2014 tra i pi\u00f9 sottili del settore \u2014 questo modello garantisce messa a fuoco precisa, illuminazione a 360\u00b0 senza zone d\u2019ombra e senza bisogno di regolare l\u2019angolo del fascio dopo l\u2019installazione. Realizzato con materiali di alta qualit\u00e0 e gestione termica avanzata, offre prestazioni stabili e durature.<\/p>\n<p class=\"\" data-start=\"923\" data-end=\"940\"><strong data-start=\"923\" data-end=\"940\">Caratteristiche principali:<\/strong><\/p>\n<ol data-start=\"942\" data-end=\"2138\">\n<li class=\"\" data-start=\"1126\" data-end=\"1269\">\n<p class=\"\" data-start=\"1129\" data-end=\"1269\"><strong data-start=\"1129\" data-end=\"1163\">Design compatto e vestibilit\u00e0 universale<\/strong><br data-start=\"1163\" data-end=\"1166\" \/>Sottile e salvaspazio per garantire un\u2019installazione semplice, anche nei veicoli con spazio limitato per i fari.<\/p>\n<\/li>\n<li class=\"\" data-start=\"1271\" data-end=\"1450\">\n<p class=\"\" data-start=\"1274\" data-end=\"1450\"><strong data-start=\"1274\" data-end=\"1305\">Illuminazione Surround a 360\u00b0 reale<\/strong><br data-start=\"1305\" data-end=\"1308\" \/>Incorpora 24 chip LED SANAN 45x65mil su quattro lati per fornire un\u2019illuminazione uniforme e senza ombre, replicando fedelmente i modelli di fascio alogeno.<\/p>\n<\/li>\n<li class=\"\" data-start=\"1452\" data-end=\"1620\">\n<p class=\"\" data-start=\"1455\" data-end=\"1620\"><strong data-start=\"1455\" data-end=\"1499\">Nucleo luminoso ultra-sottile per una messa a fuoco precisa<\/strong><br data-start=\"1499\" data-end=\"1502\" \/>Il nucleo luminoso da 2,5 mm si allinea con la posizione del filamento alogeno, garantendo eccellente precisione del fascio e abbagliamento minimo.<\/p>\n<\/li>\n<li class=\"\" data-start=\"1622\" data-end=\"1813\">\n<p class=\"\" data-start=\"1625\" data-end=\"1813\"><strong data-start=\"1625\" data-end=\"1652\">Sistema di raffreddamento avanzato<\/strong><br data-start=\"1652\" data-end=\"1655\" \/>Utilizza un tubo di calore e un\u2019asta in rame rosso per una conduzione termica superiore, abbinati a una ventola idraulica da 8500 RPM per mantenere la temperatura di esercizio sotto i 100\u00b0C, garantendo stabilit\u00e0 e durata nel tempo.<\/p>\n<\/li>\n<li class=\"\" data-start=\"1815\" data-end=\"1989\">\n<p class=\"\" data-start=\"1818\" data-end=\"1989\"><strong data-start=\"1818\" data-end=\"1862\">Progettazione con separazione termica ed elettrica<\/strong><br data-start=\"1862\" data-end=\"1865\" \/>Presenta sistemi termici ed elettrici isolati con un driver esterno per maggiore sicurezza, affidabilit\u00e0 e durata.<\/p>\n<\/li>\n<li class=\"\" data-start=\"1991\" data-end=\"2138\">\n<p class=\"\" data-start=\"1994\" data-end=\"2138\"><strong data-start=\"1994\" data-end=\"2016\">Ampia compatibilit\u00e0 dei modelli<\/strong><br data-start=\"2016\" data-end=\"2019\" \/>Compatibile con modelli di lampadine alogene standard, tra cui H1, H3, H7, H11, 9005, 9006 e 9012, per un\u2019ampia applicazione sui veicoli.<\/p>\n<\/li>\n<\/ol>","protected":false},"featured_media":169,"template":"","meta":[],"product_brand":[],"product_cat":[23],"product_tag":[24],"class_list":{"0":"post-2179","1":"product","2":"type-product","3":"status-publish","4":"has-post-thumbnail","6":"product_cat-4-sided-led-headlight","7":"product_tag-led-headlight","9":"first","10":"instock","11":"shipping-taxable","12":"product-type-simple"},"_links":{"self":[{"href":"https:\/\/rttheadlight.com\/it\/wp-json\/wp\/v2\/product\/2179","targetHints":{"allow":["GET"]}}],"collection":[{"href":"https:\/\/rttheadlight.com\/it\/wp-json\/wp\/v2\/product"}],"about":[{"href":"https:\/\/rttheadlight.com\/it\/wp-json\/wp\/v2\/types\/product"}],"wp:featuredmedia":[{"embeddable":true,"href":"https:\/\/rttheadlight.com\/it\/wp-json\/wp\/v2\/media\/169"}],"wp:attachment":[{"href":"https:\/\/rttheadlight.com\/it\/wp-json\/wp\/v2\/media?parent=2179"}],"wp:term":[{"taxonomy":"product_brand","embeddable":true,"href":"https:\/\/rttheadlight.com\/it\/wp-json\/wp\/v2\/product_brand?post=2179"},{"taxonomy":"product_cat","embeddable":true,"href":"https:\/\/rttheadlight.com\/it\/wp-json\/wp\/v2\/product_cat?post=2179"},{"taxonomy":"product_tag","embeddable":true,"href":"https:\/\/rttheadlight.com\/it\/wp-json\/wp\/v2\/product_tag?post=2179"}],"curies":[{"name":"wp","href":"https:\/\/api.w.org\/{rel}","templated":true}]}}