{"id":429,"date":"2025-05-22T09:28:58","date_gmt":"2025-05-22T09:28:58","guid":{"rendered":"https:\/\/rttheadlight.com\/?page_id=429"},"modified":"2026-01-17T07:52:09","modified_gmt":"2026-01-17T07:52:09","slug":"technology-2","status":"publish","type":"page","link":"https:\/\/rttheadlight.com\/it\/technology-2\/","title":{"rendered":"Tecnologia"},"content":{"rendered":"<section class=\"section\" id=\"section_455903587\">\n\t\t<div class=\"section-bg fill\" >\n\t\t\t\t\t\t\t\t\t\n\t\t\t\n\n\t\t<\/div>\n\n\t\t\n\n\t\t<div class=\"section-content relative\">\n\t\t\t\n\n<div class=\"row\"  id=\"row-266694975\">\n\n\n\t<div id=\"col-1466470063\" class=\"col small-12 large-12\"  >\n\t\t\t\t<div class=\"col-inner\"  >\n\t\t\t\n\t\t\t\n\n\n  <div class=\"banner has-hover\" id=\"banner-1073811731\">\n          <div class=\"banner-inner fill\">\n        <div class=\"banner-bg fill\" >\n            <img fetchpriority=\"high\" decoding=\"async\" width=\"1200\" height=\"417\" src=\"https:\/\/rttheadlight.com\/wp-content\/uploads\/2025\/05\/3-1.jpg\" class=\"bg attachment-1536x1536 size-1536x1536\" alt=\"\" \/>                        <div class=\"overlay\"><\/div>            \n                    <\/div>\n\t\t\n        <div class=\"banner-layers container\">\n            <div class=\"fill banner-link\"><\/div>            \n\n   <div id=\"text-box-683986515\" class=\"text-box banner-layer x95 md-x95 lg-x95 y50 md-y50 lg-y50 res-text\">\n                                <div class=\"text-box-content text dark\">\n              \n              <div class=\"text-inner text-right\">\n                  \n\n<h3 class=\"uppercase\"><strong>L\u2019accumulo di know-how<\/strong><\/h3>\n<p>Mantenere la nostra tecnologia all\u2019avanguardia.<\/p>\n\n              <\/div>\n           <\/div>\n                            \n<style>\n#text-box-683986515 {\n  margin: 0px 0px 0px 0px;\n  width: 86%;\n}\n#text-box-683986515 .text-inner {\n  padding: 0px 0px 200px 0px;\n}\n#text-box-683986515 .text-box-content {\n  font-size: 96%;\n}\n@media (min-width:550px) {\n  #text-box-683986515 {\n    width: 67%;\n  }\n}\n<\/style>\n    <\/div>\n \n\n        <\/div>\n      <\/div>\n\n            \n<style>\n#banner-1073811731 {\n  padding-top: 400px;\n}\n#banner-1073811731 .overlay {\n  background-color: rgba(0, 0, 0, 0.2);\n}\n<\/style>\n  <\/div>\n\n\n\n\t\t<\/div>\n\t\t\t\t\t<\/div>\n\n\t\n\n<\/div>\n\n\t\t<\/div>\n\n\t\t\n<style>\n#section_455903587 {\n  padding-top: 0px;\n  padding-bottom: 0px;\n}\n<\/style>\n\t<\/section>\n\t\n\n\t<section class=\"section\" id=\"section_1308256593\">\n\t\t<div class=\"section-bg fill\" >\n\t\t\t\t\t\t\t\t\t\n\t\t\t\n\n\t\t<\/div>\n\n\t\t\n\n\t\t<div class=\"section-content relative\">\n\t\t\t\n\n<div class=\"row\"  id=\"row-259271399\">\n\n\n\t<div id=\"col-1015619650\" class=\"col small-12 large-12\"  >\n\t\t\t\t<div class=\"col-inner\"  >\n\t\t\t\n\t\t\t\n\n<div class=\"container section-title-container\" ><h2 class=\"section-title section-title-center\"><b><\/b><span class=\"section-title-main\" >Perch\u00e9 fari LED a 360\u00b0<\/span><b><\/b><\/h2><\/div>\n\n<div class=\"row\"  id=\"row-1979184580\">\n\n\n\t<div id=\"col-31846847\" class=\"col medium-6 small-12 large-6\"  >\n\t\t\t\t<div class=\"col-inner\"  >\n\t\t\t\n\t\t\t\n\n\t<div class=\"img has-hover x md-x lg-x y md-y lg-y\" id=\"image_2047611759\">\n\t\t\t\t\t\t\t\t<div class=\"img-inner dark\" >\n\t\t\t<img decoding=\"async\" width=\"850\" height=\"850\" src=\"https:\/\/rttheadlight.com\/wp-content\/uploads\/2025\/05\/126-1.jpg\" class=\"attachment-1536x1536 size-1536x1536\" alt=\"\" srcset=\"https:\/\/rttheadlight.com\/wp-content\/uploads\/2025\/05\/126-1.jpg 850w, https:\/\/rttheadlight.com\/wp-content\/uploads\/2025\/05\/126-1-100x100.jpg 100w, https:\/\/rttheadlight.com\/wp-content\/uploads\/2025\/05\/126-1-510x510.jpg 510w, https:\/\/rttheadlight.com\/wp-content\/uploads\/2025\/05\/126-1-300x300.jpg 300w, https:\/\/rttheadlight.com\/wp-content\/uploads\/2025\/05\/126-1-150x150.jpg 150w, https:\/\/rttheadlight.com\/wp-content\/uploads\/2025\/05\/126-1-768x768.jpg 768w, https:\/\/rttheadlight.com\/wp-content\/uploads\/2025\/05\/126-1-12x12.jpg 12w\" sizes=\"(max-width: 850px) 100vw, 850px\" \/>\t\t\t\t\t\t\n\t\t\t\t\t<\/div>\n\t\t\t\t\t\t\t\t\n<style>\n#image_2047611759 {\n  width: 100%;\n}\n<\/style>\n\t<\/div>\n\t\n\n\n\t\t<\/div>\n\t\t\t\t\t<\/div>\n\n\t\n\n\t<div id=\"col-1032207649\" class=\"col medium-6 small-12 large-6\"  >\n\t\t\t\t<div class=\"col-inner\"  >\n\t\t\t\n\t\t\t\n\n<h2>Nessuna zona d\u2019ombra<\/h2>\n<p>Il nostro faro LED a 360\u00b0 adotta un design con chip LED a quattro lati, riducendo notevolmente il diametro di emissione luminosa per avvicinarsi a quello delle lampadine alogene e allo xeno. Questo garantisce un fascio perfettamente focalizzato, senza zone d\u2019ombra e senza necessit\u00e0 di regolazione manuale. Proprio come i fari alogeni o HID tradizionali, il nostro LED offre una vera illuminazione a 360\u00b0, con una luminosit\u00e0 fino a 10 volte superiore a quella di una lampadina alogena standard.<\/p>\n\n\t\t<\/div>\n\t\t\t\t\t<\/div>\n\n\t\n\n<\/div>\n<div class=\"row\"  id=\"row-1792774090\">\n\n\n\t<div id=\"col-951489355\" class=\"col small-12 large-12\"  >\n\t\t\t\t<div class=\"col-inner\"  >\n\t\t\t\n\t\t\t\n\n<div class=\"row\"  id=\"row-2080418289\">\n\n\n\t<div id=\"col-576420485\" class=\"col medium-6 small-12 large-6\"  >\n\t\t\t\t<div class=\"col-inner\"  >\n\t\t\t\n\t\t\t\n\n\t<div class=\"img has-hover x md-x lg-x y md-y lg-y\" id=\"image_1636526518\">\n\t\t\t\t\t\t\t\t<div class=\"img-inner dark\" >\n\t\t\t<img decoding=\"async\" width=\"850\" height=\"850\" src=\"https:\/\/rttheadlight.com\/wp-content\/uploads\/2025\/05\/128-1.jpg\" class=\"attachment-1536x1536 size-1536x1536\" alt=\"\" srcset=\"https:\/\/rttheadlight.com\/wp-content\/uploads\/2025\/05\/128-1.jpg 850w, https:\/\/rttheadlight.com\/wp-content\/uploads\/2025\/05\/128-1-100x100.jpg 100w, https:\/\/rttheadlight.com\/wp-content\/uploads\/2025\/05\/128-1-510x510.jpg 510w, https:\/\/rttheadlight.com\/wp-content\/uploads\/2025\/05\/128-1-300x300.jpg 300w, https:\/\/rttheadlight.com\/wp-content\/uploads\/2025\/05\/128-1-150x150.jpg 150w, https:\/\/rttheadlight.com\/wp-content\/uploads\/2025\/05\/128-1-768x768.jpg 768w, https:\/\/rttheadlight.com\/wp-content\/uploads\/2025\/05\/128-1-12x12.jpg 12w\" sizes=\"(max-width: 850px) 100vw, 850px\" \/>\t\t\t\t\t\t\n\t\t\t\t\t<\/div>\n\t\t\t\t\t\t\t\t\n<style>\n#image_1636526518 {\n  width: 100%;\n}\n<\/style>\n\t<\/div>\n\t\n\n\n\t\t<\/div>\n\t\t\t\t\t<\/div>\n\n\t\n\n\t<div id=\"col-2089389460\" class=\"col medium-6 small-12 large-6\"  >\n\t\t\t\t<div class=\"col-inner\"  >\n\t\t\t\n\t\t\t\n\n<h2>Fascio e luminosit\u00e0<\/h2>\n<p data-start=\"138\" data-end=\"292\"><strong data-start=\"138\" data-end=\"292\">Rispetto ai tradizionali fari al xenon e ai fari LED standard a 2 lati, il nostro faro LED a 4 lati e 360\u00b0 offre vantaggi chiari in ogni ambito:<\/strong><\/p>\n<ul data-start=\"294\" data-end=\"976\">\n<li data-start=\"294\" data-end=\"412\">\n<p data-start=\"296\" data-end=\"412\">Luminosit\u00e0: fino a 10 volte pi\u00f9 luminosa di una lampadina alogena e significativamente pi\u00f9 luminosa rispetto ai fari al xenon e ai LED a 2 lati.<\/p>\n<\/li>\n<li data-start=\"413\" data-end=\"576\">\n<p data-start=\"415\" data-end=\"576\">Schema del fascio: Fornisce un fascio perfettamente focalizzato a 360\u00b0 senza zone d\u2019ombra o abbagliamento, replicando fedelmente la precisione dei fari al xenon senza necessit\u00e0 di regolazione manuale.<\/p>\n<\/li>\n<li data-start=\"577\" data-end=\"708\">\n<p data-start=\"579\" data-end=\"708\">Costo: Pi\u00f9 conveniente dei sistemi al xenon (non necessita di ballast), con prestazioni migliori rispetto ai tipici fari LED economici.<\/p>\n<\/li>\n<li data-start=\"709\" data-end=\"842\">\n<p data-start=\"711\" data-end=\"842\">Durata: Progettato per un uso a lungo termine, con una durata superiore a 30.000 ore \u2014 molto oltre le lampadine al xenon e le opzioni LED pi\u00f9 economiche.<\/p>\n<\/li>\n<li data-start=\"843\" data-end=\"976\">\n<p data-start=\"845\" data-end=\"976\">Stabilit\u00e0: Una dissipazione del calore superiore e un design ottimizzato del driver garantiscono luminosit\u00e0 e prestazioni costanti anche in condizioni estreme.<\/p>\n<\/li>\n<\/ul>\n\n\t\t<\/div>\n\t\t\t\t\t<\/div>\n\n\t\n\n<\/div>\n\n\t\t<\/div>\n\t\t\t\t\t<\/div>\n\n\t\n\n<\/div>\n<div class=\"row\"  id=\"row-1612447201\">\n\n\n\t<div id=\"col-1058916811\" class=\"col medium-6 small-12 large-6\"  >\n\t\t\t\t<div class=\"col-inner\"  >\n\t\t\t\n\t\t\t\n\n\t<div class=\"img has-hover x md-x lg-x y md-y lg-y\" id=\"image_1428159388\">\n\t\t\t\t\t\t\t\t<div class=\"img-inner dark\" >\n\t\t\t<img loading=\"lazy\" decoding=\"async\" width=\"850\" height=\"850\" src=\"https:\/\/rttheadlight.com\/wp-content\/uploads\/2025\/05\/127-1.jpg\" class=\"attachment-1536x1536 size-1536x1536\" alt=\"\" srcset=\"https:\/\/rttheadlight.com\/wp-content\/uploads\/2025\/05\/127-1.jpg 850w, https:\/\/rttheadlight.com\/wp-content\/uploads\/2025\/05\/127-1-100x100.jpg 100w, https:\/\/rttheadlight.com\/wp-content\/uploads\/2025\/05\/127-1-510x510.jpg 510w, https:\/\/rttheadlight.com\/wp-content\/uploads\/2025\/05\/127-1-300x300.jpg 300w, https:\/\/rttheadlight.com\/wp-content\/uploads\/2025\/05\/127-1-150x150.jpg 150w, https:\/\/rttheadlight.com\/wp-content\/uploads\/2025\/05\/127-1-768x768.jpg 768w, https:\/\/rttheadlight.com\/wp-content\/uploads\/2025\/05\/127-1-12x12.jpg 12w\" sizes=\"(max-width: 850px) 100vw, 850px\" \/>\t\t\t\t\t\t\n\t\t\t\t\t<\/div>\n\t\t\t\t\t\t\t\t\n<style>\n#image_1428159388 {\n  width: 100%;\n}\n<\/style>\n\t<\/div>\n\t\n\n\n\t\t<\/div>\n\t\t\t\t\t<\/div>\n\n\t\n\n\t<div id=\"col-444402316\" class=\"col medium-6 small-12 large-6\"  >\n\t\t\t\t<div class=\"col-inner\"  >\n\t\t\t\n\t\t\t\n\n<h2>Confronto con altri<\/h2>\n<p data-start=\"202\" data-end=\"505\"><strong data-start=\"202\" data-end=\"505\">Unlike many other 4-sided, 6-sided, or even 8-sided LED headlights on the market that require a larger light-emitting diameter due to design or physical limitations, our 4-sided 360\u00b0 LED headlight features an ultra-compact LED core layout that closely matches the filament size of halogen and xenon bulbs.<\/strong><\/p>\n<ul data-start=\"507\" data-end=\"1201\">\n<li data-start=\"507\" data-end=\"677\">\n<p data-start=\"509\" data-end=\"677\">Beam Focus: The smaller diameter allows our LEDs to achieve an exceptionally accurate beam focus \u2014 no dark spots, no scattered light, and no need for adjustment.<\/p>\n<\/li>\n<li data-start=\"678\" data-end=\"839\">\n<p data-start=\"680\" data-end=\"839\">Luminosit\u00e0: Nonostante le dimensioni compatte, i nostri LED raggiungono una luminosit\u00e0 molto superiore rispetto ai modelli multiforme sovradimensionati, che spesso soffrono di un fascio poco focalizzato.<\/p>\n<\/li>\n<li data-start=\"840\" data-end=\"1021\">\n<p data-start=\"842\" data-end=\"1021\">Efficienza delle dimensioni: I modelli pi\u00f9 grandi a 6 e 8 lati tendono a compromettere la compatibilit\u00e0 con il riflettore a causa del diametro eccessivo, mentre il nostro design sottile mantiene gli standard di montaggio OEM.<\/p>\n<\/li>\n<li data-start=\"1022\" data-end=\"1201\">\n<p data-start=\"1024\" data-end=\"1201\">Stabilit\u00e0 termica: Un layout compatto consente un controllo termico pi\u00f9 efficiente, migliorando le prestazioni a lungo termine e riducendo i rischi di guasto presenti nei modelli multiforme densamente assemblati.<\/p>\n<\/li>\n<\/ul>\n<p data-start=\"1203\" data-end=\"1401\"><strong data-start=\"1203\" data-end=\"1401\">In sintesi, il design avanzato a 4 lati di Ruituo offre il perfetto equilibrio tra precisione del fascio, luminosit\u00e0, compatibilit\u00e0 delle dimensioni e stabilit\u00e0 \u2014 superando sia i LED tradizionali che i concorrenti a pi\u00f9 lati.<\/strong><\/p>\n\n\t\t<\/div>\n\t\t\t\t\t<\/div>\n\n\t\n\n<\/div>\n<div class=\"row\"  id=\"row-934971189\">\n\n\n\t<div id=\"col-1771832976\" class=\"col medium-6 small-12 large-6\"  >\n\t\t\t\t<div class=\"col-inner\"  >\n\t\t\t\n\t\t\t\n\n\t<div class=\"img has-hover x md-x lg-x y md-y lg-y\" id=\"image_854075153\">\n\t\t\t\t\t\t\t\t<div class=\"img-inner dark\" >\n\t\t\t<img loading=\"lazy\" decoding=\"async\" width=\"850\" height=\"850\" src=\"https:\/\/rttheadlight.com\/wp-content\/uploads\/2025\/05\/129.jpg\" class=\"attachment-1536x1536 size-1536x1536\" alt=\"\" srcset=\"https:\/\/rttheadlight.com\/wp-content\/uploads\/2025\/05\/129.jpg 850w, https:\/\/rttheadlight.com\/wp-content\/uploads\/2025\/05\/129-100x100.jpg 100w, https:\/\/rttheadlight.com\/wp-content\/uploads\/2025\/05\/129-510x510.jpg 510w, https:\/\/rttheadlight.com\/wp-content\/uploads\/2025\/05\/129-300x300.jpg 300w, https:\/\/rttheadlight.com\/wp-content\/uploads\/2025\/05\/129-150x150.jpg 150w, https:\/\/rttheadlight.com\/wp-content\/uploads\/2025\/05\/129-768x768.jpg 768w, https:\/\/rttheadlight.com\/wp-content\/uploads\/2025\/05\/129-12x12.jpg 12w\" sizes=\"(max-width: 850px) 100vw, 850px\" \/>\t\t\t\t\t\t\n\t\t\t\t\t<\/div>\n\t\t\t\t\t\t\t\t\n<style>\n#image_854075153 {\n  width: 100%;\n}\n<\/style>\n\t<\/div>\n\t\n\n\n\t\t<\/div>\n\t\t\t\t\t<\/div>\n\n\t\n\n\t<div id=\"col-1660626489\" class=\"col medium-6 small-12 large-6\"  >\n\t\t\t\t<div class=\"col-inner\"  >\n\t\t\t\n\t\t\t\n\n<h2>Alimentazione<\/h2>\n<p>L\u2019alimentazione \u00e8 un componente fondamentale di questo prodotto, poich\u00e9 molti veicoli sono in grado di rilevare consumi irregolari dai fari. Se l\u2019alimentazione non \u00e8 conforme alle specifiche originali, potrebbero verificarsi i seguenti problemi:<\/p>\n<ul>\n<li>Sfarfallio: I fari potrebbero non funzionare correttamente e lampeggiare continuamente quando accesi.<\/li>\n<li>Interferenza radio: Un\u2019alimentazione anomala pu\u00f2 influire sui segnali radio, causando scarsa qualit\u00e0 audio o disturbi durante la trasmissione.<\/li>\n<li>Spegnimento dei fari all\u2019avvio: I fari potrebbero spegnersi temporaneamente quando il veicolo parte e riaccendersi solo quando il motore \u00e8 in funzione.<\/li>\n<li>Spia di avvertimento sul cruscotto: Il cruscotto del veicolo pu\u00f2 visualizzare una spia di avvertimento, indicando un problema legato all\u2019alimentazione del sistema dei fari.<\/li>\n<\/ul>\n<p>Per affrontare questi problemi, utilizziamo alimentatori che hanno subito test approfonditi e sono dotati di avanzate capacit\u00e0 di decodifica dell\u2019alimentazione per garantire un\u2019uscita stabile e affidabile.<\/p>\n<p>Inoltre, il nostro sistema dispone di un circuito di controllo della temperatura intelligente. Questa tecnologia monitora la temperatura di esercizio in tempo reale e, se viene raggiunta una soglia preimpostata, riduce automaticamente la potenza per proteggere il sistema elettrico del veicolo e mantenere prestazioni ottimali.<\/p>\n\n\t\t<\/div>\n\t\t\t\t\t<\/div>\n\n\t\n\n<\/div>\n\n\t\t<\/div>\n\t\t\t\t\t<\/div>\n\n\t\n\n<\/div>\n\n\t\t<\/div>\n\n\t\t\n<style>\n#section_1308256593 {\n  padding-top: 30px;\n  padding-bottom: 30px;\n}\n<\/style>\n\t<\/section>\n\t\n\n\t<section class=\"section\" id=\"section_97601851\">\n\t\t<div class=\"section-bg fill\" >\n\t\t\t\t\t\t\t\t\t\n\t\t\t\n\n\t\t<\/div>\n\n\t\t\n\n\t\t<div class=\"section-content relative\">\n\t\t\t\n\n<div class=\"row\"  id=\"row-207098857\">\n\n\n\t<div id=\"col-694380026\" class=\"col small-12 large-12\"  >\n\t\t\t\t<div class=\"col-inner\"  >\n\t\t\t\n\t\t\t\n\n<div class=\"container section-title-container\" ><h2 class=\"section-title section-title-center\"><b><\/b><span class=\"section-title-main\" >Demo video<\/span><b><\/b><\/h2><\/div>\n\n<p style=\"text-align: center;\">Questa sezione mostrer\u00e0 vari modelli con introduzione alle caratteristiche, come li testiamo e li installiamo. Continueremo a condividere qui i video dimostrativi degli ultimi modelli.<\/p>\n\n\t\t<\/div>\n\t\t\t\t\t<\/div>\n\n\t\n\n<\/div>\n<div class=\"row\"  id=\"row-2141700595\">\n\n\n\t<div id=\"col-1898843386\" class=\"col medium-3 small-6 large-3\"  >\n\t\t\t\t<div class=\"col-inner\"  >\n\t\t\t\n\t\t\t\n\n<div class=\"video video-fit mb\" style=\"padding-top:56.25%;\"><iframe title=\"2025\u5e746\u67084\u65e5\" width=\"1020\" height=\"574\" src=\"https:\/\/www.youtube.com\/embed\/empsQUI5fI8?feature=oembed\" frameborder=\"0\" allow=\"accelerometer; autoplay; clipboard-write; encrypted-media; gyroscope; picture-in-picture; web-share\" referrerpolicy=\"strict-origin-when-cross-origin\" allowfullscreen><\/iframe><\/div>\n\n\n\t\t<\/div>\n\t\t\t\t\t<\/div>\n\n\t\n\n\t<div id=\"col-1226699612\" class=\"col medium-3 small-6 large-3\"  >\n\t\t\t\t<div class=\"col-inner\"  >\n\t\t\t\n\t\t\t\n\n<div class=\"video video-fit mb\" style=\"padding-top:56.25%;\"><p><iframe title=\"2025\u5e746\u67084\u65e5\" width=\"1020\" height=\"574\" src=\"https:\/\/www.youtube.com\/embed\/mxAF67m8eHc?feature=oembed\" frameborder=\"0\" allow=\"accelerometer; autoplay; clipboard-write; encrypted-media; gyroscope; picture-in-picture; web-share\" referrerpolicy=\"strict-origin-when-cross-origin\" allowfullscreen><\/iframe><\/p>\n<\/div>\n\n\n\t\t<\/div>\n\t\t\t\t\t<\/div>\n\n\t\n\n\t<div id=\"col-120016651\" class=\"col medium-3 small-6 large-3\"  >\n\t\t\t\t<div class=\"col-inner\"  >\n\t\t\t\n\t\t\t\n\n<div class=\"video video-fit mb\" style=\"padding-top:56.25%;\"><p><iframe title=\"2025\u5e746\u67084\u65e5\" width=\"1020\" height=\"574\" src=\"https:\/\/www.youtube.com\/embed\/Bgq--W1EJFw?feature=oembed\" frameborder=\"0\" allow=\"accelerometer; autoplay; clipboard-write; encrypted-media; gyroscope; picture-in-picture; web-share\" referrerpolicy=\"strict-origin-when-cross-origin\" allowfullscreen><\/iframe><\/p>\n<\/div>\n\n\n\t\t<\/div>\n\t\t\t\t\t<\/div>\n\n\t\n\n\t<div id=\"col-426930740\" class=\"col medium-3 small-6 large-3\"  >\n\t\t\t\t<div class=\"col-inner\"  >\n\t\t\t\n\t\t\t\n\n<div class=\"video video-fit mb\" style=\"padding-top:56.25%;\"><p><iframe title=\"2025\u5e746\u67084\u65e5\" width=\"1020\" height=\"574\" src=\"https:\/\/www.youtube.com\/embed\/zSNXAOzzhBE?feature=oembed\" frameborder=\"0\" allow=\"accelerometer; autoplay; clipboard-write; encrypted-media; gyroscope; picture-in-picture; web-share\" referrerpolicy=\"strict-origin-when-cross-origin\" allowfullscreen><\/iframe><\/p>\n<\/div>\n\n\n\t\t<\/div>\n\t\t\t\t\t<\/div>\n\n\t\n\n<\/div>\n<div class=\"row\"  id=\"row-1387907914\">\n\n\n\t<div id=\"col-466357788\" class=\"col medium-3 small-6 large-3\"  >\n\t\t\t\t<div class=\"col-inner\"  >\n\t\t\t\n\t\t\t\n\n<div class=\"video video-fit mb\" style=\"padding-top:56.25%;\"><p><iframe title=\"2025\u5e746\u67084\u65e5\" width=\"1020\" height=\"574\" src=\"https:\/\/www.youtube.com\/embed\/tM_20APBjl8?feature=oembed\" frameborder=\"0\" allow=\"accelerometer; autoplay; clipboard-write; encrypted-media; gyroscope; picture-in-picture; web-share\" referrerpolicy=\"strict-origin-when-cross-origin\" allowfullscreen><\/iframe><\/p>\n<\/div>\n\n\n\t\t<\/div>\n\t\t\t\t\t<\/div>\n\n\t\n\n\t<div id=\"col-1318268084\" class=\"col medium-3 small-6 large-3\"  >\n\t\t\t\t<div class=\"col-inner\"  >\n\t\t\t\n\t\t\t\n\n<div class=\"video video-fit mb\" style=\"padding-top:56.25%;\"><p><iframe title=\"2025\u5e746\u67084\u65e5\" width=\"1020\" height=\"574\" src=\"https:\/\/www.youtube.com\/embed\/i_OqjwSXMHE?feature=oembed\" frameborder=\"0\" allow=\"accelerometer; autoplay; clipboard-write; encrypted-media; gyroscope; picture-in-picture; web-share\" referrerpolicy=\"strict-origin-when-cross-origin\" allowfullscreen><\/iframe><\/p>\n<\/div>\n\n\n\t\t<\/div>\n\t\t\t\t\t<\/div>\n\n\t\n\n\t<div id=\"col-1507758616\" class=\"col medium-3 small-6 large-3\"  >\n\t\t\t\t<div class=\"col-inner\"  >\n\t\t\t\n\t\t\t\n\n\n\t\t<\/div>\n\t\t\t\t\t<\/div>\n\n\t\n\n\t<div id=\"col-122368432\" class=\"col medium-3 small-6 large-3\"  >\n\t\t\t\t<div class=\"col-inner\"  >\n\t\t\t\n\t\t\t\n\n\n\t\t<\/div>\n\t\t\t\t\t<\/div>\n\n\t\n\n<\/div>\n\n\t\t<\/div>\n\n\t\t\n<style>\n#section_97601851 {\n  padding-top: 30px;\n  padding-bottom: 30px;\n}\n<\/style>\n\t<\/section>","protected":false},"excerpt":{"rendered":"","protected":false},"author":2,"featured_media":0,"parent":0,"menu_order":0,"comment_status":"closed","ping_status":"closed","template":"","meta":{"footnotes":""},"class_list":["post-429","page","type-page","status-publish","hentry"],"_links":{"self":[{"href":"https:\/\/rttheadlight.com\/it\/wp-json\/wp\/v2\/pages\/429","targetHints":{"allow":["GET"]}}],"collection":[{"href":"https:\/\/rttheadlight.com\/it\/wp-json\/wp\/v2\/pages"}],"about":[{"href":"https:\/\/rttheadlight.com\/it\/wp-json\/wp\/v2\/types\/page"}],"author":[{"embeddable":true,"href":"https:\/\/rttheadlight.com\/it\/wp-json\/wp\/v2\/users\/2"}],"replies":[{"embeddable":true,"href":"https:\/\/rttheadlight.com\/it\/wp-json\/wp\/v2\/comments?post=429"}],"version-history":[{"count":38,"href":"https:\/\/rttheadlight.com\/it\/wp-json\/wp\/v2\/pages\/429\/revisions"}],"predecessor-version":[{"id":2174,"href":"https:\/\/rttheadlight.com\/it\/wp-json\/wp\/v2\/pages\/429\/revisions\/2174"}],"wp:attachment":[{"href":"https:\/\/rttheadlight.com\/it\/wp-json\/wp\/v2\/media?parent=429"}],"curies":[{"name":"wp","href":"https:\/\/api.w.org\/{rel}","templated":true}]}}