{"id":758,"date":"2025-06-05T02:48:14","date_gmt":"2025-06-05T02:48:14","guid":{"rendered":"https:\/\/rttheadlight.com\/?post_type=product&#038;p=758"},"modified":"2026-02-01T13:00:11","modified_gmt":"2026-02-01T13:00:11","slug":"k9-6-sided-fog-headlight-series","status":"publish","type":"product","link":"https:\/\/rttheadlight.com\/fr\/produit\/k9-6-sided-fog-headlight-series\/","title":{"rendered":"K9 6-Sided Fog Headlight Series"},"content":{"rendered":"<table>\n<tbody>\n<tr>\n<td width=\"160\">Tension<\/td>\n<td width=\"180\">12V&#8212;90V<\/td>\n<\/tr>\n<tr>\n<td width=\"160\">Consommation d\u2019\u00e9nergie<\/td>\n<td width=\"180\">10W<\/td>\n<\/tr>\n<tr>\n<td width=\"160\">Temp\u00e9rature de couleur<\/td>\n<td width=\"180\">3000K\/6000K<\/td>\n<\/tr>\n<tr>\n<td width=\"160\">Luminosit\u00e9<\/td>\n<td width=\"180\">1000Lm<\/td>\n<\/tr>\n<tr>\n<td width=\"160\">Diam\u00e8tre du c\u0153ur LED<\/td>\n<td width=\"180\">5mm<\/td>\n<\/tr>\n<tr>\n<td width=\"160\">Alimentation<\/td>\n<td width=\"180\">Built-in<\/td>\n<\/tr>\n<tr>\n<td width=\"160\">Mod\u00e8les compatibles<\/td>\n<td width=\"180\">H7\/H8\/H9\/H11\/9005\/9006\/PSX24W\/H16(EU)5202\/PSX26W\/P13W<\/td>\n<\/tr>\n<\/tbody>\n<\/table>","protected":false},"excerpt":{"rendered":"<p class=\"\" data-start=\"306\" data-end=\"775\">Ce mod\u00e8le est un phare antibrouillard avec une large plage d\u2019alimentation de 12V \u00e0 90V. Il conserve les m\u00eames standards de performance et de qualit\u00e9, tels que la conception LED \u00e0 6 faces, un noyau de 5 mm, un driver externe et des technologies thermiques brevet\u00e9es.<\/p>\n<hr class=\"\" data-start=\"777\" data-end=\"780\" \/>\n<h3 class=\"\" data-start=\"782\" data-end=\"802\"><strong data-start=\"786\" data-end=\"802\">Caract\u00e9ristiques cl\u00e9s :<\/strong><\/h3>\n<ol data-start=\"804\" data-end=\"2145\">\n<li class=\"\" data-start=\"804\" data-end=\"957\">\n<p class=\"\" data-start=\"807\" data-end=\"957\"><strong data-start=\"807\" data-end=\"841\">Conception de phare antibrouillard<\/strong><br data-start=\"841\" data-end=\"844\" \/>\u2013 Avec une conception de structure de phare antibrouillard 1:1.<\/p>\n<\/li>\n<li class=\"\" data-start=\"959\" data-end=\"1104\">\n<p class=\"\" data-start=\"962\" data-end=\"1104\"><strong data-start=\"962\" data-end=\"991\">Configuration LED \u00e0 6 faces<\/strong><br data-start=\"991\" data-end=\"994\" \/>\u2013 Assure un \u00e9clairage v\u00e9ritable \u00e0 360\u00b0 avec un faisceau uniforme et sans zones d\u2019ombre, am\u00e9liorant la visibilit\u00e9 de conduite.<\/p>\n<\/li>\n<li class=\"\" data-start=\"1258\" data-end=\"1397\">\n<p class=\"\" data-start=\"1261\" data-end=\"1397\"><strong data-start=\"1261\" data-end=\"1286\">Diam\u00e8tre du c\u0153ur LED de 5 mm<\/strong><br data-start=\"1286\" data-end=\"1289\" \/>\u2013 Permet une excellente focalisation du faisceau, reproduisant les sch\u00e9mas des halog\u00e8nes et HID traditionnels pour une compatibilit\u00e9 optimale.<\/p>\n<\/li>\n<li class=\"\" data-start=\"1399\" data-end=\"1532\">\n<p class=\"\" data-start=\"1402\" data-end=\"1532\"><strong data-start=\"1402\" data-end=\"1439\">Technologie d\u2019encapsulation brevet\u00e9e<\/strong><br data-start=\"1439\" data-end=\"1442\" \/>\u2013 Prot\u00e8ge les composants LED tout en am\u00e9liorant la r\u00e9sistance thermique et les performances \u00e0 long terme.<\/p>\n<\/li>\n<li class=\"\" data-start=\"1534\" data-end=\"1687\">\n<p class=\"\" data-start=\"1537\" data-end=\"1687\"><strong data-start=\"1537\" data-end=\"1578\">Conduction thermique en aluminium a\u00e9ronautique<\/strong><br data-start=\"1578\" data-end=\"1581\" \/>\u2013 Conception efficace de transfert thermique utilisant de l\u2019aluminium a\u00e9ronautique pour maintenir des temp\u00e9ratures de fonctionnement stables.<\/p>\n<\/li>\n<li class=\"\" data-start=\"1689\" data-end=\"1848\">\n<p class=\"\" data-start=\"1692\" data-end=\"1848\"><strong data-start=\"1692\" data-end=\"1734\">Conception avec s\u00e9paration thermique et \u00e9lectrique<\/strong><br data-start=\"1734\" data-end=\"1737\" \/>\u2013 Isole les syst\u00e8mes de gestion thermique et \u00e9lectrique, r\u00e9duisant les interf\u00e9rences \u00e9lectriques et am\u00e9liorant la fiabilit\u00e9.<\/p>\n<\/li>\n<li class=\"\" data-start=\"1850\" data-end=\"1981\">\n<p class=\"\" data-start=\"1853\" data-end=\"1981\"><strong data-start=\"1853\" data-end=\"1885\">Alimentation int\u00e9gr\u00e9e du driver<\/strong><br data-start=\"1885\" data-end=\"1888\" \/>\u2013 Assure une alimentation \u00e9lectrique constante et r\u00e9duit la charge thermique \u00e0 l\u2019int\u00e9rieur du bo\u00eetier du phare.<\/p>\n<\/li>\n<\/ol>","protected":false},"featured_media":761,"template":"","meta":[],"product_brand":[],"product_cat":[21],"product_tag":[24],"class_list":{"0":"post-758","1":"product","2":"type-product","3":"status-publish","4":"has-post-thumbnail","6":"product_cat-6-sided-led-headlight","7":"product_tag-led-headlight","9":"first","10":"instock","11":"shipping-taxable","12":"product-type-simple"},"_links":{"self":[{"href":"https:\/\/rttheadlight.com\/fr\/wp-json\/wp\/v2\/product\/758","targetHints":{"allow":["GET"]}}],"collection":[{"href":"https:\/\/rttheadlight.com\/fr\/wp-json\/wp\/v2\/product"}],"about":[{"href":"https:\/\/rttheadlight.com\/fr\/wp-json\/wp\/v2\/types\/product"}],"wp:featuredmedia":[{"embeddable":true,"href":"https:\/\/rttheadlight.com\/fr\/wp-json\/wp\/v2\/media\/761"}],"wp:attachment":[{"href":"https:\/\/rttheadlight.com\/fr\/wp-json\/wp\/v2\/media?parent=758"}],"wp:term":[{"taxonomy":"product_brand","embeddable":true,"href":"https:\/\/rttheadlight.com\/fr\/wp-json\/wp\/v2\/product_brand?post=758"},{"taxonomy":"product_cat","embeddable":true,"href":"https:\/\/rttheadlight.com\/fr\/wp-json\/wp\/v2\/product_cat?post=758"},{"taxonomy":"product_tag","embeddable":true,"href":"https:\/\/rttheadlight.com\/fr\/wp-json\/wp\/v2\/product_tag?post=758"}],"curies":[{"name":"wp","href":"https:\/\/api.w.org\/{rel}","templated":true}]}}