{"id":272,"date":"2025-05-20T16:11:02","date_gmt":"2025-05-20T16:11:02","guid":{"rendered":"https:\/\/rttheadlight.com\/?post_type=product&#038;p=272"},"modified":"2026-02-01T13:06:23","modified_gmt":"2026-02-01T13:06:23","slug":"r8-8-sided-classic-high-power-series-led-headlight","status":"publish","type":"product","link":"https:\/\/rttheadlight.com\/fr\/produit\/r8-8-sided-classic-high-power-series-led-headlight\/","title":{"rendered":"Phare LED S\u00e9rie Classique Haute Puissance R8 \u00e0 8 Faces"},"content":{"rendered":"<table>\n<tbody>\n<tr>\n<td width=\"160\">Tension<\/td>\n<td width=\"180\">12V<\/td>\n<\/tr>\n<tr>\n<td width=\"160\">Consommation d\u2019\u00e9nergie<\/td>\n<td width=\"180\">50W<\/td>\n<\/tr>\n<tr>\n<td width=\"160\">Temp\u00e9rature de couleur<\/td>\n<td width=\"180\">3000K\/4300K\/6000K\/8000K<\/td>\n<\/tr>\n<tr>\n<td width=\"160\">Luminosit\u00e9<\/td>\n<td width=\"180\">6000Lm<\/td>\n<\/tr>\n<tr>\n<td width=\"160\">Diam\u00e8tre du c\u0153ur LED<\/td>\n<td width=\"180\">6mm<\/td>\n<\/tr>\n<tr>\n<td width=\"160\">Alimentation<\/td>\n<td width=\"180\">Alimentation par interrupteur externe<\/td>\n<\/tr>\n<tr>\n<td width=\"160\">Mod\u00e8les compatibles<\/td>\n<td width=\"180\">H1\/H3\/H4\/H7\/H11\/9005\/9006\/9012<\/td>\n<\/tr>\n<\/tbody>\n<\/table>","protected":false},"excerpt":{"rendered":"<p class=\"\" data-start=\"191\" data-end=\"844\">Ce mod\u00e8le de phare LED haute performance dispose d\u2019une structure LED \u00e0 8 faces et d\u2019un c\u0153ur lumineux de 6\u202fmm, con\u00e7u pour fournir un \u00e9clairage puissant \u00e0 large angle avec une luminosit\u00e9 accrue. \u00c9quip\u00e9 d\u2019un driver externe, il garantit un courant stable et une gestion thermique optimis\u00e9e. Combin\u00e9 \u00e0 notre technologie d\u2019encapsulation brevet\u00e9e, \u00e0 un syst\u00e8me de dissipation thermique en cuivre rouge et \u00e0 une conception s\u00e9parant les \u00e9l\u00e9ments thermiques et \u00e9lectriques, ce mod\u00e8le offre une fiabilit\u00e9 exceptionnelle et une adaptabilit\u00e9 \u00e0 diverses conditions de conduite. Plusieurs options de temp\u00e9rature de couleur permettent aux conducteurs de changer les modes d\u2019\u00e9clairage selon la m\u00e9t\u00e9o et leurs pr\u00e9f\u00e9rences personnelles.<\/p>\n<hr class=\"\" data-start=\"846\" data-end=\"849\" \/>\n<h3 class=\"\" data-start=\"851\" data-end=\"871\"><strong data-start=\"855\" data-end=\"871\">Caract\u00e9ristiques cl\u00e9s :<\/strong><\/h3>\n<ol data-start=\"873\" data-end=\"1987\">\n<li class=\"\" data-start=\"873\" data-end=\"1020\">\n<p class=\"\" data-start=\"876\" data-end=\"1020\"><strong data-start=\"876\" data-end=\"908\">Alimentation avec driver externe<\/strong><br data-start=\"908\" data-end=\"911\" \/>\u2013 Assure une meilleure isolation thermique et une sortie \u00e9lectrique stable, en particulier pour les applications haute performance.<\/p>\n<\/li>\n<li class=\"\" data-start=\"1022\" data-end=\"1149\">\n<p class=\"\" data-start=\"1025\" data-end=\"1149\"><strong data-start=\"1025\" data-end=\"1054\">Configuration LED \u00e0 8 faces<\/strong><br data-start=\"1054\" data-end=\"1057\" \/>\u2013 Offre un \u00e9clairage r\u00e9el \u00e0 360\u00b0 avec un angle de faisceau plus large et une couverture routi\u00e8re renforc\u00e9e.<\/p>\n<\/li>\n<li class=\"\" data-start=\"1151\" data-end=\"1286\">\n<p class=\"\" data-start=\"1154\" data-end=\"1286\"><strong data-start=\"1154\" data-end=\"1179\">Diam\u00e8tre du noyau LED de 6 mm<\/strong><br data-start=\"1179\" data-end=\"1182\" \/>\u2013 Offre un \u00e9quilibre optimal entre la focalisation du faisceau et la luminosit\u00e9, am\u00e9liorant la visibilit\u00e9 \u00e0 longue distance et en p\u00e9riph\u00e9rie.<\/p>\n<\/li>\n<li class=\"\" data-start=\"1288\" data-end=\"1432\">\n<p class=\"\" data-start=\"1291\" data-end=\"1432\"><strong data-start=\"1291\" data-end=\"1324\">Temp\u00e9ratures de couleur s\u00e9lectionnables<\/strong><br data-start=\"1324\" data-end=\"1327\" \/>\u2013 Prend en charge 3000\u202fK, 4300\u202fK, 6000\u202fK et 8000\u202fK pour un \u00e9clairage personnalisable dans diverses conditions m\u00e9t\u00e9orologiques.<\/p>\n<\/li>\n<li class=\"\" data-start=\"1434\" data-end=\"1575\">\n<p class=\"\" data-start=\"1437\" data-end=\"1575\"><strong data-start=\"1437\" data-end=\"1478\">Syst\u00e8me de dissipation thermique en cuivre rouge<\/strong><br data-start=\"1478\" data-end=\"1481\" \/>\u2013 Utilise un tube et une tige en cuivre haute efficacit\u00e9 pour maintenir la temp\u00e9rature de fonctionnement en dessous de 100\u202f\u00b0C.<\/p>\n<\/li>\n<li class=\"\" data-start=\"1577\" data-end=\"1695\">\n<p class=\"\" data-start=\"1580\" data-end=\"1695\"><strong data-start=\"1580\" data-end=\"1617\">Technologie d\u2019encapsulation brevet\u00e9e<\/strong><br data-start=\"1617\" data-end=\"1620\" \/>\u2013 Am\u00e9liore la stabilit\u00e9 thermique, prot\u00e8ge les puces LED et augmente la durabilit\u00e9.<\/p>\n<\/li>\n<li class=\"\" data-start=\"1697\" data-end=\"1846\">\n<p class=\"\" data-start=\"1700\" data-end=\"1846\"><strong data-start=\"1700\" data-end=\"1742\">Conception avec s\u00e9paration thermique et \u00e9lectrique<\/strong><br data-start=\"1742\" data-end=\"1745\" \/>\u2013 Am\u00e9liore la s\u00e9curit\u00e9 et les performances globales en emp\u00eachant la chaleur d\u2019affecter les composants \u00e9lectriques.<\/p>\n<\/li>\n<\/ol>","protected":false},"featured_media":255,"template":"","meta":[],"product_brand":[],"product_cat":[22],"product_tag":[24],"class_list":{"0":"post-272","1":"product","2":"type-product","3":"status-publish","4":"has-post-thumbnail","6":"product_cat-8-sided-led-headlight","7":"product_tag-led-headlight","9":"first","10":"instock","11":"shipping-taxable","12":"product-type-simple"},"_links":{"self":[{"href":"https:\/\/rttheadlight.com\/fr\/wp-json\/wp\/v2\/product\/272","targetHints":{"allow":["GET"]}}],"collection":[{"href":"https:\/\/rttheadlight.com\/fr\/wp-json\/wp\/v2\/product"}],"about":[{"href":"https:\/\/rttheadlight.com\/fr\/wp-json\/wp\/v2\/types\/product"}],"wp:featuredmedia":[{"embeddable":true,"href":"https:\/\/rttheadlight.com\/fr\/wp-json\/wp\/v2\/media\/255"}],"wp:attachment":[{"href":"https:\/\/rttheadlight.com\/fr\/wp-json\/wp\/v2\/media?parent=272"}],"wp:term":[{"taxonomy":"product_brand","embeddable":true,"href":"https:\/\/rttheadlight.com\/fr\/wp-json\/wp\/v2\/product_brand?post=272"},{"taxonomy":"product_cat","embeddable":true,"href":"https:\/\/rttheadlight.com\/fr\/wp-json\/wp\/v2\/product_cat?post=272"},{"taxonomy":"product_tag","embeddable":true,"href":"https:\/\/rttheadlight.com\/fr\/wp-json\/wp\/v2\/product_tag?post=272"}],"curies":[{"name":"wp","href":"https:\/\/api.w.org\/{rel}","templated":true}]}}