{"id":249,"date":"2025-05-20T15:49:39","date_gmt":"2025-05-20T15:49:39","guid":{"rendered":"https:\/\/rttheadlight.com\/?post_type=product&#038;p=249"},"modified":"2026-02-02T11:55:13","modified_gmt":"2026-02-02T11:55:13","slug":"l6-6-sided-classic-series-led-headlight","status":"publish","type":"product","link":"https:\/\/rttheadlight.com\/fr\/produit\/l6-6-sided-classic-series-led-headlight\/","title":{"rendered":"Phare LED S\u00e9rie Classique L6 \u00e0 6 Faces"},"content":{"rendered":"<table>\n<tbody>\n<tr>\n<td width=\"160\">Tension<\/td>\n<td width=\"180\">12V<\/td>\n<\/tr>\n<tr>\n<td width=\"160\">Consommation d\u2019\u00e9nergie<\/td>\n<td width=\"180\">25W<\/td>\n<\/tr>\n<tr>\n<td width=\"160\">Temp\u00e9rature de couleur<\/td>\n<td width=\"180\">3000K\/4300K\/6000K\/8000K<\/td>\n<\/tr>\n<tr>\n<td width=\"160\">Luminosit\u00e9<\/td>\n<td width=\"180\">2700Lm<\/td>\n<\/tr>\n<tr>\n<td width=\"160\">Diam\u00e8tre du c\u0153ur LED<\/td>\n<td width=\"180\">5mm<\/td>\n<\/tr>\n<tr>\n<td width=\"160\">Alimentation<\/td>\n<td width=\"180\">Alimentation par interrupteur externe<\/td>\n<\/tr>\n<tr>\n<td width=\"160\">Mod\u00e8les compatibles<\/td>\n<td width=\"180\">H1\/H3\/H4\/H7\/H11\/9005\/9006\/9012<\/td>\n<\/tr>\n<\/tbody>\n<\/table>","protected":false},"excerpt":{"rendered":"<p class=\"\" data-start=\"230\" data-end=\"766\">Ce mod\u00e8le de phare LED combine la polyvalence des temp\u00e9ratures de couleur avec un design compact tout-en-un, ce qui le rend id\u00e9al pour les v\u00e9hicules disposant de peu d\u2019espace dans le bo\u00eetier du phare. Il conserve notre disposition LED \u00e0 6 faces embl\u00e9matique, un noyau lumineux de 5 mm et un design avanc\u00e9 de s\u00e9paration thermo-\u00e9lectrique, tout en utilisant une alimentation int\u00e9gr\u00e9e pour simplifier l\u2019installation. Avec des temp\u00e9ratures de couleur s\u00e9lectionnables de 3000K, 4300K, 6000K et 8000K, les conducteurs peuvent facilement adapter leur \u00e9clairage \u00e0 diff\u00e9rentes conditions m\u00e9t\u00e9orologiques et routi\u00e8res.<\/p>\n<hr class=\"\" data-start=\"768\" data-end=\"771\" \/>\n<h3 class=\"\" data-start=\"773\" data-end=\"793\"><strong data-start=\"777\" data-end=\"793\">Caract\u00e9ristiques cl\u00e9s :<\/strong><\/h3>\n<ol data-start=\"795\" data-end=\"2085\">\n<li class=\"\" data-start=\"795\" data-end=\"971\">\n<p class=\"\" data-start=\"798\" data-end=\"971\"><strong data-start=\"798\" data-end=\"842\">Format compact pour compatibilit\u00e9 universelle<\/strong><br data-start=\"842\" data-end=\"845\" \/>\u2013 Le design de corps fin garantit un meilleur ajustement dans les bo\u00eetiers de phares \u00e9troits, facilitant l\u2019installation sur davantage de mod\u00e8les de v\u00e9hicules.<\/p>\n<\/li>\n<li class=\"\" data-start=\"973\" data-end=\"1120\">\n<p class=\"\" data-start=\"976\" data-end=\"1120\"><strong data-start=\"976\" data-end=\"1008\">Alimentation int\u00e9gr\u00e9e du driver<\/strong><br data-start=\"1008\" data-end=\"1011\" \/>\u2013 Le design int\u00e9gr\u00e9 r\u00e9duit la complexit\u00e9 du c\u00e2blage et \u00e9conomise de l\u2019espace, tout en assurant une alimentation stable et fiable.<\/p>\n<\/li>\n<li class=\"\" data-start=\"1122\" data-end=\"1288\">\n<p class=\"\" data-start=\"1125\" data-end=\"1288\"><strong data-start=\"1125\" data-end=\"1170\">Temp\u00e9ratures de couleur s\u00e9lectionnables<\/strong><br data-start=\"1170\" data-end=\"1173\" \/>\u2013 Permutez entre 3000K, 4300K, 6000K et 8000K pour s\u2019adapter \u00e0 diff\u00e9rents environnements de conduite et conditions m\u00e9t\u00e9orologiques.<\/p>\n<\/li>\n<li class=\"\" data-start=\"1290\" data-end=\"1407\">\n<p class=\"\" data-start=\"1293\" data-end=\"1407\"><strong data-start=\"1293\" data-end=\"1322\">Configuration LED \u00e0 6 faces<\/strong><br data-start=\"1322\" data-end=\"1325\" \/>\u2013 Fournit une couverture de faisceau \u00e0 360\u00b0 r\u00e9elle avec un \u00e9clairage uniforme et sans zones<\/p>\n<\/li>\n<li class=\"\" data-start=\"1409\" data-end=\"1509\">\n<p class=\"\" data-start=\"1412\" data-end=\"1509\"><strong data-start=\"1412\" data-end=\"1437\">Diam\u00e8tre du c\u0153ur LED de 5 mm<\/strong><br data-start=\"1437\" data-end=\"1440\" \/>\u2013 Offre une mise au point du faisceau pr\u00e9cise avec des performances optiques semblables \u00e0 celles des halog\u00e8nes.<\/p>\n<\/li>\n<li class=\"\" data-start=\"1511\" data-end=\"1626\">\n<p class=\"\" data-start=\"1514\" data-end=\"1626\"><strong data-start=\"1514\" data-end=\"1551\">Technologie d\u2019encapsulation brevet\u00e9e<\/strong><br data-start=\"1551\" data-end=\"1554\" \/>\u2013 Renforce la protection des LED et garantit une performance thermique constante.<\/p>\n<\/li>\n<li class=\"\" data-start=\"1628\" data-end=\"1771\">\n<p class=\"\" data-start=\"1631\" data-end=\"1771\"><strong data-start=\"1631\" data-end=\"1669\">Syst\u00e8me de dissipation thermique en cuivre rouge<\/strong><br data-start=\"1669\" data-end=\"1672\" \/>\u2013 Utilise un tuyau et une tige en cuivre haute efficacit\u00e9 pour maintenir des temp\u00e9ratures de fonctionnement basses et prolonger la dur\u00e9e de vie.<\/p>\n<\/li>\n<li class=\"\" data-start=\"1773\" data-end=\"1914\">\n<p class=\"\" data-start=\"1776\" data-end=\"1914\"><strong data-start=\"1776\" data-end=\"1818\">Conception avec s\u00e9paration thermique et \u00e9lectrique<\/strong><br data-start=\"1818\" data-end=\"1821\" \/>\u2013 Augmente la s\u00e9curit\u00e9 et les performances en isolant la chaleur des composants \u00e9lectriques sensibles.<\/p>\n<\/li>\n<\/ol>","protected":false},"featured_media":261,"template":"","meta":[],"product_brand":[],"product_cat":[21],"product_tag":[24],"class_list":{"0":"post-249","1":"product","2":"type-product","3":"status-publish","4":"has-post-thumbnail","6":"product_cat-6-sided-led-headlight","7":"product_tag-led-headlight","9":"first","10":"instock","11":"shipping-taxable","12":"product-type-simple"},"_links":{"self":[{"href":"https:\/\/rttheadlight.com\/fr\/wp-json\/wp\/v2\/product\/249","targetHints":{"allow":["GET"]}}],"collection":[{"href":"https:\/\/rttheadlight.com\/fr\/wp-json\/wp\/v2\/product"}],"about":[{"href":"https:\/\/rttheadlight.com\/fr\/wp-json\/wp\/v2\/types\/product"}],"wp:featuredmedia":[{"embeddable":true,"href":"https:\/\/rttheadlight.com\/fr\/wp-json\/wp\/v2\/media\/261"}],"wp:attachment":[{"href":"https:\/\/rttheadlight.com\/fr\/wp-json\/wp\/v2\/media?parent=249"}],"wp:term":[{"taxonomy":"product_brand","embeddable":true,"href":"https:\/\/rttheadlight.com\/fr\/wp-json\/wp\/v2\/product_brand?post=249"},{"taxonomy":"product_cat","embeddable":true,"href":"https:\/\/rttheadlight.com\/fr\/wp-json\/wp\/v2\/product_cat?post=249"},{"taxonomy":"product_tag","embeddable":true,"href":"https:\/\/rttheadlight.com\/fr\/wp-json\/wp\/v2\/product_tag?post=249"}],"curies":[{"name":"wp","href":"https:\/\/api.w.org\/{rel}","templated":true}]}}