{"id":230,"date":"2025-05-20T15:36:26","date_gmt":"2025-05-20T15:36:26","guid":{"rendered":"https:\/\/rttheadlight.com\/?post_type=product&#038;p=230"},"modified":"2026-02-02T11:58:56","modified_gmt":"2026-02-02T11:58:56","slug":"l8e-6-sided-red-copper-series-led-headlight","status":"publish","type":"product","link":"https:\/\/rttheadlight.com\/fr\/produit\/l8e-6-sided-red-copper-series-led-headlight\/","title":{"rendered":"Phare LED S\u00e9rie Classique L8E \u00e0 6 Faces"},"content":{"rendered":"<table>\n<tbody>\n<tr>\n<td width=\"160\">Tension<\/td>\n<td width=\"180\">12V<\/td>\n<\/tr>\n<tr>\n<td width=\"160\">Consommation d\u2019\u00e9nergie<\/td>\n<td width=\"180\">40W<\/td>\n<\/tr>\n<tr>\n<td width=\"160\">Temp\u00e9rature de couleur<\/td>\n<td width=\"180\">3000K\/4300K\/6000K\/8000K<\/td>\n<\/tr>\n<tr>\n<td width=\"160\">Luminosit\u00e9<\/td>\n<td width=\"180\">3800Lm<\/td>\n<\/tr>\n<tr>\n<td width=\"160\">Diam\u00e8tre du c\u0153ur LED<\/td>\n<td width=\"180\">5mm<\/td>\n<\/tr>\n<tr>\n<td width=\"160\">Alimentation<\/td>\n<td width=\"180\">Alimentation par interrupteur externe<\/td>\n<\/tr>\n<tr>\n<td width=\"160\">Mod\u00e8les compatibles<\/td>\n<td width=\"180\">H1\/H3\/H4\/H7\/H8\/H9\/H11\/9005\/9006\/9012<\/td>\n<\/tr>\n<\/tbody>\n<\/table>","protected":false},"excerpt":{"rendered":"<p class=\"\" data-start=\"209\" data-end=\"535\">Ce mod\u00e8le peut \u00eatre \u00e9quip\u00e9 de LED 3000K, 4300K, 6000K ou 8000K pour diff\u00e9rentes applications. Il est fourni avec une alimentation externe \u00e0 interrupteur, offrant des performances stables et sans scintillement tout en conservant un design compact, id\u00e9al pour les bo\u00eetiers de projecteurs HID.<\/p>\n<h4 class=\"\" data-start=\"537\" data-end=\"555\">Caract\u00e9ristiques cl\u00e9s :<\/h4>\n<ol data-start=\"556\" data-end=\"1389\">\n<li class=\"\" data-start=\"556\" data-end=\"696\">\n<p class=\"\" data-start=\"559\" data-end=\"696\"><strong data-start=\"559\" data-end=\"593\">4 options de temp\u00e9rature de couleur LED<\/strong> \u2013 Peut \u00eatre \u00e9quip\u00e9 de LED 3000K, 4300K, 6000K ou 8000K pour diff\u00e9rentes applications.<\/p>\n<\/li>\n<li class=\"\" data-start=\"697\" data-end=\"866\">\n<p class=\"\" data-start=\"700\" data-end=\"866\"><strong data-start=\"700\" data-end=\"732\">Alimentation externe du driver avec interrupteur<\/strong> \u2013 Assure un fonctionnement stable et sans interf\u00e9rences \u00e9lectromagn\u00e9tiques (EMI), garantissant la compatibilit\u00e9 avec l\u2019\u00e9lectronique automobile sensible et supprimant le besoin de pilotes externes.<\/p>\n<\/li>\n<li class=\"\" data-start=\"867\" data-end=\"1018\">\n<p class=\"\" data-start=\"870\" data-end=\"1018\"><strong data-start=\"870\" data-end=\"900\">Installation directe plug-and-play<\/strong> \u2013 Con\u00e7u pour une installation rapide et sans tracas, reproduisant les dimensions et l\u2019emplacement du connecteur de l\u2019ampoule HID d\u2019origine.<\/p>\n<\/li>\n<li class=\"\" data-start=\"1019\" data-end=\"1185\">\n<p class=\"\" data-start=\"1022\" data-end=\"1185\"><strong data-start=\"1022\" data-end=\"1052\">Dissipation thermique efficace<\/strong> \u2013 Utilise du mat\u00e9riau en aluminium a\u00e9ronautique comme colonne de conduction thermique et un ventilateur hydraulique \u00e0 8500 tr\/min pour maintenir les temp\u00e9ratures de fonctionnement en dessous de 100\u00b0C, garantissant une durabilit\u00e9 longue dur\u00e9e.<\/p>\n<\/li>\n<\/ol>","protected":false},"featured_media":750,"template":"","meta":[],"product_brand":[],"product_cat":[21],"product_tag":[24],"class_list":{"0":"post-230","1":"product","2":"type-product","3":"status-publish","4":"has-post-thumbnail","6":"product_cat-6-sided-led-headlight","7":"product_tag-led-headlight","9":"first","10":"instock","11":"shipping-taxable","12":"product-type-simple"},"_links":{"self":[{"href":"https:\/\/rttheadlight.com\/fr\/wp-json\/wp\/v2\/product\/230","targetHints":{"allow":["GET"]}}],"collection":[{"href":"https:\/\/rttheadlight.com\/fr\/wp-json\/wp\/v2\/product"}],"about":[{"href":"https:\/\/rttheadlight.com\/fr\/wp-json\/wp\/v2\/types\/product"}],"wp:featuredmedia":[{"embeddable":true,"href":"https:\/\/rttheadlight.com\/fr\/wp-json\/wp\/v2\/media\/750"}],"wp:attachment":[{"href":"https:\/\/rttheadlight.com\/fr\/wp-json\/wp\/v2\/media?parent=230"}],"wp:term":[{"taxonomy":"product_brand","embeddable":true,"href":"https:\/\/rttheadlight.com\/fr\/wp-json\/wp\/v2\/product_brand?post=230"},{"taxonomy":"product_cat","embeddable":true,"href":"https:\/\/rttheadlight.com\/fr\/wp-json\/wp\/v2\/product_cat?post=230"},{"taxonomy":"product_tag","embeddable":true,"href":"https:\/\/rttheadlight.com\/fr\/wp-json\/wp\/v2\/product_tag?post=230"}],"curies":[{"name":"wp","href":"https:\/\/api.w.org\/{rel}","templated":true}]}}