{"id":2234,"date":"2026-02-07T11:30:44","date_gmt":"2026-02-07T11:30:44","guid":{"rendered":"https:\/\/rttheadlight.com\/?post_type=product&#038;p=2234"},"modified":"2026-02-07T11:31:04","modified_gmt":"2026-02-07T11:31:04","slug":"f5-bullet-cap-4-sided-high-power-led-headlight","status":"publish","type":"product","link":"https:\/\/rttheadlight.com\/fr\/produit\/f5-bullet-cap-4-sided-high-power-led-headlight\/","title":{"rendered":"Phare LED Haute Puissance F5 Bullet Cap \u00e0 4 Faces"},"content":{"rendered":"<table>\n<tbody>\n<tr>\n<td width=\"160\">Tension<\/td>\n<td width=\"180\">12V<\/td>\n<\/tr>\n<tr>\n<td width=\"160\">Consommation d\u2019\u00e9nergie<\/td>\n<td width=\"180\">55W<\/td>\n<\/tr>\n<tr>\n<td width=\"160\">Temp\u00e9rature de couleur<\/td>\n<td width=\"180\">4300K\/6000K<\/td>\n<\/tr>\n<tr>\n<td width=\"160\">Luminosit\u00e9<\/td>\n<td width=\"180\">6000Lm<\/td>\n<\/tr>\n<tr>\n<td width=\"160\">Diam\u00e8tre du c\u0153ur LED<\/td>\n<td width=\"180\">2.5mm<\/td>\n<\/tr>\n<tr>\n<td width=\"160\">Alimentation<\/td>\n<td width=\"180\">Alimentation par interrupteur externe<\/td>\n<\/tr>\n<tr>\n<td width=\"160\">Mod\u00e8les compatibles<\/td>\n<td width=\"180\">H1\/H3\/H4\/H7\/H11\/9005\/9006\/9012\/D2H<\/td>\n<\/tr>\n<\/tbody>\n<\/table>","protected":false},"excerpt":{"rendered":"<p class=\"\" data-start=\"169\" data-end=\"674\">Ce phare LED haute performance est con\u00e7u pour offrir une focalisation, une luminosit\u00e9 et une fiabilit\u00e9 exceptionnelles. Avec un diam\u00e8tre du c\u0153ur lumineux de seulement 2,5 mm \u2014 l\u2019un des plus fins de l\u2019industrie \u2014 il reproduit fid\u00e8lement le motif du faisceau des ampoules halog\u00e8nes, garantissant une focalisation pr\u00e9cise de la lumi\u00e8re, un \u00e9clairage \u00e0 360\u00b0 sans zones sombres et sans besoin de r\u00e9gler l\u2019angle du faisceau apr\u00e8s l\u2019installation. Construit sur une base de gestion thermique avanc\u00e9e et de composants haut de gamme, ce mod\u00e8le offre une qualit\u00e9 et des performances durables.<\/p>\n<p class=\"\" data-start=\"676\" data-end=\"693\"><strong data-start=\"676\" data-end=\"693\">Caract\u00e9ristiques cl\u00e9s :<\/strong><\/p>\n<ol data-start=\"695\" data-end=\"1816\">\n<li class=\"\" data-start=\"695\" data-end=\"913\">\n<p class=\"\" data-start=\"698\" data-end=\"913\"><strong data-start=\"698\" data-end=\"729\">\u00c9clairage Surround \u00e0 360\u00b0 r\u00e9el<\/strong><br data-start=\"729\" data-end=\"732\" \/>Comprend 12 puces LED SANAN 55x55mil \u00e0 haute efficacit\u00e9 positionn\u00e9es sur quatre c\u00f4t\u00e9s, offrant un \u00e9clairage uniforme et sans ombres qui imite la sortie des ampoules halog\u00e8nes traditionnelles.<\/p>\n<\/li>\n<li class=\"\" data-start=\"915\" data-end=\"1141\">\n<p class=\"\" data-start=\"918\" data-end=\"1141\"><strong data-start=\"918\" data-end=\"961\">C\u0153ur lumineux ultra-fin pour une focalisation pr\u00e9cise<\/strong><br data-start=\"961\" data-end=\"964\" \/>Le c\u0153ur lumineux de 2,5 mm offre une excellente pr\u00e9cision du faisceau, permettant une focalisation nette et une visibilit\u00e9 optimale de la route \u2014 correspondant \u00e0 l\u2019emplacement du filament halog\u00e8ne pour des performances de premier ordre.<\/p>\n<\/li>\n<li class=\"\" data-start=\"1143\" data-end=\"1377\">\n<p class=\"\" data-start=\"1146\" data-end=\"1377\"><strong data-start=\"1146\" data-end=\"1173\">Syst\u00e8me de refroidissement avanc\u00e9<\/strong><br data-start=\"1173\" data-end=\"1176\" \/>Utilise un caloduc et une tige en cuivre rouge pour une conduction thermique sup\u00e9rieure, associ\u00e9s \u00e0 un ventilateur hydraulique de 8500 tr\/min pour maintenir la temp\u00e9rature de fonctionnement en dessous de 100\u00b0C, garantissant stabilit\u00e9 et durabilit\u00e9 \u00e0 long terme.<\/p>\n<\/li>\n<li class=\"\" data-start=\"1379\" data-end=\"1626\">\n<p class=\"\" data-start=\"1382\" data-end=\"1626\"><strong data-start=\"1382\" data-end=\"1426\">Conception avec s\u00e9paration thermique et \u00e9lectrique<\/strong><br data-start=\"1426\" data-end=\"1429\" \/>Con\u00e7u avec une s\u00e9paration d\u00e9di\u00e9e entre les syst\u00e8mes thermiques et \u00e9lectriques, ainsi qu\u2019une alimentation externe pour le driver, afin d\u2019am\u00e9liorer la s\u00e9curit\u00e9, de r\u00e9duire les interf\u00e9rences et de prolonger la dur\u00e9e de vie des composants.<\/p>\n<\/li>\n<li class=\"\" data-start=\"1628\" data-end=\"1816\">\n<p class=\"\" data-start=\"1631\" data-end=\"1816\"><strong data-start=\"1631\" data-end=\"1653\">Large compatibilit\u00e9 de mod\u00e8les<\/strong><br data-start=\"1653\" data-end=\"1656\" \/>Con\u00e7u pour s\u2019adapter \u00e0 une vari\u00e9t\u00e9 de mod\u00e8les d\u2019ampoules halog\u00e8nes, y compris H1, H3, H7, H11, 9005, 9006, 9012 et D2H, ce qui en fait une mise \u00e0 niveau polyvalente pour un large \u00e9ventail de v\u00e9hicules.<\/p>\n<\/li>\n<\/ol>","protected":false},"featured_media":136,"template":"","meta":[],"product_brand":[],"product_cat":[23],"product_tag":[24],"class_list":{"0":"post-2234","1":"product","2":"type-product","3":"status-publish","4":"has-post-thumbnail","6":"product_cat-4-sided-led-headlight","7":"product_tag-led-headlight","9":"first","10":"instock","11":"shipping-taxable","12":"product-type-simple"},"_links":{"self":[{"href":"https:\/\/rttheadlight.com\/fr\/wp-json\/wp\/v2\/product\/2234","targetHints":{"allow":["GET"]}}],"collection":[{"href":"https:\/\/rttheadlight.com\/fr\/wp-json\/wp\/v2\/product"}],"about":[{"href":"https:\/\/rttheadlight.com\/fr\/wp-json\/wp\/v2\/types\/product"}],"wp:featuredmedia":[{"embeddable":true,"href":"https:\/\/rttheadlight.com\/fr\/wp-json\/wp\/v2\/media\/136"}],"wp:attachment":[{"href":"https:\/\/rttheadlight.com\/fr\/wp-json\/wp\/v2\/media?parent=2234"}],"wp:term":[{"taxonomy":"product_brand","embeddable":true,"href":"https:\/\/rttheadlight.com\/fr\/wp-json\/wp\/v2\/product_brand?post=2234"},{"taxonomy":"product_cat","embeddable":true,"href":"https:\/\/rttheadlight.com\/fr\/wp-json\/wp\/v2\/product_cat?post=2234"},{"taxonomy":"product_tag","embeddable":true,"href":"https:\/\/rttheadlight.com\/fr\/wp-json\/wp\/v2\/product_tag?post=2234"}],"curies":[{"name":"wp","href":"https:\/\/api.w.org\/{rel}","templated":true}]}}