{"id":2231,"date":"2026-02-07T11:25:15","date_gmt":"2026-02-07T11:25:15","guid":{"rendered":"https:\/\/rttheadlight.com\/?post_type=product&#038;p=2231"},"modified":"2026-02-07T11:26:01","modified_gmt":"2026-02-07T11:26:01","slug":"f7pro-4-sided-65w-led-headlight","status":"publish","type":"product","link":"https:\/\/rttheadlight.com\/fr\/produit\/f7pro-4-sided-65w-led-headlight\/","title":{"rendered":"Phare LED F7Pro \u00e0 4 Faces 65W"},"content":{"rendered":"<table>\n<tbody>\n<tr>\n<td width=\"160\">Tension<\/td>\n<td width=\"180\">12V\/24V<\/td>\n<\/tr>\n<tr>\n<td width=\"160\">Consommation d\u2019\u00e9nergie<\/td>\n<td width=\"180\">65W<\/td>\n<\/tr>\n<tr>\n<td width=\"160\">Temp\u00e9rature de couleur<\/td>\n<td width=\"180\">6500K<\/td>\n<\/tr>\n<tr>\n<td width=\"160\">Luminosit\u00e9<\/td>\n<td width=\"180\">7000Lm<\/td>\n<\/tr>\n<tr>\n<td width=\"160\">Diam\u00e8tre du c\u0153ur LED<\/td>\n<td width=\"180\">2.5mm<\/td>\n<\/tr>\n<tr>\n<td width=\"160\">Alimentation<\/td>\n<td width=\"180\">Alimentation par interrupteur externe<\/td>\n<\/tr>\n<tr>\n<td width=\"160\">Mod\u00e8les compatibles<\/td>\n<td width=\"180\">H1\/H3\/H4\/H7\/H11\/9005\/9006\/9012\/D2H<\/td>\n<\/tr>\n<\/tbody>\n<\/table>","protected":false},"excerpt":{"rendered":"<p class=\"\" data-start=\"182\" data-end=\"792\">Il s\u2019agit d\u2019une version haute puissance de 65\u202fW avec prise en charge de double tension (12\u202fV\/24\u202fV). Ce phare LED offre jusqu\u2019\u00e0 7000 lumens d\u2019\u00e9clairage ultra-brillant, ce qui le rend id\u00e9al pour les voitures et les camions. Con\u00e7u pour des performances et une fiabilit\u00e9 exceptionnelles, il dispose d\u2019un c\u0153ur lumineux ultra-fin de 2,5\u202fmm \u2014 parmi les plus fins de l\u2019industrie \u2014 offrant une focalisation pr\u00e9cise, un \u00e9clairage \u00e0 360\u202f\u00b0 sans zones sombres et \u00e9liminant le besoin de r\u00e9gler l\u2019angle du faisceau apr\u00e8s l\u2019installation. Ce mod\u00e8le est con\u00e7u avec une gestion thermique avanc\u00e9e et des composants de haute qualit\u00e9 pour une stabilit\u00e9 et une s\u00e9curit\u00e9 durables.<\/p>\n<p class=\"\" data-start=\"794\" data-end=\"811\"><strong data-start=\"794\" data-end=\"811\">Caract\u00e9ristiques cl\u00e9s :<\/strong><\/p>\n<ol data-start=\"813\" data-end=\"2010\">\n<li class=\"\" data-start=\"813\" data-end=\"1010\">\n<p class=\"\" data-start=\"816\" data-end=\"1010\"><strong data-start=\"816\" data-end=\"860\">Puissance \u00e9lev\u00e9e et prise en charge de double tension<\/strong><br data-start=\"860\" data-end=\"863\" \/>Version 65\u202fW \u00e0 haut flux lumineux avec entr\u00e9e double tension 12\u202fV\/24\u202fV, offrant jusqu\u2019\u00e0 7000 lumens \u2014 adapt\u00e9e aux v\u00e9hicules particuliers et aux camions commerciaux.<\/p>\n<\/li>\n<li class=\"\" data-start=\"1012\" data-end=\"1214\">\n<p class=\"\" data-start=\"1015\" data-end=\"1214\"><strong data-start=\"1015\" data-end=\"1046\">\u00c9clairage Surround \u00e0 360\u00b0 r\u00e9el<\/strong><br data-start=\"1046\" data-end=\"1049\" \/>Int\u00e9gr\u00e9 avec 12 puces LED SANAN 55x55mil \u00e0 haute puissance r\u00e9parties sur quatre c\u00f4t\u00e9s, offrant un \u00e9clairage constant et sans ombres qui imite fid\u00e8lement les motifs de faisceau halog\u00e8ne.<\/p>\n<\/li>\n<li class=\"\" data-start=\"1216\" data-end=\"1413\">\n<p class=\"\" data-start=\"1219\" data-end=\"1413\"><strong data-start=\"1219\" data-end=\"1262\">C\u0153ur lumineux ultra-fin pour une focalisation pr\u00e9cise<\/strong><br data-start=\"1262\" data-end=\"1265\" \/>Le c\u0153ur lumineux de 2,5\u202fmm garantit une pr\u00e9cision et un alignement du faisceau, correspondant \u00e0 l\u2019emplacement du filament halog\u00e8ne pour maximiser la visibilit\u00e9 sur la route et r\u00e9duire l\u2019\u00e9blouissement.<\/p>\n<\/li>\n<li class=\"\" data-start=\"1415\" data-end=\"1612\">\n<p class=\"\" data-start=\"1418\" data-end=\"1612\"><strong data-start=\"1418\" data-end=\"1445\">Syst\u00e8me de refroidissement avanc\u00e9<\/strong><br data-start=\"1445\" data-end=\"1448\" \/>Utilise un caloduc et une tige en cuivre rouge pour une conduction thermique sup\u00e9rieure, associ\u00e9s \u00e0 un ventilateur hydraulique de 8500 tr\/min pour maintenir la temp\u00e9rature de fonctionnement en dessous de 100\u00b0C, garantissant stabilit\u00e9 et durabilit\u00e9 \u00e0 long terme.<\/p>\n<\/li>\n<li class=\"\" data-start=\"1614\" data-end=\"1827\">\n<p class=\"\" data-start=\"1617\" data-end=\"1827\"><strong data-start=\"1617\" data-end=\"1661\">Conception avec s\u00e9paration thermique et \u00e9lectrique<\/strong><br data-start=\"1661\" data-end=\"1664\" \/>Dispose d\u2019un design structurellement ind\u00e9pendant s\u00e9parant les composants thermiques et \u00e9lectriques, associ\u00e9 \u00e0 un pilote externe pour une s\u00e9curit\u00e9 renforc\u00e9e et une dur\u00e9e de vie prolong\u00e9e.<\/p>\n<\/li>\n<li class=\"\" data-start=\"1829\" data-end=\"2010\">\n<p class=\"\" data-start=\"1832\" data-end=\"2010\"><strong data-start=\"1832\" data-end=\"1854\">Large compatibilit\u00e9 de mod\u00e8les<\/strong><br data-start=\"1854\" data-end=\"1857\" \/>Convient aux tailles d\u2019ampoules halog\u00e8nes courantes, y compris H1, H3, H7, H11, 9005, 9006 et 9012, offrant une flexibilit\u00e9 pour divers mod\u00e8les de v\u00e9hicules.<\/p>\n<\/li>\n<\/ol>","protected":false},"featured_media":160,"template":"","meta":[],"product_brand":[],"product_cat":[23],"product_tag":[24],"class_list":{"0":"post-2231","1":"product","2":"type-product","3":"status-publish","4":"has-post-thumbnail","6":"product_cat-4-sided-led-headlight","7":"product_tag-led-headlight","9":"first","10":"instock","11":"shipping-taxable","12":"product-type-simple"},"_links":{"self":[{"href":"https:\/\/rttheadlight.com\/fr\/wp-json\/wp\/v2\/product\/2231","targetHints":{"allow":["GET"]}}],"collection":[{"href":"https:\/\/rttheadlight.com\/fr\/wp-json\/wp\/v2\/product"}],"about":[{"href":"https:\/\/rttheadlight.com\/fr\/wp-json\/wp\/v2\/types\/product"}],"wp:featuredmedia":[{"embeddable":true,"href":"https:\/\/rttheadlight.com\/fr\/wp-json\/wp\/v2\/media\/160"}],"wp:attachment":[{"href":"https:\/\/rttheadlight.com\/fr\/wp-json\/wp\/v2\/media?parent=2231"}],"wp:term":[{"taxonomy":"product_brand","embeddable":true,"href":"https:\/\/rttheadlight.com\/fr\/wp-json\/wp\/v2\/product_brand?post=2231"},{"taxonomy":"product_cat","embeddable":true,"href":"https:\/\/rttheadlight.com\/fr\/wp-json\/wp\/v2\/product_cat?post=2231"},{"taxonomy":"product_tag","embeddable":true,"href":"https:\/\/rttheadlight.com\/fr\/wp-json\/wp\/v2\/product_tag?post=2231"}],"curies":[{"name":"wp","href":"https:\/\/api.w.org\/{rel}","templated":true}]}}