{"id":2179,"date":"2026-01-31T03:14:56","date_gmt":"2026-01-31T03:14:56","guid":{"rendered":"https:\/\/rttheadlight.com\/?post_type=product&#038;p=2179"},"modified":"2026-01-31T10:28:09","modified_gmt":"2026-01-31T10:28:09","slug":"f3pro-4-sided-tri-color-compact-led-headlight","status":"publish","type":"product","link":"https:\/\/rttheadlight.com\/fr\/produit\/f3pro-4-sided-tri-color-compact-led-headlight\/","title":{"rendered":"Phare LED Compact Tricolore F3Pro \u00e0 4 Faces"},"content":{"rendered":"<table>\n<tbody>\n<tr>\n<td width=\"160\">Tension<\/td>\n<td width=\"180\">12V<\/td>\n<\/tr>\n<tr>\n<td width=\"160\">Consommation d\u2019\u00e9nergie<\/td>\n<td width=\"180\">55W<\/td>\n<\/tr>\n<tr>\n<td width=\"160\">Temp\u00e9rature de couleur<\/td>\n<td width=\"180\">3000K, 4300K, 6500 Adjustable<\/td>\n<\/tr>\n<tr>\n<td width=\"160\">Luminosit\u00e9<\/td>\n<td width=\"180\">5000Lm<\/td>\n<\/tr>\n<tr>\n<td width=\"160\">Diam\u00e8tre du c\u0153ur LED<\/td>\n<td width=\"180\">2.5mm<\/td>\n<\/tr>\n<tr>\n<td width=\"160\">Alimentation<\/td>\n<td width=\"180\">Alimentation par interrupteur externe<\/td>\n<\/tr>\n<tr>\n<td width=\"160\">Mod\u00e8les compatibles<\/td>\n<td width=\"180\">H1\/H3\/H4\/H7\/H11\/9005\/9006\/9012\/D2H<\/td>\n<\/tr>\n<\/tbody>\n<\/table>","protected":false},"excerpt":{"rendered":"<p class=\"\" data-start=\"175\" data-end=\"603\">Con\u00e7u pour la polyvalence et la performance, son design compact et peu encombrant garantit un ajustement plus universel, le rendant compatible avec un plus large \u00e9ventail de bo\u00eetiers de phares de v\u00e9hicules.<\/p>\n<p class=\"\" data-start=\"605\" data-end=\"921\">Avec un noyau ultra-fin 4 faces de 2,5 mm \u2014 parmi les plus fins du secteur \u2014 ce mod\u00e8le offre une mise au point pr\u00e9cise, un \u00e9clairage \u00e0 360\u00b0 sans zones d\u2019ombre et sans besoin de r\u00e9gler l\u2019angle du faisceau apr\u00e8s l\u2019installation. Construit avec des mat\u00e9riaux de haute qualit\u00e9 et une gestion thermique avanc\u00e9e, il garantit des performances durables et stables.<\/p>\n<p class=\"\" data-start=\"923\" data-end=\"940\"><strong data-start=\"923\" data-end=\"940\">Caract\u00e9ristiques cl\u00e9s :<\/strong><\/p>\n<ol data-start=\"942\" data-end=\"2138\">\n<li class=\"\" data-start=\"1126\" data-end=\"1269\">\n<p class=\"\" data-start=\"1129\" data-end=\"1269\"><strong data-start=\"1129\" data-end=\"1163\">Design compact et ajustement universel<\/strong><br data-start=\"1163\" data-end=\"1166\" \/>Mince et peu encombrant pour garantir une installation facile, m\u00eame dans les v\u00e9hicules disposant de peu d\u2019espace pour les phares.<\/p>\n<\/li>\n<li class=\"\" data-start=\"1271\" data-end=\"1450\">\n<p class=\"\" data-start=\"1274\" data-end=\"1450\"><strong data-start=\"1274\" data-end=\"1305\">\u00c9clairage Surround \u00e0 360\u00b0 r\u00e9el<\/strong><br data-start=\"1305\" data-end=\"1308\" \/>Int\u00e8gre 24 puces LED SANAN 45x65mil sur quatre c\u00f4t\u00e9s pour fournir un \u00e9clairage uniforme et sans ombres, reproduisant fid\u00e8lement les motifs de faisceau halog\u00e8ne.<\/p>\n<\/li>\n<li class=\"\" data-start=\"1452\" data-end=\"1620\">\n<p class=\"\" data-start=\"1455\" data-end=\"1620\"><strong data-start=\"1455\" data-end=\"1499\">C\u0153ur lumineux ultra-fin pour une focalisation pr\u00e9cise<\/strong><br data-start=\"1499\" data-end=\"1502\" \/>Le c\u0153ur lumineux de 2,5 mm s\u2019aligne sur la position du filament halog\u00e8ne, offrant une excellente pr\u00e9cision du faisceau et un \u00e9blouissement minimal.<\/p>\n<\/li>\n<li class=\"\" data-start=\"1622\" data-end=\"1813\">\n<p class=\"\" data-start=\"1625\" data-end=\"1813\"><strong data-start=\"1625\" data-end=\"1652\">Syst\u00e8me de refroidissement avanc\u00e9<\/strong><br data-start=\"1652\" data-end=\"1655\" \/>Utilise un caloduc et une tige en cuivre rouge pour une conduction thermique sup\u00e9rieure, associ\u00e9s \u00e0 un ventilateur hydraulique de 8500 tr\/min pour maintenir la temp\u00e9rature de fonctionnement en dessous de 100\u00b0C, garantissant stabilit\u00e9 et durabilit\u00e9 \u00e0 long terme.<\/p>\n<\/li>\n<li class=\"\" data-start=\"1815\" data-end=\"1989\">\n<p class=\"\" data-start=\"1818\" data-end=\"1989\"><strong data-start=\"1818\" data-end=\"1862\">Conception avec s\u00e9paration thermique et \u00e9lectrique<\/strong><br data-start=\"1862\" data-end=\"1865\" \/>Dispose de syst\u00e8mes thermiques et \u00e9lectriques isol\u00e9s avec un pilote externe pour plus de s\u00e9curit\u00e9, de fiabilit\u00e9 et de dur\u00e9e de vie.<\/p>\n<\/li>\n<li class=\"\" data-start=\"1991\" data-end=\"2138\">\n<p class=\"\" data-start=\"1994\" data-end=\"2138\"><strong data-start=\"1994\" data-end=\"2016\">Large compatibilit\u00e9 de mod\u00e8les<\/strong><br data-start=\"2016\" data-end=\"2019\" \/>Compatible avec les mod\u00e8les d\u2019ampoules halog\u00e8nes standard, y compris H1, H3, H7, H11, 9005, 9006 et 9012, pour une large application sur v\u00e9hicules.<\/p>\n<\/li>\n<\/ol>","protected":false},"featured_media":169,"template":"","meta":[],"product_brand":[],"product_cat":[23],"product_tag":[24],"class_list":{"0":"post-2179","1":"product","2":"type-product","3":"status-publish","4":"has-post-thumbnail","6":"product_cat-4-sided-led-headlight","7":"product_tag-led-headlight","9":"first","10":"instock","11":"shipping-taxable","12":"product-type-simple"},"_links":{"self":[{"href":"https:\/\/rttheadlight.com\/fr\/wp-json\/wp\/v2\/product\/2179","targetHints":{"allow":["GET"]}}],"collection":[{"href":"https:\/\/rttheadlight.com\/fr\/wp-json\/wp\/v2\/product"}],"about":[{"href":"https:\/\/rttheadlight.com\/fr\/wp-json\/wp\/v2\/types\/product"}],"wp:featuredmedia":[{"embeddable":true,"href":"https:\/\/rttheadlight.com\/fr\/wp-json\/wp\/v2\/media\/169"}],"wp:attachment":[{"href":"https:\/\/rttheadlight.com\/fr\/wp-json\/wp\/v2\/media?parent=2179"}],"wp:term":[{"taxonomy":"product_brand","embeddable":true,"href":"https:\/\/rttheadlight.com\/fr\/wp-json\/wp\/v2\/product_brand?post=2179"},{"taxonomy":"product_cat","embeddable":true,"href":"https:\/\/rttheadlight.com\/fr\/wp-json\/wp\/v2\/product_cat?post=2179"},{"taxonomy":"product_tag","embeddable":true,"href":"https:\/\/rttheadlight.com\/fr\/wp-json\/wp\/v2\/product_tag?post=2179"}],"curies":[{"name":"wp","href":"https:\/\/api.w.org\/{rel}","templated":true}]}}