{"id":190,"date":"2025-05-20T12:45:47","date_gmt":"2025-05-20T12:45:47","guid":{"rendered":"https:\/\/rttheadlight.com\/?post_type=product&#038;p=190"},"modified":"2026-01-31T11:48:01","modified_gmt":"2026-01-31T11:48:01","slug":"f9-4-sided-direct-plug-11-hid-size-matched-led-headlight","status":"publish","type":"product","link":"https:\/\/rttheadlight.com\/fr\/produit\/f9-4-sided-direct-plug-11-hid-size-matched-led-headlight\/","title":{"rendered":"Phare LED F9 \u00e0 4 c\u00f4t\u00e9s, direct-plug, taille 1:1 correspondante aux HID"},"content":{"rendered":"<table>\n<tbody>\n<tr>\n<td width=\"160\">Tension<\/td>\n<td width=\"180\">Ballast compatible<\/td>\n<\/tr>\n<tr>\n<td width=\"160\">Consommation d\u2019\u00e9nergie<\/td>\n<td width=\"180\">Ballast compatible<\/td>\n<\/tr>\n<tr>\n<td width=\"160\">Temp\u00e9rature de couleur<\/td>\n<td width=\"180\">6500K<\/td>\n<\/tr>\n<tr>\n<td width=\"160\">Luminosit\u00e9<\/td>\n<td width=\"180\">6500Lm<\/td>\n<\/tr>\n<tr>\n<td width=\"160\">Diam\u00e8tre du c\u0153ur LED<\/td>\n<td width=\"180\">2.5mm<\/td>\n<\/tr>\n<tr>\n<td width=\"160\">Alimentation<\/td>\n<td width=\"180\">Alimentation interne du pilote<\/td>\n<\/tr>\n<tr>\n<td width=\"160\">Mod\u00e8les compatibles<\/td>\n<td width=\"180\">D1S\/D1R\/D2S\/D2R\/D3S\/D3R<\/p>\n<p>D4S\/D4R\/D5S\/D5R\/D8S\/D8R<\/td>\n<\/tr>\n<\/tbody>\n<\/table>","protected":false},"excerpt":{"rendered":"<p class=\"\" data-start=\"209\" data-end=\"535\">Ce mod\u00e8le est con\u00e7u comme un remplacement HID direct-plug, avec un v\u00e9ritable ajustement 1:1 pour les ampoules HID, garantissant une installation sans effort et sans modification. Il int\u00e8gre une alimentation lin\u00e9aire int\u00e9gr\u00e9e, offrant des performances stables et sans scintillement tout en conservant un design compact id\u00e9al pour les bo\u00eetiers de projecteurs HID.<\/p>\n<h4 class=\"\" data-start=\"537\" data-end=\"555\">Caract\u00e9ristiques cl\u00e9s :<\/h4>\n<ol data-start=\"556\" data-end=\"1389\">\n<li class=\"\" data-start=\"556\" data-end=\"696\">\n<p class=\"\" data-start=\"559\" data-end=\"696\"><strong data-start=\"559\" data-end=\"593\">Conception 1:1 compatible HID<\/strong> \u2013 Ajustement parfait pour remplacer les ampoules HID sans besoin de modifier le bo\u00eetier ni d\u2019ajouter des supports suppl\u00e9mentaires.<\/p>\n<\/li>\n<li class=\"\" data-start=\"697\" data-end=\"866\">\n<p class=\"\" data-start=\"700\" data-end=\"866\"><strong data-start=\"700\" data-end=\"732\">Alimentation lin\u00e9aire int\u00e9gr\u00e9e<\/strong> \u2013 Assure un fonctionnement stable et sans interf\u00e9rences \u00e9lectromagn\u00e9tiques (EMI), garantissant la compatibilit\u00e9 avec l\u2019\u00e9lectronique automobile sensible et supprimant le besoin de pilotes externes.<\/p>\n<\/li>\n<li class=\"\" data-start=\"867\" data-end=\"1018\">\n<p class=\"\" data-start=\"870\" data-end=\"1018\"><strong data-start=\"870\" data-end=\"900\">Installation directe plug-and-play<\/strong> \u2013 Con\u00e7u pour une installation rapide et sans tracas, reproduisant les dimensions et l\u2019emplacement du connecteur de l\u2019ampoule HID d\u2019origine.<\/p>\n<\/li>\n<li class=\"\" data-start=\"1019\" data-end=\"1185\">\n<p class=\"\" data-start=\"1022\" data-end=\"1185\"><strong data-start=\"1022\" data-end=\"1052\">Dissipation thermique efficace<\/strong> \u2013 Utilise un noyau en cuivre rouge et un ventilateur hydraulique de 8500 tr\/min pour maintenir les temp\u00e9ratures de fonctionnement en dessous de 100\u202f\u00b0C, assurant une durabilit\u00e9 \u00e0 long terme.<\/p>\n<\/li>\n<\/ol>","protected":false},"featured_media":196,"template":"","meta":[],"product_brand":[],"product_cat":[23],"product_tag":[24],"class_list":{"0":"post-190","1":"product","2":"type-product","3":"status-publish","4":"has-post-thumbnail","6":"product_cat-4-sided-led-headlight","7":"product_tag-led-headlight","9":"first","10":"instock","11":"shipping-taxable","12":"product-type-simple"},"_links":{"self":[{"href":"https:\/\/rttheadlight.com\/fr\/wp-json\/wp\/v2\/product\/190","targetHints":{"allow":["GET"]}}],"collection":[{"href":"https:\/\/rttheadlight.com\/fr\/wp-json\/wp\/v2\/product"}],"about":[{"href":"https:\/\/rttheadlight.com\/fr\/wp-json\/wp\/v2\/types\/product"}],"wp:featuredmedia":[{"embeddable":true,"href":"https:\/\/rttheadlight.com\/fr\/wp-json\/wp\/v2\/media\/196"}],"wp:attachment":[{"href":"https:\/\/rttheadlight.com\/fr\/wp-json\/wp\/v2\/media?parent=190"}],"wp:term":[{"taxonomy":"product_brand","embeddable":true,"href":"https:\/\/rttheadlight.com\/fr\/wp-json\/wp\/v2\/product_brand?post=190"},{"taxonomy":"product_cat","embeddable":true,"href":"https:\/\/rttheadlight.com\/fr\/wp-json\/wp\/v2\/product_cat?post=190"},{"taxonomy":"product_tag","embeddable":true,"href":"https:\/\/rttheadlight.com\/fr\/wp-json\/wp\/v2\/product_tag?post=190"}],"curies":[{"name":"wp","href":"https:\/\/api.w.org\/{rel}","templated":true}]}}