{"id":182,"date":"2025-05-20T09:31:11","date_gmt":"2025-05-20T09:31:11","guid":{"rendered":"https:\/\/rttheadlight.com\/?post_type=product&#038;p=182"},"modified":"2026-01-31T08:39:02","modified_gmt":"2026-01-31T08:39:02","slug":"f1-4-sided-direct-plug-11-halogen-size-matched-led-headlight","status":"publish","type":"product","link":"https:\/\/rttheadlight.com\/fr\/produit\/f1-4-sided-direct-plug-11-halogen-size-matched-led-headlight\/","title":{"rendered":"F1 LED pour phare \u00e0 montage direct, \u00e0 4 faces, format 1:1 identique \u00e0 l\u2019halog\u00e8ne"},"content":{"rendered":"<table>\n<tbody>\n<tr>\n<td width=\"160\">Tension<\/td>\n<td width=\"180\">13.5V<\/td>\n<\/tr>\n<tr>\n<td width=\"160\">Consommation d\u2019\u00e9nergie<\/td>\n<td width=\"180\">35W<\/td>\n<\/tr>\n<tr>\n<td width=\"160\">Temp\u00e9rature de couleur<\/td>\n<td width=\"180\">6000K<\/td>\n<\/tr>\n<tr>\n<td width=\"160\">Luminosit\u00e9<\/td>\n<td width=\"180\">3500Lm<\/td>\n<\/tr>\n<tr>\n<td width=\"160\">Diam\u00e8tre du c\u0153ur LED<\/td>\n<td width=\"180\">3.6mm<\/td>\n<\/tr>\n<tr>\n<td width=\"160\">Alimentation<\/td>\n<td width=\"180\">Alimentation interne du pilote<\/td>\n<\/tr>\n<tr>\n<td width=\"160\">Mod\u00e8les compatibles<\/td>\n<td width=\"180\">H1\/H3\/H4\/H7\/H11\/9005\/9006\/9012<\/td>\n<\/tr>\n<\/tbody>\n<\/table>","protected":false},"excerpt":{"rendered":"<p class=\" translation-block\" data-start=\"233\" data-end=\"618\">Ce phare LED est con\u00e7u pour une installation sans effort, avec une taille 1:1 identique aux ampoules halog\u00e8nes standard et une alimentation de driver int\u00e9gr\u00e9e pour une v\u00e9ritable installation plug-and-play. Aucun driver externe, aucune modification du c\u00e2blage ni ajustement du bo\u00eetier n\u2019est n\u00e9cessaire \u2014 il suffit d\u2019installer et de partir. C\u2019est la mise \u00e0 niveau LED id\u00e9ale pour les utilisateurs recherchant un ajustement OEM avec des performances d\u2019\u00e9clairage modernes.<\/p>\n<p class=\"\" data-start=\"620\" data-end=\"969\">Offrant un \u00e9clairage 360\u00b0 lumineux et uniform\u00e9ment r\u00e9parti, ce mod\u00e8le garantit une excellente visibilit\u00e9 tout en conservant un format compact qui s\u2019int\u00e8gre facilement dans les espaces de phares restreints. De plus, les versions H11, 9005 et 9006 sont dot\u00e9es de bo\u00eetiers en aluminium moul\u00e9 de pr\u00e9cision, assurant une meilleure dissipation thermique et une durabilit\u00e9 accrue dans des conditions exigeantes.<\/p>\n<p class=\"\" data-start=\"971\" data-end=\"988\"><strong data-start=\"971\" data-end=\"988\">Caract\u00e9ristiques cl\u00e9s :<\/strong><\/p>\n<ol data-start=\"990\" data-end=\"2504\">\n<li class=\"\" data-start=\"990\" data-end=\"1196\">\n<p class=\"\" data-start=\"993\" data-end=\"1196\"><strong data-start=\"993\" data-end=\"1044\">Correspondance exacte avec les ampoules halog\u00e8nes 1:1 et conception avec driver int\u00e9gr\u00e9<\/strong><br data-start=\"1044\" data-end=\"1047\" \/>La structure tout-en-un correspond \u00e0 la taille et \u00e0 la forme des ampoules halog\u00e8nes d\u2019origine avec un pilote int\u00e9gr\u00e9 \u2014 aucun composant externe ni c\u00e2blage n\u00e9cessaire.<\/p>\n<\/li>\n<li class=\"\" data-start=\"1198\" data-end=\"1364\">\n<p class=\"\" data-start=\"1201\" data-end=\"1364\"><strong data-start=\"1201\" data-end=\"1238\">Installation directe plug-and-play<\/strong><br data-start=\"1238\" data-end=\"1241\" \/>Processus de remplacement simple sans aucune modification ; s\u2019adapte parfaitement aux douilles des phares d\u2019origine pour une installation rapide et facile.<\/p>\n<\/li>\n<li class=\"\" data-start=\"1366\" data-end=\"1518\">\n<p class=\"\" data-start=\"1369\" data-end=\"1518\"><strong data-start=\"1369\" data-end=\"1407\">Structure compacte pour les espaces restreints<\/strong><br data-start=\"1407\" data-end=\"1410\" \/>Le corps mince s\u2019adapte facilement aux bo\u00eetiers de phares compacts ou restreints pour une large gamme de types de v\u00e9hicules.<\/p>\n<\/li>\n<li class=\"\" data-start=\"1520\" data-end=\"1662\">\n<p class=\"\" data-start=\"1523\" data-end=\"1662\"><strong data-start=\"1523\" data-end=\"1554\">\u00c9clairage Surround \u00e0 360\u00b0 r\u00e9el<\/strong><br data-start=\"1554\" data-end=\"1557\" \/>La configuration LED \u00e0 quatre faces utilisant 12 puces SANAN 55x55mil garantit une luminosit\u00e9 constante sans ombres.<\/p>\n<\/li>\n<li class=\"\" data-start=\"1664\" data-end=\"1829\">\n<p class=\"\" data-start=\"1667\" data-end=\"1829\"><strong data-start=\"1667\" data-end=\"1693\">Motif de faisceau optimis\u00e9<\/strong><br data-start=\"1693\" data-end=\"1696\" \/>Con\u00e7u pour imiter de pr\u00e8s le foyer des ampoules halog\u00e8nes, offrant une visibilit\u00e9 claire de la route et un \u00e9blouissement minimal pour les v\u00e9hicules venant en sens inverse.<\/p>\n<\/li>\n<li class=\"\" data-start=\"1831\" data-end=\"2007\">\n<p class=\"\" data-start=\"1834\" data-end=\"2007\"><strong data-start=\"1834\" data-end=\"1868\">Syst\u00e8me de refroidissement haute efficacit\u00e9<\/strong><br data-start=\"1868\" data-end=\"1871\" \/>Le caloduc et la tige en cuivre rouge int\u00e9gr\u00e9s, combin\u00e9s \u00e0 un ventilateur hydraulique de 8500 tr\/min, maintiennent une temp\u00e9rature de fonctionnement stable inf\u00e9rieure \u00e0 100\u00b0C.<\/p>\n<\/li>\n<li class=\"\" data-start=\"2009\" data-end=\"2176\">\n<p class=\"\" data-start=\"2012\" data-end=\"2176\"><strong data-start=\"2012\" data-end=\"2056\">Conception avec s\u00e9paration thermique et \u00e9lectrique<\/strong><br data-start=\"2056\" data-end=\"2059\" \/>La s\u00e9paration structurelle entre les composants g\u00e9n\u00e9rant de la chaleur et les composants \u00e9lectriques am\u00e9liore la fiabilit\u00e9 et la dur\u00e9e de vie du produit.<\/p>\n<\/li>\n<li class=\"\" data-start=\"2178\" data-end=\"2348\">\n<p class=\"\" data-start=\"2181\" data-end=\"2348\"><strong data-start=\"2181\" data-end=\"2230\">Bo\u00eetier en aluminium moul\u00e9 durable (H11\/9005\/9006)<\/strong><br data-start=\"2230\" data-end=\"2233\" \/>These models feature aluminum cast bodies for superior heat resistance and mechanical strength in long-term use.<\/p>\n<\/li>\n<li class=\"\" data-start=\"2350\" data-end=\"2504\">\n<p class=\"\" data-start=\"2353\" data-end=\"2504\"><strong data-start=\"2353\" data-end=\"2381\">Large compatibilit\u00e9 de mod\u00e8les<\/strong><br data-start=\"2381\" data-end=\"2384\" \/>Disponible dans les tailles halog\u00e8nes standard, y compris H1, H3, H7, H11, 9005, 9006 et 9012, pour s\u2019adapter \u00e0 une large gamme de v\u00e9hicules.<\/p>\n<\/li>\n<\/ol>","protected":false},"featured_media":2201,"template":"","meta":[],"product_brand":[],"product_cat":[23],"product_tag":[24],"class_list":{"0":"post-182","1":"product","2":"type-product","3":"status-publish","4":"has-post-thumbnail","6":"product_cat-4-sided-led-headlight","7":"product_tag-led-headlight","9":"first","10":"instock","11":"shipping-taxable","12":"product-type-simple"},"_links":{"self":[{"href":"https:\/\/rttheadlight.com\/fr\/wp-json\/wp\/v2\/product\/182","targetHints":{"allow":["GET"]}}],"collection":[{"href":"https:\/\/rttheadlight.com\/fr\/wp-json\/wp\/v2\/product"}],"about":[{"href":"https:\/\/rttheadlight.com\/fr\/wp-json\/wp\/v2\/types\/product"}],"wp:featuredmedia":[{"embeddable":true,"href":"https:\/\/rttheadlight.com\/fr\/wp-json\/wp\/v2\/media\/2201"}],"wp:attachment":[{"href":"https:\/\/rttheadlight.com\/fr\/wp-json\/wp\/v2\/media?parent=182"}],"wp:term":[{"taxonomy":"product_brand","embeddable":true,"href":"https:\/\/rttheadlight.com\/fr\/wp-json\/wp\/v2\/product_brand?post=182"},{"taxonomy":"product_cat","embeddable":true,"href":"https:\/\/rttheadlight.com\/fr\/wp-json\/wp\/v2\/product_cat?post=182"},{"taxonomy":"product_tag","embeddable":true,"href":"https:\/\/rttheadlight.com\/fr\/wp-json\/wp\/v2\/product_tag?post=182"}],"curies":[{"name":"wp","href":"https:\/\/api.w.org\/{rel}","templated":true}]}}