{"id":175,"date":"2025-05-20T09:25:53","date_gmt":"2025-05-20T09:25:53","guid":{"rendered":"https:\/\/rttheadlight.com\/?post_type=product&#038;p=175"},"modified":"2026-01-31T12:02:50","modified_gmt":"2026-01-31T12:02:50","slug":"f10-4-sided-liner-driver-led-headlight","status":"publish","type":"product","link":"https:\/\/rttheadlight.com\/fr\/produit\/f10-4-sided-liner-driver-led-headlight\/","title":{"rendered":"Phare LED F10 Liner Driver \u00e0 4 c\u00f4t\u00e9s"},"content":{"rendered":"<table>\n<tbody>\n<tr>\n<td width=\"160\">Tension<\/td>\n<td width=\"180\">12V<\/td>\n<\/tr>\n<tr>\n<td width=\"160\">Consommation d\u2019\u00e9nergie<\/td>\n<td width=\"180\">53W<\/td>\n<\/tr>\n<tr>\n<td width=\"160\">Temp\u00e9rature de couleur<\/td>\n<td width=\"180\">6000K<\/td>\n<\/tr>\n<tr>\n<td width=\"160\">Luminosit\u00e9<\/td>\n<td width=\"180\">5500Lm<\/td>\n<\/tr>\n<tr>\n<td width=\"160\">Diam\u00e8tre du c\u0153ur LED<\/td>\n<td width=\"180\">2.5mm<\/td>\n<\/tr>\n<tr>\n<td width=\"160\">Alimentation<\/td>\n<td width=\"180\">Alimentation interne du pilote<\/td>\n<\/tr>\n<tr>\n<td width=\"160\">Mod\u00e8les compatibles<\/td>\n<td width=\"180\">H1\/H3\/H4\/H7\/H11\/9005\/9006\/9012\/D2H<\/td>\n<\/tr>\n<\/tbody>\n<\/table>","protected":false},"excerpt":{"rendered":"<p class=\"\" data-start=\"350\" data-end=\"677\">Ce mod\u00e8le combine des performances d\u2019\u00e9clairage pr\u00e9cises avec une installation simplifi\u00e9e, int\u00e9grant une alimentation lin\u00e9aire qui \u00e9limine le besoin de pilote externe. Le design tout-en-un rend l\u2019installation plus pratique, notamment dans les v\u00e9hicules \u00e0 espace restreint, tout en conservant une grande efficacit\u00e9 et fiabilit\u00e9.<\/p>\n<p class=\"\" data-start=\"679\" data-end=\"1004\">Avec son c\u0153ur lumineux ultra-fin de 2,5\u202fmm, ce phare offre une excellente focalisation du faisceau, un \u00e9clairage \u00e0 360\u00b0 sans zones sombres et ne n\u00e9cessite aucun r\u00e9glage apr\u00e8s l\u2019installation. Son corps compact assure une compatibilit\u00e9 \u00e9tendue avec les v\u00e9hicules, et sa structure thermique avanc\u00e9e garantit un fonctionnement stable dans des conditions exigeantes.<\/p>\n<p class=\"\" data-start=\"1006\" data-end=\"1023\"><strong data-start=\"1006\" data-end=\"1023\">Caract\u00e9ristiques cl\u00e9s :<\/strong><\/p>\n<ol data-start=\"1025\" data-end=\"2347\">\n<li class=\"\" data-start=\"1025\" data-end=\"1206\">\n<p class=\"\" data-start=\"1028\" data-end=\"1206\"><strong data-start=\"1028\" data-end=\"1060\">Alimentation lin\u00e9aire int\u00e9gr\u00e9e<\/strong><br data-start=\"1060\" data-end=\"1063\" \/>Le design tout-en-un avec alimentation int\u00e9gr\u00e9e simplifie l\u2019installation et r\u00e9duit le c\u00e2blage, le rendant plus convivial et peu encombrant.<\/p>\n<\/li>\n<li class=\"\" data-start=\"1208\" data-end=\"1369\">\n<p class=\"\" data-start=\"1211\" data-end=\"1369\"><strong data-start=\"1211\" data-end=\"1245\">Design compact et ajustement universel<\/strong><br data-start=\"1245\" data-end=\"1248\" \/>Le bo\u00eetier mince assure une large compatibilit\u00e9 avec les ensembles de phares, notamment dans les v\u00e9hicules disposant d\u2019un espace interne limit\u00e9.<\/p>\n<\/li>\n<li class=\"\" data-start=\"1371\" data-end=\"1562\">\n<p class=\"\" data-start=\"1374\" data-end=\"1562\"><strong data-start=\"1374\" data-end=\"1405\">\u00c9clairage Surround \u00e0 360\u00b0 r\u00e9el<\/strong><br data-start=\"1405\" data-end=\"1408\" \/>Utilise 12 puces LED SANAN 55x55\u202fmil haute performance r\u00e9parties sur quatre c\u00f4t\u00e9s, offrant un \u00e9clairage uniforme et sans ombres similaire aux faisceaux halog\u00e8nes.<\/p>\n<\/li>\n<li class=\"\" data-start=\"1564\" data-end=\"1765\">\n<p class=\"\" data-start=\"1567\" data-end=\"1765\"><strong data-start=\"1567\" data-end=\"1612\">C\u0153ur lumineux ultra-fin pour une focalisation pr\u00e9cise<\/strong><br data-start=\"1612\" data-end=\"1615\" \/>Le c\u0153ur lumineux de 2,5\u202fmm s\u2019aligne sur la position du filament halog\u00e8ne d\u2019origine, offrant une projection lumineuse pr\u00e9cise et r\u00e9duisant l\u2019\u00e9blouissement pour la circulation venant en sens inverse.<\/p>\n<\/li>\n<li class=\"\" data-start=\"1767\" data-end=\"1964\">\n<p class=\"\" data-start=\"1770\" data-end=\"1964\"><strong data-start=\"1770\" data-end=\"1797\">Syst\u00e8me de refroidissement avanc\u00e9<\/strong><br data-start=\"1797\" data-end=\"1800\" \/>La construction avec caloduc et tige en cuivre rouge, associ\u00e9e \u00e0 un ventilateur hydraulique de 8500 tr\/min, assure une dissipation thermique optimale et maintient les temp\u00e9ratures de fonctionnement en dessous de 100\u202f\u00b0C.<\/p>\n<\/li>\n<li class=\"\" data-start=\"1966\" data-end=\"2165\">\n<p class=\"\" data-start=\"1969\" data-end=\"2165\"><strong data-start=\"1969\" data-end=\"2013\">Conception avec s\u00e9paration thermique et \u00e9lectrique<\/strong><br data-start=\"2013\" data-end=\"2016\" \/>Maintient une s\u00e9paration structurelle entre les \u00e9l\u00e9ments thermiques et \u00e9lectriques, garantissant une fiabilit\u00e9 \u00e0 long terme et une s\u00e9curit\u00e9 renforc\u00e9e malgr\u00e9 le pilote int\u00e9gr\u00e9.<\/p>\n<\/li>\n<li class=\"\" data-start=\"2167\" data-end=\"2347\">\n<p class=\"\" data-start=\"2170\" data-end=\"2347\"><strong data-start=\"2170\" data-end=\"2192\">Large compatibilit\u00e9 de mod\u00e8les<\/strong><br data-start=\"2192\" data-end=\"2195\" \/>Compatible avec les mod\u00e8les d\u2019ampoules halog\u00e8nes standard, y compris H1, H3, H7, H11, 9005, 9006 et 9012, pour une large application sur v\u00e9hicules.<\/p>\n<\/li>\n<\/ol>","protected":false},"featured_media":180,"template":"","meta":[],"product_brand":[],"product_cat":[23],"product_tag":[24],"class_list":{"0":"post-175","1":"product","2":"type-product","3":"status-publish","4":"has-post-thumbnail","6":"product_cat-4-sided-led-headlight","7":"product_tag-led-headlight","9":"first","10":"instock","11":"shipping-taxable","12":"product-type-simple"},"_links":{"self":[{"href":"https:\/\/rttheadlight.com\/fr\/wp-json\/wp\/v2\/product\/175","targetHints":{"allow":["GET"]}}],"collection":[{"href":"https:\/\/rttheadlight.com\/fr\/wp-json\/wp\/v2\/product"}],"about":[{"href":"https:\/\/rttheadlight.com\/fr\/wp-json\/wp\/v2\/types\/product"}],"wp:featuredmedia":[{"embeddable":true,"href":"https:\/\/rttheadlight.com\/fr\/wp-json\/wp\/v2\/media\/180"}],"wp:attachment":[{"href":"https:\/\/rttheadlight.com\/fr\/wp-json\/wp\/v2\/media?parent=175"}],"wp:term":[{"taxonomy":"product_brand","embeddable":true,"href":"https:\/\/rttheadlight.com\/fr\/wp-json\/wp\/v2\/product_brand?post=175"},{"taxonomy":"product_cat","embeddable":true,"href":"https:\/\/rttheadlight.com\/fr\/wp-json\/wp\/v2\/product_cat?post=175"},{"taxonomy":"product_tag","embeddable":true,"href":"https:\/\/rttheadlight.com\/fr\/wp-json\/wp\/v2\/product_tag?post=175"}],"curies":[{"name":"wp","href":"https:\/\/api.w.org\/{rel}","templated":true}]}}