{"id":171,"date":"2025-05-20T09:21:02","date_gmt":"2025-05-20T09:21:02","guid":{"rendered":"https:\/\/rttheadlight.com\/?post_type=product&#038;p=171"},"modified":"2026-01-31T10:28:59","modified_gmt":"2026-01-31T10:28:59","slug":"f3-4-sided-compact-led-headlight","status":"publish","type":"product","link":"https:\/\/rttheadlight.com\/fr\/produit\/f3-4-sided-compact-led-headlight\/","title":{"rendered":"Phare LED Compact F3 \u00e0 4 Faces"},"content":{"rendered":"<table>\n<tbody>\n<tr>\n<td width=\"160\">Tension<\/td>\n<td width=\"180\">12V<\/td>\n<\/tr>\n<tr>\n<td width=\"160\">Consommation d\u2019\u00e9nergie<\/td>\n<td width=\"180\">45W<\/td>\n<\/tr>\n<tr>\n<td width=\"160\">Temp\u00e9rature de couleur<\/td>\n<td width=\"180\">4300K,\/6500<\/td>\n<\/tr>\n<tr>\n<td width=\"160\">Luminosit\u00e9<\/td>\n<td width=\"180\">5000Lm<\/td>\n<\/tr>\n<tr>\n<td width=\"160\">Diam\u00e8tre du c\u0153ur LED<\/td>\n<td width=\"180\">2.5mm<\/td>\n<\/tr>\n<tr>\n<td width=\"160\">Alimentation<\/td>\n<td width=\"180\">Alimentation par interrupteur externe<\/td>\n<\/tr>\n<tr>\n<td width=\"160\">Mod\u00e8les compatibles<\/td>\n<td width=\"180\">H1\/H3\/H4\/H7\/H11\/9005\/9006\/9012\/D2H<\/td>\n<\/tr>\n<\/tbody>\n<\/table>","protected":false},"excerpt":{"rendered":"<p class=\"\" data-start=\"259\" data-end=\"550\">Ce phare LED est con\u00e7u pour une compatibilit\u00e9, une focalisation et une durabilit\u00e9 sup\u00e9rieures, en faisant une excellente mise \u00e0 niveau pour un large \u00e9ventail de v\u00e9hicules. Gr\u00e2ce \u00e0 un design ultra-compact, il s\u2019adapte facilement aux bo\u00eetiers de phares les plus \u00e9troits, garantissant une installation sans tracas m\u00eame dans les v\u00e9hicules disposant de peu d\u2019espace.<\/p>\n<p class=\"\" data-start=\"552\" data-end=\"899\">Dot\u00e9 d\u2019un c\u0153ur lumineux ultra-fin de 2,5 mm, leader dans l\u2019industrie, ce mod\u00e8le offre un \u00e9clairage tr\u00e8s focalis\u00e9 \u00e0 360\u00b0 sans zones sombres et ne n\u00e9cessite aucun r\u00e9glage du faisceau apr\u00e8s l\u2019installation. Con\u00e7u avec une gestion thermique avanc\u00e9e et des mat\u00e9riaux de haute qualit\u00e9, il garantit des performances stables, une longue dur\u00e9e de vie et une excellente clart\u00e9 lumineuse.<\/p>\n<p class=\"\" data-start=\"901\" data-end=\"918\"><strong data-start=\"901\" data-end=\"918\">Caract\u00e9ristiques cl\u00e9s :<\/strong><\/p>\n<ol data-start=\"920\" data-end=\"2112\">\n<li class=\"\" data-start=\"920\" data-end=\"1104\">\n<p class=\"\" data-start=\"923\" data-end=\"1104\"><strong data-start=\"923\" data-end=\"957\">Design compact et ajustement universel<\/strong><br data-start=\"957\" data-end=\"960\" \/>La construction peu encombrante garantit une compatibilit\u00e9 avec un plus large \u00e9ventail de bo\u00eetiers de phares, id\u00e9ale pour les v\u00e9hicules disposant d\u2019un espace d\u2019installation limit\u00e9.<\/p>\n<\/li>\n<li class=\"\" data-start=\"1106\" data-end=\"1312\">\n<p class=\"\" data-start=\"1109\" data-end=\"1312\"><strong data-start=\"1109\" data-end=\"1140\">\u00c9clairage Surround \u00e0 360\u00b0 r\u00e9el<\/strong><br data-start=\"1140\" data-end=\"1143\" \/>Int\u00e9gr\u00e9 avec 12 puces LED SANAN 55x55mil \u00e0 haute puissance r\u00e9parties sur quatre c\u00f4t\u00e9s, offrant un \u00e9clairage constant et sans ombres qui imite fid\u00e8lement les motifs de faisceau halog\u00e8ne.<\/p>\n<\/li>\n<li class=\"\" data-start=\"1314\" data-end=\"1520\">\n<p class=\"\" data-start=\"1317\" data-end=\"1520\"><strong data-start=\"1317\" data-end=\"1361\">C\u0153ur lumineux ultra-fin pour une focalisation pr\u00e9cise<\/strong><br data-start=\"1361\" data-end=\"1364\" \/>Le c\u0153ur lumineux de 2,5 mm reproduit avec pr\u00e9cision la position du filament halog\u00e8ne, garantissant une focalisation nette du faisceau et une meilleure visibilit\u00e9 sans \u00e9blouir les autres conducteurs.<\/p>\n<\/li>\n<li class=\"\" data-start=\"1522\" data-end=\"1717\">\n<p class=\"\" data-start=\"1525\" data-end=\"1717\"><strong data-start=\"1525\" data-end=\"1552\">Syst\u00e8me de refroidissement avanc\u00e9<\/strong><br data-start=\"1552\" data-end=\"1555\" \/>Un caloduc et une tige en cuivre rouge int\u00e9gr\u00e9s assurent une dissipation thermique efficace, soutenus par un ventilateur hydraulique de 8500 tr\/min pour maintenir la temp\u00e9rature de fonctionnement en dessous de 100\u202f\u00b0C.<\/p>\n<\/li>\n<li class=\"\" data-start=\"1719\" data-end=\"1940\">\n<p class=\"\" data-start=\"1722\" data-end=\"1940\"><strong data-start=\"1722\" data-end=\"1766\">Conception avec s\u00e9paration thermique et \u00e9lectrique<\/strong><br data-start=\"1766\" data-end=\"1769\" \/>Con\u00e7u avec une s\u00e9paration d\u00e9di\u00e9e entre les composants thermiques et \u00e9lectriques, ainsi qu\u2019un pilote externe, pour garantir la s\u00e9curit\u00e9, la fiabilit\u00e9 et une dur\u00e9e de vie prolong\u00e9e du produit.<\/p>\n<\/li>\n<li class=\"\" data-start=\"1942\" data-end=\"2112\">\n<p class=\"\" data-start=\"1945\" data-end=\"2112\"><strong data-start=\"1945\" data-end=\"1967\">Large compatibilit\u00e9 de mod\u00e8les<\/strong><br data-start=\"1967\" data-end=\"1970\" \/>Convient aux tailles d\u2019ampoules halog\u00e8nes courantes, y compris H1, H3, H7, H11, 9005, 9006 et 9012, offrant une flexibilit\u00e9 pour divers mod\u00e8les de v\u00e9hicules.<\/p>\n<\/li>\n<\/ol>","protected":false},"featured_media":174,"template":"","meta":[],"product_brand":[],"product_cat":[23],"product_tag":[24],"class_list":{"0":"post-171","1":"product","2":"type-product","3":"status-publish","4":"has-post-thumbnail","6":"product_cat-4-sided-led-headlight","7":"product_tag-led-headlight","9":"first","10":"instock","11":"shipping-taxable","12":"product-type-simple"},"_links":{"self":[{"href":"https:\/\/rttheadlight.com\/fr\/wp-json\/wp\/v2\/product\/171","targetHints":{"allow":["GET"]}}],"collection":[{"href":"https:\/\/rttheadlight.com\/fr\/wp-json\/wp\/v2\/product"}],"about":[{"href":"https:\/\/rttheadlight.com\/fr\/wp-json\/wp\/v2\/types\/product"}],"wp:featuredmedia":[{"embeddable":true,"href":"https:\/\/rttheadlight.com\/fr\/wp-json\/wp\/v2\/media\/174"}],"wp:attachment":[{"href":"https:\/\/rttheadlight.com\/fr\/wp-json\/wp\/v2\/media?parent=171"}],"wp:term":[{"taxonomy":"product_brand","embeddable":true,"href":"https:\/\/rttheadlight.com\/fr\/wp-json\/wp\/v2\/product_brand?post=171"},{"taxonomy":"product_cat","embeddable":true,"href":"https:\/\/rttheadlight.com\/fr\/wp-json\/wp\/v2\/product_cat?post=171"},{"taxonomy":"product_tag","embeddable":true,"href":"https:\/\/rttheadlight.com\/fr\/wp-json\/wp\/v2\/product_tag?post=171"}],"curies":[{"name":"wp","href":"https:\/\/api.w.org\/{rel}","templated":true}]}}