{"id":429,"date":"2025-05-22T09:28:58","date_gmt":"2025-05-22T09:28:58","guid":{"rendered":"https:\/\/rttheadlight.com\/?page_id=429"},"modified":"2026-01-17T07:52:09","modified_gmt":"2026-01-17T07:52:09","slug":"technology-2","status":"publish","type":"page","link":"https:\/\/rttheadlight.com\/fr\/technology-2\/","title":{"rendered":"Technologie"},"content":{"rendered":"<section class=\"section\" id=\"section_795777601\">\n\t\t<div class=\"section-bg fill\" >\n\t\t\t\t\t\t\t\t\t\n\t\t\t\n\n\t\t<\/div>\n\n\t\t\n\n\t\t<div class=\"section-content relative\">\n\t\t\t\n\n<div class=\"row\"  id=\"row-1093224935\">\n\n\n\t<div id=\"col-345773361\" class=\"col small-12 large-12\"  >\n\t\t\t\t<div class=\"col-inner\"  >\n\t\t\t\n\t\t\t\n\n\n  <div class=\"banner has-hover\" id=\"banner-2138478755\">\n          <div class=\"banner-inner fill\">\n        <div class=\"banner-bg fill\" >\n            <img fetchpriority=\"high\" decoding=\"async\" width=\"1200\" height=\"417\" src=\"https:\/\/rttheadlight.com\/wp-content\/uploads\/2025\/05\/3-1.jpg\" class=\"bg attachment-1536x1536 size-1536x1536\" alt=\"\" \/>                        <div class=\"overlay\"><\/div>            \n                    <\/div>\n\t\t\n        <div class=\"banner-layers container\">\n            <div class=\"fill banner-link\"><\/div>            \n\n   <div id=\"text-box-1859984582\" class=\"text-box banner-layer x95 md-x95 lg-x95 y50 md-y50 lg-y50 res-text\">\n                                <div class=\"text-box-content text dark\">\n              \n              <div class=\"text-inner text-right\">\n                  \n\n<h3 class=\"uppercase\"><strong>L\u2019accumulation du savoir-faire<\/strong><\/h3>\n<p>Maintenir notre technologie \u00e0 la pointe.<\/p>\n\n              <\/div>\n           <\/div>\n                            \n<style>\n#text-box-1859984582 {\n  margin: 0px 0px 0px 0px;\n  width: 86%;\n}\n#text-box-1859984582 .text-inner {\n  padding: 0px 0px 200px 0px;\n}\n#text-box-1859984582 .text-box-content {\n  font-size: 96%;\n}\n@media (min-width:550px) {\n  #text-box-1859984582 {\n    width: 67%;\n  }\n}\n<\/style>\n    <\/div>\n \n\n        <\/div>\n      <\/div>\n\n            \n<style>\n#banner-2138478755 {\n  padding-top: 400px;\n}\n#banner-2138478755 .overlay {\n  background-color: rgba(0, 0, 0, 0.2);\n}\n<\/style>\n  <\/div>\n\n\n\n\t\t<\/div>\n\t\t\t\t\t<\/div>\n\n\t\n\n<\/div>\n\n\t\t<\/div>\n\n\t\t\n<style>\n#section_795777601 {\n  padding-top: 0px;\n  padding-bottom: 0px;\n}\n<\/style>\n\t<\/section>\n\t\n\n\t<section class=\"section\" id=\"section_1278241201\">\n\t\t<div class=\"section-bg fill\" >\n\t\t\t\t\t\t\t\t\t\n\t\t\t\n\n\t\t<\/div>\n\n\t\t\n\n\t\t<div class=\"section-content relative\">\n\t\t\t\n\n<div class=\"row\"  id=\"row-1452062787\">\n\n\n\t<div id=\"col-173561718\" class=\"col small-12 large-12\"  >\n\t\t\t\t<div class=\"col-inner\"  >\n\t\t\t\n\t\t\t\n\n<div class=\"container section-title-container\" ><h2 class=\"section-title section-title-center\"><b><\/b><span class=\"section-title-main\" >Pourquoi les phares LED \u00e0 360\u00b0<\/span><b><\/b><\/h2><\/div>\n\n<div class=\"row\"  id=\"row-2140504094\">\n\n\n\t<div id=\"col-1351794426\" class=\"col medium-6 small-12 large-6\"  >\n\t\t\t\t<div class=\"col-inner\"  >\n\t\t\t\n\t\t\t\n\n\t<div class=\"img has-hover x md-x lg-x y md-y lg-y\" id=\"image_103757818\">\n\t\t\t\t\t\t\t\t<div class=\"img-inner dark\" >\n\t\t\t<img decoding=\"async\" width=\"850\" height=\"850\" src=\"https:\/\/rttheadlight.com\/wp-content\/uploads\/2025\/05\/126-1.jpg\" class=\"attachment-1536x1536 size-1536x1536\" alt=\"\" srcset=\"https:\/\/rttheadlight.com\/wp-content\/uploads\/2025\/05\/126-1.jpg 850w, https:\/\/rttheadlight.com\/wp-content\/uploads\/2025\/05\/126-1-100x100.jpg 100w, https:\/\/rttheadlight.com\/wp-content\/uploads\/2025\/05\/126-1-510x510.jpg 510w, https:\/\/rttheadlight.com\/wp-content\/uploads\/2025\/05\/126-1-300x300.jpg 300w, https:\/\/rttheadlight.com\/wp-content\/uploads\/2025\/05\/126-1-150x150.jpg 150w, https:\/\/rttheadlight.com\/wp-content\/uploads\/2025\/05\/126-1-768x768.jpg 768w, https:\/\/rttheadlight.com\/wp-content\/uploads\/2025\/05\/126-1-12x12.jpg 12w\" sizes=\"(max-width: 850px) 100vw, 850px\" \/>\t\t\t\t\t\t\n\t\t\t\t\t<\/div>\n\t\t\t\t\t\t\t\t\n<style>\n#image_103757818 {\n  width: 100%;\n}\n<\/style>\n\t<\/div>\n\t\n\n\n\t\t<\/div>\n\t\t\t\t\t<\/div>\n\n\t\n\n\t<div id=\"col-149948515\" class=\"col medium-6 small-12 large-6\"  >\n\t\t\t\t<div class=\"col-inner\"  >\n\t\t\t\n\t\t\t\n\n<h2>Aucune zone sombre<\/h2>\n<p>Notre phare LED \u00e0 360\u00b0 adopte une conception \u00e0 c\u0153ur LED \u00e0 quatre faces, r\u00e9duisant consid\u00e9rablement le diam\u00e8tre d\u2019\u00e9mission lumineuse afin de se rapprocher de celui des ampoules halog\u00e8nes et x\u00e9non. Cela garantit un faisceau parfaitement focalis\u00e9, sans zones sombres et sans besoin de r\u00e9glage manuel. Comme les phares halog\u00e8nes ou HID traditionnels, notre LED offre une v\u00e9ritable \u00e9mission lumineuse \u00e0 360\u00b0, avec jusqu\u2019\u00e0 10 fois la luminosit\u00e9 d\u2019une ampoule halog\u00e8ne standard.<\/p>\n\n\t\t<\/div>\n\t\t\t\t\t<\/div>\n\n\t\n\n<\/div>\n<div class=\"row\"  id=\"row-1080865373\">\n\n\n\t<div id=\"col-1140503397\" class=\"col small-12 large-12\"  >\n\t\t\t\t<div class=\"col-inner\"  >\n\t\t\t\n\t\t\t\n\n<div class=\"row\"  id=\"row-682713162\">\n\n\n\t<div id=\"col-1598848030\" class=\"col medium-6 small-12 large-6\"  >\n\t\t\t\t<div class=\"col-inner\"  >\n\t\t\t\n\t\t\t\n\n\t<div class=\"img has-hover x md-x lg-x y md-y lg-y\" id=\"image_1878166264\">\n\t\t\t\t\t\t\t\t<div class=\"img-inner dark\" >\n\t\t\t<img decoding=\"async\" width=\"850\" height=\"850\" src=\"https:\/\/rttheadlight.com\/wp-content\/uploads\/2025\/05\/128-1.jpg\" class=\"attachment-1536x1536 size-1536x1536\" alt=\"\" srcset=\"https:\/\/rttheadlight.com\/wp-content\/uploads\/2025\/05\/128-1.jpg 850w, https:\/\/rttheadlight.com\/wp-content\/uploads\/2025\/05\/128-1-100x100.jpg 100w, https:\/\/rttheadlight.com\/wp-content\/uploads\/2025\/05\/128-1-510x510.jpg 510w, https:\/\/rttheadlight.com\/wp-content\/uploads\/2025\/05\/128-1-300x300.jpg 300w, https:\/\/rttheadlight.com\/wp-content\/uploads\/2025\/05\/128-1-150x150.jpg 150w, https:\/\/rttheadlight.com\/wp-content\/uploads\/2025\/05\/128-1-768x768.jpg 768w, https:\/\/rttheadlight.com\/wp-content\/uploads\/2025\/05\/128-1-12x12.jpg 12w\" sizes=\"(max-width: 850px) 100vw, 850px\" \/>\t\t\t\t\t\t\n\t\t\t\t\t<\/div>\n\t\t\t\t\t\t\t\t\n<style>\n#image_1878166264 {\n  width: 100%;\n}\n<\/style>\n\t<\/div>\n\t\n\n\n\t\t<\/div>\n\t\t\t\t\t<\/div>\n\n\t\n\n\t<div id=\"col-753499787\" class=\"col medium-6 small-12 large-6\"  >\n\t\t\t\t<div class=\"col-inner\"  >\n\t\t\t\n\t\t\t\n\n<h2>Faisceau et luminosit\u00e9<\/h2>\n<p data-start=\"138\" data-end=\"292\"><strong data-start=\"138\" data-end=\"292\">Compar\u00e9 aux phares x\u00e9non traditionnels et aux phares LED standard \u00e0 2 faces, notre phare LED \u00e0 4 faces et 360\u00b0 pr\u00e9sente des avantages \u00e9vidents dans tous les domaines :<\/strong><\/p>\n<ul data-start=\"294\" data-end=\"976\">\n<li data-start=\"294\" data-end=\"412\">\n<p data-start=\"296\" data-end=\"412\">Luminosit\u00e9 : jusqu\u2019\u00e0 10\u00d7 plus lumineux qu\u2019une ampoule halog\u00e8ne, et nettement plus lumineux que les mod\u00e8les x\u00e9non et LED \u00e0 2 faces.<\/p>\n<\/li>\n<li data-start=\"413\" data-end=\"576\">\n<p data-start=\"415\" data-end=\"576\">Motif du faisceau : Offre un faisceau parfaitement focalis\u00e9 \u00e0 360\u00b0 sans zones sombres ni \u00e9blouissement, reproduisant fid\u00e8lement la pr\u00e9cision des phares x\u00e9non sans besoin de r\u00e9glage manuel.<\/p>\n<\/li>\n<li data-start=\"577\" data-end=\"708\">\n<p data-start=\"579\" data-end=\"708\">Co\u00fbt : Plus \u00e9conomique que les syst\u00e8mes x\u00e9non (aucun ballast n\u00e9cessaire), avec des performances sup\u00e9rieures \u00e0 celles des phares LED bon march\u00e9 typiques.<\/p>\n<\/li>\n<li data-start=\"709\" data-end=\"842\">\n<p data-start=\"711\" data-end=\"842\">Dur\u00e9e de vie : Con\u00e7u pour une utilisation \u00e0 long terme, avec une dur\u00e9e de vie de plus de 30 000 heures \u2014 largement sup\u00e9rieure \u00e0 celle des ampoules x\u00e9non et des options LED moins ch\u00e8res.<\/p>\n<\/li>\n<li data-start=\"843\" data-end=\"976\">\n<p data-start=\"845\" data-end=\"976\">Stabilit\u00e9 : Une dissipation thermique sup\u00e9rieure et une conception optimis\u00e9e du pilote garantissent une luminosit\u00e9 et des performances constantes, m\u00eame dans des conditions extr\u00eames.<\/p>\n<\/li>\n<\/ul>\n\n\t\t<\/div>\n\t\t\t\t\t<\/div>\n\n\t\n\n<\/div>\n\n\t\t<\/div>\n\t\t\t\t\t<\/div>\n\n\t\n\n<\/div>\n<div class=\"row\"  id=\"row-902757754\">\n\n\n\t<div id=\"col-1136304731\" class=\"col medium-6 small-12 large-6\"  >\n\t\t\t\t<div class=\"col-inner\"  >\n\t\t\t\n\t\t\t\n\n\t<div class=\"img has-hover x md-x lg-x y md-y lg-y\" id=\"image_423099367\">\n\t\t\t\t\t\t\t\t<div class=\"img-inner dark\" >\n\t\t\t<img loading=\"lazy\" decoding=\"async\" width=\"850\" height=\"850\" src=\"https:\/\/rttheadlight.com\/wp-content\/uploads\/2025\/05\/127-1.jpg\" class=\"attachment-1536x1536 size-1536x1536\" alt=\"\" srcset=\"https:\/\/rttheadlight.com\/wp-content\/uploads\/2025\/05\/127-1.jpg 850w, https:\/\/rttheadlight.com\/wp-content\/uploads\/2025\/05\/127-1-100x100.jpg 100w, https:\/\/rttheadlight.com\/wp-content\/uploads\/2025\/05\/127-1-510x510.jpg 510w, https:\/\/rttheadlight.com\/wp-content\/uploads\/2025\/05\/127-1-300x300.jpg 300w, https:\/\/rttheadlight.com\/wp-content\/uploads\/2025\/05\/127-1-150x150.jpg 150w, https:\/\/rttheadlight.com\/wp-content\/uploads\/2025\/05\/127-1-768x768.jpg 768w, https:\/\/rttheadlight.com\/wp-content\/uploads\/2025\/05\/127-1-12x12.jpg 12w\" sizes=\"(max-width: 850px) 100vw, 850px\" \/>\t\t\t\t\t\t\n\t\t\t\t\t<\/div>\n\t\t\t\t\t\t\t\t\n<style>\n#image_423099367 {\n  width: 100%;\n}\n<\/style>\n\t<\/div>\n\t\n\n\n\t\t<\/div>\n\t\t\t\t\t<\/div>\n\n\t\n\n\t<div id=\"col-509755293\" class=\"col medium-6 small-12 large-6\"  >\n\t\t\t\t<div class=\"col-inner\"  >\n\t\t\t\n\t\t\t\n\n<h2>Compar\u00e9 aux autres<\/h2>\n<p data-start=\"202\" data-end=\"505\"><strong data-start=\"202\" data-end=\"505\">Unlike many other 4-sided, 6-sided, or even 8-sided LED headlights on the market that require a larger light-emitting diameter due to design or physical limitations, our 4-sided 360\u00b0 LED headlight features an ultra-compact LED core layout that closely matches the filament size of halogen and xenon bulbs.<\/strong><\/p>\n<ul data-start=\"507\" data-end=\"1201\">\n<li data-start=\"507\" data-end=\"677\">\n<p data-start=\"509\" data-end=\"677\">Beam Focus: The smaller diameter allows our LEDs to achieve an exceptionally accurate beam focus \u2014 no dark spots, no scattered light, and no need for adjustment.<\/p>\n<\/li>\n<li data-start=\"678\" data-end=\"839\">\n<p data-start=\"680\" data-end=\"839\">Luminosit\u00e9 : Malgr\u00e9 la taille compacte, nos LED offrent une luminosit\u00e9 bien sup\u00e9rieure \u00e0 celle des mod\u00e8les multi-faces surdimensionn\u00e9s, qui souffrent souvent d\u2019un faisceau peu focalis\u00e9.<\/p>\n<\/li>\n<li data-start=\"840\" data-end=\"1021\">\n<p data-start=\"842\" data-end=\"1021\">Efficacit\u00e9 de taille : Les mod\u00e8les plus grands \u00e0 6 ou 8 faces ont tendance \u00e0 compromettre la compatibilit\u00e9 avec le r\u00e9flecteur en raison d\u2019un diam\u00e8tre excessif, tandis que notre conception fine respecte les normes d\u2019adaptation OEM.<\/p>\n<\/li>\n<li data-start=\"1022\" data-end=\"1201\">\n<p data-start=\"1024\" data-end=\"1201\">Stabilit\u00e9 thermique : Une disposition compacte permet un contr\u00f4le thermique plus efficace, am\u00e9liorant les performances \u00e0 long terme et r\u00e9duisant les risques de d\u00e9faillance observ\u00e9s dans les mod\u00e8les multi-faces dens\u00e9ment assembl\u00e9s.<\/p>\n<\/li>\n<\/ul>\n<p data-start=\"1203\" data-end=\"1401\"><strong data-start=\"1203\" data-end=\"1401\">En r\u00e9sum\u00e9, le design avanc\u00e9 \u00e0 4 faces de Ruituo offre un \u00e9quilibre parfait entre pr\u00e9cision du faisceau, luminosit\u00e9, compatibilit\u00e9 de taille et stabilit\u00e9 \u2014 surpassant \u00e0 la fois les LED traditionnelles et les mod\u00e8les multi-faces concurrents.<\/strong><\/p>\n\n\t\t<\/div>\n\t\t\t\t\t<\/div>\n\n\t\n\n<\/div>\n<div class=\"row\"  id=\"row-1775646824\">\n\n\n\t<div id=\"col-1199130520\" class=\"col medium-6 small-12 large-6\"  >\n\t\t\t\t<div class=\"col-inner\"  >\n\t\t\t\n\t\t\t\n\n\t<div class=\"img has-hover x md-x lg-x y md-y lg-y\" id=\"image_847533614\">\n\t\t\t\t\t\t\t\t<div class=\"img-inner dark\" >\n\t\t\t<img loading=\"lazy\" decoding=\"async\" width=\"850\" height=\"850\" src=\"https:\/\/rttheadlight.com\/wp-content\/uploads\/2025\/05\/129.jpg\" class=\"attachment-1536x1536 size-1536x1536\" alt=\"\" srcset=\"https:\/\/rttheadlight.com\/wp-content\/uploads\/2025\/05\/129.jpg 850w, https:\/\/rttheadlight.com\/wp-content\/uploads\/2025\/05\/129-100x100.jpg 100w, https:\/\/rttheadlight.com\/wp-content\/uploads\/2025\/05\/129-510x510.jpg 510w, https:\/\/rttheadlight.com\/wp-content\/uploads\/2025\/05\/129-300x300.jpg 300w, https:\/\/rttheadlight.com\/wp-content\/uploads\/2025\/05\/129-150x150.jpg 150w, https:\/\/rttheadlight.com\/wp-content\/uploads\/2025\/05\/129-768x768.jpg 768w, https:\/\/rttheadlight.com\/wp-content\/uploads\/2025\/05\/129-12x12.jpg 12w\" sizes=\"(max-width: 850px) 100vw, 850px\" \/>\t\t\t\t\t\t\n\t\t\t\t\t<\/div>\n\t\t\t\t\t\t\t\t\n<style>\n#image_847533614 {\n  width: 100%;\n}\n<\/style>\n\t<\/div>\n\t\n\n\n\t\t<\/div>\n\t\t\t\t\t<\/div>\n\n\t\n\n\t<div id=\"col-1479011123\" class=\"col medium-6 small-12 large-6\"  >\n\t\t\t\t<div class=\"col-inner\"  >\n\t\t\t\n\t\t\t\n\n<h2>Alimentation \u00e9lectrique<\/h2>\n<p>L\u2019alimentation \u00e9lectrique est un composant essentiel de ce produit, car de nombreux v\u00e9hicules peuvent d\u00e9tecter une consommation d\u2019\u00e9nergie irr\u00e9guli\u00e8re provenant des phares. Si l\u2019alimentation n\u2019est pas conforme aux sp\u00e9cifications d\u2019origine, cela peut entra\u00eener les probl\u00e8mes suivants :<\/p>\n<ul>\n<li>Clignotement : Les phares peuvent ne pas fonctionner correctement et peuvent clignoter ou vaciller en continu lorsqu\u2019ils sont allum\u00e9s.<\/li>\n<li>Interf\u00e9rences radio : Une alimentation \u00e9lectrique anormale peut affecter les signaux radio, entra\u00eenant une mauvaise qualit\u00e9 audio ou des parasites pendant la diffusion.<\/li>\n<li>Extinction des phares au d\u00e9marrage : Les phares peuvent s\u2019\u00e9teindre temporairement lorsque le v\u00e9hicule d\u00e9marre et ne se rallumer qu\u2019une fois le moteur en marche.<\/li>\n<li>Voyant d\u2019avertissement au tableau de bord : Le tableau de bord du v\u00e9hicule peut afficher un voyant d\u2019avertissement, indiquant un probl\u00e8me li\u00e9 \u00e0 l\u2019alimentation \u00e9lectrique du syst\u00e8me de phares.<\/li>\n<\/ul>\n<p>Pour r\u00e9soudre ces probl\u00e8mes, nous utilisons des alimentations ayant subi des tests approfondis et dot\u00e9es de fonctionnalit\u00e9s avanc\u00e9es de d\u00e9codage de puissance afin de garantir une sortie stable et fiable.<\/p>\n<p>De plus, notre syst\u00e8me int\u00e8gre un circuit de contr\u00f4le de temp\u00e9rature intelligent. Cette technologie surveille la temp\u00e9rature de fonctionnement en temps r\u00e9el et, si un seuil pr\u00e9d\u00e9fini est atteint, elle r\u00e9duit automatiquement la puissance pour prot\u00e9ger le syst\u00e8me \u00e9lectrique du v\u00e9hicule et maintenir des performances optimales.<\/p>\n\n\t\t<\/div>\n\t\t\t\t\t<\/div>\n\n\t\n\n<\/div>\n\n\t\t<\/div>\n\t\t\t\t\t<\/div>\n\n\t\n\n<\/div>\n\n\t\t<\/div>\n\n\t\t\n<style>\n#section_1278241201 {\n  padding-top: 30px;\n  padding-bottom: 30px;\n}\n<\/style>\n\t<\/section>\n\t\n\n\t<section class=\"section\" id=\"section_505567317\">\n\t\t<div class=\"section-bg fill\" >\n\t\t\t\t\t\t\t\t\t\n\t\t\t\n\n\t\t<\/div>\n\n\t\t\n\n\t\t<div class=\"section-content relative\">\n\t\t\t\n\n<div class=\"row\"  id=\"row-714535945\">\n\n\n\t<div id=\"col-1437356820\" class=\"col small-12 large-12\"  >\n\t\t\t\t<div class=\"col-inner\"  >\n\t\t\t\n\t\t\t\n\n<div class=\"container section-title-container\" ><h2 class=\"section-title section-title-center\"><b><\/b><span class=\"section-title-main\" >D\u00e9mo vid\u00e9o<\/span><b><\/b><\/h2><\/div>\n\n<p style=\"text-align: center;\">Cette section pr\u00e9sentera diff\u00e9rents mod\u00e8les avec une introduction aux fonctionnalit\u00e9s, ainsi que nos m\u00e9thodes de test et d\u2019installation. Nous continuerons \u00e0 partager ici les vid\u00e9os des derniers mod\u00e8les.<\/p>\n\n\t\t<\/div>\n\t\t\t\t\t<\/div>\n\n\t\n\n<\/div>\n<div class=\"row\"  id=\"row-1146175431\">\n\n\n\t<div id=\"col-355353501\" class=\"col medium-3 small-6 large-3\"  >\n\t\t\t\t<div class=\"col-inner\"  >\n\t\t\t\n\t\t\t\n\n<div class=\"video video-fit mb\" style=\"padding-top:56.25%;\"><iframe title=\"2025\u5e746\u67084\u65e5\" width=\"1020\" height=\"574\" src=\"https:\/\/www.youtube.com\/embed\/empsQUI5fI8?feature=oembed\" frameborder=\"0\" allow=\"accelerometer; autoplay; clipboard-write; encrypted-media; gyroscope; picture-in-picture; web-share\" referrerpolicy=\"strict-origin-when-cross-origin\" allowfullscreen><\/iframe><\/div>\n\n\n\t\t<\/div>\n\t\t\t\t\t<\/div>\n\n\t\n\n\t<div id=\"col-1534296952\" class=\"col medium-3 small-6 large-3\"  >\n\t\t\t\t<div class=\"col-inner\"  >\n\t\t\t\n\t\t\t\n\n<div class=\"video video-fit mb\" style=\"padding-top:56.25%;\"><p><iframe title=\"2025\u5e746\u67084\u65e5\" width=\"1020\" height=\"574\" src=\"https:\/\/www.youtube.com\/embed\/mxAF67m8eHc?feature=oembed\" frameborder=\"0\" allow=\"accelerometer; autoplay; clipboard-write; encrypted-media; gyroscope; picture-in-picture; web-share\" referrerpolicy=\"strict-origin-when-cross-origin\" allowfullscreen><\/iframe><\/p>\n<\/div>\n\n\n\t\t<\/div>\n\t\t\t\t\t<\/div>\n\n\t\n\n\t<div id=\"col-2045025018\" class=\"col medium-3 small-6 large-3\"  >\n\t\t\t\t<div class=\"col-inner\"  >\n\t\t\t\n\t\t\t\n\n<div class=\"video video-fit mb\" style=\"padding-top:56.25%;\"><p><iframe title=\"2025\u5e746\u67084\u65e5\" width=\"1020\" height=\"574\" src=\"https:\/\/www.youtube.com\/embed\/Bgq--W1EJFw?feature=oembed\" frameborder=\"0\" allow=\"accelerometer; autoplay; clipboard-write; encrypted-media; gyroscope; picture-in-picture; web-share\" referrerpolicy=\"strict-origin-when-cross-origin\" allowfullscreen><\/iframe><\/p>\n<\/div>\n\n\n\t\t<\/div>\n\t\t\t\t\t<\/div>\n\n\t\n\n\t<div id=\"col-1457099809\" class=\"col medium-3 small-6 large-3\"  >\n\t\t\t\t<div class=\"col-inner\"  >\n\t\t\t\n\t\t\t\n\n<div class=\"video video-fit mb\" style=\"padding-top:56.25%;\"><p><iframe title=\"2025\u5e746\u67084\u65e5\" width=\"1020\" height=\"574\" src=\"https:\/\/www.youtube.com\/embed\/zSNXAOzzhBE?feature=oembed\" frameborder=\"0\" allow=\"accelerometer; autoplay; clipboard-write; encrypted-media; gyroscope; picture-in-picture; web-share\" referrerpolicy=\"strict-origin-when-cross-origin\" allowfullscreen><\/iframe><\/p>\n<\/div>\n\n\n\t\t<\/div>\n\t\t\t\t\t<\/div>\n\n\t\n\n<\/div>\n<div class=\"row\"  id=\"row-272782529\">\n\n\n\t<div id=\"col-1589770136\" class=\"col medium-3 small-6 large-3\"  >\n\t\t\t\t<div class=\"col-inner\"  >\n\t\t\t\n\t\t\t\n\n<div class=\"video video-fit mb\" style=\"padding-top:56.25%;\"><p><iframe title=\"2025\u5e746\u67084\u65e5\" width=\"1020\" height=\"574\" src=\"https:\/\/www.youtube.com\/embed\/tM_20APBjl8?feature=oembed\" frameborder=\"0\" allow=\"accelerometer; autoplay; clipboard-write; encrypted-media; gyroscope; picture-in-picture; web-share\" referrerpolicy=\"strict-origin-when-cross-origin\" allowfullscreen><\/iframe><\/p>\n<\/div>\n\n\n\t\t<\/div>\n\t\t\t\t\t<\/div>\n\n\t\n\n\t<div id=\"col-977117937\" class=\"col medium-3 small-6 large-3\"  >\n\t\t\t\t<div class=\"col-inner\"  >\n\t\t\t\n\t\t\t\n\n<div class=\"video video-fit mb\" style=\"padding-top:56.25%;\"><p><iframe title=\"2025\u5e746\u67084\u65e5\" width=\"1020\" height=\"574\" src=\"https:\/\/www.youtube.com\/embed\/i_OqjwSXMHE?feature=oembed\" frameborder=\"0\" allow=\"accelerometer; autoplay; clipboard-write; encrypted-media; gyroscope; picture-in-picture; web-share\" referrerpolicy=\"strict-origin-when-cross-origin\" allowfullscreen><\/iframe><\/p>\n<\/div>\n\n\n\t\t<\/div>\n\t\t\t\t\t<\/div>\n\n\t\n\n\t<div id=\"col-563875017\" class=\"col medium-3 small-6 large-3\"  >\n\t\t\t\t<div class=\"col-inner\"  >\n\t\t\t\n\t\t\t\n\n\n\t\t<\/div>\n\t\t\t\t\t<\/div>\n\n\t\n\n\t<div id=\"col-1374984741\" class=\"col medium-3 small-6 large-3\"  >\n\t\t\t\t<div class=\"col-inner\"  >\n\t\t\t\n\t\t\t\n\n\n\t\t<\/div>\n\t\t\t\t\t<\/div>\n\n\t\n\n<\/div>\n\n\t\t<\/div>\n\n\t\t\n<style>\n#section_505567317 {\n  padding-top: 30px;\n  padding-bottom: 30px;\n}\n<\/style>\n\t<\/section>","protected":false},"excerpt":{"rendered":"","protected":false},"author":2,"featured_media":0,"parent":0,"menu_order":0,"comment_status":"closed","ping_status":"closed","template":"","meta":{"footnotes":""},"class_list":["post-429","page","type-page","status-publish","hentry"],"_links":{"self":[{"href":"https:\/\/rttheadlight.com\/fr\/wp-json\/wp\/v2\/pages\/429","targetHints":{"allow":["GET"]}}],"collection":[{"href":"https:\/\/rttheadlight.com\/fr\/wp-json\/wp\/v2\/pages"}],"about":[{"href":"https:\/\/rttheadlight.com\/fr\/wp-json\/wp\/v2\/types\/page"}],"author":[{"embeddable":true,"href":"https:\/\/rttheadlight.com\/fr\/wp-json\/wp\/v2\/users\/2"}],"replies":[{"embeddable":true,"href":"https:\/\/rttheadlight.com\/fr\/wp-json\/wp\/v2\/comments?post=429"}],"version-history":[{"count":38,"href":"https:\/\/rttheadlight.com\/fr\/wp-json\/wp\/v2\/pages\/429\/revisions"}],"predecessor-version":[{"id":2174,"href":"https:\/\/rttheadlight.com\/fr\/wp-json\/wp\/v2\/pages\/429\/revisions\/2174"}],"wp:attachment":[{"href":"https:\/\/rttheadlight.com\/fr\/wp-json\/wp\/v2\/media?parent=429"}],"curies":[{"name":"wp","href":"https:\/\/api.w.org\/{rel}","templated":true}]}}