{"id":17,"date":"2025-05-17T04:11:23","date_gmt":"2025-05-17T04:11:23","guid":{"rendered":"https:\/\/maroon-owl-715960.hostingersite.com\/?page_id=17"},"modified":"2026-01-11T04:47:34","modified_gmt":"2026-01-11T04:47:34","slug":"contact","status":"publish","type":"page","link":"https:\/\/rttheadlight.com\/fr\/contact\/","title":{"rendered":"Contact"},"content":{"rendered":"<div class=\"row\"  id=\"row-168310262\">\n\n\n\t<div id=\"col-1463989039\" class=\"col small-12 large-12\"  >\n\t\t\t\t<div class=\"col-inner\"  >\n\t\t\t\n\t\t\t\n\n\n  <div class=\"banner has-hover\" id=\"banner-175043006\">\n          <div class=\"banner-inner fill\">\n        <div class=\"banner-bg fill\" >\n            <img fetchpriority=\"high\" decoding=\"async\" width=\"1200\" height=\"417\" src=\"https:\/\/rttheadlight.com\/wp-content\/uploads\/2025\/05\/1.png\" class=\"bg attachment-1536x1536 size-1536x1536\" alt=\"\" \/>                                    \n                    <\/div>\n\t\t\n        <div class=\"banner-layers container\">\n            <div class=\"fill banner-link\"><\/div>            \n\n   <div id=\"text-box-1380577980\" class=\"text-box banner-layer x50 md-x50 lg-x50 y50 md-y50 lg-y50 res-text\">\n                                <div class=\"text-box-content text dark\">\n              \n              <div class=\"text-inner text-center\">\n                  \n\n\n              <\/div>\n           <\/div>\n                            \n<style>\n#text-box-1380577980 {\n  width: 60%;\n}\n#text-box-1380577980 .text-box-content {\n  font-size: 100%;\n}\n<\/style>\n    <\/div>\n \n\n        <\/div>\n      <\/div>\n\n            \n<style>\n#banner-175043006 {\n  padding-top: 380px;\n}\n<\/style>\n  <\/div>\n\n\n\n\t\t<\/div>\n\t\t\t\t\t<\/div>\n\n\t\n\n<\/div>\n\n\t<section class=\"section\" id=\"section_2055163796\">\n\t\t<div class=\"section-bg fill\" >\n\t\t\t\t\t\t\t\t\t\n\t\t\t\n\n\t\t<\/div>\n\n\t\t\n\n\t\t<div class=\"section-content relative\">\n\t\t\t\n\n<div class=\"row align-center\" style=\"max-width:1200px\" id=\"row-844931435\">\n\n\n\t<div id=\"col-1781012780\" class=\"col medium-7 small-12 large-12\"  >\n\t\t\t\t<div class=\"col-inner\"  >\n\t\t\t\n\t\t\t\n\n\t<div id=\"text-2180062805\" class=\"text\">\n\t\t\n\n<h2>Contact<\/h2>\n\t\t\n<style>\n#text-2180062805 {\n  font-size: 2.25rem;\n  text-align: center;\n}\n<\/style>\n\t<\/div>\n\t\n\t<div id=\"text-1313297116\" class=\"text\">\n\t\t\n\n<p>Nous serions ravis d\u2019avoir de vos nouvelles \u2014 qu\u2019il s\u2019agisse d\u2019un retour, d\u2019une question ou simplement d\u2019un message amical. Notre \u00e9quipe est toujours disponible pour vous aider, r\u00e9pondre \u00e0 vos demandes ou explorer des opportunit\u00e9s de collaboration.\u00a0<\/p>\n\t\t\n<style>\n#text-1313297116 {\n  text-align: center;\n}\n<\/style>\n\t<\/div>\n\t\n\n\t\t<\/div>\n\t\t\t\t\t<\/div>\n\n\t\n\n<\/div>\n\n\t\t<\/div>\n\n\t\t\n<style>\n#section_2055163796 {\n  padding-top: 30px;\n  padding-bottom: 30px;\n}\n<\/style>\n\t<\/section>\n\t\n\n\t<section class=\"section\" id=\"section_207741125\">\n\t\t<div class=\"section-bg fill\" >\n\t\t\t\t\t\t\t\t\t\n\t\t\t\n\n\t\t<\/div>\n\n\t\t\n\n\t\t<div class=\"section-content relative\">\n\t\t\t\n\n<div class=\"row row-collapse align-equal\" style=\"max-width:1200px\" id=\"row-634603789\">\n\n\n\t<div id=\"col-531284130\" class=\"col medium-4 small-12 large-4\"  >\n\t\t\t\t<div class=\"col-inner\"  >\n\t\t\t\n\t\t\t\n\n\n  <div class=\"banner has-hover\" id=\"banner-496891639\">\n          <div class=\"banner-inner fill\">\n        <div class=\"banner-bg fill\" >\n            <img decoding=\"async\" width=\"800\" height=\"800\" src=\"https:\/\/rttheadlight.com\/wp-content\/uploads\/2025\/05\/2-1.jpg\" class=\"bg attachment-large size-large\" alt=\"\" \/>                                    \n                    <\/div>\n\t\t\n        <div class=\"banner-layers container\">\n            <div class=\"fill banner-link\"><\/div>            \n\n   <div id=\"text-box-1501217620\" class=\"text-box banner-layer x50 md-x50 lg-x50 y50 md-y50 lg-y50 res-text\">\n                                <div class=\"text-box-content text dark\">\n              \n              <div class=\"text-inner text-center\">\n                  \n\n\n              <\/div>\n           <\/div>\n                            \n<style>\n#text-box-1501217620 {\n  width: 60%;\n}\n#text-box-1501217620 .text-box-content {\n  font-size: 100%;\n}\n@media (min-width:550px) {\n  #text-box-1501217620 {\n    width: 60%;\n  }\n}\n<\/style>\n    <\/div>\n \n\n        <\/div>\n      <\/div>\n\n            \n<style>\n#banner-496891639 {\n  padding-top: 99.99%;\n  background-color: rgb(255, 255, 255);\n}\n<\/style>\n  <\/div>\n\n\n\n\t\t<\/div>\n\t\t\t\t\t<\/div>\n\n\t\n\n\t<div id=\"col-1431303054\" class=\"col medium-4 small-12 large-4\"  >\n\t\t\t\t<div class=\"col-inner text-center\"  >\n\t\t\t\n\t\t\t\n\n\t<div id=\"gap-2067741588\" class=\"gap-element clearfix\" style=\"display:block; height:auto;\">\n\t\t\n<style>\n#gap-2067741588 {\n  padding-top: 25px;\n}\n<\/style>\n\t<\/div>\n\t\n\n\t<div class=\"img has-hover x md-x lg-x y md-y lg-y\" id=\"image_419434011\">\n\t\t\t\t\t\t\t\t<div class=\"img-inner dark\" >\n\t\t\t<img decoding=\"async\" width=\"120\" height=\"120\" src=\"https:\/\/rttheadlight.com\/wp-content\/uploads\/2025\/07\/map-pin-2-fill-1.png\" class=\"attachment-large size-large\" alt=\"\" srcset=\"https:\/\/rttheadlight.com\/wp-content\/uploads\/2025\/07\/map-pin-2-fill-1.png 120w, https:\/\/rttheadlight.com\/wp-content\/uploads\/2025\/07\/map-pin-2-fill-1-100x100.png 100w, https:\/\/rttheadlight.com\/wp-content\/uploads\/2025\/07\/map-pin-2-fill-1-12x12.png 12w\" sizes=\"(max-width: 120px) 100vw, 120px\" \/>\t\t\t\t\t\t\n\t\t\t\t\t<\/div>\n\t\t\t\t\t\t\t\t\n<style>\n#image_419434011 {\n  width: 23%;\n}\n@media (min-width:550px) {\n  #image_419434011 {\n    width: 15%;\n  }\n}\n@media (min-width:850px) {\n  #image_419434011 {\n    width: 23%;\n  }\n}\n<\/style>\n\t<\/div>\n\t\n\n\t<div id=\"text-3439358464\" class=\"text\">\n\t\t\n\n<h2>Adresse<\/h2>\n\t\t\n<style>\n#text-3439358464 {\n  font-size: 1.75rem;\n  text-align: center;\n}\n@media (min-width:550px) {\n  #text-3439358464 {\n    font-size: 1rem;\n  }\n}\n@media (min-width:850px) {\n  #text-3439358464 {\n    font-size: 1.25rem;\n  }\n}\n<\/style>\n\t<\/div>\n\t\n\t<div id=\"text-2736252903\" class=\"text\">\n\t\t\n\n<div>\u00a0FL3, Bloc n\u00b04, Parc industriel Rongyao<\/div>\n<div>Dongguan, Guangdong, 523660 Chine<\/div>\n\t\t\n<style>\n#text-2736252903 {\n  font-size: 1rem;\n  text-align: center;\n}\n@media (min-width:550px) {\n  #text-2736252903 {\n    font-size: 0.9rem;\n  }\n}\n@media (min-width:850px) {\n  #text-2736252903 {\n    font-size: 1rem;\n  }\n}\n<\/style>\n\t<\/div>\n\t\n\n\t\t<\/div>\n\t\t\t\t\n<style>\n#col-1431303054 > .col-inner {\n  padding: 50px 50px 71px 50px;\n}\n@media (min-width:550px) {\n  #col-1431303054 > .col-inner {\n    padding: 10px 10px 10px 11px;\n  }\n}\n@media (min-width:850px) {\n  #col-1431303054 > .col-inner {\n    padding: 10% 10% 10% 10%;\n  }\n}\n<\/style>\n\t<\/div>\n\n\t\n\n\t<div id=\"col-383873706\" class=\"col medium-4 small-12 large-4\"  >\n\t\t\t\t<div class=\"col-inner\"  >\n\t\t\t\n\t\t\t\n\n\n  <div class=\"banner has-hover\" id=\"banner-1504925267\">\n          <div class=\"banner-inner fill\">\n        <div class=\"banner-bg fill\" >\n            <img loading=\"lazy\" decoding=\"async\" width=\"800\" height=\"800\" src=\"https:\/\/rttheadlight.com\/wp-content\/uploads\/2025\/07\/4.jpg\" class=\"bg attachment-large size-large\" alt=\"\" \/>                                    \n                    <\/div>\n\t\t\n        <div class=\"banner-layers container\">\n            <div class=\"fill banner-link\"><\/div>            \n\n   <div id=\"text-box-590813921\" class=\"text-box banner-layer x50 md-x50 lg-x50 y50 md-y50 lg-y50 res-text\">\n                                <div class=\"text-box-content text dark\">\n              \n              <div class=\"text-inner text-center\">\n                  \n\n\n              <\/div>\n           <\/div>\n                            \n<style>\n#text-box-590813921 {\n  width: 60%;\n}\n#text-box-590813921 .text-box-content {\n  font-size: 100%;\n}\n@media (min-width:550px) {\n  #text-box-590813921 {\n    width: 60%;\n  }\n}\n<\/style>\n    <\/div>\n \n\n        <\/div>\n      <\/div>\n\n            \n<style>\n#banner-1504925267 {\n  padding-top: 99.99%;\n  background-color: rgb(255, 255, 255);\n}\n<\/style>\n  <\/div>\n\n\n\n\t\t<\/div>\n\t\t\t\t\t<\/div>\n\n\t\n\n\n<style>\n#row-634603789 > .col > .col-inner {\n  background-color: rgb(238, 238, 238);\n}\n<\/style>\n<\/div>\n<div class=\"row row-collapse align-equal\" style=\"max-width:1200px\" id=\"row-522563546\">\n\n\n\t<div id=\"col-1031380223\" class=\"col medium-4 small-12 large-4\"  >\n\t\t\t\t<div class=\"col-inner text-center\"  >\n\t\t\t\n\t\t\t\n\n\t<div id=\"gap-313498278\" class=\"gap-element clearfix\" style=\"display:block; height:auto;\">\n\t\t\n<style>\n#gap-313498278 {\n  padding-top: 25px;\n}\n<\/style>\n\t<\/div>\n\t\n\n\t<div class=\"img has-hover x md-x lg-x y md-y lg-y\" id=\"image_1755287858\">\n\t\t\t\t\t\t\t\t<div class=\"img-inner dark\" >\n\t\t\t<img loading=\"lazy\" decoding=\"async\" width=\"120\" height=\"120\" src=\"https:\/\/rttheadlight.com\/wp-content\/uploads\/2025\/07\/phone-fill-1.png\" class=\"attachment-large size-large\" alt=\"\" srcset=\"https:\/\/rttheadlight.com\/wp-content\/uploads\/2025\/07\/phone-fill-1.png 120w, https:\/\/rttheadlight.com\/wp-content\/uploads\/2025\/07\/phone-fill-1-100x100.png 100w, https:\/\/rttheadlight.com\/wp-content\/uploads\/2025\/07\/phone-fill-1-12x12.png 12w\" sizes=\"(max-width: 120px) 100vw, 120px\" \/>\t\t\t\t\t\t\n\t\t\t\t\t<\/div>\n\t\t\t\t\t\t\t\t\n<style>\n#image_1755287858 {\n  width: 23%;\n}\n@media (min-width:550px) {\n  #image_1755287858 {\n    width: 15%;\n  }\n}\n@media (min-width:850px) {\n  #image_1755287858 {\n    width: 23%;\n  }\n}\n<\/style>\n\t<\/div>\n\t\n\n\t<div id=\"text-1293856061\" class=\"text\">\n\t\t\n\n<h2>Appelez-nous<\/h2>\n\t\t\n<style>\n#text-1293856061 {\n  font-size: 1.75rem;\n  text-align: center;\n}\n@media (min-width:550px) {\n  #text-1293856061 {\n    font-size: 1rem;\n  }\n}\n@media (min-width:850px) {\n  #text-1293856061 {\n    font-size: 1.25rem;\n  }\n}\n<\/style>\n\t<\/div>\n\t\n\t<div id=\"text-4240403415\" class=\"text\">\n\t\t\n\n<p><strong>Bureau :<\/strong><br \/>+86 137 135 99065 (whatsapp)<\/p>\n\t\t\n<style>\n#text-4240403415 {\n  font-size: 1rem;\n  text-align: center;\n}\n@media (min-width:550px) {\n  #text-4240403415 {\n    font-size: 0.9rem;\n  }\n}\n@media (min-width:850px) {\n  #text-4240403415 {\n    font-size: 1rem;\n  }\n}\n<\/style>\n\t<\/div>\n\t\n\n\t\t<\/div>\n\t\t\t\t\n<style>\n#col-1031380223 > .col-inner {\n  padding: 50px 50px 71px 50px;\n}\n@media (min-width:550px) {\n  #col-1031380223 > .col-inner {\n    padding: 10px 10px 10px 11px;\n  }\n}\n@media (min-width:850px) {\n  #col-1031380223 > .col-inner {\n    padding: 10% 10% 10% 10%;\n  }\n}\n<\/style>\n\t<\/div>\n\n\t\n\n\t<div id=\"col-76207665\" class=\"col medium-4 small-12 large-4\"  >\n\t\t\t\t<div class=\"col-inner\"  >\n\t\t\t\n\t\t\t\n\n\n  <div class=\"banner has-hover\" id=\"banner-2073191289\">\n          <div class=\"banner-inner fill\">\n        <div class=\"banner-bg fill\" >\n            <img loading=\"lazy\" decoding=\"async\" width=\"800\" height=\"800\" src=\"https:\/\/rttheadlight.com\/wp-content\/uploads\/2025\/07\/5.jpg\" class=\"bg attachment-large size-large\" alt=\"\" \/>                                    \n                    <\/div>\n\t\t\n        <div class=\"banner-layers container\">\n            <div class=\"fill banner-link\"><\/div>            \n\n   <div id=\"text-box-439707874\" class=\"text-box banner-layer x50 md-x50 lg-x50 y50 md-y50 lg-y50 res-text\">\n                                <div class=\"text-box-content text dark\">\n              \n              <div class=\"text-inner text-center\">\n                  \n\n\n              <\/div>\n           <\/div>\n                            \n<style>\n#text-box-439707874 {\n  width: 60%;\n}\n#text-box-439707874 .text-box-content {\n  font-size: 100%;\n}\n@media (min-width:550px) {\n  #text-box-439707874 {\n    width: 60%;\n  }\n}\n<\/style>\n    <\/div>\n \n\n        <\/div>\n      <\/div>\n\n            \n<style>\n#banner-2073191289 {\n  padding-top: 99.99%;\n  background-color: rgb(255, 255, 255);\n}\n<\/style>\n  <\/div>\n\n\n\n\t\t<\/div>\n\t\t\t\t\t<\/div>\n\n\t\n\n\t<div id=\"col-561698516\" class=\"col medium-4 small-12 large-4\"  >\n\t\t\t\t<div class=\"col-inner text-center\"  >\n\t\t\t\n\t\t\t\n\n\t<div id=\"gap-622425769\" class=\"gap-element clearfix\" style=\"display:block; height:auto;\">\n\t\t\n<style>\n#gap-622425769 {\n  padding-top: 25px;\n}\n<\/style>\n\t<\/div>\n\t\n\n\t<div class=\"img has-hover x md-x lg-x y md-y lg-y\" id=\"image_1604065993\">\n\t\t\t\t\t\t\t\t<div class=\"img-inner dark\" >\n\t\t\t<img loading=\"lazy\" decoding=\"async\" width=\"120\" height=\"120\" src=\"https:\/\/rttheadlight.com\/wp-content\/uploads\/2025\/07\/mail-fill-1.png\" class=\"attachment-large size-large\" alt=\"\" srcset=\"https:\/\/rttheadlight.com\/wp-content\/uploads\/2025\/07\/mail-fill-1.png 120w, https:\/\/rttheadlight.com\/wp-content\/uploads\/2025\/07\/mail-fill-1-100x100.png 100w, https:\/\/rttheadlight.com\/wp-content\/uploads\/2025\/07\/mail-fill-1-12x12.png 12w\" sizes=\"(max-width: 120px) 100vw, 120px\" \/>\t\t\t\t\t\t\n\t\t\t\t\t<\/div>\n\t\t\t\t\t\t\t\t\n<style>\n#image_1604065993 {\n  width: 23%;\n}\n@media (min-width:550px) {\n  #image_1604065993 {\n    width: 15%;\n  }\n}\n@media (min-width:850px) {\n  #image_1604065993 {\n    width: 23%;\n  }\n}\n<\/style>\n\t<\/div>\n\t\n\n\t<div id=\"text-3523588983\" class=\"text\">\n\t\t\n\n<h2>E-mail<\/h2>\n\t\t\n<style>\n#text-3523588983 {\n  font-size: 1.75rem;\n  text-align: center;\n}\n@media (min-width:550px) {\n  #text-3523588983 {\n    font-size: 1rem;\n  }\n}\n@media (min-width:850px) {\n  #text-3523588983 {\n    font-size: 1.25rem;\n  }\n}\n<\/style>\n\t<\/div>\n\t\n\t<div id=\"text-2782566445\" class=\"text\">\n\t\t\n\n<p><strong>Bureau :<br \/><\/strong>sales@retuotech.com<\/p>\n\t\t\n<style>\n#text-2782566445 {\n  font-size: 1rem;\n  text-align: center;\n}\n@media (min-width:550px) {\n  #text-2782566445 {\n    font-size: 0.9rem;\n  }\n}\n@media (min-width:850px) {\n  #text-2782566445 {\n    font-size: 1rem;\n  }\n}\n<\/style>\n\t<\/div>\n\t\n\n\t\t<\/div>\n\t\t\t\t\n<style>\n#col-561698516 > .col-inner {\n  padding: 50px 50px 71px 50px;\n}\n@media (min-width:550px) {\n  #col-561698516 > .col-inner {\n    padding: 10px 10px 10px 11px;\n  }\n}\n@media (min-width:850px) {\n  #col-561698516 > .col-inner {\n    padding: 10% 10% 10% 10%;\n  }\n}\n<\/style>\n\t<\/div>\n\n\t\n\n\n<style>\n#row-522563546 > .col > .col-inner {\n  background-color: rgb(238, 238, 238);\n}\n<\/style>\n<\/div>\n\t<div id=\"gap-1315318073\" class=\"gap-element clearfix\" style=\"display:block; height:auto;\">\n\t\t\n<style>\n#gap-1315318073 {\n  padding-top: 100px;\n}\n<\/style>\n\t<\/div>\n\t\n\n\n\t\t<\/div>\n\n\t\t\n<style>\n#section_207741125 {\n  padding-top: 0px;\n  padding-bottom: 0px;\n}\n<\/style>\n\t<\/section>","protected":false},"excerpt":{"rendered":"","protected":false},"author":2,"featured_media":0,"parent":0,"menu_order":0,"comment_status":"closed","ping_status":"closed","template":"","meta":{"footnotes":""},"class_list":["post-17","page","type-page","status-publish","hentry"],"_links":{"self":[{"href":"https:\/\/rttheadlight.com\/fr\/wp-json\/wp\/v2\/pages\/17","targetHints":{"allow":["GET"]}}],"collection":[{"href":"https:\/\/rttheadlight.com\/fr\/wp-json\/wp\/v2\/pages"}],"about":[{"href":"https:\/\/rttheadlight.com\/fr\/wp-json\/wp\/v2\/types\/page"}],"author":[{"embeddable":true,"href":"https:\/\/rttheadlight.com\/fr\/wp-json\/wp\/v2\/users\/2"}],"replies":[{"embeddable":true,"href":"https:\/\/rttheadlight.com\/fr\/wp-json\/wp\/v2\/comments?post=17"}],"version-history":[{"count":17,"href":"https:\/\/rttheadlight.com\/fr\/wp-json\/wp\/v2\/pages\/17\/revisions"}],"predecessor-version":[{"id":2166,"href":"https:\/\/rttheadlight.com\/fr\/wp-json\/wp\/v2\/pages\/17\/revisions\/2166"}],"wp:attachment":[{"href":"https:\/\/rttheadlight.com\/fr\/wp-json\/wp\/v2\/media?parent=17"}],"curies":[{"name":"wp","href":"https:\/\/api.w.org\/{rel}","templated":true}]}}