{"id":13,"date":"2025-05-17T04:10:48","date_gmt":"2025-05-17T04:10:48","guid":{"rendered":"https:\/\/maroon-owl-715960.hostingersite.com\/?page_id=13"},"modified":"2026-04-07T12:42:46","modified_gmt":"2026-04-07T12:42:46","slug":"about","status":"publish","type":"page","link":"https:\/\/rttheadlight.com\/fr\/about\/","title":{"rendered":"\u00c0 propos"},"content":{"rendered":"<section class=\"section\" id=\"section_416880809\">\n\t\t<div class=\"section-bg fill\" >\n\t\t\t<img fetchpriority=\"high\" decoding=\"async\" width=\"1200\" height=\"417\" src=\"https:\/\/rttheadlight.com\/wp-content\/uploads\/2025\/05\/4-1.jpg\" class=\"bg attachment- size-\" alt=\"\" \/>\t\t\t\t\t\t\n\t\t\t\n\n\t\t<\/div>\n\n\t\t\n\n\t\t<div class=\"section-content relative\">\n\t\t\t\n\n\t<div id=\"text-2422499271\" class=\"text\">\n\t\t\n\n<h2 class=\"uppercase\">To Be No.1<\/h2>\n<h3 class=\"thin-font\">In The LED Headlight Niche<\/h3>\n\t\t\n<style>\n#text-2422499271 {\n  text-align: left;\n  color: rgb(255,255,255);\n}\n#text-2422499271 > * {\n  color: rgb(255,255,255);\n}\n<\/style>\n\t<\/div>\n\t\n\n\t\t<\/div>\n\n\t\t\n<style>\n#section_416880809 {\n  padding-top: 30px;\n  padding-bottom: 30px;\n  min-height: 250px;\n}\n#section_416880809 .section-bg img {\n  object-position: 59% 90%;\n}\n@media (min-width:550px) {\n  #section_416880809 {\n    min-height: 325px;\n  }\n}\n<\/style>\n\t<\/section>\n\t\n\n\t<section class=\"section\" id=\"section_778926707\">\n\t\t<div class=\"section-bg fill\" >\n\t\t\t\t\t\t\t\t\t\n\t\t\t\n\n\t\t<\/div>\n\n\t\t\n\n\t\t<div class=\"section-content relative\">\n\t\t\t\n\n\t<div id=\"gap-391977578\" class=\"gap-element clearfix\" style=\"display:block; height:auto;\">\n\t\t\n<style>\n#gap-391977578 {\n  padding-top: 20px;\n}\n@media (min-width:550px) {\n  #gap-391977578 {\n    padding-top: 40px;\n  }\n}\n<\/style>\n\t<\/div>\n\t\n\n<div class=\"row\"  id=\"row-129612354\">\n\n\n\t<div id=\"col-891295662\" class=\"col medium-4 small-12 large-4\"  >\n\t\t\t\t<div class=\"col-inner\"  >\n\t\t\t\n\t\t\t\n\n\t<div id=\"gap-529867850\" class=\"gap-element clearfix hide-for-medium\" style=\"display:block; height:auto;\">\n\t\t\n<style>\n#gap-529867850 {\n  padding-top: 10px;\n}\n<\/style>\n\t<\/div>\n\t\n\n\t<div id=\"text-183341453\" class=\"text\">\n\t\t\n\n<h3>\u00c0 propos de nous<\/h3>\n\t\t\n<style>\n#text-183341453 {\n  font-size: 1.75rem;\n  line-height: 1.25;\n}\n@media (min-width:850px) {\n  #text-183341453 {\n    line-height: 0.75;\n  }\n}\n<\/style>\n\t<\/div>\n\t\n<a href=\"https:\/\/rttheadlight.com\/contact\/\" class=\"button success is-link\"  >\n\t\t<span>Contactez-nous<\/span>\n\t<i class=\"icon-angle-right\" aria-hidden=\"true\" ><\/i><\/a>\n\n\n\n\t\t<\/div>\n\t\t\t\t\n<style>\n#col-891295662 > .col-inner {\n  margin: 0px 0px -20px 0px;\n}\n<\/style>\n\t<\/div>\n\n\t\n\n\t<div id=\"col-1586179940\" class=\"col medium-8 small-12 large-8\"  >\n\t\t\t\t<div class=\"col-inner\"  >\n\t\t\t\n\t\t\t\n\n<p>Dongguan Ruituo Technology Co., Ltd., established in 2019, is an ISO9001 certified enterprise integrating R&amp;D, production, sales, and service of 360\u00b0 luminous automotive lighting products. All R&amp;D and management personnel have been engaged in the LED automotive lighting industry for more than 10 years. The company is committed to focusing on 360\u00b0 luminous lighting products, continuously innovating and making breakthroughs in this field.<\/p>\n<p>En cons\u00e9quence, l\u2019entreprise a d\u00e9pos\u00e9 58 brevets nationaux et 1 brevet international PCT, dont 56 brevets chinois ont \u00e9t\u00e9 autoris\u00e9s et ont obtenu les certificats correspondants. Ceux-ci comprennent 1 brevet d\u2019invention national, 4 brevets de mod\u00e8le d\u2019utilit\u00e9 et 1 brevet de design, tous ayant pass\u00e9 des recherches approfondies aupr\u00e8s de l\u2019Administration nationale de la propri\u00e9t\u00e9 intellectuelle et obtenu des rapports positifs sur les droits de brevet. Gr\u00e2ce \u00e0 une innovation continue et \u00e0 une pers\u00e9v\u00e9rance constante, l\u2019entreprise a officiellement obtenu en 2022 la qualification nationale d\u2019\u00ab Entreprise de haute technologie \u00bb (num\u00e9ro de certificat : GR202244009723).<\/p>\n\n\t\t<\/div>\n\t\t\t\t\t<\/div>\n\n\t\n\n<\/div>\n\n\t\t<\/div>\n\n\t\t\n<style>\n#section_778926707 {\n  padding-top: 30px;\n  padding-bottom: 30px;\n}\n<\/style>\n\t<\/section>","protected":false},"excerpt":{"rendered":"","protected":false},"author":2,"featured_media":0,"parent":0,"menu_order":0,"comment_status":"closed","ping_status":"closed","template":"","meta":{"footnotes":""},"class_list":["post-13","page","type-page","status-publish","hentry"],"_links":{"self":[{"href":"https:\/\/rttheadlight.com\/fr\/wp-json\/wp\/v2\/pages\/13","targetHints":{"allow":["GET"]}}],"collection":[{"href":"https:\/\/rttheadlight.com\/fr\/wp-json\/wp\/v2\/pages"}],"about":[{"href":"https:\/\/rttheadlight.com\/fr\/wp-json\/wp\/v2\/types\/page"}],"author":[{"embeddable":true,"href":"https:\/\/rttheadlight.com\/fr\/wp-json\/wp\/v2\/users\/2"}],"replies":[{"embeddable":true,"href":"https:\/\/rttheadlight.com\/fr\/wp-json\/wp\/v2\/comments?post=13"}],"version-history":[{"count":6,"href":"https:\/\/rttheadlight.com\/fr\/wp-json\/wp\/v2\/pages\/13\/revisions"}],"predecessor-version":[{"id":2239,"href":"https:\/\/rttheadlight.com\/fr\/wp-json\/wp\/v2\/pages\/13\/revisions\/2239"}],"wp:attachment":[{"href":"https:\/\/rttheadlight.com\/fr\/wp-json\/wp\/v2\/media?parent=13"}],"curies":[{"name":"wp","href":"https:\/\/api.w.org\/{rel}","templated":true}]}}