{"id":752,"date":"2025-06-05T02:40:33","date_gmt":"2025-06-05T02:40:33","guid":{"rendered":"https:\/\/rttheadlight.com\/?post_type=product&#038;p=752"},"modified":"2026-02-08T08:36:33","modified_gmt":"2026-02-08T08:36:33","slug":"l7-6-sided-high-power-red-copper-series-led-headlight","status":"publish","type":"product","link":"https:\/\/rttheadlight.com\/es\/product\/l7-6-sided-high-power-red-copper-series-led-headlight\/","title":{"rendered":"Faro LED Serie Cobre Rojo L7 de 6 Caras Alta Potencia"},"content":{"rendered":"<table>\n<tbody>\n<tr>\n<td width=\"160\">Voltaje<\/td>\n<td width=\"180\">12V<\/td>\n<\/tr>\n<tr>\n<td width=\"160\">Consumo de energ\u00eda<\/td>\n<td width=\"180\">45W<\/td>\n<\/tr>\n<tr>\n<td width=\"160\">Temperatura de color<\/td>\n<td width=\"180\">6000K<\/td>\n<\/tr>\n<tr>\n<td width=\"160\">Brillo<\/td>\n<td width=\"180\">5000Lm<\/td>\n<\/tr>\n<tr>\n<td width=\"160\">Di\u00e1metro del n\u00facleo LED<\/td>\n<td width=\"180\">5mm<\/td>\n<\/tr>\n<tr>\n<td width=\"160\">Fuente de alimentaci\u00f3n<\/td>\n<td width=\"180\">Fuente de alimentaci\u00f3n con interruptor externo<\/td>\n<\/tr>\n<tr>\n<td width=\"160\">Modelos compatibles<\/td>\n<td width=\"180\">H1\/H3\/H4\/H7\/H8\/H9\/H11\/9005\/9006\/9012<\/td>\n<\/tr>\n<\/tbody>\n<\/table>","protected":false},"excerpt":{"rendered":"<p class=\"\" data-start=\"306\" data-end=\"775\">Este modelo est\u00e1 equipado con una varilla conductora de cobre rojo para lograr un rendimiento \u00f3ptimo de disipaci\u00f3n del calor. Mantiene los mismos est\u00e1ndares de rendimiento y calidad, como el dise\u00f1o LED de 6 caras, un n\u00facleo de 5 mm, un driver externo y tecnolog\u00edas t\u00e9rmicas patentadas.<\/p>\n<hr class=\"\" data-start=\"777\" data-end=\"780\" \/>\n<h3 class=\"\" data-start=\"782\" data-end=\"802\"><strong data-start=\"786\" data-end=\"802\">Caracter\u00edsticas clave:<\/strong><\/h3>\n<ol data-start=\"804\" data-end=\"2145\">\n<li class=\"\" data-start=\"804\" data-end=\"957\">\n<p class=\"\" data-start=\"807\" data-end=\"957\"><strong data-start=\"807\" data-end=\"841\">Red Copper Heat Conduct<\/strong><br data-start=\"841\" data-end=\"844\" \/>\u2013 Equipado con una varilla conductora de cobre rojo para una disipaci\u00f3n de calor \u00f3ptima.<\/p>\n<\/li>\n<li class=\"\" data-start=\"959\" data-end=\"1104\">\n<p class=\"\" data-start=\"962\" data-end=\"1104\"><strong data-start=\"962\" data-end=\"991\">Configuraci\u00f3n LED de 6 caras<\/strong><br data-start=\"991\" data-end=\"994\" \/>\u2013 Garantiza una iluminaci\u00f3n real de 360\u00b0 con un patr\u00f3n de haz uniforme y sin zonas oscuras, mejorando la visibilidad al conducir.<\/p>\n<\/li>\n<li class=\"\" data-start=\"1258\" data-end=\"1397\">\n<p class=\"\" data-start=\"1261\" data-end=\"1397\"><strong data-start=\"1261\" data-end=\"1286\">Di\u00e1metro del n\u00facleo LED de 5 mm<\/strong><br data-start=\"1286\" data-end=\"1289\" \/>\u2013 Permite una excelente focalizaci\u00f3n del haz, imitando los patrones tradicionales de hal\u00f3geno y HID para una compatibilidad \u00f3ptima.<\/p>\n<\/li>\n<li class=\"\" data-start=\"1399\" data-end=\"1532\">\n<p class=\"\" data-start=\"1402\" data-end=\"1532\"><strong data-start=\"1402\" data-end=\"1439\">Tecnolog\u00eda de encapsulaci\u00f3n patentada<\/strong><br data-start=\"1439\" data-end=\"1442\" \/>\u2013 Protege los componentes LED a la vez que mejora la resistencia t\u00e9rmica y el rendimiento a largo plazo.<\/p>\n<\/li>\n<li class=\"\" data-start=\"1534\" data-end=\"1687\">\n<p class=\"\" data-start=\"1537\" data-end=\"1687\"><strong data-start=\"1537\" data-end=\"1578\">Sistema de disipaci\u00f3n t\u00e9rmica de cobre rojo<\/strong><br data-start=\"1578\" data-end=\"1581\" \/>\u2013 Dise\u00f1o de transferencia t\u00e9rmica eficiente que utiliza tubos y varillas de cobre rojo para mantener temperaturas de funcionamiento estables.<\/p>\n<\/li>\n<li class=\"\" data-start=\"1689\" data-end=\"1848\">\n<p class=\"\" data-start=\"1692\" data-end=\"1848\"><strong data-start=\"1692\" data-end=\"1734\">Dise\u00f1o de separaci\u00f3n t\u00e9rmica y el\u00e9ctrica<\/strong><br data-start=\"1734\" data-end=\"1737\" \/>\u2013 A\u00edsla los sistemas de gesti\u00f3n t\u00e9rmica y de energ\u00eda, reduciendo las interferencias el\u00e9ctricas y aumentando la fiabilidad.<\/p>\n<\/li>\n<li class=\"\" data-start=\"1850\" data-end=\"1981\">\n<p class=\"\" data-start=\"1853\" data-end=\"1981\"><strong data-start=\"1853\" data-end=\"1885\">Fuente de alimentaci\u00f3n con driver externo<\/strong><br data-start=\"1885\" data-end=\"1888\" \/>\u2013 Garantiza un suministro de energ\u00eda constante y reduce la carga t\u00e9rmica dentro de la carcasa del faro.<\/p>\n<\/li>\n<\/ol>","protected":false},"featured_media":755,"template":"","meta":[],"product_brand":[],"product_cat":[21],"product_tag":[24],"class_list":{"0":"post-752","1":"product","2":"type-product","3":"status-publish","4":"has-post-thumbnail","6":"product_cat-6-sided-led-headlight","7":"product_tag-led-headlight","9":"first","10":"instock","11":"shipping-taxable","12":"product-type-simple"},"_links":{"self":[{"href":"https:\/\/rttheadlight.com\/es\/wp-json\/wp\/v2\/product\/752","targetHints":{"allow":["GET"]}}],"collection":[{"href":"https:\/\/rttheadlight.com\/es\/wp-json\/wp\/v2\/product"}],"about":[{"href":"https:\/\/rttheadlight.com\/es\/wp-json\/wp\/v2\/types\/product"}],"wp:featuredmedia":[{"embeddable":true,"href":"https:\/\/rttheadlight.com\/es\/wp-json\/wp\/v2\/media\/755"}],"wp:attachment":[{"href":"https:\/\/rttheadlight.com\/es\/wp-json\/wp\/v2\/media?parent=752"}],"wp:term":[{"taxonomy":"product_brand","embeddable":true,"href":"https:\/\/rttheadlight.com\/es\/wp-json\/wp\/v2\/product_brand?post=752"},{"taxonomy":"product_cat","embeddable":true,"href":"https:\/\/rttheadlight.com\/es\/wp-json\/wp\/v2\/product_cat?post=752"},{"taxonomy":"product_tag","embeddable":true,"href":"https:\/\/rttheadlight.com\/es\/wp-json\/wp\/v2\/product_tag?post=752"}],"curies":[{"name":"wp","href":"https:\/\/api.w.org\/{rel}","templated":true}]}}