{"id":728,"date":"2025-06-05T02:09:41","date_gmt":"2025-06-05T02:09:41","guid":{"rendered":"https:\/\/rttheadlight.com\/?post_type=product&#038;p=728"},"modified":"2026-02-02T11:59:31","modified_gmt":"2026-02-02T11:59:31","slug":"r9-8-sided-chinese-style-high-power-series-led-headlight","status":"publish","type":"product","link":"https:\/\/rttheadlight.com\/es\/product\/r9-8-sided-chinese-style-high-power-series-led-headlight\/","title":{"rendered":"Faro LED Serie Alta Potencia R9 de 8 Caras Estilo Chino"},"content":{"rendered":"<table>\n<tbody>\n<tr>\n<td width=\"160\">Voltaje<\/td>\n<td width=\"180\">12V<\/td>\n<\/tr>\n<tr>\n<td width=\"160\">Consumo de energ\u00eda<\/td>\n<td width=\"180\">50W<\/td>\n<\/tr>\n<tr>\n<td width=\"160\">Temperatura de color<\/td>\n<td width=\"180\">3000K\/4300K\/6000K\/8000K<\/td>\n<\/tr>\n<tr>\n<td width=\"160\">Brillo<\/td>\n<td width=\"180\">6000Lm<\/td>\n<\/tr>\n<tr>\n<td width=\"160\">Di\u00e1metro del n\u00facleo LED<\/td>\n<td width=\"180\">6mm<\/td>\n<\/tr>\n<tr>\n<td width=\"160\">Fuente de alimentaci\u00f3n<\/td>\n<td width=\"180\">Fuente de alimentaci\u00f3n con interruptor externo<\/td>\n<\/tr>\n<tr>\n<td width=\"160\">Modelos compatibles<\/td>\n<td width=\"180\">H1\/H3\/H4\/H7\/H11\/9005\/9006\/9012<\/td>\n<\/tr>\n<\/tbody>\n<\/table>","protected":false},"excerpt":{"rendered":"<p class=\"\" data-start=\"191\" data-end=\"844\">Este modelo de faro LED de alto rendimiento de estilo chino cuenta con una estructura LED de 8 caras y un n\u00facleo emisor de luz de 6 mm, dise\u00f1ado para ofrecer una iluminaci\u00f3n potente y de amplio \u00e1ngulo con mayor brillo. Equipado con una fuente de alimentaci\u00f3n con driver externo, garantiza una corriente estable y una gesti\u00f3n t\u00e9rmica optimizada. Combinado con nuestra tecnolog\u00eda de encapsulaci\u00f3n patentada, un sistema de disipaci\u00f3n de calor de cobre rojo y un dise\u00f1o de separaci\u00f3n t\u00e9rmica y el\u00e9ctrica, este modelo ofrece una fiabilidad excepcional y una gran adaptabilidad a diversas condiciones de conducci\u00f3n. M\u00faltiples opciones de temperatura de color permiten a los conductores cambiar los modos de iluminaci\u00f3n seg\u00fan el clima y sus preferencias personales.<\/p>\n<hr class=\"\" data-start=\"846\" data-end=\"849\" \/>\n<h3 class=\"\" data-start=\"851\" data-end=\"871\"><strong data-start=\"855\" data-end=\"871\">Caracter\u00edsticas clave:<\/strong><\/h3>\n<ol data-start=\"873\" data-end=\"1987\">\n<li class=\"\" data-start=\"873\" data-end=\"1020\">\n<p class=\"\" data-start=\"876\" data-end=\"1020\"><strong data-start=\"876\" data-end=\"908\">Fuente de alimentaci\u00f3n con driver externo<\/strong><br data-start=\"908\" data-end=\"911\" \/>\u2013 Garantiza un mejor aislamiento t\u00e9rmico y una salida el\u00e9ctrica estable, especialmente en aplicaciones de alto rendimiento.<\/p>\n<\/li>\n<li class=\"\" data-start=\"1022\" data-end=\"1149\">\n<p class=\"\" data-start=\"1025\" data-end=\"1149\"><strong data-start=\"1025\" data-end=\"1054\">Configuraci\u00f3n LED de 8 caras<\/strong><br data-start=\"1054\" data-end=\"1057\" \/>\u2013 Proporciona una iluminaci\u00f3n real de 360\u00b0 con un \u00e1ngulo de haz m\u00e1s amplio y una mayor cobertura de la carretera.<\/p>\n<\/li>\n<li class=\"\" data-start=\"1151\" data-end=\"1286\">\n<p class=\"\" data-start=\"1154\" data-end=\"1286\"><strong data-start=\"1154\" data-end=\"1179\">Di\u00e1metro del n\u00facleo LED de 6 mm<\/strong><br data-start=\"1179\" data-end=\"1182\" \/>\u2013 Ofrece un equilibrio entre enfoque del haz y brillo, mejorando la visibilidad a larga distancia y la visi\u00f3n perif\u00e9rica.<\/p>\n<\/li>\n<li class=\"\" data-start=\"1288\" data-end=\"1432\">\n<p class=\"\" data-start=\"1291\" data-end=\"1432\"><strong data-start=\"1291\" data-end=\"1324\">Temperaturas de color seleccionables<\/strong><br data-start=\"1324\" data-end=\"1327\" \/>\u2013 Soporta 3000\u202fK, 4300\u202fK, 6000\u202fK y 8000\u202fK para iluminaci\u00f3n personalizable en diversas condiciones clim\u00e1ticas.<\/p>\n<\/li>\n<li class=\"\" data-start=\"1434\" data-end=\"1575\">\n<p class=\"\" data-start=\"1437\" data-end=\"1575\"><strong data-start=\"1437\" data-end=\"1478\">Sistema de disipaci\u00f3n t\u00e9rmica de cobre rojo<\/strong><br data-start=\"1478\" data-end=\"1481\" \/>\u2013 Utiliza tubo y varilla de cobre de alta eficiencia para mantener la temperatura de funcionamiento por debajo de 100\u202f\u00b0C.<\/p>\n<\/li>\n<li class=\"\" data-start=\"1577\" data-end=\"1695\">\n<p class=\"\" data-start=\"1580\" data-end=\"1695\"><strong data-start=\"1580\" data-end=\"1617\">Tecnolog\u00eda de encapsulaci\u00f3n patentada<\/strong><br data-start=\"1617\" data-end=\"1620\" \/>\u2013 Mejora la estabilidad t\u00e9rmica, protege los chips LED y aumenta la durabilidad.<\/p>\n<\/li>\n<li class=\"\" data-start=\"1697\" data-end=\"1846\">\n<p class=\"\" data-start=\"1700\" data-end=\"1846\"><strong data-start=\"1700\" data-end=\"1742\">Dise\u00f1o de separaci\u00f3n t\u00e9rmica y el\u00e9ctrica<\/strong><br data-start=\"1742\" data-end=\"1745\" \/>\u2013 Mejora la seguridad y el rendimiento general al evitar que el calor afecte a los componentes el\u00e9ctricos.<\/p>\n<\/li>\n<\/ol>","protected":false},"featured_media":730,"template":"","meta":[],"product_brand":[],"product_cat":[22],"product_tag":[24],"class_list":{"0":"post-728","1":"product","2":"type-product","3":"status-publish","4":"has-post-thumbnail","6":"product_cat-8-sided-led-headlight","7":"product_tag-led-headlight","9":"first","10":"instock","11":"shipping-taxable","12":"product-type-simple"},"_links":{"self":[{"href":"https:\/\/rttheadlight.com\/es\/wp-json\/wp\/v2\/product\/728","targetHints":{"allow":["GET"]}}],"collection":[{"href":"https:\/\/rttheadlight.com\/es\/wp-json\/wp\/v2\/product"}],"about":[{"href":"https:\/\/rttheadlight.com\/es\/wp-json\/wp\/v2\/types\/product"}],"wp:featuredmedia":[{"embeddable":true,"href":"https:\/\/rttheadlight.com\/es\/wp-json\/wp\/v2\/media\/730"}],"wp:attachment":[{"href":"https:\/\/rttheadlight.com\/es\/wp-json\/wp\/v2\/media?parent=728"}],"wp:term":[{"taxonomy":"product_brand","embeddable":true,"href":"https:\/\/rttheadlight.com\/es\/wp-json\/wp\/v2\/product_brand?post=728"},{"taxonomy":"product_cat","embeddable":true,"href":"https:\/\/rttheadlight.com\/es\/wp-json\/wp\/v2\/product_cat?post=728"},{"taxonomy":"product_tag","embeddable":true,"href":"https:\/\/rttheadlight.com\/es\/wp-json\/wp\/v2\/product_tag?post=728"}],"curies":[{"name":"wp","href":"https:\/\/api.w.org\/{rel}","templated":true}]}}