{"id":249,"date":"2025-05-20T15:49:39","date_gmt":"2025-05-20T15:49:39","guid":{"rendered":"https:\/\/rttheadlight.com\/?post_type=product&#038;p=249"},"modified":"2026-02-02T11:55:13","modified_gmt":"2026-02-02T11:55:13","slug":"l6-6-sided-classic-series-led-headlight","status":"publish","type":"product","link":"https:\/\/rttheadlight.com\/es\/product\/l6-6-sided-classic-series-led-headlight\/","title":{"rendered":"Faro LED Serie Cl\u00e1sica L6 de 6 Caras"},"content":{"rendered":"<table>\n<tbody>\n<tr>\n<td width=\"160\">Voltaje<\/td>\n<td width=\"180\">12V<\/td>\n<\/tr>\n<tr>\n<td width=\"160\">Consumo de energ\u00eda<\/td>\n<td width=\"180\">25W<\/td>\n<\/tr>\n<tr>\n<td width=\"160\">Temperatura de color<\/td>\n<td width=\"180\">3000K\/4300K\/6000K\/8000K<\/td>\n<\/tr>\n<tr>\n<td width=\"160\">Brillo<\/td>\n<td width=\"180\">2700Lm<\/td>\n<\/tr>\n<tr>\n<td width=\"160\">Di\u00e1metro del n\u00facleo LED<\/td>\n<td width=\"180\">5mm<\/td>\n<\/tr>\n<tr>\n<td width=\"160\">Fuente de alimentaci\u00f3n<\/td>\n<td width=\"180\">Fuente de alimentaci\u00f3n con interruptor externo<\/td>\n<\/tr>\n<tr>\n<td width=\"160\">Modelos compatibles<\/td>\n<td width=\"180\">H1\/H3\/H4\/H7\/H11\/9005\/9006\/9012<\/td>\n<\/tr>\n<\/tbody>\n<\/table>","protected":false},"excerpt":{"rendered":"<p class=\"\" data-start=\"230\" data-end=\"766\">Este modelo de faro LED combina la versatilidad de m\u00faltiples temperaturas de color con un dise\u00f1o compacto todo-en-uno, lo que lo hace ideal para veh\u00edculos con espacio limitado en la carcasa del faro. Conserva nuestro dise\u00f1o LED de 6 caras caracter\u00edstico, n\u00facleo luminoso de 5 mm y dise\u00f1o avanzado de separaci\u00f3n t\u00e9rmico-el\u00e9ctrica, utilizando una fuente de alimentaci\u00f3n integrada para simplificar la instalaci\u00f3n. Con temperaturas de color seleccionables de 3000K, 4300K, 6000K y 8000K, los conductores pueden adaptar f\u00e1cilmente la iluminaci\u00f3n a distintas condiciones meteorol\u00f3gicas y de carretera.<\/p>\n<hr class=\"\" data-start=\"768\" data-end=\"771\" \/>\n<h3 class=\"\" data-start=\"773\" data-end=\"793\"><strong data-start=\"777\" data-end=\"793\">Caracter\u00edsticas clave:<\/strong><\/h3>\n<ol data-start=\"795\" data-end=\"2085\">\n<li class=\"\" data-start=\"795\" data-end=\"971\">\n<p class=\"\" data-start=\"798\" data-end=\"971\"><strong data-start=\"798\" data-end=\"842\">Tama\u00f1o compacto para compatibilidad universal<\/strong><br data-start=\"842\" data-end=\"845\" \/>\u2013 El dise\u00f1o de cuerpo delgado asegura un mejor ajuste en carcasas de faros estrechas, facilitando la instalaci\u00f3n en m\u00e1s modelos de veh\u00edculos.<\/p>\n<\/li>\n<li class=\"\" data-start=\"973\" data-end=\"1120\">\n<p class=\"\" data-start=\"976\" data-end=\"1120\"><strong data-start=\"976\" data-end=\"1008\">Fuente de alimentaci\u00f3n incorporada del driver<\/strong><br data-start=\"1008\" data-end=\"1011\" \/>\u2013 El dise\u00f1o integrado reduce la complejidad del cableado y ahorra espacio, al tiempo que proporciona energ\u00eda estable y confiable.<\/p>\n<\/li>\n<li class=\"\" data-start=\"1122\" data-end=\"1288\">\n<p class=\"\" data-start=\"1125\" data-end=\"1288\"><strong data-start=\"1125\" data-end=\"1170\">Temperaturas de color seleccionables<\/strong><br data-start=\"1170\" data-end=\"1173\" \/>\u2013 Cambie entre 3000K, 4300K, 6000K y 8000K para adaptarse a diversos entornos de conducci\u00f3n y condiciones meteorol\u00f3gicas.<\/p>\n<\/li>\n<li class=\"\" data-start=\"1290\" data-end=\"1407\">\n<p class=\"\" data-start=\"1293\" data-end=\"1407\"><strong data-start=\"1293\" data-end=\"1322\">Configuraci\u00f3n LED de 6 caras<\/strong><br data-start=\"1322\" data-end=\"1325\" \/>\u2013 Proporciona cobertura de haz real de 360\u00b0 con iluminaci\u00f3n uniforme y sin zonas oscuras.<\/p>\n<\/li>\n<li class=\"\" data-start=\"1409\" data-end=\"1509\">\n<p class=\"\" data-start=\"1412\" data-end=\"1509\"><strong data-start=\"1412\" data-end=\"1437\">Di\u00e1metro del n\u00facleo LED de 5 mm<\/strong><br data-start=\"1437\" data-end=\"1440\" \/>\u2013 Proporciona un enfoque de haz n\u00edtido con un rendimiento \u00f3ptico similar al de los hal\u00f3genos.<\/p>\n<\/li>\n<li class=\"\" data-start=\"1511\" data-end=\"1626\">\n<p class=\"\" data-start=\"1514\" data-end=\"1626\"><strong data-start=\"1514\" data-end=\"1551\">Tecnolog\u00eda de encapsulaci\u00f3n patentada<\/strong><br data-start=\"1551\" data-end=\"1554\" \/>\u2013 Mejora la protecci\u00f3n de los LED y asegura un rendimiento t\u00e9rmico constante.<\/p>\n<\/li>\n<li class=\"\" data-start=\"1628\" data-end=\"1771\">\n<p class=\"\" data-start=\"1631\" data-end=\"1771\"><strong data-start=\"1631\" data-end=\"1669\">Sistema de disipaci\u00f3n de calor de cobre rojo<\/strong><br data-start=\"1669\" data-end=\"1672\" \/>\u2013 Utiliza tubo y varilla de cobre de alta eficiencia para mantener bajas las temperaturas de funcionamiento y prolongar la vida \u00fatil.<\/p>\n<\/li>\n<li class=\"\" data-start=\"1773\" data-end=\"1914\">\n<p class=\"\" data-start=\"1776\" data-end=\"1914\"><strong data-start=\"1776\" data-end=\"1818\">Dise\u00f1o de separaci\u00f3n t\u00e9rmica y el\u00e9ctrica<\/strong><br data-start=\"1818\" data-end=\"1821\" \/>\u2013 Aumenta la seguridad y el rendimiento al aislar el calor de los componentes el\u00e9ctricos sensibles.<\/p>\n<\/li>\n<\/ol>","protected":false},"featured_media":261,"template":"","meta":[],"product_brand":[],"product_cat":[21],"product_tag":[24],"class_list":{"0":"post-249","1":"product","2":"type-product","3":"status-publish","4":"has-post-thumbnail","6":"product_cat-6-sided-led-headlight","7":"product_tag-led-headlight","9":"first","10":"instock","11":"shipping-taxable","12":"product-type-simple"},"_links":{"self":[{"href":"https:\/\/rttheadlight.com\/es\/wp-json\/wp\/v2\/product\/249","targetHints":{"allow":["GET"]}}],"collection":[{"href":"https:\/\/rttheadlight.com\/es\/wp-json\/wp\/v2\/product"}],"about":[{"href":"https:\/\/rttheadlight.com\/es\/wp-json\/wp\/v2\/types\/product"}],"wp:featuredmedia":[{"embeddable":true,"href":"https:\/\/rttheadlight.com\/es\/wp-json\/wp\/v2\/media\/261"}],"wp:attachment":[{"href":"https:\/\/rttheadlight.com\/es\/wp-json\/wp\/v2\/media?parent=249"}],"wp:term":[{"taxonomy":"product_brand","embeddable":true,"href":"https:\/\/rttheadlight.com\/es\/wp-json\/wp\/v2\/product_brand?post=249"},{"taxonomy":"product_cat","embeddable":true,"href":"https:\/\/rttheadlight.com\/es\/wp-json\/wp\/v2\/product_cat?post=249"},{"taxonomy":"product_tag","embeddable":true,"href":"https:\/\/rttheadlight.com\/es\/wp-json\/wp\/v2\/product_tag?post=249"}],"curies":[{"name":"wp","href":"https:\/\/api.w.org\/{rel}","templated":true}]}}