{"id":230,"date":"2025-05-20T15:36:26","date_gmt":"2025-05-20T15:36:26","guid":{"rendered":"https:\/\/rttheadlight.com\/?post_type=product&#038;p=230"},"modified":"2026-02-02T11:58:56","modified_gmt":"2026-02-02T11:58:56","slug":"l8e-6-sided-red-copper-series-led-headlight","status":"publish","type":"product","link":"https:\/\/rttheadlight.com\/es\/product\/l8e-6-sided-red-copper-series-led-headlight\/","title":{"rendered":"Faro LED Serie Cl\u00e1sica L8E de 6 Caras"},"content":{"rendered":"<table>\n<tbody>\n<tr>\n<td width=\"160\">Voltaje<\/td>\n<td width=\"180\">12V<\/td>\n<\/tr>\n<tr>\n<td width=\"160\">Consumo de energ\u00eda<\/td>\n<td width=\"180\">40W<\/td>\n<\/tr>\n<tr>\n<td width=\"160\">Temperatura de color<\/td>\n<td width=\"180\">3000K\/4300K\/6000K\/8000K<\/td>\n<\/tr>\n<tr>\n<td width=\"160\">Brillo<\/td>\n<td width=\"180\">3800Lm<\/td>\n<\/tr>\n<tr>\n<td width=\"160\">Di\u00e1metro del n\u00facleo LED<\/td>\n<td width=\"180\">5mm<\/td>\n<\/tr>\n<tr>\n<td width=\"160\">Fuente de alimentaci\u00f3n<\/td>\n<td width=\"180\">Fuente de alimentaci\u00f3n con interruptor externo<\/td>\n<\/tr>\n<tr>\n<td width=\"160\">Modelos compatibles<\/td>\n<td width=\"180\">H1\/H3\/H4\/H7\/H8\/H9\/H11\/9005\/9006\/9012<\/td>\n<\/tr>\n<\/tbody>\n<\/table>","protected":false},"excerpt":{"rendered":"<p class=\"\" data-start=\"209\" data-end=\"535\">Este modelo puede estar equipado con LED de 3000K, 4300K, 6000K u 8000K para diferentes aplicaciones. Viene con fuente de alimentaci\u00f3n externa con interruptor, ofreciendo un rendimiento estable y sin parpadeos, manteniendo un dise\u00f1o compacto ideal para carcasas de proyectores HID.<\/p>\n<h4 class=\"\" data-start=\"537\" data-end=\"555\">Caracter\u00edsticas clave:<\/h4>\n<ol data-start=\"556\" data-end=\"1389\">\n<li class=\"\" data-start=\"556\" data-end=\"696\">\n<p class=\"\" data-start=\"559\" data-end=\"696\"><strong data-start=\"559\" data-end=\"593\">4 opciones de temperatura de color LED<\/strong> \u2013 Puede estar equipado con LED de 3000K, 4300K, 6000K u 8000K para diferentes aplicaciones.<\/p>\n<\/li>\n<li class=\"\" data-start=\"697\" data-end=\"866\">\n<p class=\"\" data-start=\"700\" data-end=\"866\"><strong data-start=\"700\" data-end=\"732\">Fuente de alimentaci\u00f3n externa del driver con interruptor<\/strong> \u2013 Proporciona un funcionamiento estable y libre de interferencias electromagn\u00e9ticas (EMI), garantizando compatibilidad con la electr\u00f3nica automotriz sensible y eliminando la necesidad de controladores externos.<\/p>\n<\/li>\n<li class=\"\" data-start=\"867\" data-end=\"1018\">\n<p class=\"\" data-start=\"870\" data-end=\"1018\"><strong data-start=\"870\" data-end=\"900\">Instalaci\u00f3n directa plug-and-play<\/strong> \u2013 Dise\u00f1ado para una instalaci\u00f3n r\u00e1pida y sin complicaciones, replicando las dimensiones y la ubicaci\u00f3n del conector de la bombilla HID original.<\/p>\n<\/li>\n<li class=\"\" data-start=\"1019\" data-end=\"1185\">\n<p class=\"\" data-start=\"1022\" data-end=\"1185\"><strong data-start=\"1022\" data-end=\"1052\">Disipaci\u00f3n de calor eficiente<\/strong> \u2013 Utiliza material de aluminio aeron\u00e1utico como columna de conducci\u00f3n de calor y un ventilador hidr\u00e1ulico de 8500 RPM para mantener las temperaturas de funcionamiento por debajo de 100\u00b0C, asegurando una durabilidad prolongada.<\/p>\n<\/li>\n<\/ol>","protected":false},"featured_media":750,"template":"","meta":[],"product_brand":[],"product_cat":[21],"product_tag":[24],"class_list":{"0":"post-230","1":"product","2":"type-product","3":"status-publish","4":"has-post-thumbnail","6":"product_cat-6-sided-led-headlight","7":"product_tag-led-headlight","9":"first","10":"instock","11":"shipping-taxable","12":"product-type-simple"},"_links":{"self":[{"href":"https:\/\/rttheadlight.com\/es\/wp-json\/wp\/v2\/product\/230","targetHints":{"allow":["GET"]}}],"collection":[{"href":"https:\/\/rttheadlight.com\/es\/wp-json\/wp\/v2\/product"}],"about":[{"href":"https:\/\/rttheadlight.com\/es\/wp-json\/wp\/v2\/types\/product"}],"wp:featuredmedia":[{"embeddable":true,"href":"https:\/\/rttheadlight.com\/es\/wp-json\/wp\/v2\/media\/750"}],"wp:attachment":[{"href":"https:\/\/rttheadlight.com\/es\/wp-json\/wp\/v2\/media?parent=230"}],"wp:term":[{"taxonomy":"product_brand","embeddable":true,"href":"https:\/\/rttheadlight.com\/es\/wp-json\/wp\/v2\/product_brand?post=230"},{"taxonomy":"product_cat","embeddable":true,"href":"https:\/\/rttheadlight.com\/es\/wp-json\/wp\/v2\/product_cat?post=230"},{"taxonomy":"product_tag","embeddable":true,"href":"https:\/\/rttheadlight.com\/es\/wp-json\/wp\/v2\/product_tag?post=230"}],"curies":[{"name":"wp","href":"https:\/\/api.w.org\/{rel}","templated":true}]}}