{"id":2231,"date":"2026-02-07T11:25:15","date_gmt":"2026-02-07T11:25:15","guid":{"rendered":"https:\/\/rttheadlight.com\/?post_type=product&#038;p=2231"},"modified":"2026-02-07T11:26:01","modified_gmt":"2026-02-07T11:26:01","slug":"f7pro-4-sided-65w-led-headlight","status":"publish","type":"product","link":"https:\/\/rttheadlight.com\/es\/product\/f7pro-4-sided-65w-led-headlight\/","title":{"rendered":"Faro LED F7Pro de 4 Caras 65W"},"content":{"rendered":"<table>\n<tbody>\n<tr>\n<td width=\"160\">Voltaje<\/td>\n<td width=\"180\">12V\/24V<\/td>\n<\/tr>\n<tr>\n<td width=\"160\">Consumo de energ\u00eda<\/td>\n<td width=\"180\">65W<\/td>\n<\/tr>\n<tr>\n<td width=\"160\">Temperatura de color<\/td>\n<td width=\"180\">6500K<\/td>\n<\/tr>\n<tr>\n<td width=\"160\">Brillo<\/td>\n<td width=\"180\">7000Lm<\/td>\n<\/tr>\n<tr>\n<td width=\"160\">Di\u00e1metro del n\u00facleo LED<\/td>\n<td width=\"180\">2.5mm<\/td>\n<\/tr>\n<tr>\n<td width=\"160\">Fuente de alimentaci\u00f3n<\/td>\n<td width=\"180\">Fuente de alimentaci\u00f3n con interruptor externo<\/td>\n<\/tr>\n<tr>\n<td width=\"160\">Modelos compatibles<\/td>\n<td width=\"180\">H1\/H3\/H4\/H7\/H11\/9005\/9006\/9012\/D2H<\/td>\n<\/tr>\n<\/tbody>\n<\/table>","protected":false},"excerpt":{"rendered":"<p class=\"\" data-start=\"182\" data-end=\"792\">Esta es una versi\u00f3n de alta potencia de 65\u202fW con soporte de doble voltaje (12\u202fV\/24\u202fV). Este faro LED proporciona hasta 7000 l\u00famenes de iluminaci\u00f3n ultra-brillante, lo que lo hace ideal tanto para autom\u00f3viles como para camiones. Dise\u00f1ado para un rendimiento y fiabilidad sobresalientes, cuenta con un n\u00facleo de luz ultradelgado de 2,5\u202fmm \u2014uno de los m\u00e1s delgados de la industria\u2014 que ofrece un enfoque preciso, iluminaci\u00f3n verdadera de 360\u00b0 sin zonas oscuras y elimina la necesidad de ajustar el \u00e1ngulo del haz despu\u00e9s de la instalaci\u00f3n. Este modelo est\u00e1 dise\u00f1ado con gesti\u00f3n t\u00e9rmica avanzada y componentes de alta calidad para garantizar estabilidad y seguridad a largo plazo.<\/p>\n<p class=\"\" data-start=\"794\" data-end=\"811\"><strong data-start=\"794\" data-end=\"811\">Caracter\u00edsticas clave:<\/strong><\/p>\n<ol data-start=\"813\" data-end=\"2010\">\n<li class=\"\" data-start=\"813\" data-end=\"1010\">\n<p class=\"\" data-start=\"816\" data-end=\"1010\"><strong data-start=\"816\" data-end=\"860\">Alta potencia y soporte de doble voltaje<\/strong><br data-start=\"860\" data-end=\"863\" \/>Versi\u00f3n de 65\u202fW de alto l\u00famenes con entrada de doble voltaje 12\u202fV\/24\u202fV, que ofrece hasta 7000 l\u00famenes \u2014 adecuada tanto para veh\u00edculos de pasajeros como para camiones comerciales.<\/p>\n<\/li>\n<li class=\"\" data-start=\"1012\" data-end=\"1214\">\n<p class=\"\" data-start=\"1015\" data-end=\"1214\"><strong data-start=\"1015\" data-end=\"1046\">Iluminaci\u00f3n envolvente de 360\u00b0 real<\/strong><br data-start=\"1046\" data-end=\"1049\" \/>Integrado con 12 chips LED SANAN 55x55mil de alta potencia en cuatro lados, ofreciendo una iluminaci\u00f3n consistente y sin sombras que imita de cerca los patrones de haz hal\u00f3geno.<\/p>\n<\/li>\n<li class=\"\" data-start=\"1216\" data-end=\"1413\">\n<p class=\"\" data-start=\"1219\" data-end=\"1413\"><strong data-start=\"1219\" data-end=\"1262\">N\u00facleo de luz ultradelgado para un enfoque preciso<\/strong><br data-start=\"1262\" data-end=\"1265\" \/>El n\u00facleo de luz de 2,5\u202fmm asegura precisi\u00f3n y alineaci\u00f3n del haz, coincidiendo con la ubicaci\u00f3n del filamento hal\u00f3geno para maximizar la visibilidad en la carretera y minimizar el deslumbramiento.<\/p>\n<\/li>\n<li class=\"\" data-start=\"1415\" data-end=\"1612\">\n<p class=\"\" data-start=\"1418\" data-end=\"1612\"><strong data-start=\"1418\" data-end=\"1445\">Sistema de enfriamiento avanzado<\/strong><br data-start=\"1445\" data-end=\"1448\" \/>Utiliza un tubo y varilla de cobre rojo para una conducci\u00f3n t\u00e9rmica superior, combinado con un ventilador hidr\u00e1ulico de 8500 RPM para mantener la temperatura de funcionamiento por debajo de 100\u202f\u00b0C, asegurando estabilidad y durabilidad a largo plazo.<\/p>\n<\/li>\n<li class=\"\" data-start=\"1614\" data-end=\"1827\">\n<p class=\"\" data-start=\"1617\" data-end=\"1827\"><strong data-start=\"1617\" data-end=\"1661\">Dise\u00f1o de separaci\u00f3n t\u00e9rmica y el\u00e9ctrica<\/strong><br data-start=\"1661\" data-end=\"1664\" \/>Cuenta con un dise\u00f1o estructuralmente independiente que separa los componentes t\u00e9rmicos y el\u00e9ctricos, junto con un controlador externo para mayor seguridad y mayor vida \u00fatil.<\/p>\n<\/li>\n<li class=\"\" data-start=\"1829\" data-end=\"2010\">\n<p class=\"\" data-start=\"1832\" data-end=\"2010\"><strong data-start=\"1832\" data-end=\"1854\">Amplia compatibilidad de modelos<\/strong><br data-start=\"1854\" data-end=\"1857\" \/>Apto para tama\u00f1os comunes de bombillas hal\u00f3genas, incluyendo H1, H3, H7, H11, 9005, 9006 y 9012, ofreciendo flexibilidad para varios modelos de veh\u00edculos.<\/p>\n<\/li>\n<\/ol>","protected":false},"featured_media":160,"template":"","meta":[],"product_brand":[],"product_cat":[23],"product_tag":[24],"class_list":{"0":"post-2231","1":"product","2":"type-product","3":"status-publish","4":"has-post-thumbnail","6":"product_cat-4-sided-led-headlight","7":"product_tag-led-headlight","9":"first","10":"instock","11":"shipping-taxable","12":"product-type-simple"},"_links":{"self":[{"href":"https:\/\/rttheadlight.com\/es\/wp-json\/wp\/v2\/product\/2231","targetHints":{"allow":["GET"]}}],"collection":[{"href":"https:\/\/rttheadlight.com\/es\/wp-json\/wp\/v2\/product"}],"about":[{"href":"https:\/\/rttheadlight.com\/es\/wp-json\/wp\/v2\/types\/product"}],"wp:featuredmedia":[{"embeddable":true,"href":"https:\/\/rttheadlight.com\/es\/wp-json\/wp\/v2\/media\/160"}],"wp:attachment":[{"href":"https:\/\/rttheadlight.com\/es\/wp-json\/wp\/v2\/media?parent=2231"}],"wp:term":[{"taxonomy":"product_brand","embeddable":true,"href":"https:\/\/rttheadlight.com\/es\/wp-json\/wp\/v2\/product_brand?post=2231"},{"taxonomy":"product_cat","embeddable":true,"href":"https:\/\/rttheadlight.com\/es\/wp-json\/wp\/v2\/product_cat?post=2231"},{"taxonomy":"product_tag","embeddable":true,"href":"https:\/\/rttheadlight.com\/es\/wp-json\/wp\/v2\/product_tag?post=2231"}],"curies":[{"name":"wp","href":"https:\/\/api.w.org\/{rel}","templated":true}]}}