{"id":2180,"date":"2026-01-31T06:03:34","date_gmt":"2026-01-31T06:03:34","guid":{"rendered":"https:\/\/rttheadlight.com\/?post_type=product&#038;p=2180"},"modified":"2026-01-31T06:21:13","modified_gmt":"2026-01-31T06:21:13","slug":"f2-4-sided-bullet-cap-high-power-led-headlight","status":"publish","type":"product","link":"https:\/\/rttheadlight.com\/es\/product\/f2-4-sided-bullet-cap-high-power-led-headlight\/","title":{"rendered":"Faro LED Econ\u00f3mico de Alta Potencia F2 de 4 Caras"},"content":{"rendered":"<table>\n<tbody>\n<tr>\n<td width=\"160\">Voltaje<\/td>\n<td width=\"180\">12V<\/td>\n<\/tr>\n<tr>\n<td width=\"160\">Consumo de energ\u00eda<\/td>\n<td width=\"180\">55W<\/td>\n<\/tr>\n<tr>\n<td width=\"160\">Temperatura de color<\/td>\n<td width=\"180\">4300K\/6000K<\/td>\n<\/tr>\n<tr>\n<td width=\"160\">Brillo<\/td>\n<td width=\"180\">6000Lm<\/td>\n<\/tr>\n<tr>\n<td width=\"160\">Di\u00e1metro del n\u00facleo LED<\/td>\n<td width=\"180\">2.5mm<\/td>\n<\/tr>\n<tr>\n<td width=\"160\">Fuente de alimentaci\u00f3n<\/td>\n<td width=\"180\">Fuente de alimentaci\u00f3n con interruptor externo<\/td>\n<\/tr>\n<tr>\n<td width=\"160\">Modelos compatibles<\/td>\n<td width=\"180\">H1\/H3\/H4\/H7\/H11\/9005\/9006\/9012\/D2H<\/td>\n<\/tr>\n<\/tbody>\n<\/table>","protected":false},"excerpt":{"rendered":"<p class=\"\" data-start=\"169\" data-end=\"674\">Este faro LED de alto rendimiento est\u00e1 dise\u00f1ado para ofrecer un enfoque, brillo y fiabilidad sobresalientes. Con un di\u00e1metro del n\u00facleo de luz de solo 2,5 mm \u2014 uno de los m\u00e1s finos de la industria \u2014 replica de cerca el patr\u00f3n de haz de las bombillas hal\u00f3genas, asegurando un enfoque preciso de la luz, iluminaci\u00f3n verdadera de 360\u00b0 sin zonas oscuras y sin necesidad de ajustar el \u00e1ngulo del haz despu\u00e9s de la instalaci\u00f3n. Construido sobre una base de gesti\u00f3n t\u00e9rmica avanzada y componentes de primera calidad, este modelo ofrece calidad y rendimiento duraderos.<\/p>\n<p class=\"\" data-start=\"676\" data-end=\"693\"><strong data-start=\"676\" data-end=\"693\">Caracter\u00edsticas clave:<\/strong><\/p>\n<ol data-start=\"695\" data-end=\"1816\">\n<li class=\"\" data-start=\"695\" data-end=\"913\">\n<p class=\"\" data-start=\"698\" data-end=\"913\"><strong data-start=\"698\" data-end=\"729\">Iluminaci\u00f3n envolvente de 360\u00b0 real<\/strong><br data-start=\"729\" data-end=\"732\" \/>Cuenta con 12 chips LED SANAN 55x55mil de alta eficiencia colocados en cuatro lados, proporcionando una iluminaci\u00f3n uniforme y sin sombras que imita la salida de las bombillas hal\u00f3genas tradicionales.<\/p>\n<\/li>\n<li class=\"\" data-start=\"915\" data-end=\"1141\">\n<p class=\"\" data-start=\"918\" data-end=\"1141\"><strong data-start=\"918\" data-end=\"961\">N\u00facleo de luz ultradelgado para un enfoque preciso<\/strong><br data-start=\"961\" data-end=\"964\" \/>El n\u00facleo de luz de 2,5 mm proporciona una excelente precisi\u00f3n del haz, permitiendo un enfoque n\u00edtido y una visibilidad \u00f3ptima en la carretera, coincidiendo con la ubicaci\u00f3n del filamento hal\u00f3geno para un rendimiento de primera clase.<\/p>\n<\/li>\n<li class=\"\" data-start=\"1143\" data-end=\"1377\">\n<p class=\"\" data-start=\"1146\" data-end=\"1377\"><strong data-start=\"1146\" data-end=\"1173\">Sistema de enfriamiento avanzado<\/strong><br data-start=\"1173\" data-end=\"1176\" \/>Utiliza un tubo y varilla de cobre rojo para una conducci\u00f3n t\u00e9rmica superior, combinado con un ventilador hidr\u00e1ulico de 8500 RPM para mantener la temperatura de funcionamiento por debajo de 100\u202f\u00b0C, asegurando estabilidad y durabilidad a largo plazo.<\/p>\n<\/li>\n<li class=\"\" data-start=\"1379\" data-end=\"1626\">\n<p class=\"\" data-start=\"1382\" data-end=\"1626\"><strong data-start=\"1382\" data-end=\"1426\">Dise\u00f1o de separaci\u00f3n t\u00e9rmica y el\u00e9ctrica<\/strong><br data-start=\"1426\" data-end=\"1429\" \/>Dise\u00f1ado con una separaci\u00f3n dedicada entre los sistemas t\u00e9rmico y el\u00e9ctrico, junto con una fuente de alimentaci\u00f3n externa para el controlador, para mejorar la seguridad, reducir las interferencias y prolongar la vida \u00fatil de los componentes.<\/p>\n<\/li>\n<li class=\"\" data-start=\"1628\" data-end=\"1816\">\n<p class=\"\" data-start=\"1631\" data-end=\"1816\"><strong data-start=\"1631\" data-end=\"1653\">Amplia compatibilidad de modelos<\/strong><br data-start=\"1653\" data-end=\"1656\" \/>Dise\u00f1ado para adaptarse a una variedad de modelos de bombillas hal\u00f3genas, incluyendo H1, H3, H7, H11, 9005, 9006, 9012 y D2H, lo que lo convierte en una actualizaci\u00f3n vers\u00e1til para una amplia gama de veh\u00edculos.<\/p>\n<\/li>\n<\/ol>","protected":false},"featured_media":2183,"template":"","meta":[],"product_brand":[],"product_cat":[23],"product_tag":[24],"class_list":{"0":"post-2180","1":"product","2":"type-product","3":"status-publish","4":"has-post-thumbnail","6":"product_cat-4-sided-led-headlight","7":"product_tag-led-headlight","9":"first","10":"instock","11":"shipping-taxable","12":"product-type-simple"},"_links":{"self":[{"href":"https:\/\/rttheadlight.com\/es\/wp-json\/wp\/v2\/product\/2180","targetHints":{"allow":["GET"]}}],"collection":[{"href":"https:\/\/rttheadlight.com\/es\/wp-json\/wp\/v2\/product"}],"about":[{"href":"https:\/\/rttheadlight.com\/es\/wp-json\/wp\/v2\/types\/product"}],"wp:featuredmedia":[{"embeddable":true,"href":"https:\/\/rttheadlight.com\/es\/wp-json\/wp\/v2\/media\/2183"}],"wp:attachment":[{"href":"https:\/\/rttheadlight.com\/es\/wp-json\/wp\/v2\/media?parent=2180"}],"wp:term":[{"taxonomy":"product_brand","embeddable":true,"href":"https:\/\/rttheadlight.com\/es\/wp-json\/wp\/v2\/product_brand?post=2180"},{"taxonomy":"product_cat","embeddable":true,"href":"https:\/\/rttheadlight.com\/es\/wp-json\/wp\/v2\/product_cat?post=2180"},{"taxonomy":"product_tag","embeddable":true,"href":"https:\/\/rttheadlight.com\/es\/wp-json\/wp\/v2\/product_tag?post=2180"}],"curies":[{"name":"wp","href":"https:\/\/api.w.org\/{rel}","templated":true}]}}