{"id":190,"date":"2025-05-20T12:45:47","date_gmt":"2025-05-20T12:45:47","guid":{"rendered":"https:\/\/rttheadlight.com\/?post_type=product&#038;p=190"},"modified":"2026-01-31T11:48:01","modified_gmt":"2026-01-31T11:48:01","slug":"f9-4-sided-direct-plug-11-hid-size-matched-led-headlight","status":"publish","type":"product","link":"https:\/\/rttheadlight.com\/es\/product\/f9-4-sided-direct-plug-11-hid-size-matched-led-headlight\/","title":{"rendered":"Faro LED F9 de 4 lados, enchufe directo, tama\u00f1o 1:1 equivalente a HID"},"content":{"rendered":"<table>\n<tbody>\n<tr>\n<td width=\"160\">Voltaje<\/td>\n<td width=\"180\">Balasto compatible<\/td>\n<\/tr>\n<tr>\n<td width=\"160\">Consumo de energ\u00eda<\/td>\n<td width=\"180\">Balasto compatible<\/td>\n<\/tr>\n<tr>\n<td width=\"160\">Temperatura de color<\/td>\n<td width=\"180\">6500K<\/td>\n<\/tr>\n<tr>\n<td width=\"160\">Brillo<\/td>\n<td width=\"180\">6500Lm<\/td>\n<\/tr>\n<tr>\n<td width=\"160\">Di\u00e1metro del n\u00facleo LED<\/td>\n<td width=\"180\">2.5mm<\/td>\n<\/tr>\n<tr>\n<td width=\"160\">Fuente de alimentaci\u00f3n<\/td>\n<td width=\"180\">Fuente de alimentaci\u00f3n interna<\/td>\n<\/tr>\n<tr>\n<td width=\"160\">Modelos compatibles<\/td>\n<td width=\"180\">D1S\/D1R\/D2S\/D2R\/D3S\/D3R<\/p>\n<p>D4S\/D4R\/D5S\/D5R\/D8S\/D8R<\/td>\n<\/tr>\n<\/tbody>\n<\/table>","protected":false},"excerpt":{"rendered":"<p class=\"\" data-start=\"209\" data-end=\"535\">Este modelo est\u00e1 dise\u00f1ado como un reemplazo HID de conexi\u00f3n directa, con un ajuste verdadero 1:1 para bombillas HID, garantizando una instalaci\u00f3n sin esfuerzo y sin modificaciones. Integra una fuente de alimentaci\u00f3n lineal incorporada, ofreciendo un rendimiento estable y sin parpadeos, manteniendo un dise\u00f1o compacto ideal para carcasas de proyectores HID.<\/p>\n<h4 class=\"\" data-start=\"537\" data-end=\"555\">Caracter\u00edsticas clave:<\/h4>\n<ol data-start=\"556\" data-end=\"1389\">\n<li class=\"\" data-start=\"556\" data-end=\"696\">\n<p class=\"\" data-start=\"559\" data-end=\"696\"><strong data-start=\"559\" data-end=\"593\">Dise\u00f1o de tama\u00f1o 1:1 compatible con HID<\/strong> \u2013 Ajuste perfecto para reemplazar bombillas HID sin necesidad de modificar la carcasa ni usar soportes adicionales.<\/p>\n<\/li>\n<li class=\"\" data-start=\"697\" data-end=\"866\">\n<p class=\"\" data-start=\"700\" data-end=\"866\"><strong data-start=\"700\" data-end=\"732\">Fuente de alimentaci\u00f3n lineal incorporada<\/strong> \u2013 Proporciona un funcionamiento estable y libre de interferencias electromagn\u00e9ticas (EMI), garantizando compatibilidad con la electr\u00f3nica automotriz sensible y eliminando la necesidad de controladores externos.<\/p>\n<\/li>\n<li class=\"\" data-start=\"867\" data-end=\"1018\">\n<p class=\"\" data-start=\"870\" data-end=\"1018\"><strong data-start=\"870\" data-end=\"900\">Instalaci\u00f3n directa plug-and-play<\/strong> \u2013 Dise\u00f1ado para una instalaci\u00f3n r\u00e1pida y sin complicaciones, replicando las dimensiones y la ubicaci\u00f3n del conector de la bombilla HID original.<\/p>\n<\/li>\n<li class=\"\" data-start=\"1019\" data-end=\"1185\">\n<p class=\"\" data-start=\"1022\" data-end=\"1185\"><strong data-start=\"1022\" data-end=\"1052\">Disipaci\u00f3n de calor eficiente<\/strong> \u2013 Utiliza un n\u00facleo de cobre rojo y un ventilador hidr\u00e1ulico de 8500 RPM para mantener las temperaturas de funcionamiento por debajo de 100\u202f\u00b0C, garantizando una durabilidad prolongada.<\/p>\n<\/li>\n<\/ol>","protected":false},"featured_media":196,"template":"","meta":[],"product_brand":[],"product_cat":[23],"product_tag":[24],"class_list":{"0":"post-190","1":"product","2":"type-product","3":"status-publish","4":"has-post-thumbnail","6":"product_cat-4-sided-led-headlight","7":"product_tag-led-headlight","9":"first","10":"instock","11":"shipping-taxable","12":"product-type-simple"},"_links":{"self":[{"href":"https:\/\/rttheadlight.com\/es\/wp-json\/wp\/v2\/product\/190","targetHints":{"allow":["GET"]}}],"collection":[{"href":"https:\/\/rttheadlight.com\/es\/wp-json\/wp\/v2\/product"}],"about":[{"href":"https:\/\/rttheadlight.com\/es\/wp-json\/wp\/v2\/types\/product"}],"wp:featuredmedia":[{"embeddable":true,"href":"https:\/\/rttheadlight.com\/es\/wp-json\/wp\/v2\/media\/196"}],"wp:attachment":[{"href":"https:\/\/rttheadlight.com\/es\/wp-json\/wp\/v2\/media?parent=190"}],"wp:term":[{"taxonomy":"product_brand","embeddable":true,"href":"https:\/\/rttheadlight.com\/es\/wp-json\/wp\/v2\/product_brand?post=190"},{"taxonomy":"product_cat","embeddable":true,"href":"https:\/\/rttheadlight.com\/es\/wp-json\/wp\/v2\/product_cat?post=190"},{"taxonomy":"product_tag","embeddable":true,"href":"https:\/\/rttheadlight.com\/es\/wp-json\/wp\/v2\/product_tag?post=190"}],"curies":[{"name":"wp","href":"https:\/\/api.w.org\/{rel}","templated":true}]}}