{"id":182,"date":"2025-05-20T09:31:11","date_gmt":"2025-05-20T09:31:11","guid":{"rendered":"https:\/\/rttheadlight.com\/?post_type=product&#038;p=182"},"modified":"2026-01-31T08:39:02","modified_gmt":"2026-01-31T08:39:02","slug":"f1-4-sided-direct-plug-11-halogen-size-matched-led-headlight","status":"publish","type":"product","link":"https:\/\/rttheadlight.com\/es\/product\/f1-4-sided-direct-plug-11-halogen-size-matched-led-headlight\/","title":{"rendered":"Faro LED F1 de conexi\u00f3n directa, 4 caras, tama\u00f1o 1:1 equivalente al hal\u00f3geno"},"content":{"rendered":"<table>\n<tbody>\n<tr>\n<td width=\"160\">Voltaje<\/td>\n<td width=\"180\">13.5V<\/td>\n<\/tr>\n<tr>\n<td width=\"160\">Consumo de energ\u00eda<\/td>\n<td width=\"180\">35W<\/td>\n<\/tr>\n<tr>\n<td width=\"160\">Temperatura de color<\/td>\n<td width=\"180\">6000K<\/td>\n<\/tr>\n<tr>\n<td width=\"160\">Brillo<\/td>\n<td width=\"180\">3500Lm<\/td>\n<\/tr>\n<tr>\n<td width=\"160\">Di\u00e1metro del n\u00facleo LED<\/td>\n<td width=\"180\">3.6mm<\/td>\n<\/tr>\n<tr>\n<td width=\"160\">Fuente de alimentaci\u00f3n<\/td>\n<td width=\"180\">Fuente de alimentaci\u00f3n interna<\/td>\n<\/tr>\n<tr>\n<td width=\"160\">Modelos compatibles<\/td>\n<td width=\"180\">H1\/H3\/H4\/H7\/H11\/9005\/9006\/9012<\/td>\n<\/tr>\n<\/tbody>\n<\/table>","protected":false},"excerpt":{"rendered":"<p class=\" translation-block\" data-start=\"233\" data-end=\"618\">Este faro LED est\u00e1 dise\u00f1ado para una instalaci\u00f3n sencilla, con un tama\u00f1o 1:1 equivalente a las bombillas hal\u00f3genas est\u00e1ndar y una fuente de alimentaci\u00f3n del driver integrada para una aut\u00e9ntica instalaci\u00f3n plug-and-play. No se necesita driver externo, modificaciones de cableado ni ajustes en la carcasa: solo instalar y listo. Es la actualizaci\u00f3n LED perfecta para quienes buscan un ajuste OEM con un rendimiento de iluminaci\u00f3n moderno.<\/p>\n<p class=\"\" data-start=\"620\" data-end=\"969\">Al ofrecer una iluminaci\u00f3n de 360\u00b0 brillante y uniformemente distribuida, este modelo garantiza una excelente visibilidad y mantiene un dise\u00f1o compacto que se adapta f\u00e1cilmente a espacios de faros reducidos. Adem\u00e1s, las versiones H11, 9005 y 9006 cuentan con carcasas de aluminio fundido de precisi\u00f3n, que proporcionan una mejor disipaci\u00f3n del calor y una mayor durabilidad en condiciones exigentes.<\/p>\n<p class=\"\" data-start=\"971\" data-end=\"988\"><strong data-start=\"971\" data-end=\"988\">Caracter\u00edsticas clave:<\/strong><\/p>\n<ol data-start=\"990\" data-end=\"2504\">\n<li class=\"\" data-start=\"990\" data-end=\"1196\">\n<p class=\"\" data-start=\"993\" data-end=\"1196\"><strong data-start=\"993\" data-end=\"1044\">Compatibilidad 1:1 con bombillas hal\u00f3genas y dise\u00f1o con controlador integrado<\/strong><br data-start=\"1044\" data-end=\"1047\" \/>La estructura todo en uno coincide en tama\u00f1o y forma con las bombillas hal\u00f3genas originales e incluye un controlador de potencia integrado \u2014 no se necesitan componentes externos ni cableado.<\/p>\n<\/li>\n<li class=\"\" data-start=\"1198\" data-end=\"1364\">\n<p class=\"\" data-start=\"1201\" data-end=\"1364\"><strong data-start=\"1201\" data-end=\"1238\">Instalaci\u00f3n directa plug-and-play<\/strong><br data-start=\"1238\" data-end=\"1241\" \/>Proceso de reemplazo sencillo sin ninguna modificaci\u00f3n; se ajusta perfectamente a los casquillos de los faros originales para una instalaci\u00f3n r\u00e1pida y f\u00e1cil.<\/p>\n<\/li>\n<li class=\"\" data-start=\"1366\" data-end=\"1518\">\n<p class=\"\" data-start=\"1369\" data-end=\"1518\"><strong data-start=\"1369\" data-end=\"1407\">Estructura compacta para espacios reducidos<\/strong><br data-start=\"1407\" data-end=\"1410\" \/>El cuerpo delgado se adapta f\u00e1cilmente a carcasas de faros compactas o restringidas en una amplia variedad de tipos de veh\u00edculos.<\/p>\n<\/li>\n<li class=\"\" data-start=\"1520\" data-end=\"1662\">\n<p class=\"\" data-start=\"1523\" data-end=\"1662\"><strong data-start=\"1523\" data-end=\"1554\">Iluminaci\u00f3n envolvente de 360\u00b0 real<\/strong><br data-start=\"1554\" data-end=\"1557\" \/>La configuraci\u00f3n LED de cuatro lados con 12 chips SANAN de 55x55mil asegura un brillo constante sin sombras.<\/p>\n<\/li>\n<li class=\"\" data-start=\"1664\" data-end=\"1829\">\n<p class=\"\" data-start=\"1667\" data-end=\"1829\"><strong data-start=\"1667\" data-end=\"1693\">Patr\u00f3n de haz optimizado<\/strong><br data-start=\"1693\" data-end=\"1696\" \/>Dise\u00f1ado para imitar de cerca el enfoque del haz de las bombillas hal\u00f3genas, proporcionando una visibilidad clara de la carretera y un deslumbramiento m\u00ednimo para el tr\u00e1fico en sentido contrario.<\/p>\n<\/li>\n<li class=\"\" data-start=\"1831\" data-end=\"2007\">\n<p class=\"\" data-start=\"1834\" data-end=\"2007\"><strong data-start=\"1834\" data-end=\"1868\">Sistema de enfriamiento de alta eficiencia<\/strong><br data-start=\"1868\" data-end=\"1871\" \/>La tuber\u00eda y varilla de cobre rojo integradas, combinadas con un ventilador hidr\u00e1ulico de 8500 RPM, mantienen una temperatura de funcionamiento estable por debajo de 100 \u00b0C.<\/p>\n<\/li>\n<li class=\"\" data-start=\"2009\" data-end=\"2176\">\n<p class=\"\" data-start=\"2012\" data-end=\"2176\"><strong data-start=\"2012\" data-end=\"2056\">Dise\u00f1o de separaci\u00f3n t\u00e9rmica y el\u00e9ctrica<\/strong><br data-start=\"2056\" data-end=\"2059\" \/>La separaci\u00f3n estructural entre los componentes generadores de calor y los el\u00e9ctricos mejora la fiabilidad y la vida \u00fatil del producto.<\/p>\n<\/li>\n<li class=\"\" data-start=\"2178\" data-end=\"2348\">\n<p class=\"\" data-start=\"2181\" data-end=\"2348\"><strong data-start=\"2181\" data-end=\"2230\">Carcasa de aluminio fundido duradera (H11\/9005\/9006)<\/strong><br data-start=\"2230\" data-end=\"2233\" \/>These models feature aluminum cast bodies for superior heat resistance and mechanical strength in long-term use.<\/p>\n<\/li>\n<li class=\"\" data-start=\"2350\" data-end=\"2504\">\n<p class=\"\" data-start=\"2353\" data-end=\"2504\"><strong data-start=\"2353\" data-end=\"2381\">Amplia compatibilidad de modelos<\/strong><br data-start=\"2381\" data-end=\"2384\" \/>Disponible en tama\u00f1os hal\u00f3genos est\u00e1ndar, incluidos H1, H3, H7, H11, 9005, 9006 y 9012, para adaptarse a una amplia variedad de veh\u00edculos.<\/p>\n<\/li>\n<\/ol>","protected":false},"featured_media":2201,"template":"","meta":[],"product_brand":[],"product_cat":[23],"product_tag":[24],"class_list":{"0":"post-182","1":"product","2":"type-product","3":"status-publish","4":"has-post-thumbnail","6":"product_cat-4-sided-led-headlight","7":"product_tag-led-headlight","9":"first","10":"instock","11":"shipping-taxable","12":"product-type-simple"},"_links":{"self":[{"href":"https:\/\/rttheadlight.com\/es\/wp-json\/wp\/v2\/product\/182","targetHints":{"allow":["GET"]}}],"collection":[{"href":"https:\/\/rttheadlight.com\/es\/wp-json\/wp\/v2\/product"}],"about":[{"href":"https:\/\/rttheadlight.com\/es\/wp-json\/wp\/v2\/types\/product"}],"wp:featuredmedia":[{"embeddable":true,"href":"https:\/\/rttheadlight.com\/es\/wp-json\/wp\/v2\/media\/2201"}],"wp:attachment":[{"href":"https:\/\/rttheadlight.com\/es\/wp-json\/wp\/v2\/media?parent=182"}],"wp:term":[{"taxonomy":"product_brand","embeddable":true,"href":"https:\/\/rttheadlight.com\/es\/wp-json\/wp\/v2\/product_brand?post=182"},{"taxonomy":"product_cat","embeddable":true,"href":"https:\/\/rttheadlight.com\/es\/wp-json\/wp\/v2\/product_cat?post=182"},{"taxonomy":"product_tag","embeddable":true,"href":"https:\/\/rttheadlight.com\/es\/wp-json\/wp\/v2\/product_tag?post=182"}],"curies":[{"name":"wp","href":"https:\/\/api.w.org\/{rel}","templated":true}]}}