{"id":171,"date":"2025-05-20T09:21:02","date_gmt":"2025-05-20T09:21:02","guid":{"rendered":"https:\/\/rttheadlight.com\/?post_type=product&#038;p=171"},"modified":"2026-01-31T10:28:59","modified_gmt":"2026-01-31T10:28:59","slug":"f3-4-sided-compact-led-headlight","status":"publish","type":"product","link":"https:\/\/rttheadlight.com\/es\/product\/f3-4-sided-compact-led-headlight\/","title":{"rendered":"Faro LED Compacto F3 de 4 Caras"},"content":{"rendered":"<table>\n<tbody>\n<tr>\n<td width=\"160\">Voltaje<\/td>\n<td width=\"180\">12V<\/td>\n<\/tr>\n<tr>\n<td width=\"160\">Consumo de energ\u00eda<\/td>\n<td width=\"180\">45W<\/td>\n<\/tr>\n<tr>\n<td width=\"160\">Temperatura de color<\/td>\n<td width=\"180\">4300K,\/6500<\/td>\n<\/tr>\n<tr>\n<td width=\"160\">Brillo<\/td>\n<td width=\"180\">5000Lm<\/td>\n<\/tr>\n<tr>\n<td width=\"160\">Di\u00e1metro del n\u00facleo LED<\/td>\n<td width=\"180\">2.5mm<\/td>\n<\/tr>\n<tr>\n<td width=\"160\">Fuente de alimentaci\u00f3n<\/td>\n<td width=\"180\">Fuente de alimentaci\u00f3n con interruptor externo<\/td>\n<\/tr>\n<tr>\n<td width=\"160\">Modelos compatibles<\/td>\n<td width=\"180\">H1\/H3\/H4\/H7\/H11\/9005\/9006\/9012\/D2H<\/td>\n<\/tr>\n<\/tbody>\n<\/table>","protected":false},"excerpt":{"rendered":"<p class=\"\" data-start=\"259\" data-end=\"550\">Este faro LED est\u00e1 dise\u00f1ado para ofrecer compatibilidad, enfoque y durabilidad superiores, lo que lo convierte en una excelente actualizaci\u00f3n para una amplia gama de veh\u00edculos. Con un dise\u00f1o ultracompacto, se adapta f\u00e1cilmente a carcasas de faros m\u00e1s estrechas, asegurando una instalaci\u00f3n sin complicaciones incluso en veh\u00edculos con espacio limitado.<\/p>\n<p class=\"\" data-start=\"552\" data-end=\"899\">Con un n\u00facleo de luz ultradelgado de 2,5 mm, l\u00edder en la industria, este modelo proporciona una iluminaci\u00f3n altamente focalizada de 360\u00b0 sin zonas oscuras y no requiere ajuste del haz despu\u00e9s de la instalaci\u00f3n. Dise\u00f1ado con gesti\u00f3n t\u00e9rmica avanzada y materiales de alta calidad, ofrece un rendimiento estable, mayor vida \u00fatil y una excelente claridad de iluminaci\u00f3n.<\/p>\n<p class=\"\" data-start=\"901\" data-end=\"918\"><strong data-start=\"901\" data-end=\"918\">Caracter\u00edsticas clave:<\/strong><\/p>\n<ol data-start=\"920\" data-end=\"2112\">\n<li class=\"\" data-start=\"920\" data-end=\"1104\">\n<p class=\"\" data-start=\"923\" data-end=\"1104\"><strong data-start=\"923\" data-end=\"957\">Dise\u00f1o compacto y ajuste universal<\/strong><br data-start=\"957\" data-end=\"960\" \/>La construcci\u00f3n que ahorra espacio garantiza compatibilidad con una gama m\u00e1s amplia de carcasas de faros, ideal para veh\u00edculos con espacio de instalaci\u00f3n limitado.<\/p>\n<\/li>\n<li class=\"\" data-start=\"1106\" data-end=\"1312\">\n<p class=\"\" data-start=\"1109\" data-end=\"1312\"><strong data-start=\"1109\" data-end=\"1140\">Iluminaci\u00f3n envolvente de 360\u00b0 real<\/strong><br data-start=\"1140\" data-end=\"1143\" \/>Integrado con 12 chips LED SANAN 55x55mil de alta potencia en cuatro lados, ofreciendo una iluminaci\u00f3n consistente y sin sombras que imita de cerca los patrones de haz hal\u00f3geno.<\/p>\n<\/li>\n<li class=\"\" data-start=\"1314\" data-end=\"1520\">\n<p class=\"\" data-start=\"1317\" data-end=\"1520\"><strong data-start=\"1317\" data-end=\"1361\">N\u00facleo de luz ultradelgado para un enfoque preciso<\/strong><br data-start=\"1361\" data-end=\"1364\" \/>El n\u00facleo de luz de 2,5 mm replica con precisi\u00f3n la posici\u00f3n del filamento hal\u00f3geno, asegurando un enfoque n\u00edtido del haz y una mayor visibilidad sin deslumbrar a otros conductores.<\/p>\n<\/li>\n<li class=\"\" data-start=\"1522\" data-end=\"1717\">\n<p class=\"\" data-start=\"1525\" data-end=\"1717\"><strong data-start=\"1525\" data-end=\"1552\">Sistema de enfriamiento avanzado<\/strong><br data-start=\"1552\" data-end=\"1555\" \/>Un tubo y varilla de cobre rojo integrados proporcionan una disipaci\u00f3n de calor eficiente, respaldados por un ventilador hidr\u00e1ulico de 8500 RPM para mantener la temperatura de funcionamiento por debajo de 100\u202f\u00b0C.<\/p>\n<\/li>\n<li class=\"\" data-start=\"1719\" data-end=\"1940\">\n<p class=\"\" data-start=\"1722\" data-end=\"1940\"><strong data-start=\"1722\" data-end=\"1766\">Dise\u00f1o de separaci\u00f3n t\u00e9rmica y el\u00e9ctrica<\/strong><br data-start=\"1766\" data-end=\"1769\" \/>Dise\u00f1ado con una separaci\u00f3n dedicada entre los componentes t\u00e9rmicos y el\u00e9ctricos, junto con un controlador externo, para garantizar seguridad, fiabilidad y una mayor vida \u00fatil del producto.<\/p>\n<\/li>\n<li class=\"\" data-start=\"1942\" data-end=\"2112\">\n<p class=\"\" data-start=\"1945\" data-end=\"2112\"><strong data-start=\"1945\" data-end=\"1967\">Amplia compatibilidad de modelos<\/strong><br data-start=\"1967\" data-end=\"1970\" \/>Apto para tama\u00f1os comunes de bombillas hal\u00f3genas, incluyendo H1, H3, H7, H11, 9005, 9006 y 9012, ofreciendo flexibilidad para varios modelos de veh\u00edculos.<\/p>\n<\/li>\n<\/ol>","protected":false},"featured_media":174,"template":"","meta":[],"product_brand":[],"product_cat":[23],"product_tag":[24],"class_list":{"0":"post-171","1":"product","2":"type-product","3":"status-publish","4":"has-post-thumbnail","6":"product_cat-4-sided-led-headlight","7":"product_tag-led-headlight","9":"first","10":"instock","11":"shipping-taxable","12":"product-type-simple"},"_links":{"self":[{"href":"https:\/\/rttheadlight.com\/es\/wp-json\/wp\/v2\/product\/171","targetHints":{"allow":["GET"]}}],"collection":[{"href":"https:\/\/rttheadlight.com\/es\/wp-json\/wp\/v2\/product"}],"about":[{"href":"https:\/\/rttheadlight.com\/es\/wp-json\/wp\/v2\/types\/product"}],"wp:featuredmedia":[{"embeddable":true,"href":"https:\/\/rttheadlight.com\/es\/wp-json\/wp\/v2\/media\/174"}],"wp:attachment":[{"href":"https:\/\/rttheadlight.com\/es\/wp-json\/wp\/v2\/media?parent=171"}],"wp:term":[{"taxonomy":"product_brand","embeddable":true,"href":"https:\/\/rttheadlight.com\/es\/wp-json\/wp\/v2\/product_brand?post=171"},{"taxonomy":"product_cat","embeddable":true,"href":"https:\/\/rttheadlight.com\/es\/wp-json\/wp\/v2\/product_cat?post=171"},{"taxonomy":"product_tag","embeddable":true,"href":"https:\/\/rttheadlight.com\/es\/wp-json\/wp\/v2\/product_tag?post=171"}],"curies":[{"name":"wp","href":"https:\/\/api.w.org\/{rel}","templated":true}]}}