{"id":429,"date":"2025-05-22T09:28:58","date_gmt":"2025-05-22T09:28:58","guid":{"rendered":"https:\/\/rttheadlight.com\/?page_id=429"},"modified":"2026-01-17T07:52:09","modified_gmt":"2026-01-17T07:52:09","slug":"technology-2","status":"publish","type":"page","link":"https:\/\/rttheadlight.com\/es\/technology-2\/","title":{"rendered":"Tecnolog\u00eda"},"content":{"rendered":"<section class=\"section\" id=\"section_997973524\">\n\t\t<div class=\"section-bg fill\" >\n\t\t\t\t\t\t\t\t\t\n\t\t\t\n\n\t\t<\/div>\n\n\t\t\n\n\t\t<div class=\"section-content relative\">\n\t\t\t\n\n<div class=\"row\"  id=\"row-2006424625\">\n\n\n\t<div id=\"col-157369350\" class=\"col small-12 large-12\"  >\n\t\t\t\t<div class=\"col-inner\"  >\n\t\t\t\n\t\t\t\n\n\n  <div class=\"banner has-hover\" id=\"banner-920885369\">\n          <div class=\"banner-inner fill\">\n        <div class=\"banner-bg fill\" >\n            <img fetchpriority=\"high\" decoding=\"async\" width=\"1200\" height=\"417\" src=\"https:\/\/rttheadlight.com\/wp-content\/uploads\/2025\/05\/3-1.jpg\" class=\"bg attachment-1536x1536 size-1536x1536\" alt=\"\" \/>                        <div class=\"overlay\"><\/div>            \n                    <\/div>\n\t\t\n        <div class=\"banner-layers container\">\n            <div class=\"fill banner-link\"><\/div>            \n\n   <div id=\"text-box-2061771845\" class=\"text-box banner-layer x95 md-x95 lg-x95 y50 md-y50 lg-y50 res-text\">\n                                <div class=\"text-box-content text dark\">\n              \n              <div class=\"text-inner text-right\">\n                  \n\n<h3 class=\"uppercase\"><strong>La acumulaci\u00f3n de know-how<\/strong><\/h3>\n<p>Mantener nuestra tecnolog\u00eda a la vanguardia.<\/p>\n\n              <\/div>\n           <\/div>\n                            \n<style>\n#text-box-2061771845 {\n  margin: 0px 0px 0px 0px;\n  width: 86%;\n}\n#text-box-2061771845 .text-inner {\n  padding: 0px 0px 200px 0px;\n}\n#text-box-2061771845 .text-box-content {\n  font-size: 96%;\n}\n@media (min-width:550px) {\n  #text-box-2061771845 {\n    width: 67%;\n  }\n}\n<\/style>\n    <\/div>\n \n\n        <\/div>\n      <\/div>\n\n            \n<style>\n#banner-920885369 {\n  padding-top: 400px;\n}\n#banner-920885369 .overlay {\n  background-color: rgba(0, 0, 0, 0.2);\n}\n<\/style>\n  <\/div>\n\n\n\n\t\t<\/div>\n\t\t\t\t\t<\/div>\n\n\t\n\n<\/div>\n\n\t\t<\/div>\n\n\t\t\n<style>\n#section_997973524 {\n  padding-top: 0px;\n  padding-bottom: 0px;\n}\n<\/style>\n\t<\/section>\n\t\n\n\t<section class=\"section\" id=\"section_2046718464\">\n\t\t<div class=\"section-bg fill\" >\n\t\t\t\t\t\t\t\t\t\n\t\t\t\n\n\t\t<\/div>\n\n\t\t\n\n\t\t<div class=\"section-content relative\">\n\t\t\t\n\n<div class=\"row\"  id=\"row-1822518935\">\n\n\n\t<div id=\"col-747318892\" class=\"col small-12 large-12\"  >\n\t\t\t\t<div class=\"col-inner\"  >\n\t\t\t\n\t\t\t\n\n<div class=\"container section-title-container\" ><h2 class=\"section-title section-title-center\"><b><\/b><span class=\"section-title-main\" >\u00bfPor qu\u00e9 faros LED de 360\u00b0?<\/span><b><\/b><\/h2><\/div>\n\n<div class=\"row\"  id=\"row-1367415196\">\n\n\n\t<div id=\"col-417013230\" class=\"col medium-6 small-12 large-6\"  >\n\t\t\t\t<div class=\"col-inner\"  >\n\t\t\t\n\t\t\t\n\n\t<div class=\"img has-hover x md-x lg-x y md-y lg-y\" id=\"image_1218860547\">\n\t\t\t\t\t\t\t\t<div class=\"img-inner dark\" >\n\t\t\t<img decoding=\"async\" width=\"850\" height=\"850\" src=\"https:\/\/rttheadlight.com\/wp-content\/uploads\/2025\/05\/126-1.jpg\" class=\"attachment-1536x1536 size-1536x1536\" alt=\"\" srcset=\"https:\/\/rttheadlight.com\/wp-content\/uploads\/2025\/05\/126-1.jpg 850w, https:\/\/rttheadlight.com\/wp-content\/uploads\/2025\/05\/126-1-100x100.jpg 100w, https:\/\/rttheadlight.com\/wp-content\/uploads\/2025\/05\/126-1-510x510.jpg 510w, https:\/\/rttheadlight.com\/wp-content\/uploads\/2025\/05\/126-1-300x300.jpg 300w, https:\/\/rttheadlight.com\/wp-content\/uploads\/2025\/05\/126-1-150x150.jpg 150w, https:\/\/rttheadlight.com\/wp-content\/uploads\/2025\/05\/126-1-768x768.jpg 768w, https:\/\/rttheadlight.com\/wp-content\/uploads\/2025\/05\/126-1-12x12.jpg 12w\" sizes=\"(max-width: 850px) 100vw, 850px\" \/>\t\t\t\t\t\t\n\t\t\t\t\t<\/div>\n\t\t\t\t\t\t\t\t\n<style>\n#image_1218860547 {\n  width: 100%;\n}\n<\/style>\n\t<\/div>\n\t\n\n\n\t\t<\/div>\n\t\t\t\t\t<\/div>\n\n\t\n\n\t<div id=\"col-635265604\" class=\"col medium-6 small-12 large-6\"  >\n\t\t\t\t<div class=\"col-inner\"  >\n\t\t\t\n\t\t\t\n\n<h2>Sin zonas oscuras<\/h2>\n<p>Nuestro faro LED de 360\u00b0 adopta un dise\u00f1o de n\u00facleo LED de cuatro lados, lo que reduce significativamente el di\u00e1metro de emisi\u00f3n de luz para igualar el de las bombillas hal\u00f3genas y de xen\u00f3n. Esto garantiza un patr\u00f3n de haz perfectamente enfocado, sin zonas oscuras y sin necesidad de ajuste manual. Al igual que los faros hal\u00f3genos o HID tradicionales, nuestro LED ofrece una salida de luz real de 360\u00b0, con hasta 10 veces el brillo de una bombilla hal\u00f3gena est\u00e1ndar.<\/p>\n\n\t\t<\/div>\n\t\t\t\t\t<\/div>\n\n\t\n\n<\/div>\n<div class=\"row\"  id=\"row-1535181321\">\n\n\n\t<div id=\"col-740597821\" class=\"col small-12 large-12\"  >\n\t\t\t\t<div class=\"col-inner\"  >\n\t\t\t\n\t\t\t\n\n<div class=\"row\"  id=\"row-929750319\">\n\n\n\t<div id=\"col-534733167\" class=\"col medium-6 small-12 large-6\"  >\n\t\t\t\t<div class=\"col-inner\"  >\n\t\t\t\n\t\t\t\n\n\t<div class=\"img has-hover x md-x lg-x y md-y lg-y\" id=\"image_650415499\">\n\t\t\t\t\t\t\t\t<div class=\"img-inner dark\" >\n\t\t\t<img decoding=\"async\" width=\"850\" height=\"850\" src=\"https:\/\/rttheadlight.com\/wp-content\/uploads\/2025\/05\/128-1.jpg\" class=\"attachment-1536x1536 size-1536x1536\" alt=\"\" srcset=\"https:\/\/rttheadlight.com\/wp-content\/uploads\/2025\/05\/128-1.jpg 850w, https:\/\/rttheadlight.com\/wp-content\/uploads\/2025\/05\/128-1-100x100.jpg 100w, https:\/\/rttheadlight.com\/wp-content\/uploads\/2025\/05\/128-1-510x510.jpg 510w, https:\/\/rttheadlight.com\/wp-content\/uploads\/2025\/05\/128-1-300x300.jpg 300w, https:\/\/rttheadlight.com\/wp-content\/uploads\/2025\/05\/128-1-150x150.jpg 150w, https:\/\/rttheadlight.com\/wp-content\/uploads\/2025\/05\/128-1-768x768.jpg 768w, https:\/\/rttheadlight.com\/wp-content\/uploads\/2025\/05\/128-1-12x12.jpg 12w\" sizes=\"(max-width: 850px) 100vw, 850px\" \/>\t\t\t\t\t\t\n\t\t\t\t\t<\/div>\n\t\t\t\t\t\t\t\t\n<style>\n#image_650415499 {\n  width: 100%;\n}\n<\/style>\n\t<\/div>\n\t\n\n\n\t\t<\/div>\n\t\t\t\t\t<\/div>\n\n\t\n\n\t<div id=\"col-553014756\" class=\"col medium-6 small-12 large-6\"  >\n\t\t\t\t<div class=\"col-inner\"  >\n\t\t\t\n\t\t\t\n\n<h2>Haz y brillo<\/h2>\n<p data-start=\"138\" data-end=\"292\"><strong data-start=\"138\" data-end=\"292\">En comparaci\u00f3n con los faros de xen\u00f3n tradicionales y los faros LED est\u00e1ndar de 2 lados, nuestro faro LED de 4 lados y 360\u00b0 ofrece claras ventajas en todos los aspectos:<\/strong><\/p>\n<ul data-start=\"294\" data-end=\"976\">\n<li data-start=\"294\" data-end=\"412\">\n<p data-start=\"296\" data-end=\"412\">Brillo: hasta 10 veces m\u00e1s brillante que un hal\u00f3geno y significativamente m\u00e1s brillante que los dise\u00f1os de xen\u00f3n y LED de 2 lados.<\/p>\n<\/li>\n<li data-start=\"413\" data-end=\"576\">\n<p data-start=\"415\" data-end=\"576\">Patr\u00f3n de haz: Proporciona un haz perfectamente enfocado de 360\u00b0 sin zonas oscuras ni deslumbramiento, replicando de cerca la precisi\u00f3n de los faros de xen\u00f3n sin necesidad de ajuste manual.<\/p>\n<\/li>\n<li data-start=\"577\" data-end=\"708\">\n<p data-start=\"579\" data-end=\"708\">Costo: M\u00e1s rentable que los sistemas de xen\u00f3n (no requiere balasto), con un mejor rendimiento que los faros LED econ\u00f3micos t\u00edpicos.<\/p>\n<\/li>\n<li data-start=\"709\" data-end=\"842\">\n<p data-start=\"711\" data-end=\"842\">Vida \u00fatil: Dise\u00f1ado para uso a largo plazo, con una vida \u00fatil de m\u00e1s de 30 000 horas, superando ampliamente a las bombillas de xen\u00f3n y a las opciones LED m\u00e1s econ\u00f3micas.<\/p>\n<\/li>\n<li data-start=\"843\" data-end=\"976\">\n<p data-start=\"845\" data-end=\"976\">Estabilidad: La superior disipaci\u00f3n de calor y el dise\u00f1o del controlador aseguran un brillo y un rendimiento consistentes incluso en condiciones extremas.<\/p>\n<\/li>\n<\/ul>\n\n\t\t<\/div>\n\t\t\t\t\t<\/div>\n\n\t\n\n<\/div>\n\n\t\t<\/div>\n\t\t\t\t\t<\/div>\n\n\t\n\n<\/div>\n<div class=\"row\"  id=\"row-495601709\">\n\n\n\t<div id=\"col-657169\" class=\"col medium-6 small-12 large-6\"  >\n\t\t\t\t<div class=\"col-inner\"  >\n\t\t\t\n\t\t\t\n\n\t<div class=\"img has-hover x md-x lg-x y md-y lg-y\" id=\"image_166264012\">\n\t\t\t\t\t\t\t\t<div class=\"img-inner dark\" >\n\t\t\t<img loading=\"lazy\" decoding=\"async\" width=\"850\" height=\"850\" src=\"https:\/\/rttheadlight.com\/wp-content\/uploads\/2025\/05\/127-1.jpg\" class=\"attachment-1536x1536 size-1536x1536\" alt=\"\" srcset=\"https:\/\/rttheadlight.com\/wp-content\/uploads\/2025\/05\/127-1.jpg 850w, https:\/\/rttheadlight.com\/wp-content\/uploads\/2025\/05\/127-1-100x100.jpg 100w, https:\/\/rttheadlight.com\/wp-content\/uploads\/2025\/05\/127-1-510x510.jpg 510w, https:\/\/rttheadlight.com\/wp-content\/uploads\/2025\/05\/127-1-300x300.jpg 300w, https:\/\/rttheadlight.com\/wp-content\/uploads\/2025\/05\/127-1-150x150.jpg 150w, https:\/\/rttheadlight.com\/wp-content\/uploads\/2025\/05\/127-1-768x768.jpg 768w, https:\/\/rttheadlight.com\/wp-content\/uploads\/2025\/05\/127-1-12x12.jpg 12w\" sizes=\"(max-width: 850px) 100vw, 850px\" \/>\t\t\t\t\t\t\n\t\t\t\t\t<\/div>\n\t\t\t\t\t\t\t\t\n<style>\n#image_166264012 {\n  width: 100%;\n}\n<\/style>\n\t<\/div>\n\t\n\n\n\t\t<\/div>\n\t\t\t\t\t<\/div>\n\n\t\n\n\t<div id=\"col-1814442094\" class=\"col medium-6 small-12 large-6\"  >\n\t\t\t\t<div class=\"col-inner\"  >\n\t\t\t\n\t\t\t\n\n<h2>Comparado con otros<\/h2>\n<p data-start=\"202\" data-end=\"505\"><strong data-start=\"202\" data-end=\"505\">Unlike many other 4-sided, 6-sided, or even 8-sided LED headlights on the market that require a larger light-emitting diameter due to design or physical limitations, our 4-sided 360\u00b0 LED headlight features an ultra-compact LED core layout that closely matches the filament size of halogen and xenon bulbs.<\/strong><\/p>\n<ul data-start=\"507\" data-end=\"1201\">\n<li data-start=\"507\" data-end=\"677\">\n<p data-start=\"509\" data-end=\"677\">Beam Focus: The smaller diameter allows our LEDs to achieve an exceptionally accurate beam focus \u2014 no dark spots, no scattered light, and no need for adjustment.<\/p>\n<\/li>\n<li data-start=\"678\" data-end=\"839\">\n<p data-start=\"680\" data-end=\"839\">Brillo: A pesar del tama\u00f1o compacto, nuestros LED logran una luminosidad mucho mayor que los dise\u00f1os sobredimensionados de m\u00faltiples lados, que a menudo presentan un haz poco enfocado.<\/p>\n<\/li>\n<li data-start=\"840\" data-end=\"1021\">\n<p data-start=\"842\" data-end=\"1021\">Eficiencia de tama\u00f1o: Los modelos m\u00e1s grandes de 6 y 8 lados tienden a comprometer la compatibilidad con el reflector debido a un di\u00e1metro excesivo, mientras que nuestro dise\u00f1o delgado mantiene los est\u00e1ndares de ajuste OEM.<\/p>\n<\/li>\n<li data-start=\"1022\" data-end=\"1201\">\n<p data-start=\"1024\" data-end=\"1201\">Estabilidad t\u00e9rmica: Un dise\u00f1o compacto permite un control t\u00e9rmico m\u00e1s eficiente, mejorando el rendimiento a largo plazo y reduciendo los riesgos de fallos que se observan en modelos multilateralmente densos.<\/p>\n<\/li>\n<\/ul>\n<p data-start=\"1203\" data-end=\"1401\"><strong data-start=\"1203\" data-end=\"1401\">En resumen, el dise\u00f1o avanzado de 4 lados de Ruituo ofrece el equilibrio perfecto entre precisi\u00f3n del haz, brillo, compatibilidad de tama\u00f1o y estabilidad, superando tanto a los LED tradicionales como a los competidores de m\u00faltiples lados.<\/strong><\/p>\n\n\t\t<\/div>\n\t\t\t\t\t<\/div>\n\n\t\n\n<\/div>\n<div class=\"row\"  id=\"row-237937068\">\n\n\n\t<div id=\"col-1650597273\" class=\"col medium-6 small-12 large-6\"  >\n\t\t\t\t<div class=\"col-inner\"  >\n\t\t\t\n\t\t\t\n\n\t<div class=\"img has-hover x md-x lg-x y md-y lg-y\" id=\"image_1272951222\">\n\t\t\t\t\t\t\t\t<div class=\"img-inner dark\" >\n\t\t\t<img loading=\"lazy\" decoding=\"async\" width=\"850\" height=\"850\" src=\"https:\/\/rttheadlight.com\/wp-content\/uploads\/2025\/05\/129.jpg\" class=\"attachment-1536x1536 size-1536x1536\" alt=\"\" srcset=\"https:\/\/rttheadlight.com\/wp-content\/uploads\/2025\/05\/129.jpg 850w, https:\/\/rttheadlight.com\/wp-content\/uploads\/2025\/05\/129-100x100.jpg 100w, https:\/\/rttheadlight.com\/wp-content\/uploads\/2025\/05\/129-510x510.jpg 510w, https:\/\/rttheadlight.com\/wp-content\/uploads\/2025\/05\/129-300x300.jpg 300w, https:\/\/rttheadlight.com\/wp-content\/uploads\/2025\/05\/129-150x150.jpg 150w, https:\/\/rttheadlight.com\/wp-content\/uploads\/2025\/05\/129-768x768.jpg 768w, https:\/\/rttheadlight.com\/wp-content\/uploads\/2025\/05\/129-12x12.jpg 12w\" sizes=\"(max-width: 850px) 100vw, 850px\" \/>\t\t\t\t\t\t\n\t\t\t\t\t<\/div>\n\t\t\t\t\t\t\t\t\n<style>\n#image_1272951222 {\n  width: 100%;\n}\n<\/style>\n\t<\/div>\n\t\n\n\n\t\t<\/div>\n\t\t\t\t\t<\/div>\n\n\t\n\n\t<div id=\"col-1232705394\" class=\"col medium-6 small-12 large-6\"  >\n\t\t\t\t<div class=\"col-inner\"  >\n\t\t\t\n\t\t\t\n\n<h2>Fuente de alimentaci\u00f3n<\/h2>\n<p>La fuente de alimentaci\u00f3n es un componente cr\u00edtico de este producto, ya que muchos veh\u00edculos pueden detectar un consumo irregular de energ\u00eda de los faros. Si la fuente de alimentaci\u00f3n no es consistente con las especificaciones originales, puede provocar los siguientes problemas:<\/p>\n<ul>\n<li>Parpadeo: Los faros pueden no funcionar correctamente y podr\u00edan parpadear de forma continua al encenderse.<\/li>\n<li>Interferencia de radio: Una fuente de alimentaci\u00f3n anormal puede afectar las se\u00f1ales de radio, provocando mala calidad de audio o est\u00e1tica durante la transmisi\u00f3n.<\/li>\n<li>Apagado de los faros al arrancar: Los faros pueden apagarse temporalmente al encender el veh\u00edculo y solo volver a encenderse cuando el motor est\u00e9 en funcionamiento.<\/li>\n<li>Luz de advertencia en el tablero: El tablero del veh\u00edculo puede mostrar una luz de advertencia, indicando un problema relacionado con la alimentaci\u00f3n del sistema de faros.<\/li>\n<\/ul>\n<p>Para abordar estas preocupaciones, utilizamos fuentes de alimentaci\u00f3n que han sido ampliamente probadas y est\u00e1n equipadas con capacidades avanzadas de decodificaci\u00f3n de energ\u00eda para garantizar una salida estable y confiable.<\/p>\n<p>Adem\u00e1s, nuestro sistema cuenta con un circuito de control de temperatura inteligente. Esta tecnolog\u00eda monitorea la temperatura de funcionamiento en tiempo real y, si se alcanza un umbral preestablecido, reduce autom\u00e1ticamente la salida de energ\u00eda para proteger el sistema el\u00e9ctrico del veh\u00edculo y mantener un rendimiento \u00f3ptimo.<\/p>\n\n\t\t<\/div>\n\t\t\t\t\t<\/div>\n\n\t\n\n<\/div>\n\n\t\t<\/div>\n\t\t\t\t\t<\/div>\n\n\t\n\n<\/div>\n\n\t\t<\/div>\n\n\t\t\n<style>\n#section_2046718464 {\n  padding-top: 30px;\n  padding-bottom: 30px;\n}\n<\/style>\n\t<\/section>\n\t\n\n\t<section class=\"section\" id=\"section_259633712\">\n\t\t<div class=\"section-bg fill\" >\n\t\t\t\t\t\t\t\t\t\n\t\t\t\n\n\t\t<\/div>\n\n\t\t\n\n\t\t<div class=\"section-content relative\">\n\t\t\t\n\n<div class=\"row\"  id=\"row-1694662546\">\n\n\n\t<div id=\"col-1244346177\" class=\"col small-12 large-12\"  >\n\t\t\t\t<div class=\"col-inner\"  >\n\t\t\t\n\t\t\t\n\n<div class=\"container section-title-container\" ><h2 class=\"section-title section-title-center\"><b><\/b><span class=\"section-title-main\" >Demo en video<\/span><b><\/b><\/h2><\/div>\n\n<p style=\"text-align: center;\">Esta secci\u00f3n mostrar\u00e1 varios modelos con introducci\u00f3n a las caracter\u00edsticas, c\u00f3mo los probamos e instalamos. Continuaremos compartiendo aqu\u00ed los videos de demostraci\u00f3n de los \u00faltimos modelos.<\/p>\n\n\t\t<\/div>\n\t\t\t\t\t<\/div>\n\n\t\n\n<\/div>\n<div class=\"row\"  id=\"row-1456558872\">\n\n\n\t<div id=\"col-1769559017\" class=\"col medium-3 small-6 large-3\"  >\n\t\t\t\t<div class=\"col-inner\"  >\n\t\t\t\n\t\t\t\n\n<div class=\"video video-fit mb\" style=\"padding-top:56.25%;\"><iframe title=\"2025\u5e746\u67084\u65e5\" width=\"1020\" height=\"574\" src=\"https:\/\/www.youtube.com\/embed\/empsQUI5fI8?feature=oembed\" frameborder=\"0\" allow=\"accelerometer; autoplay; clipboard-write; encrypted-media; gyroscope; picture-in-picture; web-share\" referrerpolicy=\"strict-origin-when-cross-origin\" allowfullscreen><\/iframe><\/div>\n\n\n\t\t<\/div>\n\t\t\t\t\t<\/div>\n\n\t\n\n\t<div id=\"col-1245976737\" class=\"col medium-3 small-6 large-3\"  >\n\t\t\t\t<div class=\"col-inner\"  >\n\t\t\t\n\t\t\t\n\n<div class=\"video video-fit mb\" style=\"padding-top:56.25%;\"><p><iframe title=\"2025\u5e746\u67084\u65e5\" width=\"1020\" height=\"574\" src=\"https:\/\/www.youtube.com\/embed\/mxAF67m8eHc?feature=oembed\" frameborder=\"0\" allow=\"accelerometer; autoplay; clipboard-write; encrypted-media; gyroscope; picture-in-picture; web-share\" referrerpolicy=\"strict-origin-when-cross-origin\" allowfullscreen><\/iframe><\/p>\n<\/div>\n\n\n\t\t<\/div>\n\t\t\t\t\t<\/div>\n\n\t\n\n\t<div id=\"col-1432560917\" class=\"col medium-3 small-6 large-3\"  >\n\t\t\t\t<div class=\"col-inner\"  >\n\t\t\t\n\t\t\t\n\n<div class=\"video video-fit mb\" style=\"padding-top:56.25%;\"><p><iframe title=\"2025\u5e746\u67084\u65e5\" width=\"1020\" height=\"574\" src=\"https:\/\/www.youtube.com\/embed\/Bgq--W1EJFw?feature=oembed\" frameborder=\"0\" allow=\"accelerometer; autoplay; clipboard-write; encrypted-media; gyroscope; picture-in-picture; web-share\" referrerpolicy=\"strict-origin-when-cross-origin\" allowfullscreen><\/iframe><\/p>\n<\/div>\n\n\n\t\t<\/div>\n\t\t\t\t\t<\/div>\n\n\t\n\n\t<div id=\"col-846137955\" class=\"col medium-3 small-6 large-3\"  >\n\t\t\t\t<div class=\"col-inner\"  >\n\t\t\t\n\t\t\t\n\n<div class=\"video video-fit mb\" style=\"padding-top:56.25%;\"><p><iframe title=\"2025\u5e746\u67084\u65e5\" width=\"1020\" height=\"574\" src=\"https:\/\/www.youtube.com\/embed\/zSNXAOzzhBE?feature=oembed\" frameborder=\"0\" allow=\"accelerometer; autoplay; clipboard-write; encrypted-media; gyroscope; picture-in-picture; web-share\" referrerpolicy=\"strict-origin-when-cross-origin\" allowfullscreen><\/iframe><\/p>\n<\/div>\n\n\n\t\t<\/div>\n\t\t\t\t\t<\/div>\n\n\t\n\n<\/div>\n<div class=\"row\"  id=\"row-1634212153\">\n\n\n\t<div id=\"col-1132327765\" class=\"col medium-3 small-6 large-3\"  >\n\t\t\t\t<div class=\"col-inner\"  >\n\t\t\t\n\t\t\t\n\n<div class=\"video video-fit mb\" style=\"padding-top:56.25%;\"><p><iframe title=\"2025\u5e746\u67084\u65e5\" width=\"1020\" height=\"574\" src=\"https:\/\/www.youtube.com\/embed\/tM_20APBjl8?feature=oembed\" frameborder=\"0\" allow=\"accelerometer; autoplay; clipboard-write; encrypted-media; gyroscope; picture-in-picture; web-share\" referrerpolicy=\"strict-origin-when-cross-origin\" allowfullscreen><\/iframe><\/p>\n<\/div>\n\n\n\t\t<\/div>\n\t\t\t\t\t<\/div>\n\n\t\n\n\t<div id=\"col-488048852\" class=\"col medium-3 small-6 large-3\"  >\n\t\t\t\t<div class=\"col-inner\"  >\n\t\t\t\n\t\t\t\n\n<div class=\"video video-fit mb\" style=\"padding-top:56.25%;\"><p><iframe title=\"2025\u5e746\u67084\u65e5\" width=\"1020\" height=\"574\" src=\"https:\/\/www.youtube.com\/embed\/i_OqjwSXMHE?feature=oembed\" frameborder=\"0\" allow=\"accelerometer; autoplay; clipboard-write; encrypted-media; gyroscope; picture-in-picture; web-share\" referrerpolicy=\"strict-origin-when-cross-origin\" allowfullscreen><\/iframe><\/p>\n<\/div>\n\n\n\t\t<\/div>\n\t\t\t\t\t<\/div>\n\n\t\n\n\t<div id=\"col-953813163\" class=\"col medium-3 small-6 large-3\"  >\n\t\t\t\t<div class=\"col-inner\"  >\n\t\t\t\n\t\t\t\n\n\n\t\t<\/div>\n\t\t\t\t\t<\/div>\n\n\t\n\n\t<div id=\"col-501019532\" class=\"col medium-3 small-6 large-3\"  >\n\t\t\t\t<div class=\"col-inner\"  >\n\t\t\t\n\t\t\t\n\n\n\t\t<\/div>\n\t\t\t\t\t<\/div>\n\n\t\n\n<\/div>\n\n\t\t<\/div>\n\n\t\t\n<style>\n#section_259633712 {\n  padding-top: 30px;\n  padding-bottom: 30px;\n}\n<\/style>\n\t<\/section>","protected":false},"excerpt":{"rendered":"","protected":false},"author":2,"featured_media":0,"parent":0,"menu_order":0,"comment_status":"closed","ping_status":"closed","template":"","meta":{"footnotes":""},"class_list":["post-429","page","type-page","status-publish","hentry"],"_links":{"self":[{"href":"https:\/\/rttheadlight.com\/es\/wp-json\/wp\/v2\/pages\/429","targetHints":{"allow":["GET"]}}],"collection":[{"href":"https:\/\/rttheadlight.com\/es\/wp-json\/wp\/v2\/pages"}],"about":[{"href":"https:\/\/rttheadlight.com\/es\/wp-json\/wp\/v2\/types\/page"}],"author":[{"embeddable":true,"href":"https:\/\/rttheadlight.com\/es\/wp-json\/wp\/v2\/users\/2"}],"replies":[{"embeddable":true,"href":"https:\/\/rttheadlight.com\/es\/wp-json\/wp\/v2\/comments?post=429"}],"version-history":[{"count":38,"href":"https:\/\/rttheadlight.com\/es\/wp-json\/wp\/v2\/pages\/429\/revisions"}],"predecessor-version":[{"id":2174,"href":"https:\/\/rttheadlight.com\/es\/wp-json\/wp\/v2\/pages\/429\/revisions\/2174"}],"wp:attachment":[{"href":"https:\/\/rttheadlight.com\/es\/wp-json\/wp\/v2\/media?parent=429"}],"curies":[{"name":"wp","href":"https:\/\/api.w.org\/{rel}","templated":true}]}}