{"id":758,"date":"2025-06-05T02:48:14","date_gmt":"2025-06-05T02:48:14","guid":{"rendered":"https:\/\/rttheadlight.com\/?post_type=product&#038;p=758"},"modified":"2026-02-01T13:00:11","modified_gmt":"2026-02-01T13:00:11","slug":"k9-6-sided-fog-headlight-series","status":"publish","type":"product","link":"https:\/\/rttheadlight.com\/de\/product\/k9-6-sided-fog-headlight-series\/","title":{"rendered":"K9 6-seitige Nebelscheinwerfer-Serie"},"content":{"rendered":"<table>\n<tbody>\n<tr>\n<td width=\"160\">Spannung<\/td>\n<td width=\"180\">12V&#8212;90V<\/td>\n<\/tr>\n<tr>\n<td width=\"160\">Leistungsaufnahme<\/td>\n<td width=\"180\">10W<\/td>\n<\/tr>\n<tr>\n<td width=\"160\">Farbtemperatur<\/td>\n<td width=\"180\">3000K\/6000K<\/td>\n<\/tr>\n<tr>\n<td width=\"160\">Helligkeit<\/td>\n<td width=\"180\">1000Lm<\/td>\n<\/tr>\n<tr>\n<td width=\"160\">LED-Kern-Durchmesser<\/td>\n<td width=\"180\">5mm<\/td>\n<\/tr>\n<tr>\n<td width=\"160\">Stromversorgung<\/td>\n<td width=\"180\">Built-in<\/td>\n<\/tr>\n<tr>\n<td width=\"160\">Kompatible Modelle<\/td>\n<td width=\"180\">H7\/H8\/H9\/H11\/9005\/9006\/PSX24W\/H16(EU)5202\/PSX26W\/P13W<\/td>\n<\/tr>\n<\/tbody>\n<\/table>","protected":false},"excerpt":{"rendered":"<p class=\"\" data-start=\"306\" data-end=\"775\">Dieses Modell ist ein Nebelscheinwerfer mit einem breiten Spannungsbereich von 12V bis 90V. Es erf\u00fcllt die gleichen Leistungs- und Qualit\u00e4tsstandards, wie das 6-seitige LED-Design, einen 5-mm-Kern, ein externes Treibermodul und patentierte W\u00e4rmetechnologien.<\/p>\n<hr class=\"\" data-start=\"777\" data-end=\"780\" \/>\n<h3 class=\"\" data-start=\"782\" data-end=\"802\"><strong data-start=\"786\" data-end=\"802\">Hauptmerkmale:<\/strong><\/h3>\n<ol data-start=\"804\" data-end=\"2145\">\n<li class=\"\" data-start=\"804\" data-end=\"957\">\n<p class=\"\" data-start=\"807\" data-end=\"957\"><strong data-start=\"807\" data-end=\"841\">Nebelscheinwerfer-Design<\/strong><br data-start=\"841\" data-end=\"844\" \/>\u2013 Mit 1:1-Strukturdesign des Nebelscheinwerfers.<\/p>\n<\/li>\n<li class=\"\" data-start=\"959\" data-end=\"1104\">\n<p class=\"\" data-start=\"962\" data-end=\"1104\"><strong data-start=\"962\" data-end=\"991\">6-seitige LED-Konfiguration<\/strong><br data-start=\"991\" data-end=\"994\" \/>\u2013 Gew\u00e4hrleistet echte 360\u00b0-Beleuchtung mit gleichm\u00e4\u00dfigem Lichtstrahl und ohne dunkle Bereiche, wodurch die Sicht beim Fahren verbessert wird.<\/p>\n<\/li>\n<li class=\"\" data-start=\"1258\" data-end=\"1397\">\n<p class=\"\" data-start=\"1261\" data-end=\"1397\"><strong data-start=\"1261\" data-end=\"1286\">5-mm-LED-Kerndurchmesser<\/strong><br data-start=\"1286\" data-end=\"1289\" \/>\u2013 Erm\u00f6glicht eine hervorragende Strahlfokussierung und ahmt traditionelle Halogen- und HID-Lichtbilder f\u00fcr optimale Kompatibilit\u00e4t nach.<\/p>\n<\/li>\n<li class=\"\" data-start=\"1399\" data-end=\"1532\">\n<p class=\"\" data-start=\"1402\" data-end=\"1532\"><strong data-start=\"1402\" data-end=\"1439\">Patentierte Vergusstechnologie<\/strong><br data-start=\"1439\" data-end=\"1442\" \/>\u2013 Sch\u00fctzt die LED-Komponenten und verbessert gleichzeitig die thermische Best\u00e4ndigkeit sowie die Langzeitleistung.<\/p>\n<\/li>\n<li class=\"\" data-start=\"1534\" data-end=\"1687\">\n<p class=\"\" data-start=\"1537\" data-end=\"1687\"><strong data-start=\"1537\" data-end=\"1578\">W\u00e4rmeleitung aus Luftfahrtaluminium<\/strong><br data-start=\"1578\" data-end=\"1581\" \/>\u2013 Effizientes W\u00e4rme\u00fcbertragungsdesign unter Verwendung von Luftfahrtaluminium zur Aufrechterhaltung stabiler Betriebstemperaturen.<\/p>\n<\/li>\n<li class=\"\" data-start=\"1689\" data-end=\"1848\">\n<p class=\"\" data-start=\"1692\" data-end=\"1848\"><strong data-start=\"1692\" data-end=\"1734\">Thermisches und elektrisches Trennungsdesign<\/strong><br data-start=\"1734\" data-end=\"1737\" \/>\u2013 Trennt das W\u00e4rme- und Energiemanagement, reduziert elektrische St\u00f6rungen und erh\u00f6ht die Zuverl\u00e4ssigkeit.<\/p>\n<\/li>\n<li class=\"\" data-start=\"1850\" data-end=\"1981\">\n<p class=\"\" data-start=\"1853\" data-end=\"1981\"><strong data-start=\"1853\" data-end=\"1885\">Integrierte Treiber-Stromversorgung<\/strong><br data-start=\"1885\" data-end=\"1888\" \/>\u2013 Gew\u00e4hrleistet eine konstante Stromversorgung und reduziert die thermische Belastung im Scheinwerfergeh\u00e4use.<\/p>\n<\/li>\n<\/ol>","protected":false},"featured_media":761,"template":"","meta":[],"product_brand":[],"product_cat":[21],"product_tag":[24],"class_list":{"0":"post-758","1":"product","2":"type-product","3":"status-publish","4":"has-post-thumbnail","6":"product_cat-6-sided-led-headlight","7":"product_tag-led-headlight","9":"first","10":"instock","11":"shipping-taxable","12":"product-type-simple"},"_links":{"self":[{"href":"https:\/\/rttheadlight.com\/de\/wp-json\/wp\/v2\/product\/758","targetHints":{"allow":["GET"]}}],"collection":[{"href":"https:\/\/rttheadlight.com\/de\/wp-json\/wp\/v2\/product"}],"about":[{"href":"https:\/\/rttheadlight.com\/de\/wp-json\/wp\/v2\/types\/product"}],"wp:featuredmedia":[{"embeddable":true,"href":"https:\/\/rttheadlight.com\/de\/wp-json\/wp\/v2\/media\/761"}],"wp:attachment":[{"href":"https:\/\/rttheadlight.com\/de\/wp-json\/wp\/v2\/media?parent=758"}],"wp:term":[{"taxonomy":"product_brand","embeddable":true,"href":"https:\/\/rttheadlight.com\/de\/wp-json\/wp\/v2\/product_brand?post=758"},{"taxonomy":"product_cat","embeddable":true,"href":"https:\/\/rttheadlight.com\/de\/wp-json\/wp\/v2\/product_cat?post=758"},{"taxonomy":"product_tag","embeddable":true,"href":"https:\/\/rttheadlight.com\/de\/wp-json\/wp\/v2\/product_tag?post=758"}],"curies":[{"name":"wp","href":"https:\/\/api.w.org\/{rel}","templated":true}]}}