{"id":728,"date":"2025-06-05T02:09:41","date_gmt":"2025-06-05T02:09:41","guid":{"rendered":"https:\/\/rttheadlight.com\/?post_type=product&#038;p=728"},"modified":"2026-02-02T11:59:31","modified_gmt":"2026-02-02T11:59:31","slug":"r9-8-sided-chinese-style-high-power-series-led-headlight","status":"publish","type":"product","link":"https:\/\/rttheadlight.com\/de\/product\/r9-8-sided-chinese-style-high-power-series-led-headlight\/","title":{"rendered":"R9 8-seitiger LED-Scheinwerfer Hochleistungsserie Chinesischer Stil"},"content":{"rendered":"<table>\n<tbody>\n<tr>\n<td width=\"160\">Spannung<\/td>\n<td width=\"180\">12V<\/td>\n<\/tr>\n<tr>\n<td width=\"160\">Leistungsaufnahme<\/td>\n<td width=\"180\">50W<\/td>\n<\/tr>\n<tr>\n<td width=\"160\">Farbtemperatur<\/td>\n<td width=\"180\">3000K\/4300K\/6000K\/8000K<\/td>\n<\/tr>\n<tr>\n<td width=\"160\">Helligkeit<\/td>\n<td width=\"180\">6000Lm<\/td>\n<\/tr>\n<tr>\n<td width=\"160\">LED-Kern-Durchmesser<\/td>\n<td width=\"180\">6mm<\/td>\n<\/tr>\n<tr>\n<td width=\"160\">Stromversorgung<\/td>\n<td width=\"180\">Externe Schalter-Stromversorgung<\/td>\n<\/tr>\n<tr>\n<td width=\"160\">Kompatible Modelle<\/td>\n<td width=\"180\">H1\/H3\/H4\/H7\/H11\/9005\/9006\/9012<\/td>\n<\/tr>\n<\/tbody>\n<\/table>","protected":false},"excerpt":{"rendered":"<p class=\"\" data-start=\"191\" data-end=\"844\">Dieses chinesisch gestaltete Hochleistungs-LED-Scheinwerfermodell verf\u00fcgt \u00fcber eine 8-seitige LED-Struktur und einen 6-mm-Lichtkern, der f\u00fcr eine leistungsstarke, weitwinklige Ausleuchtung mit erh\u00f6hter Helligkeit ausgelegt ist. Ausgestattet mit einem externen Treiber-Netzteil gew\u00e4hrleistet es einen stabilen Strom und ein optimiertes W\u00e4rmemanagement. In Kombination mit unserer patentierten Vergusstechnologie, einem W\u00e4rmeableitungssystem aus rotem Kupfer und einem thermisch-elektrisch getrennten Design bietet dieses Modell eine au\u00dfergew\u00f6hnliche Zuverl\u00e4ssigkeit und Anpassungsf\u00e4higkeit an unterschiedliche Fahrbedingungen. Mehrere Farbtemperaturoptionen erm\u00f6glichen es dem Fahrer, den Lichtmodus je nach Wetterlage und pers\u00f6nlichen Vorlieben zu wechseln.<\/p>\n<hr class=\"\" data-start=\"846\" data-end=\"849\" \/>\n<h3 class=\"\" data-start=\"851\" data-end=\"871\"><strong data-start=\"855\" data-end=\"871\">Hauptmerkmale:<\/strong><\/h3>\n<ol data-start=\"873\" data-end=\"1987\">\n<li class=\"\" data-start=\"873\" data-end=\"1020\">\n<p class=\"\" data-start=\"876\" data-end=\"1020\"><strong data-start=\"876\" data-end=\"908\">Externes Treiber-Netzteil<\/strong><br data-start=\"908\" data-end=\"911\" \/>\u2013 Gew\u00e4hrleistet eine bessere W\u00e4rmeisolierung und eine stabile elektrische Leistung, insbesondere bei Hochleistungsanwendungen.<\/p>\n<\/li>\n<li class=\"\" data-start=\"1022\" data-end=\"1149\">\n<p class=\"\" data-start=\"1025\" data-end=\"1149\"><strong data-start=\"1025\" data-end=\"1054\">8-seitige LED-Konfiguration<\/strong><br data-start=\"1054\" data-end=\"1057\" \/>\u2013 Erzeugt eine echte 360\u00b0-Ausleuchtung mit einem breiteren Abstrahlwinkel und st\u00e4rkerer Fahrbahnausleuchtung.<\/p>\n<\/li>\n<li class=\"\" data-start=\"1151\" data-end=\"1286\">\n<p class=\"\" data-start=\"1154\" data-end=\"1286\"><strong data-start=\"1154\" data-end=\"1179\">6 mm LED-Kerndurchmesser<\/strong><br data-start=\"1179\" data-end=\"1182\" \/>\u2013 Bietet ein ausgewogenes Verh\u00e4ltnis zwischen Lichtfokus und Helligkeit f\u00fcr verbesserte Fern- und Seiten\u00adsicht.<\/p>\n<\/li>\n<li class=\"\" data-start=\"1288\" data-end=\"1432\">\n<p class=\"\" data-start=\"1291\" data-end=\"1432\"><strong data-start=\"1291\" data-end=\"1324\">W\u00e4hlbare Farbtemperaturen<\/strong><br data-start=\"1324\" data-end=\"1327\" \/>\u2013 Unterst\u00fctzt 3000\u202fK, 4300\u202fK, 6000\u202fK und 8000\u202fK f\u00fcr anpassbare Beleuchtung unter verschiedenen Wetterbedingungen.<\/p>\n<\/li>\n<li class=\"\" data-start=\"1434\" data-end=\"1575\">\n<p class=\"\" data-start=\"1437\" data-end=\"1575\"><strong data-start=\"1437\" data-end=\"1478\">W\u00e4rmeableitungssystem aus rotem Kupfer<\/strong><br data-start=\"1478\" data-end=\"1481\" \/>\u2013 Verwendet hocheffizientes Kupferrohr und -stab, um die Betriebstemperatur unter 100\u202f\u00b0C zu halten.<\/p>\n<\/li>\n<li class=\"\" data-start=\"1577\" data-end=\"1695\">\n<p class=\"\" data-start=\"1580\" data-end=\"1695\"><strong data-start=\"1580\" data-end=\"1617\">Patentierte Vergusstechnologie<\/strong><br data-start=\"1617\" data-end=\"1620\" \/>\u2013 Verbessert die thermische Stabilit\u00e4t, sch\u00fctzt die LED-Chips und erh\u00f6ht die Haltbarkeit.<\/p>\n<\/li>\n<li class=\"\" data-start=\"1697\" data-end=\"1846\">\n<p class=\"\" data-start=\"1700\" data-end=\"1846\"><strong data-start=\"1700\" data-end=\"1742\">Thermisches und elektrisches Trennungsdesign<\/strong><br data-start=\"1742\" data-end=\"1745\" \/>\u2013 Verbessert die Sicherheit und die Gesamtleistung, indem verhindert wird, dass W\u00e4rme die elektrischen Komponenten beeinflusst.<\/p>\n<\/li>\n<\/ol>","protected":false},"featured_media":730,"template":"","meta":[],"product_brand":[],"product_cat":[22],"product_tag":[24],"class_list":{"0":"post-728","1":"product","2":"type-product","3":"status-publish","4":"has-post-thumbnail","6":"product_cat-8-sided-led-headlight","7":"product_tag-led-headlight","9":"first","10":"instock","11":"shipping-taxable","12":"product-type-simple"},"_links":{"self":[{"href":"https:\/\/rttheadlight.com\/de\/wp-json\/wp\/v2\/product\/728","targetHints":{"allow":["GET"]}}],"collection":[{"href":"https:\/\/rttheadlight.com\/de\/wp-json\/wp\/v2\/product"}],"about":[{"href":"https:\/\/rttheadlight.com\/de\/wp-json\/wp\/v2\/types\/product"}],"wp:featuredmedia":[{"embeddable":true,"href":"https:\/\/rttheadlight.com\/de\/wp-json\/wp\/v2\/media\/730"}],"wp:attachment":[{"href":"https:\/\/rttheadlight.com\/de\/wp-json\/wp\/v2\/media?parent=728"}],"wp:term":[{"taxonomy":"product_brand","embeddable":true,"href":"https:\/\/rttheadlight.com\/de\/wp-json\/wp\/v2\/product_brand?post=728"},{"taxonomy":"product_cat","embeddable":true,"href":"https:\/\/rttheadlight.com\/de\/wp-json\/wp\/v2\/product_cat?post=728"},{"taxonomy":"product_tag","embeddable":true,"href":"https:\/\/rttheadlight.com\/de\/wp-json\/wp\/v2\/product_tag?post=728"}],"curies":[{"name":"wp","href":"https:\/\/api.w.org\/{rel}","templated":true}]}}