{"id":249,"date":"2025-05-20T15:49:39","date_gmt":"2025-05-20T15:49:39","guid":{"rendered":"https:\/\/rttheadlight.com\/?post_type=product&#038;p=249"},"modified":"2026-02-02T11:55:13","modified_gmt":"2026-02-02T11:55:13","slug":"l6-6-sided-classic-series-led-headlight","status":"publish","type":"product","link":"https:\/\/rttheadlight.com\/de\/product\/l6-6-sided-classic-series-led-headlight\/","title":{"rendered":"L6 6-seitiger LED-Scheinwerfer Klassik-Serie"},"content":{"rendered":"<table>\n<tbody>\n<tr>\n<td width=\"160\">Spannung<\/td>\n<td width=\"180\">12V<\/td>\n<\/tr>\n<tr>\n<td width=\"160\">Leistungsaufnahme<\/td>\n<td width=\"180\">25W<\/td>\n<\/tr>\n<tr>\n<td width=\"160\">Farbtemperatur<\/td>\n<td width=\"180\">3000K\/4300K\/6000K\/8000K<\/td>\n<\/tr>\n<tr>\n<td width=\"160\">Helligkeit<\/td>\n<td width=\"180\">2700Lm<\/td>\n<\/tr>\n<tr>\n<td width=\"160\">LED-Kern-Durchmesser<\/td>\n<td width=\"180\">5mm<\/td>\n<\/tr>\n<tr>\n<td width=\"160\">Stromversorgung<\/td>\n<td width=\"180\">Externe Schalter-Stromversorgung<\/td>\n<\/tr>\n<tr>\n<td width=\"160\">Kompatible Modelle<\/td>\n<td width=\"180\">H1\/H3\/H4\/H7\/H11\/9005\/9006\/9012<\/td>\n<\/tr>\n<\/tbody>\n<\/table>","protected":false},"excerpt":{"rendered":"<p class=\"\" data-start=\"230\" data-end=\"766\">Dieses LED-Scheinwerfermodell kombiniert die Vielseitigkeit mehrerer Farbtemperaturen mit einem kompakten All-in-One-Design und ist ideal f\u00fcr Fahrzeuge mit begrenztem Platz im Scheinwerfergeh\u00e4use. Es beh\u00e4lt unser charakteristisches 6-seitiges LED-Layout, einen 5-mm-Lichtkern und ein fortschrittliches thermo-elektrisches Trennungsdesign bei, w\u00e4hrend eine integrierte Treiberstromversorgung die Installation vereinfacht. Mit w\u00e4hlbaren Farbtemperaturen von 3000K, 4300K, 6000K und 8000K k\u00f6nnen Fahrer die Beleuchtung leicht an unterschiedliche Wetter- und Stra\u00dfenbedingungen anpassen.<\/p>\n<hr class=\"\" data-start=\"768\" data-end=\"771\" \/>\n<h3 class=\"\" data-start=\"773\" data-end=\"793\"><strong data-start=\"777\" data-end=\"793\">Hauptmerkmale:<\/strong><\/h3>\n<ol data-start=\"795\" data-end=\"2085\">\n<li class=\"\" data-start=\"795\" data-end=\"971\">\n<p class=\"\" data-start=\"798\" data-end=\"971\"><strong data-start=\"798\" data-end=\"842\">Kompakte Gr\u00f6\u00dfe f\u00fcr universelle Kompatibilit\u00e4t<\/strong><br data-start=\"842\" data-end=\"845\" \/>\u2013 Das schlanke Geh\u00e4usedesign sorgt f\u00fcr bessere Passform in engen Scheinwerfergeh\u00e4usen und erleichtert die Installation bei mehr Fahrzeugmodellen.<\/p>\n<\/li>\n<li class=\"\" data-start=\"973\" data-end=\"1120\">\n<p class=\"\" data-start=\"976\" data-end=\"1120\"><strong data-start=\"976\" data-end=\"1008\">Integrierte Treiber-Stromversorgung<\/strong><br data-start=\"1008\" data-end=\"1011\" \/>\u2013 Das integrierte Design reduziert die Verkabelungskomplexit\u00e4t und spart Platz, w\u00e4hrend es stabile und zuverl\u00e4ssige Stromversorgung liefert.<\/p>\n<\/li>\n<li class=\"\" data-start=\"1122\" data-end=\"1288\">\n<p class=\"\" data-start=\"1125\" data-end=\"1288\"><strong data-start=\"1125\" data-end=\"1170\">W\u00e4hlbare Farbtemperaturen<\/strong><br data-start=\"1170\" data-end=\"1173\" \/>\u2013 Wechseln Sie zwischen 3000K, 4300K, 6000K und 8000K, um sich an verschiedene Fahrumgebungen und Wetterbedingungen anzupassen.<\/p>\n<\/li>\n<li class=\"\" data-start=\"1290\" data-end=\"1407\">\n<p class=\"\" data-start=\"1293\" data-end=\"1407\"><strong data-start=\"1293\" data-end=\"1322\">6-seitige LED-Konfiguration<\/strong><br data-start=\"1322\" data-end=\"1325\" \/>\u2013 Bietet echte 360\u00b0-Strahlabdeckung mit gleichm\u00e4\u00dfiger Beleuchtung und ohne dunkle Stellen.<\/p>\n<\/li>\n<li class=\"\" data-start=\"1409\" data-end=\"1509\">\n<p class=\"\" data-start=\"1412\" data-end=\"1509\"><strong data-start=\"1412\" data-end=\"1437\">5-mm-LED-Kerndurchmesser<\/strong><br data-start=\"1437\" data-end=\"1440\" \/>\u2013 Liefert scharfe Strahlfokussierung mit halogen\u00e4hnlicher optischer Leistung.<\/p>\n<\/li>\n<li class=\"\" data-start=\"1511\" data-end=\"1626\">\n<p class=\"\" data-start=\"1514\" data-end=\"1626\"><strong data-start=\"1514\" data-end=\"1551\">Patentierte Vergusstechnologie<\/strong><br data-start=\"1551\" data-end=\"1554\" \/>\u2013 Verbessert den LED-Schutz und sorgt f\u00fcr konstante thermische Leistung.<\/p>\n<\/li>\n<li class=\"\" data-start=\"1628\" data-end=\"1771\">\n<p class=\"\" data-start=\"1631\" data-end=\"1771\"><strong data-start=\"1631\" data-end=\"1669\">Rotes Kupfer-W\u00e4rmeableitungssystem<\/strong><br data-start=\"1669\" data-end=\"1672\" \/>\u2013 Verwendet hocheffiziente Kupferrohre und -stangen, um die Betriebstemperaturen niedrig zu halten und die Lebensdauer zu verl\u00e4ngern.<\/p>\n<\/li>\n<li class=\"\" data-start=\"1773\" data-end=\"1914\">\n<p class=\"\" data-start=\"1776\" data-end=\"1914\"><strong data-start=\"1776\" data-end=\"1818\">Thermisches und elektrisches Trennungsdesign<\/strong><br data-start=\"1818\" data-end=\"1821\" \/>\u2013 Erh\u00f6ht Sicherheit und Leistung, indem die W\u00e4rme von empfindlichen elektrischen Bauteilen isoliert wird.<\/p>\n<\/li>\n<\/ol>","protected":false},"featured_media":261,"template":"","meta":[],"product_brand":[],"product_cat":[21],"product_tag":[24],"class_list":{"0":"post-249","1":"product","2":"type-product","3":"status-publish","4":"has-post-thumbnail","6":"product_cat-6-sided-led-headlight","7":"product_tag-led-headlight","9":"first","10":"instock","11":"shipping-taxable","12":"product-type-simple"},"_links":{"self":[{"href":"https:\/\/rttheadlight.com\/de\/wp-json\/wp\/v2\/product\/249","targetHints":{"allow":["GET"]}}],"collection":[{"href":"https:\/\/rttheadlight.com\/de\/wp-json\/wp\/v2\/product"}],"about":[{"href":"https:\/\/rttheadlight.com\/de\/wp-json\/wp\/v2\/types\/product"}],"wp:featuredmedia":[{"embeddable":true,"href":"https:\/\/rttheadlight.com\/de\/wp-json\/wp\/v2\/media\/261"}],"wp:attachment":[{"href":"https:\/\/rttheadlight.com\/de\/wp-json\/wp\/v2\/media?parent=249"}],"wp:term":[{"taxonomy":"product_brand","embeddable":true,"href":"https:\/\/rttheadlight.com\/de\/wp-json\/wp\/v2\/product_brand?post=249"},{"taxonomy":"product_cat","embeddable":true,"href":"https:\/\/rttheadlight.com\/de\/wp-json\/wp\/v2\/product_cat?post=249"},{"taxonomy":"product_tag","embeddable":true,"href":"https:\/\/rttheadlight.com\/de\/wp-json\/wp\/v2\/product_tag?post=249"}],"curies":[{"name":"wp","href":"https:\/\/api.w.org\/{rel}","templated":true}]}}