{"id":2231,"date":"2026-02-07T11:25:15","date_gmt":"2026-02-07T11:25:15","guid":{"rendered":"https:\/\/rttheadlight.com\/?post_type=product&#038;p=2231"},"modified":"2026-02-07T11:26:01","modified_gmt":"2026-02-07T11:26:01","slug":"f7pro-4-sided-65w-led-headlight","status":"publish","type":"product","link":"https:\/\/rttheadlight.com\/de\/product\/f7pro-4-sided-65w-led-headlight\/","title":{"rendered":"F7Pro 4-seitiger LED-Scheinwerfer 65W"},"content":{"rendered":"<table>\n<tbody>\n<tr>\n<td width=\"160\">Spannung<\/td>\n<td width=\"180\">12V\/24V<\/td>\n<\/tr>\n<tr>\n<td width=\"160\">Leistungsaufnahme<\/td>\n<td width=\"180\">65W<\/td>\n<\/tr>\n<tr>\n<td width=\"160\">Farbtemperatur<\/td>\n<td width=\"180\">6500K<\/td>\n<\/tr>\n<tr>\n<td width=\"160\">Helligkeit<\/td>\n<td width=\"180\">7000Lm<\/td>\n<\/tr>\n<tr>\n<td width=\"160\">LED-Kern-Durchmesser<\/td>\n<td width=\"180\">2.5mm<\/td>\n<\/tr>\n<tr>\n<td width=\"160\">Stromversorgung<\/td>\n<td width=\"180\">Externe Schalter-Stromversorgung<\/td>\n<\/tr>\n<tr>\n<td width=\"160\">Kompatible Modelle<\/td>\n<td width=\"180\">H1\/H3\/H4\/H7\/H11\/9005\/9006\/9012\/D2H<\/td>\n<\/tr>\n<\/tbody>\n<\/table>","protected":false},"excerpt":{"rendered":"<p class=\"\" data-start=\"182\" data-end=\"792\">Dies ist eine 65\u202fW Hochleistungsvariante mit Dual-Spannungsunterst\u00fctzung (12\u202fV\/24\u202fV). Dieser LED-Scheinwerfer liefert bis zu 7000 Lumen ultrahelles Licht und ist damit ideal f\u00fcr Autos und Lkw. Entwickelt f\u00fcr herausragende Leistung und Zuverl\u00e4ssigkeit, verf\u00fcgt er \u00fcber einen ultrad\u00fcnnen 2,5\u202fmm Lichtkern \u2014 einen der d\u00fcnnsten in der Branche \u2014 der pr\u00e4zisen Fokus, echte 360\u00b0-Beleuchtung ohne dunkle Stellen bietet und die Notwendigkeit einer Strahleinstellung nach der Installation eliminiert. Dieses Modell ist mit fortschrittlichem W\u00e4rmemanagement und hochwertigen Komponenten f\u00fcr langanhaltende Stabilit\u00e4t und Sicherheit ausgelegt.<\/p>\n<p class=\"\" data-start=\"794\" data-end=\"811\"><strong data-start=\"794\" data-end=\"811\">Hauptmerkmale:<\/strong><\/p>\n<ol data-start=\"813\" data-end=\"2010\">\n<li class=\"\" data-start=\"813\" data-end=\"1010\">\n<p class=\"\" data-start=\"816\" data-end=\"1010\"><strong data-start=\"816\" data-end=\"860\">Hohe Leistung und Dual-Spannungsunterst\u00fctzung<\/strong><br data-start=\"860\" data-end=\"863\" \/>65\u202fW Hoch-Lumen-Version mit 12\u202fV\/24\u202fV Dual-Spannungseingang, liefert bis zu 7000 Lumen \u2014 geeignet f\u00fcr Pkw und Nutzfahrzeuge.<\/p>\n<\/li>\n<li class=\"\" data-start=\"1012\" data-end=\"1214\">\n<p class=\"\" data-start=\"1015\" data-end=\"1214\"><strong data-start=\"1015\" data-end=\"1046\">Echte 360\u00b0 Surround-Beleuchtung<\/strong><br data-start=\"1046\" data-end=\"1049\" \/>Integriert mit 12 leistungsstarken SANAN 55x55mil LED-Chips auf vier Seiten und bietet eine gleichm\u00e4\u00dfige, schattenfreie Beleuchtung, die Halogenstrahlmuster genau nachahmt.<\/p>\n<\/li>\n<li class=\"\" data-start=\"1216\" data-end=\"1413\">\n<p class=\"\" data-start=\"1219\" data-end=\"1413\"><strong data-start=\"1219\" data-end=\"1262\">Ultrad\u00fcnner Lichtkern f\u00fcr pr\u00e4zisen Fokus<\/strong><br data-start=\"1262\" data-end=\"1265\" \/>Der 2,5\u202fmm Lichtkern gew\u00e4hrleistet Strahlpr\u00e4zision und Ausrichtung, entspricht der Position des Halogenfilaments, um die Sicht auf der Stra\u00dfe zu maximieren und Blendung zu minimieren.<\/p>\n<\/li>\n<li class=\"\" data-start=\"1415\" data-end=\"1612\">\n<p class=\"\" data-start=\"1418\" data-end=\"1612\"><strong data-start=\"1418\" data-end=\"1445\">Fortschrittliches K\u00fchlsystem<\/strong><br data-start=\"1445\" data-end=\"1448\" \/>Verwendet eine Kupferw\u00e4rmerohr- und Stabkonstruktion f\u00fcr \u00fcberlegene W\u00e4rmeleitung, kombiniert mit einem 8500 U\/min Hydraulikl\u00fcfter, um die Betriebstemperatur unter 100\u00b0C zu halten und langfristige Stabilit\u00e4t und Haltbarkeit zu gew\u00e4hrleisten.<\/p>\n<\/li>\n<li class=\"\" data-start=\"1614\" data-end=\"1827\">\n<p class=\"\" data-start=\"1617\" data-end=\"1827\"><strong data-start=\"1617\" data-end=\"1661\">Thermisches und elektrisches Trennungsdesign<\/strong><br data-start=\"1661\" data-end=\"1664\" \/>Verf\u00fcgt \u00fcber ein strukturell unabh\u00e4ngiges Design, das thermische und elektrische Komponenten trennt, kombiniert mit einem externen Treiber f\u00fcr erh\u00f6hte Sicherheit und l\u00e4ngere Lebensdauer.<\/p>\n<\/li>\n<li class=\"\" data-start=\"1829\" data-end=\"2010\">\n<p class=\"\" data-start=\"1832\" data-end=\"2010\"><strong data-start=\"1832\" data-end=\"1854\">Breite Modellkompatibilit\u00e4t<\/strong><br data-start=\"1854\" data-end=\"1857\" \/>Geeignet f\u00fcr g\u00e4ngige Halogenlampengr\u00f6\u00dfen, einschlie\u00dflich H1, H3, H7, H11, 9005, 9006 und 9012, und bietet Flexibilit\u00e4t f\u00fcr verschiedene Fahrzeugmodelle.<\/p>\n<\/li>\n<\/ol>","protected":false},"featured_media":160,"template":"","meta":[],"product_brand":[],"product_cat":[23],"product_tag":[24],"class_list":{"0":"post-2231","1":"product","2":"type-product","3":"status-publish","4":"has-post-thumbnail","6":"product_cat-4-sided-led-headlight","7":"product_tag-led-headlight","9":"first","10":"instock","11":"shipping-taxable","12":"product-type-simple"},"_links":{"self":[{"href":"https:\/\/rttheadlight.com\/de\/wp-json\/wp\/v2\/product\/2231","targetHints":{"allow":["GET"]}}],"collection":[{"href":"https:\/\/rttheadlight.com\/de\/wp-json\/wp\/v2\/product"}],"about":[{"href":"https:\/\/rttheadlight.com\/de\/wp-json\/wp\/v2\/types\/product"}],"wp:featuredmedia":[{"embeddable":true,"href":"https:\/\/rttheadlight.com\/de\/wp-json\/wp\/v2\/media\/160"}],"wp:attachment":[{"href":"https:\/\/rttheadlight.com\/de\/wp-json\/wp\/v2\/media?parent=2231"}],"wp:term":[{"taxonomy":"product_brand","embeddable":true,"href":"https:\/\/rttheadlight.com\/de\/wp-json\/wp\/v2\/product_brand?post=2231"},{"taxonomy":"product_cat","embeddable":true,"href":"https:\/\/rttheadlight.com\/de\/wp-json\/wp\/v2\/product_cat?post=2231"},{"taxonomy":"product_tag","embeddable":true,"href":"https:\/\/rttheadlight.com\/de\/wp-json\/wp\/v2\/product_tag?post=2231"}],"curies":[{"name":"wp","href":"https:\/\/api.w.org\/{rel}","templated":true}]}}