{"id":2190,"date":"2026-01-31T06:14:34","date_gmt":"2026-01-31T06:14:34","guid":{"rendered":"https:\/\/rttheadlight.com\/?post_type=product&#038;p=2190"},"modified":"2026-01-31T06:16:14","modified_gmt":"2026-01-31T06:16:14","slug":"f8pro-4-sided-economic-high-power-led-headlight","status":"publish","type":"product","link":"https:\/\/rttheadlight.com\/de\/product\/f8pro-4-sided-economic-high-power-led-headlight\/","title":{"rendered":"F8Pro 4-seitiger LED-Wirtschafts-Hochleistungsscheinwerfer"},"content":{"rendered":"<table>\n<tbody>\n<tr>\n<td width=\"160\">Spannung<\/td>\n<td width=\"180\">12V<\/td>\n<\/tr>\n<tr>\n<td width=\"160\">Leistungsaufnahme<\/td>\n<td width=\"180\">65W<\/td>\n<\/tr>\n<tr>\n<td width=\"160\">Farbtemperatur<\/td>\n<td width=\"180\">4300K\/6000K<\/td>\n<\/tr>\n<tr>\n<td width=\"160\">Helligkeit<\/td>\n<td width=\"180\">6000Lm<\/td>\n<\/tr>\n<tr>\n<td width=\"160\">LED-Kern-Durchmesser<\/td>\n<td width=\"180\">2.5mm<\/td>\n<\/tr>\n<tr>\n<td width=\"160\">Stromversorgung<\/td>\n<td width=\"180\">Externe Schalter-Stromversorgung<\/td>\n<\/tr>\n<tr>\n<td width=\"160\">Kompatible Modelle<\/td>\n<td width=\"180\">H1\/H3\/H4\/H7\/H11\/9005\/9006\/9012\/D2H<\/td>\n<\/tr>\n<\/tbody>\n<\/table>","protected":false},"excerpt":{"rendered":"<p class=\"\" data-start=\"169\" data-end=\"674\">Dieser Hochleistungs-LED-Scheinwerfer ist darauf ausgelegt, hervorragende Fokussierung, Helligkeit und Zuverl\u00e4ssigkeit zu bieten. Mit einem Lichtkern-Durchmesser von nur 2,5 mm \u2014 einer der d\u00fcnnsten in der Branche \u2014 repliziert er genau das Strahlmuster von Halogenlampen, sorgt f\u00fcr pr\u00e4zisen Lichtfokus, echte 360\u00b0-Beleuchtung ohne dunkle Stellen und erfordert nach der Installation keine Einstellung des Strahlwinkels. Auf der Basis fortschrittlicher W\u00e4rmemanagement- und Premiumkomponenten bietet dieses Modell langlebige Qualit\u00e4t und Leistung.<\/p>\n<p class=\"\" data-start=\"676\" data-end=\"693\"><strong data-start=\"676\" data-end=\"693\">Hauptmerkmale:<\/strong><\/p>\n<ol data-start=\"695\" data-end=\"1816\">\n<li class=\"\" data-start=\"695\" data-end=\"913\">\n<p class=\"\" data-start=\"698\" data-end=\"913\"><strong data-start=\"698\" data-end=\"729\">Echte 360\u00b0 Surround-Beleuchtung<\/strong><br data-start=\"729\" data-end=\"732\" \/>Verf\u00fcgt \u00fcber 24 hocheffiziente SANAN 45x65mil LED-Chips, die auf vier Seiten positioniert sind und eine gleichm\u00e4\u00dfige, schattenfreie Beleuchtung bieten, die der Leistung traditioneller Halogenlampen \u00e4hnelt.<\/p>\n<\/li>\n<li class=\"\" data-start=\"915\" data-end=\"1141\">\n<p class=\"\" data-start=\"918\" data-end=\"1141\"><strong data-start=\"918\" data-end=\"961\">Ultrad\u00fcnner Lichtkern f\u00fcr pr\u00e4zisen Fokus<\/strong><br data-start=\"961\" data-end=\"964\" \/>Der 2,5-mm-Lichtkern liefert hervorragende Strahlpr\u00e4zision, erm\u00f6glicht scharfe Fokussierung und optimale Stra\u00dfenbeleuchtung \u2014 passend zur Position des Halogenfilaments f\u00fcr erstklassige Leistung.<\/p>\n<\/li>\n<li class=\"\" data-start=\"1143\" data-end=\"1377\">\n<p class=\"\" data-start=\"1146\" data-end=\"1377\"><strong data-start=\"1146\" data-end=\"1173\">Fortschrittliches K\u00fchlsystem<\/strong><br data-start=\"1173\" data-end=\"1176\" \/>Verwendet eine Kupferw\u00e4rmerohr- und Stabkonstruktion f\u00fcr \u00fcberlegene W\u00e4rmeleitung, kombiniert mit einem 8500 U\/min Hydraulikl\u00fcfter, um die Betriebstemperatur unter 100\u00b0C zu halten und langfristige Stabilit\u00e4t und Haltbarkeit zu gew\u00e4hrleisten.<\/p>\n<\/li>\n<li class=\"\" data-start=\"1379\" data-end=\"1626\">\n<p class=\"\" data-start=\"1382\" data-end=\"1626\"><strong data-start=\"1382\" data-end=\"1426\">Thermisches und elektrisches Trennungsdesign<\/strong><br data-start=\"1426\" data-end=\"1429\" \/>Konstruiert mit einer dedizierten Trennung zwischen thermischen und elektrischen Systemen sowie einer externen Treiber-Stromversorgung, um die Sicherheit zu erh\u00f6hen, St\u00f6rungen zu reduzieren und die Lebensdauer der Komponenten zu verl\u00e4ngern.<\/p>\n<\/li>\n<li class=\"\" data-start=\"1628\" data-end=\"1816\">\n<p class=\"\" data-start=\"1631\" data-end=\"1816\"><strong data-start=\"1631\" data-end=\"1653\">Breite Modellkompatibilit\u00e4t<\/strong><br data-start=\"1653\" data-end=\"1656\" \/>Entwickelt, um eine Vielzahl von Halogenlampenmodellen wie H1, H3, H7, H11, 9005, 9006, 9012 und D2H aufzunehmen, und bietet ein vielseitiges Upgrade f\u00fcr eine breite Palette von Fahrzeugen.<\/p>\n<\/li>\n<\/ol>","protected":false},"featured_media":2198,"template":"","meta":[],"product_brand":[],"product_cat":[23],"product_tag":[24],"class_list":{"0":"post-2190","1":"product","2":"type-product","3":"status-publish","4":"has-post-thumbnail","6":"product_cat-4-sided-led-headlight","7":"product_tag-led-headlight","9":"first","10":"instock","11":"shipping-taxable","12":"product-type-simple"},"_links":{"self":[{"href":"https:\/\/rttheadlight.com\/de\/wp-json\/wp\/v2\/product\/2190","targetHints":{"allow":["GET"]}}],"collection":[{"href":"https:\/\/rttheadlight.com\/de\/wp-json\/wp\/v2\/product"}],"about":[{"href":"https:\/\/rttheadlight.com\/de\/wp-json\/wp\/v2\/types\/product"}],"wp:featuredmedia":[{"embeddable":true,"href":"https:\/\/rttheadlight.com\/de\/wp-json\/wp\/v2\/media\/2198"}],"wp:attachment":[{"href":"https:\/\/rttheadlight.com\/de\/wp-json\/wp\/v2\/media?parent=2190"}],"wp:term":[{"taxonomy":"product_brand","embeddable":true,"href":"https:\/\/rttheadlight.com\/de\/wp-json\/wp\/v2\/product_brand?post=2190"},{"taxonomy":"product_cat","embeddable":true,"href":"https:\/\/rttheadlight.com\/de\/wp-json\/wp\/v2\/product_cat?post=2190"},{"taxonomy":"product_tag","embeddable":true,"href":"https:\/\/rttheadlight.com\/de\/wp-json\/wp\/v2\/product_tag?post=2190"}],"curies":[{"name":"wp","href":"https:\/\/api.w.org\/{rel}","templated":true}]}}