{"id":2179,"date":"2026-01-31T03:14:56","date_gmt":"2026-01-31T03:14:56","guid":{"rendered":"https:\/\/rttheadlight.com\/?post_type=product&#038;p=2179"},"modified":"2026-01-31T10:28:09","modified_gmt":"2026-01-31T10:28:09","slug":"f3pro-4-sided-tri-color-compact-led-headlight","status":"publish","type":"product","link":"https:\/\/rttheadlight.com\/de\/product\/f3pro-4-sided-tri-color-compact-led-headlight\/","title":{"rendered":"F3Pro 4-seitiger Tri-Color Kompakter LED-Scheinwerfer"},"content":{"rendered":"<table>\n<tbody>\n<tr>\n<td width=\"160\">Spannung<\/td>\n<td width=\"180\">12V<\/td>\n<\/tr>\n<tr>\n<td width=\"160\">Leistungsaufnahme<\/td>\n<td width=\"180\">55W<\/td>\n<\/tr>\n<tr>\n<td width=\"160\">Farbtemperatur<\/td>\n<td width=\"180\">3000K, 4300K, 6500 Adjustable<\/td>\n<\/tr>\n<tr>\n<td width=\"160\">Helligkeit<\/td>\n<td width=\"180\">5000Lm<\/td>\n<\/tr>\n<tr>\n<td width=\"160\">LED-Kern-Durchmesser<\/td>\n<td width=\"180\">2.5mm<\/td>\n<\/tr>\n<tr>\n<td width=\"160\">Stromversorgung<\/td>\n<td width=\"180\">Externe Schalter-Stromversorgung<\/td>\n<\/tr>\n<tr>\n<td width=\"160\">Kompatible Modelle<\/td>\n<td width=\"180\">H1\/H3\/H4\/H7\/H11\/9005\/9006\/9012\/D2H<\/td>\n<\/tr>\n<\/tbody>\n<\/table>","protected":false},"excerpt":{"rendered":"<p class=\"\" data-start=\"175\" data-end=\"603\">F\u00fcr Vielseitigkeit und Leistung konzipiert, sorgt sein kompaktes, platzsparendes Design f\u00fcr eine universellere Passform und macht ihn kompatibel mit einer gr\u00f6\u00dferen Bandbreite an Fahrzeug-Scheinwerfergeh\u00e4usen.<\/p>\n<p class=\"\" data-start=\"605\" data-end=\"921\">Mit einem 2,5 mm ultra-d\u00fcnnen 4-seitigen Kern \u2014 einer der d\u00fcnnsten der Branche \u2014 liefert dieses Modell pr\u00e4zise Fokussierung, echte 360\u00b0-Beleuchtung ohne dunkle Stellen und erfordert keine Einstellung des Strahlwinkels nach der Installation. Hergestellt aus hochwertigen Materialien und mit fortschrittlichem W\u00e4rmemanagement bietet es eine langlebige, stabile Leistung.<\/p>\n<p class=\"\" data-start=\"923\" data-end=\"940\"><strong data-start=\"923\" data-end=\"940\">Hauptmerkmale:<\/strong><\/p>\n<ol data-start=\"942\" data-end=\"2138\">\n<li class=\"\" data-start=\"1126\" data-end=\"1269\">\n<p class=\"\" data-start=\"1129\" data-end=\"1269\"><strong data-start=\"1129\" data-end=\"1163\">Kompaktes Design &amp; universelle Passform<\/strong><br data-start=\"1163\" data-end=\"1166\" \/>Schlank und platzsparend f\u00fcr eine einfache Installation, selbst in Fahrzeugen mit begrenztem Scheinwerferraum.<\/p>\n<\/li>\n<li class=\"\" data-start=\"1271\" data-end=\"1450\">\n<p class=\"\" data-start=\"1274\" data-end=\"1450\"><strong data-start=\"1274\" data-end=\"1305\">Echte 360\u00b0 Surround-Beleuchtung<\/strong><br data-start=\"1305\" data-end=\"1308\" \/>Integriert 24 SANAN 45x65mil LED-Chips auf vier Seiten, um gleichm\u00e4\u00dfige, schattenfreie Beleuchtung zu liefern, die Halogenstrahlmuster genau nachbildet.<\/p>\n<\/li>\n<li class=\"\" data-start=\"1452\" data-end=\"1620\">\n<p class=\"\" data-start=\"1455\" data-end=\"1620\"><strong data-start=\"1455\" data-end=\"1499\">Ultrad\u00fcnner Lichtkern f\u00fcr pr\u00e4zisen Fokus<\/strong><br data-start=\"1499\" data-end=\"1502\" \/>Der 2,5-mm-Lichtkern stimmt mit der Position des Halogenfilaments \u00fcberein und bietet hervorragende Strahlgenauigkeit bei minimaler Blendung.<\/p>\n<\/li>\n<li class=\"\" data-start=\"1622\" data-end=\"1813\">\n<p class=\"\" data-start=\"1625\" data-end=\"1813\"><strong data-start=\"1625\" data-end=\"1652\">Fortschrittliches K\u00fchlsystem<\/strong><br data-start=\"1652\" data-end=\"1655\" \/>Verwendet eine Kupferw\u00e4rmerohr- und Stabkonstruktion f\u00fcr \u00fcberlegene W\u00e4rmeleitung, kombiniert mit einem 8500 U\/min Hydraulikl\u00fcfter, um die Betriebstemperatur unter 100\u00b0C zu halten und langfristige Stabilit\u00e4t und Haltbarkeit zu gew\u00e4hrleisten.<\/p>\n<\/li>\n<li class=\"\" data-start=\"1815\" data-end=\"1989\">\n<p class=\"\" data-start=\"1818\" data-end=\"1989\"><strong data-start=\"1818\" data-end=\"1862\">Thermisches und elektrisches Trennungsdesign<\/strong><br data-start=\"1862\" data-end=\"1865\" \/>Verf\u00fcgt \u00fcber isolierte thermische und elektrische Systeme mit einem externen Treiber f\u00fcr zus\u00e4tzliche Sicherheit, Zuverl\u00e4ssigkeit und Lebensdauer.<\/p>\n<\/li>\n<li class=\"\" data-start=\"1991\" data-end=\"2138\">\n<p class=\"\" data-start=\"1994\" data-end=\"2138\"><strong data-start=\"1994\" data-end=\"2016\">Breite Modellkompatibilit\u00e4t<\/strong><br data-start=\"2016\" data-end=\"2019\" \/>Unterst\u00fctzt Standard-Halogenlampenmodelle einschlie\u00dflich H1, H3, H7, H11, 9005, 9006 und 9012 f\u00fcr eine breite Fahrzeuganwendung.<\/p>\n<\/li>\n<\/ol>","protected":false},"featured_media":169,"template":"","meta":[],"product_brand":[],"product_cat":[23],"product_tag":[24],"class_list":{"0":"post-2179","1":"product","2":"type-product","3":"status-publish","4":"has-post-thumbnail","6":"product_cat-4-sided-led-headlight","7":"product_tag-led-headlight","9":"first","10":"instock","11":"shipping-taxable","12":"product-type-simple"},"_links":{"self":[{"href":"https:\/\/rttheadlight.com\/de\/wp-json\/wp\/v2\/product\/2179","targetHints":{"allow":["GET"]}}],"collection":[{"href":"https:\/\/rttheadlight.com\/de\/wp-json\/wp\/v2\/product"}],"about":[{"href":"https:\/\/rttheadlight.com\/de\/wp-json\/wp\/v2\/types\/product"}],"wp:featuredmedia":[{"embeddable":true,"href":"https:\/\/rttheadlight.com\/de\/wp-json\/wp\/v2\/media\/169"}],"wp:attachment":[{"href":"https:\/\/rttheadlight.com\/de\/wp-json\/wp\/v2\/media?parent=2179"}],"wp:term":[{"taxonomy":"product_brand","embeddable":true,"href":"https:\/\/rttheadlight.com\/de\/wp-json\/wp\/v2\/product_brand?post=2179"},{"taxonomy":"product_cat","embeddable":true,"href":"https:\/\/rttheadlight.com\/de\/wp-json\/wp\/v2\/product_cat?post=2179"},{"taxonomy":"product_tag","embeddable":true,"href":"https:\/\/rttheadlight.com\/de\/wp-json\/wp\/v2\/product_tag?post=2179"}],"curies":[{"name":"wp","href":"https:\/\/api.w.org\/{rel}","templated":true}]}}