{"id":175,"date":"2025-05-20T09:25:53","date_gmt":"2025-05-20T09:25:53","guid":{"rendered":"https:\/\/rttheadlight.com\/?post_type=product&#038;p=175"},"modified":"2026-01-31T12:02:50","modified_gmt":"2026-01-31T12:02:50","slug":"f10-4-sided-liner-driver-led-headlight","status":"publish","type":"product","link":"https:\/\/rttheadlight.com\/de\/product\/f10-4-sided-liner-driver-led-headlight\/","title":{"rendered":"F10 Liner Driver 4-seitiger LED-Scheinwerfer"},"content":{"rendered":"<table>\n<tbody>\n<tr>\n<td width=\"160\">Spannung<\/td>\n<td width=\"180\">12V<\/td>\n<\/tr>\n<tr>\n<td width=\"160\">Leistungsaufnahme<\/td>\n<td width=\"180\">53W<\/td>\n<\/tr>\n<tr>\n<td width=\"160\">Farbtemperatur<\/td>\n<td width=\"180\">6000K<\/td>\n<\/tr>\n<tr>\n<td width=\"160\">Helligkeit<\/td>\n<td width=\"180\">5500Lm<\/td>\n<\/tr>\n<tr>\n<td width=\"160\">LED-Kern-Durchmesser<\/td>\n<td width=\"180\">2.5mm<\/td>\n<\/tr>\n<tr>\n<td width=\"160\">Stromversorgung<\/td>\n<td width=\"180\">Interne Treiber-Stromversorgung<\/td>\n<\/tr>\n<tr>\n<td width=\"160\">Kompatible Modelle<\/td>\n<td width=\"180\">H1\/H3\/H4\/H7\/H11\/9005\/9006\/9012\/D2H<\/td>\n<\/tr>\n<\/tbody>\n<\/table>","protected":false},"excerpt":{"rendered":"<p class=\"\" data-start=\"350\" data-end=\"677\">Dieses Modell vereint pr\u00e4zise Lichtleistung mit vereinfachter Installation und verf\u00fcgt \u00fcber ein integriertes lineares Netzteil, das einen externen Treiber \u00fcberfl\u00fcssig macht. Das All-in-One-Design erleichtert die Installation, insbesondere in Fahrzeugen mit begrenztem Platz, und sorgt gleichzeitig f\u00fcr hohe Effizienz und Zuverl\u00e4ssigkeit.<\/p>\n<p class=\"\" data-start=\"679\" data-end=\"1004\">Mit seinem ultrad\u00fcnnen 2,5\u202fmm Lichtkern liefert der Scheinwerfer exzellente Strahlfokussierung, echte 360\u00b0-Beleuchtung ohne dunkle Stellen und erfordert keine nachtr\u00e4glichen Anpassungen. Sein kompaktes Geh\u00e4use gew\u00e4hrleistet breite Fahrzeugkompatibilit\u00e4t, und die fortschrittliche W\u00e4rmeableitungsstruktur sorgt f\u00fcr stabilen Betrieb unter anspruchsvollen Bedingungen.<\/p>\n<p class=\"\" data-start=\"1006\" data-end=\"1023\"><strong data-start=\"1006\" data-end=\"1023\">Hauptmerkmale:<\/strong><\/p>\n<ol data-start=\"1025\" data-end=\"2347\">\n<li class=\"\" data-start=\"1025\" data-end=\"1206\">\n<p class=\"\" data-start=\"1028\" data-end=\"1206\"><strong data-start=\"1028\" data-end=\"1060\">Integriertes lineares Netzteil<\/strong><br data-start=\"1060\" data-end=\"1063\" \/>Das All-in-One-Design mit integriertem Netzteil vereinfacht die Installation und reduziert die Verkabelung, wodurch es benutzerfreundlicher und platzsparender wird.<\/p>\n<\/li>\n<li class=\"\" data-start=\"1208\" data-end=\"1369\">\n<p class=\"\" data-start=\"1211\" data-end=\"1369\"><strong data-start=\"1211\" data-end=\"1245\">Kompaktes Design &amp; universelle Passform<\/strong><br data-start=\"1245\" data-end=\"1248\" \/>Das schlanke Geh\u00e4use sorgt f\u00fcr breite Kompatibilit\u00e4t mit Scheinwerferbaugruppen, insbesondere in Fahrzeugen mit begrenztem Innenraum.<\/p>\n<\/li>\n<li class=\"\" data-start=\"1371\" data-end=\"1562\">\n<p class=\"\" data-start=\"1374\" data-end=\"1562\"><strong data-start=\"1374\" data-end=\"1405\">Echte 360\u00b0 Surround-Beleuchtung<\/strong><br data-start=\"1405\" data-end=\"1408\" \/>Verwendet 12 leistungsstarke SANAN 55x55\u202fmil LED-Chips auf vier Seiten, die gleichm\u00e4\u00dfige, schattenfreie Beleuchtung \u00e4hnlich den Halogenstrahlmustern liefern.<\/p>\n<\/li>\n<li class=\"\" data-start=\"1564\" data-end=\"1765\">\n<p class=\"\" data-start=\"1567\" data-end=\"1765\"><strong data-start=\"1567\" data-end=\"1612\">Ultrad\u00fcnner Lichtkern f\u00fcr pr\u00e4zisen Fokus<\/strong><br data-start=\"1612\" data-end=\"1615\" \/>Der 2,5\u202fmm Lichtkern richtet sich nach der Position des originalen Halogenfadens aus, sorgt f\u00fcr pr\u00e4zise Lichtprojektion und minimiert Blendung f\u00fcr den Gegenverkehr.<\/p>\n<\/li>\n<li class=\"\" data-start=\"1767\" data-end=\"1964\">\n<p class=\"\" data-start=\"1770\" data-end=\"1964\"><strong data-start=\"1770\" data-end=\"1797\">Fortschrittliches K\u00fchlsystem<\/strong><br data-start=\"1797\" data-end=\"1800\" \/>Die Konstruktion mit rotem Kupfer-Heatpipe und -Stab in Kombination mit einem 8500\u202fU\/min Hydraulikl\u00fcfter gew\u00e4hrleistet optimale W\u00e4rmeableitung und h\u00e4lt die Betriebstemperaturen unter 100\u202f\u00b0C.<\/p>\n<\/li>\n<li class=\"\" data-start=\"1966\" data-end=\"2165\">\n<p class=\"\" data-start=\"1969\" data-end=\"2165\"><strong data-start=\"1969\" data-end=\"2013\">Thermisches und elektrisches Trennungsdesign<\/strong><br data-start=\"2013\" data-end=\"2016\" \/>Erh\u00e4lt die strukturelle Trennung von W\u00e4rme- und Elektronikkomponenten, was langfristige Zuverl\u00e4ssigkeit und erh\u00f6hte Sicherheit trotz integriertem Treiber gew\u00e4hrleistet.<\/p>\n<\/li>\n<li class=\"\" data-start=\"2167\" data-end=\"2347\">\n<p class=\"\" data-start=\"2170\" data-end=\"2347\"><strong data-start=\"2170\" data-end=\"2192\">Breite Modellkompatibilit\u00e4t<\/strong><br data-start=\"2192\" data-end=\"2195\" \/>Unterst\u00fctzt Standard-Halogenlampenmodelle einschlie\u00dflich H1, H3, H7, H11, 9005, 9006 und 9012 f\u00fcr eine breite Fahrzeuganwendung.<\/p>\n<\/li>\n<\/ol>","protected":false},"featured_media":180,"template":"","meta":[],"product_brand":[],"product_cat":[23],"product_tag":[24],"class_list":{"0":"post-175","1":"product","2":"type-product","3":"status-publish","4":"has-post-thumbnail","6":"product_cat-4-sided-led-headlight","7":"product_tag-led-headlight","9":"first","10":"instock","11":"shipping-taxable","12":"product-type-simple"},"_links":{"self":[{"href":"https:\/\/rttheadlight.com\/de\/wp-json\/wp\/v2\/product\/175","targetHints":{"allow":["GET"]}}],"collection":[{"href":"https:\/\/rttheadlight.com\/de\/wp-json\/wp\/v2\/product"}],"about":[{"href":"https:\/\/rttheadlight.com\/de\/wp-json\/wp\/v2\/types\/product"}],"wp:featuredmedia":[{"embeddable":true,"href":"https:\/\/rttheadlight.com\/de\/wp-json\/wp\/v2\/media\/180"}],"wp:attachment":[{"href":"https:\/\/rttheadlight.com\/de\/wp-json\/wp\/v2\/media?parent=175"}],"wp:term":[{"taxonomy":"product_brand","embeddable":true,"href":"https:\/\/rttheadlight.com\/de\/wp-json\/wp\/v2\/product_brand?post=175"},{"taxonomy":"product_cat","embeddable":true,"href":"https:\/\/rttheadlight.com\/de\/wp-json\/wp\/v2\/product_cat?post=175"},{"taxonomy":"product_tag","embeddable":true,"href":"https:\/\/rttheadlight.com\/de\/wp-json\/wp\/v2\/product_tag?post=175"}],"curies":[{"name":"wp","href":"https:\/\/api.w.org\/{rel}","templated":true}]}}