{"id":171,"date":"2025-05-20T09:21:02","date_gmt":"2025-05-20T09:21:02","guid":{"rendered":"https:\/\/rttheadlight.com\/?post_type=product&#038;p=171"},"modified":"2026-01-31T10:28:59","modified_gmt":"2026-01-31T10:28:59","slug":"f3-4-sided-compact-led-headlight","status":"publish","type":"product","link":"https:\/\/rttheadlight.com\/de\/product\/f3-4-sided-compact-led-headlight\/","title":{"rendered":"F3 4-seitiger Kompakter LED-Scheinwerfer"},"content":{"rendered":"<table>\n<tbody>\n<tr>\n<td width=\"160\">Spannung<\/td>\n<td width=\"180\">12V<\/td>\n<\/tr>\n<tr>\n<td width=\"160\">Leistungsaufnahme<\/td>\n<td width=\"180\">45W<\/td>\n<\/tr>\n<tr>\n<td width=\"160\">Farbtemperatur<\/td>\n<td width=\"180\">4300K,\/6500<\/td>\n<\/tr>\n<tr>\n<td width=\"160\">Helligkeit<\/td>\n<td width=\"180\">5000Lm<\/td>\n<\/tr>\n<tr>\n<td width=\"160\">LED-Kern-Durchmesser<\/td>\n<td width=\"180\">2.5mm<\/td>\n<\/tr>\n<tr>\n<td width=\"160\">Stromversorgung<\/td>\n<td width=\"180\">Externe Schalter-Stromversorgung<\/td>\n<\/tr>\n<tr>\n<td width=\"160\">Kompatible Modelle<\/td>\n<td width=\"180\">H1\/H3\/H4\/H7\/H11\/9005\/9006\/9012\/D2H<\/td>\n<\/tr>\n<\/tbody>\n<\/table>","protected":false},"excerpt":{"rendered":"<p class=\"\" data-start=\"259\" data-end=\"550\">Dieser LED-Scheinwerfer ist auf \u00fcberlegene Kompatibilit\u00e4t, Fokus und Haltbarkeit ausgelegt und damit ein ausgezeichnetes Upgrade f\u00fcr eine breite Palette von Fahrzeugen. Mit einem ultra-kompakten Design passt er problemlos in engere Scheinwerfergeh\u00e4use und gew\u00e4hrleistet eine unkomplizierte Installation, selbst in Fahrzeugen mit begrenztem Platz.<\/p>\n<p class=\"\" data-start=\"552\" data-end=\"899\">Mit einem branchenf\u00fchrenden 2,5 mm ultrad\u00fcnnen Lichtkern bietet dieses Modell hochfokussierte, echte 360\u00b0-Beleuchtung ohne dunkle Stellen und erfordert nach der Installation keine Strahleinstellung. Entwickelt mit fortschrittlichem W\u00e4rmemanagement und hochwertigen Materialien, sorgt es f\u00fcr stabile Leistung, verl\u00e4ngerte Lebensdauer und hervorragende Lichtklarheit.<\/p>\n<p class=\"\" data-start=\"901\" data-end=\"918\"><strong data-start=\"901\" data-end=\"918\">Hauptmerkmale:<\/strong><\/p>\n<ol data-start=\"920\" data-end=\"2112\">\n<li class=\"\" data-start=\"920\" data-end=\"1104\">\n<p class=\"\" data-start=\"923\" data-end=\"1104\"><strong data-start=\"923\" data-end=\"957\">Kompaktes Design &amp; universelle Passform<\/strong><br data-start=\"957\" data-end=\"960\" \/>Die platzsparende Konstruktion sorgt f\u00fcr Kompatibilit\u00e4t mit einer gr\u00f6\u00dferen Bandbreite an Scheinwerfergeh\u00e4usen und ist ideal f\u00fcr Fahrzeuge mit begrenztem Einbauraum.<\/p>\n<\/li>\n<li class=\"\" data-start=\"1106\" data-end=\"1312\">\n<p class=\"\" data-start=\"1109\" data-end=\"1312\"><strong data-start=\"1109\" data-end=\"1140\">Echte 360\u00b0 Surround-Beleuchtung<\/strong><br data-start=\"1140\" data-end=\"1143\" \/>Integriert mit 12 leistungsstarken SANAN 55x55mil LED-Chips auf vier Seiten und bietet eine gleichm\u00e4\u00dfige, schattenfreie Beleuchtung, die Halogenstrahlmuster genau nachahmt.<\/p>\n<\/li>\n<li class=\"\" data-start=\"1314\" data-end=\"1520\">\n<p class=\"\" data-start=\"1317\" data-end=\"1520\"><strong data-start=\"1317\" data-end=\"1361\">Ultrad\u00fcnner Lichtkern f\u00fcr pr\u00e4zisen Fokus<\/strong><br data-start=\"1361\" data-end=\"1364\" \/>Der 2,5-mm-Lichtkern bildet die Position des Halogenfilaments pr\u00e4zise nach, sorgt f\u00fcr scharfe Strahlfokussierung und verbesserte Sicht, ohne andere Fahrer zu blenden.<\/p>\n<\/li>\n<li class=\"\" data-start=\"1522\" data-end=\"1717\">\n<p class=\"\" data-start=\"1525\" data-end=\"1717\"><strong data-start=\"1525\" data-end=\"1552\">Fortschrittliches K\u00fchlsystem<\/strong><br data-start=\"1552\" data-end=\"1555\" \/>Integriertes Kupfer-W\u00e4rmerohr und Stab sorgen f\u00fcr effiziente W\u00e4rmeableitung, unterst\u00fctzt von einem 8500 U\/min Hydraulikl\u00fcfter, um die Betriebstemperaturen unter 100\u202f\u00b0C zu halten.<\/p>\n<\/li>\n<li class=\"\" data-start=\"1719\" data-end=\"1940\">\n<p class=\"\" data-start=\"1722\" data-end=\"1940\"><strong data-start=\"1722\" data-end=\"1766\">Thermisches und elektrisches Trennungsdesign<\/strong><br data-start=\"1766\" data-end=\"1769\" \/>Entwickelt mit einer dedizierten Trennung zwischen thermischen und elektrischen Komponenten sowie einem externen Treiber, um Sicherheit, Zuverl\u00e4ssigkeit und eine verl\u00e4ngerte Produktlebensdauer zu gew\u00e4hrleisten.<\/p>\n<\/li>\n<li class=\"\" data-start=\"1942\" data-end=\"2112\">\n<p class=\"\" data-start=\"1945\" data-end=\"2112\"><strong data-start=\"1945\" data-end=\"1967\">Breite Modellkompatibilit\u00e4t<\/strong><br data-start=\"1967\" data-end=\"1970\" \/>Geeignet f\u00fcr g\u00e4ngige Halogenlampengr\u00f6\u00dfen, einschlie\u00dflich H1, H3, H7, H11, 9005, 9006 und 9012, und bietet Flexibilit\u00e4t f\u00fcr verschiedene Fahrzeugmodelle.<\/p>\n<\/li>\n<\/ol>","protected":false},"featured_media":174,"template":"","meta":[],"product_brand":[],"product_cat":[23],"product_tag":[24],"class_list":{"0":"post-171","1":"product","2":"type-product","3":"status-publish","4":"has-post-thumbnail","6":"product_cat-4-sided-led-headlight","7":"product_tag-led-headlight","9":"first","10":"instock","11":"shipping-taxable","12":"product-type-simple"},"_links":{"self":[{"href":"https:\/\/rttheadlight.com\/de\/wp-json\/wp\/v2\/product\/171","targetHints":{"allow":["GET"]}}],"collection":[{"href":"https:\/\/rttheadlight.com\/de\/wp-json\/wp\/v2\/product"}],"about":[{"href":"https:\/\/rttheadlight.com\/de\/wp-json\/wp\/v2\/types\/product"}],"wp:featuredmedia":[{"embeddable":true,"href":"https:\/\/rttheadlight.com\/de\/wp-json\/wp\/v2\/media\/174"}],"wp:attachment":[{"href":"https:\/\/rttheadlight.com\/de\/wp-json\/wp\/v2\/media?parent=171"}],"wp:term":[{"taxonomy":"product_brand","embeddable":true,"href":"https:\/\/rttheadlight.com\/de\/wp-json\/wp\/v2\/product_brand?post=171"},{"taxonomy":"product_cat","embeddable":true,"href":"https:\/\/rttheadlight.com\/de\/wp-json\/wp\/v2\/product_cat?post=171"},{"taxonomy":"product_tag","embeddable":true,"href":"https:\/\/rttheadlight.com\/de\/wp-json\/wp\/v2\/product_tag?post=171"}],"curies":[{"name":"wp","href":"https:\/\/api.w.org\/{rel}","templated":true}]}}