{"id":429,"date":"2025-05-22T09:28:58","date_gmt":"2025-05-22T09:28:58","guid":{"rendered":"https:\/\/rttheadlight.com\/?page_id=429"},"modified":"2026-01-17T07:52:09","modified_gmt":"2026-01-17T07:52:09","slug":"technology-2","status":"publish","type":"page","link":"https:\/\/rttheadlight.com\/de\/technology-2\/","title":{"rendered":"Technologie"},"content":{"rendered":"<section class=\"section\" id=\"section_236091738\">\n\t\t<div class=\"section-bg fill\" >\n\t\t\t\t\t\t\t\t\t\n\t\t\t\n\n\t\t<\/div>\n\n\t\t\n\n\t\t<div class=\"section-content relative\">\n\t\t\t\n\n<div class=\"row\"  id=\"row-105856258\">\n\n\n\t<div id=\"col-1026764743\" class=\"col small-12 large-12\"  >\n\t\t\t\t<div class=\"col-inner\"  >\n\t\t\t\n\t\t\t\n\n\n  <div class=\"banner has-hover\" id=\"banner-731507232\">\n          <div class=\"banner-inner fill\">\n        <div class=\"banner-bg fill\" >\n            <img fetchpriority=\"high\" decoding=\"async\" width=\"1200\" height=\"417\" src=\"https:\/\/rttheadlight.com\/wp-content\/uploads\/2025\/05\/3-1.jpg\" class=\"bg attachment-1536x1536 size-1536x1536\" alt=\"\" \/>                        <div class=\"overlay\"><\/div>            \n                    <\/div>\n\t\t\n        <div class=\"banner-layers container\">\n            <div class=\"fill banner-link\"><\/div>            \n\n   <div id=\"text-box-278151182\" class=\"text-box banner-layer x95 md-x95 lg-x95 y50 md-y50 lg-y50 res-text\">\n                                <div class=\"text-box-content text dark\">\n              \n              <div class=\"text-inner text-right\">\n                  \n\n<h3 class=\"uppercase\"><strong>Die Ansammlung von Know-how<\/strong><\/h3>\n<p>Unsere Technologie an der Spitze halten.<\/p>\n\n              <\/div>\n           <\/div>\n                            \n<style>\n#text-box-278151182 {\n  margin: 0px 0px 0px 0px;\n  width: 86%;\n}\n#text-box-278151182 .text-inner {\n  padding: 0px 0px 200px 0px;\n}\n#text-box-278151182 .text-box-content {\n  font-size: 96%;\n}\n@media (min-width:550px) {\n  #text-box-278151182 {\n    width: 67%;\n  }\n}\n<\/style>\n    <\/div>\n \n\n        <\/div>\n      <\/div>\n\n            \n<style>\n#banner-731507232 {\n  padding-top: 400px;\n}\n#banner-731507232 .overlay {\n  background-color: rgba(0, 0, 0, 0.2);\n}\n<\/style>\n  <\/div>\n\n\n\n\t\t<\/div>\n\t\t\t\t\t<\/div>\n\n\t\n\n<\/div>\n\n\t\t<\/div>\n\n\t\t\n<style>\n#section_236091738 {\n  padding-top: 0px;\n  padding-bottom: 0px;\n}\n<\/style>\n\t<\/section>\n\t\n\n\t<section class=\"section\" id=\"section_1368115367\">\n\t\t<div class=\"section-bg fill\" >\n\t\t\t\t\t\t\t\t\t\n\t\t\t\n\n\t\t<\/div>\n\n\t\t\n\n\t\t<div class=\"section-content relative\">\n\t\t\t\n\n<div class=\"row\"  id=\"row-927555663\">\n\n\n\t<div id=\"col-194461190\" class=\"col small-12 large-12\"  >\n\t\t\t\t<div class=\"col-inner\"  >\n\t\t\t\n\t\t\t\n\n<div class=\"container section-title-container\" ><h2 class=\"section-title section-title-center\"><b><\/b><span class=\"section-title-main\" >Warum 360\u00b0-LED-Scheinwerfer<\/span><b><\/b><\/h2><\/div>\n\n<div class=\"row\"  id=\"row-833104229\">\n\n\n\t<div id=\"col-1589754272\" class=\"col medium-6 small-12 large-6\"  >\n\t\t\t\t<div class=\"col-inner\"  >\n\t\t\t\n\t\t\t\n\n\t<div class=\"img has-hover x md-x lg-x y md-y lg-y\" id=\"image_1170457883\">\n\t\t\t\t\t\t\t\t<div class=\"img-inner dark\" >\n\t\t\t<img decoding=\"async\" width=\"850\" height=\"850\" src=\"https:\/\/rttheadlight.com\/wp-content\/uploads\/2025\/05\/126-1.jpg\" class=\"attachment-1536x1536 size-1536x1536\" alt=\"\" srcset=\"https:\/\/rttheadlight.com\/wp-content\/uploads\/2025\/05\/126-1.jpg 850w, https:\/\/rttheadlight.com\/wp-content\/uploads\/2025\/05\/126-1-100x100.jpg 100w, https:\/\/rttheadlight.com\/wp-content\/uploads\/2025\/05\/126-1-510x510.jpg 510w, https:\/\/rttheadlight.com\/wp-content\/uploads\/2025\/05\/126-1-300x300.jpg 300w, https:\/\/rttheadlight.com\/wp-content\/uploads\/2025\/05\/126-1-150x150.jpg 150w, https:\/\/rttheadlight.com\/wp-content\/uploads\/2025\/05\/126-1-768x768.jpg 768w, https:\/\/rttheadlight.com\/wp-content\/uploads\/2025\/05\/126-1-12x12.jpg 12w\" sizes=\"(max-width: 850px) 100vw, 850px\" \/>\t\t\t\t\t\t\n\t\t\t\t\t<\/div>\n\t\t\t\t\t\t\t\t\n<style>\n#image_1170457883 {\n  width: 100%;\n}\n<\/style>\n\t<\/div>\n\t\n\n\n\t\t<\/div>\n\t\t\t\t\t<\/div>\n\n\t\n\n\t<div id=\"col-2061041410\" class=\"col medium-6 small-12 large-6\"  >\n\t\t\t\t<div class=\"col-inner\"  >\n\t\t\t\n\t\t\t\n\n<h2>Keine dunklen Bereiche<\/h2>\n<p>Unser 360\u00b0-LED-Scheinwerfer verwendet ein vierseitiges LED-Kerndesign, das den lichtemittierenden Durchmesser deutlich reduziert und dem von Halogen- und Xenonlampen sehr nahekommt. Dadurch wird ein perfekt fokussiertes Lichtbild ohne dunkle Bereiche und ohne manuelle Einstellung gew\u00e4hrleistet. Wie herk\u00f6mmliche Halogen- oder HID-Scheinwerfer bietet unsere LED eine echte 360\u00b0-Lichtabstrahlung \u2013 jedoch mit bis zu zehnfacher Helligkeit im Vergleich zu einer Standard-Halogenlampe.<\/p>\n\n\t\t<\/div>\n\t\t\t\t\t<\/div>\n\n\t\n\n<\/div>\n<div class=\"row\"  id=\"row-1873813662\">\n\n\n\t<div id=\"col-1695892367\" class=\"col small-12 large-12\"  >\n\t\t\t\t<div class=\"col-inner\"  >\n\t\t\t\n\t\t\t\n\n<div class=\"row\"  id=\"row-381463569\">\n\n\n\t<div id=\"col-163835692\" class=\"col medium-6 small-12 large-6\"  >\n\t\t\t\t<div class=\"col-inner\"  >\n\t\t\t\n\t\t\t\n\n\t<div class=\"img has-hover x md-x lg-x y md-y lg-y\" id=\"image_583259156\">\n\t\t\t\t\t\t\t\t<div class=\"img-inner dark\" >\n\t\t\t<img decoding=\"async\" width=\"850\" height=\"850\" src=\"https:\/\/rttheadlight.com\/wp-content\/uploads\/2025\/05\/128-1.jpg\" class=\"attachment-1536x1536 size-1536x1536\" alt=\"\" srcset=\"https:\/\/rttheadlight.com\/wp-content\/uploads\/2025\/05\/128-1.jpg 850w, https:\/\/rttheadlight.com\/wp-content\/uploads\/2025\/05\/128-1-100x100.jpg 100w, https:\/\/rttheadlight.com\/wp-content\/uploads\/2025\/05\/128-1-510x510.jpg 510w, https:\/\/rttheadlight.com\/wp-content\/uploads\/2025\/05\/128-1-300x300.jpg 300w, https:\/\/rttheadlight.com\/wp-content\/uploads\/2025\/05\/128-1-150x150.jpg 150w, https:\/\/rttheadlight.com\/wp-content\/uploads\/2025\/05\/128-1-768x768.jpg 768w, https:\/\/rttheadlight.com\/wp-content\/uploads\/2025\/05\/128-1-12x12.jpg 12w\" sizes=\"(max-width: 850px) 100vw, 850px\" \/>\t\t\t\t\t\t\n\t\t\t\t\t<\/div>\n\t\t\t\t\t\t\t\t\n<style>\n#image_583259156 {\n  width: 100%;\n}\n<\/style>\n\t<\/div>\n\t\n\n\n\t\t<\/div>\n\t\t\t\t\t<\/div>\n\n\t\n\n\t<div id=\"col-1150466526\" class=\"col medium-6 small-12 large-6\"  >\n\t\t\t\t<div class=\"col-inner\"  >\n\t\t\t\n\t\t\t\n\n<h2>Lichtbild und Helligkeit<\/h2>\n<p data-start=\"138\" data-end=\"292\"><strong data-start=\"138\" data-end=\"292\">Im Vergleich zu herk\u00f6mmlichen Xenon-Scheinwerfern und Standard-2-Seiten-LED-Scheinwerfern bietet unser 4-seitiger 360\u00b0-LED-Scheinwerfer klare Vorteile in allen Bereichen:<\/strong><\/p>\n<ul data-start=\"294\" data-end=\"976\">\n<li data-start=\"294\" data-end=\"412\">\n<p data-start=\"296\" data-end=\"412\">Helligkeit: bis zu 10\u00d7 heller als Halogen und deutlich heller als Xenon- und 2-seitige LED-Designs.<\/p>\n<\/li>\n<li data-start=\"413\" data-end=\"576\">\n<p data-start=\"415\" data-end=\"576\">Lichtbild: Liefert einen perfekt fokussierten 360\u00b0-Strahl ohne dunkle Bereiche oder Blendung und ahmt die Pr\u00e4zision von Xenon-Scheinwerfern genau nach, ohne dass eine manuelle Einstellung erforderlich ist.<\/p>\n<\/li>\n<li data-start=\"577\" data-end=\"708\">\n<p data-start=\"579\" data-end=\"708\">Kosten: Kosteng\u00fcnstiger als Xenon-Systeme (kein Vorschaltger\u00e4t erforderlich) und leistungsst\u00e4rker als typische preiswerte LED-Scheinwerfer.<\/p>\n<\/li>\n<li data-start=\"709\" data-end=\"842\">\n<p data-start=\"711\" data-end=\"842\">Lebensdauer: F\u00fcr den Langzeiteinsatz konzipiert, mit einer Lebensdauer von \u00fcber 30.000 Stunden \u2014 weit \u00fcber der von Xenonlampen und g\u00fcnstigeren LED-Optionen.<\/p>\n<\/li>\n<li data-start=\"843\" data-end=\"976\">\n<p data-start=\"845\" data-end=\"976\">Stabilit\u00e4t: \u00dcberlegene W\u00e4rmeableitung und Treiberdesign gew\u00e4hrleisten gleichbleibende Helligkeit und Leistung, selbst unter extremen Bedingungen.<\/p>\n<\/li>\n<\/ul>\n\n\t\t<\/div>\n\t\t\t\t\t<\/div>\n\n\t\n\n<\/div>\n\n\t\t<\/div>\n\t\t\t\t\t<\/div>\n\n\t\n\n<\/div>\n<div class=\"row\"  id=\"row-2020995626\">\n\n\n\t<div id=\"col-628283857\" class=\"col medium-6 small-12 large-6\"  >\n\t\t\t\t<div class=\"col-inner\"  >\n\t\t\t\n\t\t\t\n\n\t<div class=\"img has-hover x md-x lg-x y md-y lg-y\" id=\"image_1430465693\">\n\t\t\t\t\t\t\t\t<div class=\"img-inner dark\" >\n\t\t\t<img loading=\"lazy\" decoding=\"async\" width=\"850\" height=\"850\" src=\"https:\/\/rttheadlight.com\/wp-content\/uploads\/2025\/05\/127-1.jpg\" class=\"attachment-1536x1536 size-1536x1536\" alt=\"\" srcset=\"https:\/\/rttheadlight.com\/wp-content\/uploads\/2025\/05\/127-1.jpg 850w, https:\/\/rttheadlight.com\/wp-content\/uploads\/2025\/05\/127-1-100x100.jpg 100w, https:\/\/rttheadlight.com\/wp-content\/uploads\/2025\/05\/127-1-510x510.jpg 510w, https:\/\/rttheadlight.com\/wp-content\/uploads\/2025\/05\/127-1-300x300.jpg 300w, https:\/\/rttheadlight.com\/wp-content\/uploads\/2025\/05\/127-1-150x150.jpg 150w, https:\/\/rttheadlight.com\/wp-content\/uploads\/2025\/05\/127-1-768x768.jpg 768w, https:\/\/rttheadlight.com\/wp-content\/uploads\/2025\/05\/127-1-12x12.jpg 12w\" sizes=\"(max-width: 850px) 100vw, 850px\" \/>\t\t\t\t\t\t\n\t\t\t\t\t<\/div>\n\t\t\t\t\t\t\t\t\n<style>\n#image_1430465693 {\n  width: 100%;\n}\n<\/style>\n\t<\/div>\n\t\n\n\n\t\t<\/div>\n\t\t\t\t\t<\/div>\n\n\t\n\n\t<div id=\"col-1384373057\" class=\"col medium-6 small-12 large-6\"  >\n\t\t\t\t<div class=\"col-inner\"  >\n\t\t\t\n\t\t\t\n\n<h2>Im Vergleich zu anderen<\/h2>\n<p data-start=\"202\" data-end=\"505\"><strong data-start=\"202\" data-end=\"505\">Unlike many other 4-sided, 6-sided, or even 8-sided LED headlights on the market that require a larger light-emitting diameter due to design or physical limitations, our 4-sided 360\u00b0 LED headlight features an ultra-compact LED core layout that closely matches the filament size of halogen and xenon bulbs.<\/strong><\/p>\n<ul data-start=\"507\" data-end=\"1201\">\n<li data-start=\"507\" data-end=\"677\">\n<p data-start=\"509\" data-end=\"677\">Beam Focus: The smaller diameter allows our LEDs to achieve an exceptionally accurate beam focus \u2014 no dark spots, no scattered light, and no need for adjustment.<\/p>\n<\/li>\n<li data-start=\"678\" data-end=\"839\">\n<p data-start=\"680\" data-end=\"839\">Helligkeit: Trotz der kompakten Gr\u00f6\u00dfe erreichen unsere LEDs eine deutlich h\u00f6here Helligkeit als \u00fcbergro\u00dfe mehrseitige Designs, die oft unter unscharfem Lichtaussto\u00df leiden.<\/p>\n<\/li>\n<li data-start=\"840\" data-end=\"1021\">\n<p data-start=\"842\" data-end=\"1021\">Gr\u00f6\u00dfeneffizienz: Gr\u00f6\u00dfere 6- und 8-seitige Modelle neigen aufgrund des \u00fcberm\u00e4\u00dfigen Durchmessers dazu, die Reflektor-Kompatibilit\u00e4t zu beeintr\u00e4chtigen, w\u00e4hrend unser schlankes Design die OEM-Anpassungsstandards einh\u00e4lt.<\/p>\n<\/li>\n<li data-start=\"1022\" data-end=\"1201\">\n<p data-start=\"1024\" data-end=\"1201\">Thermische Stabilit\u00e4t: Ein kompaktes Layout erm\u00f6glicht eine effizientere W\u00e4rmeableitung, verbessert die Langzeitleistung und reduziert die Ausfallrisiken, die bei dicht gepackten mehrseitigen Modellen auftreten.<\/p>\n<\/li>\n<\/ul>\n<p data-start=\"1203\" data-end=\"1401\"><strong data-start=\"1203\" data-end=\"1401\">Kurz gesagt bietet das fortschrittliche 4-seitige Design von Ruituo die perfekte Balance aus Strahlpr\u00e4zision, Helligkeit, Gr\u00f6\u00dfenkompatibilit\u00e4t und Stabilit\u00e4t \u2014 und \u00fcbertrifft damit sowohl traditionelle als auch mehrseitige LED-Konkurrenten.<\/strong><\/p>\n\n\t\t<\/div>\n\t\t\t\t\t<\/div>\n\n\t\n\n<\/div>\n<div class=\"row\"  id=\"row-769761605\">\n\n\n\t<div id=\"col-787536380\" class=\"col medium-6 small-12 large-6\"  >\n\t\t\t\t<div class=\"col-inner\"  >\n\t\t\t\n\t\t\t\n\n\t<div class=\"img has-hover x md-x lg-x y md-y lg-y\" id=\"image_451241253\">\n\t\t\t\t\t\t\t\t<div class=\"img-inner dark\" >\n\t\t\t<img loading=\"lazy\" decoding=\"async\" width=\"850\" height=\"850\" src=\"https:\/\/rttheadlight.com\/wp-content\/uploads\/2025\/05\/129.jpg\" class=\"attachment-1536x1536 size-1536x1536\" alt=\"\" srcset=\"https:\/\/rttheadlight.com\/wp-content\/uploads\/2025\/05\/129.jpg 850w, https:\/\/rttheadlight.com\/wp-content\/uploads\/2025\/05\/129-100x100.jpg 100w, https:\/\/rttheadlight.com\/wp-content\/uploads\/2025\/05\/129-510x510.jpg 510w, https:\/\/rttheadlight.com\/wp-content\/uploads\/2025\/05\/129-300x300.jpg 300w, https:\/\/rttheadlight.com\/wp-content\/uploads\/2025\/05\/129-150x150.jpg 150w, https:\/\/rttheadlight.com\/wp-content\/uploads\/2025\/05\/129-768x768.jpg 768w, https:\/\/rttheadlight.com\/wp-content\/uploads\/2025\/05\/129-12x12.jpg 12w\" sizes=\"(max-width: 850px) 100vw, 850px\" \/>\t\t\t\t\t\t\n\t\t\t\t\t<\/div>\n\t\t\t\t\t\t\t\t\n<style>\n#image_451241253 {\n  width: 100%;\n}\n<\/style>\n\t<\/div>\n\t\n\n\n\t\t<\/div>\n\t\t\t\t\t<\/div>\n\n\t\n\n\t<div id=\"col-1385925501\" class=\"col medium-6 small-12 large-6\"  >\n\t\t\t\t<div class=\"col-inner\"  >\n\t\t\t\n\t\t\t\n\n<h2>Stromversorgung<\/h2>\n<p>Die Stromversorgung ist eine kritische Komponente dieses Produkts, da viele Fahrzeuge unregelm\u00e4\u00dfigen Stromverbrauch der Scheinwerfer erkennen k\u00f6nnen. Wenn die Stromversorgung nicht den Originalspezifikationen entspricht, k\u00f6nnen die folgenden Probleme auftreten:<\/p>\n<ul>\n<li>Flackern: Die Scheinwerfer funktionieren m\u00f6glicherweise nicht richtig und k\u00f6nnten beim Einschalten kontinuierlich blinken oder flackern.<\/li>\n<li>Radiointerferenzen: Eine abnormale Stromversorgung kann Funksignale st\u00f6ren, was zu schlechter Audioqualit\u00e4t oder St\u00f6rger\u00e4uschen w\u00e4hrend der \u00dcbertragung f\u00fchrt.<\/li>\n<li>Scheinwerferabschaltung beim Start: Die Scheinwerfer k\u00f6nnen beim Start des Fahrzeugs vor\u00fcbergehend ausgehen und erst wieder eingeschaltet werden, wenn der Motor l\u00e4uft.<\/li>\n<li>Warnleuchte im Armaturenbrett: Das Armaturenbrett des Fahrzeugs kann eine Warnleuchte anzeigen, die auf ein strombezogenes Problem im Scheinwerfersystem hinweist.<\/li>\n<\/ul>\n<p>Um diese Probleme zu l\u00f6sen, verwenden wir Stromversorgungen, die umfangreichen Tests unterzogen wurden und \u00fcber fortschrittliche Leistungsdecodierungsfunktionen verf\u00fcgen, um eine stabile und zuverl\u00e4ssige Ausgabe zu gew\u00e4hrleisten.<\/p>\n<p>Dar\u00fcber hinaus verf\u00fcgt unser System \u00fcber einen intelligenten Temperaturregelkreis. Diese Technologie \u00fcberwacht die Betriebstemperatur in Echtzeit und reduziert bei Erreichen eines voreingestellten Schwellenwerts automatisch die Leistung, um das elektrische System des Fahrzeugs zu sch\u00fctzen und optimale Leistung zu gew\u00e4hrleisten.<\/p>\n\n\t\t<\/div>\n\t\t\t\t\t<\/div>\n\n\t\n\n<\/div>\n\n\t\t<\/div>\n\t\t\t\t\t<\/div>\n\n\t\n\n<\/div>\n\n\t\t<\/div>\n\n\t\t\n<style>\n#section_1368115367 {\n  padding-top: 30px;\n  padding-bottom: 30px;\n}\n<\/style>\n\t<\/section>\n\t\n\n\t<section class=\"section\" id=\"section_2134761117\">\n\t\t<div class=\"section-bg fill\" >\n\t\t\t\t\t\t\t\t\t\n\t\t\t\n\n\t\t<\/div>\n\n\t\t\n\n\t\t<div class=\"section-content relative\">\n\t\t\t\n\n<div class=\"row\"  id=\"row-134369187\">\n\n\n\t<div id=\"col-2041398281\" class=\"col small-12 large-12\"  >\n\t\t\t\t<div class=\"col-inner\"  >\n\t\t\t\n\t\t\t\n\n<div class=\"container section-title-container\" ><h2 class=\"section-title section-title-center\"><b><\/b><span class=\"section-title-main\" >Video-Demo<\/span><b><\/b><\/h2><\/div>\n\n<p style=\"text-align: center;\">In diesem Abschnitt werden verschiedene Modelle mit Funktionsvorstellung sowie unseren Test- und Installationsmethoden gezeigt. Wir werden hier weiterhin Videodemos der neuesten Modelle teilen.<\/p>\n\n\t\t<\/div>\n\t\t\t\t\t<\/div>\n\n\t\n\n<\/div>\n<div class=\"row\"  id=\"row-2084524063\">\n\n\n\t<div id=\"col-1515871637\" class=\"col medium-3 small-6 large-3\"  >\n\t\t\t\t<div class=\"col-inner\"  >\n\t\t\t\n\t\t\t\n\n<div class=\"video video-fit mb\" style=\"padding-top:56.25%;\"><iframe title=\"2025\u5e746\u67084\u65e5\" width=\"1020\" height=\"574\" src=\"https:\/\/www.youtube.com\/embed\/empsQUI5fI8?feature=oembed\" frameborder=\"0\" allow=\"accelerometer; autoplay; clipboard-write; encrypted-media; gyroscope; picture-in-picture; web-share\" referrerpolicy=\"strict-origin-when-cross-origin\" allowfullscreen><\/iframe><\/div>\n\n\n\t\t<\/div>\n\t\t\t\t\t<\/div>\n\n\t\n\n\t<div id=\"col-1065388247\" class=\"col medium-3 small-6 large-3\"  >\n\t\t\t\t<div class=\"col-inner\"  >\n\t\t\t\n\t\t\t\n\n<div class=\"video video-fit mb\" style=\"padding-top:56.25%;\"><p><iframe title=\"2025\u5e746\u67084\u65e5\" width=\"1020\" height=\"574\" src=\"https:\/\/www.youtube.com\/embed\/mxAF67m8eHc?feature=oembed\" frameborder=\"0\" allow=\"accelerometer; autoplay; clipboard-write; encrypted-media; gyroscope; picture-in-picture; web-share\" referrerpolicy=\"strict-origin-when-cross-origin\" allowfullscreen><\/iframe><\/p>\n<\/div>\n\n\n\t\t<\/div>\n\t\t\t\t\t<\/div>\n\n\t\n\n\t<div id=\"col-309480452\" class=\"col medium-3 small-6 large-3\"  >\n\t\t\t\t<div class=\"col-inner\"  >\n\t\t\t\n\t\t\t\n\n<div class=\"video video-fit mb\" style=\"padding-top:56.25%;\"><p><iframe title=\"2025\u5e746\u67084\u65e5\" width=\"1020\" height=\"574\" src=\"https:\/\/www.youtube.com\/embed\/Bgq--W1EJFw?feature=oembed\" frameborder=\"0\" allow=\"accelerometer; autoplay; clipboard-write; encrypted-media; gyroscope; picture-in-picture; web-share\" referrerpolicy=\"strict-origin-when-cross-origin\" allowfullscreen><\/iframe><\/p>\n<\/div>\n\n\n\t\t<\/div>\n\t\t\t\t\t<\/div>\n\n\t\n\n\t<div id=\"col-898166113\" class=\"col medium-3 small-6 large-3\"  >\n\t\t\t\t<div class=\"col-inner\"  >\n\t\t\t\n\t\t\t\n\n<div class=\"video video-fit mb\" style=\"padding-top:56.25%;\"><p><iframe title=\"2025\u5e746\u67084\u65e5\" width=\"1020\" height=\"574\" src=\"https:\/\/www.youtube.com\/embed\/zSNXAOzzhBE?feature=oembed\" frameborder=\"0\" allow=\"accelerometer; autoplay; clipboard-write; encrypted-media; gyroscope; picture-in-picture; web-share\" referrerpolicy=\"strict-origin-when-cross-origin\" allowfullscreen><\/iframe><\/p>\n<\/div>\n\n\n\t\t<\/div>\n\t\t\t\t\t<\/div>\n\n\t\n\n<\/div>\n<div class=\"row\"  id=\"row-1798188308\">\n\n\n\t<div id=\"col-2042696617\" class=\"col medium-3 small-6 large-3\"  >\n\t\t\t\t<div class=\"col-inner\"  >\n\t\t\t\n\t\t\t\n\n<div class=\"video video-fit mb\" style=\"padding-top:56.25%;\"><p><iframe title=\"2025\u5e746\u67084\u65e5\" width=\"1020\" height=\"574\" src=\"https:\/\/www.youtube.com\/embed\/tM_20APBjl8?feature=oembed\" frameborder=\"0\" allow=\"accelerometer; autoplay; clipboard-write; encrypted-media; gyroscope; picture-in-picture; web-share\" referrerpolicy=\"strict-origin-when-cross-origin\" allowfullscreen><\/iframe><\/p>\n<\/div>\n\n\n\t\t<\/div>\n\t\t\t\t\t<\/div>\n\n\t\n\n\t<div id=\"col-1930296356\" class=\"col medium-3 small-6 large-3\"  >\n\t\t\t\t<div class=\"col-inner\"  >\n\t\t\t\n\t\t\t\n\n<div class=\"video video-fit mb\" style=\"padding-top:56.25%;\"><p><iframe title=\"2025\u5e746\u67084\u65e5\" width=\"1020\" height=\"574\" src=\"https:\/\/www.youtube.com\/embed\/i_OqjwSXMHE?feature=oembed\" frameborder=\"0\" allow=\"accelerometer; autoplay; clipboard-write; encrypted-media; gyroscope; picture-in-picture; web-share\" referrerpolicy=\"strict-origin-when-cross-origin\" allowfullscreen><\/iframe><\/p>\n<\/div>\n\n\n\t\t<\/div>\n\t\t\t\t\t<\/div>\n\n\t\n\n\t<div id=\"col-1475957071\" class=\"col medium-3 small-6 large-3\"  >\n\t\t\t\t<div class=\"col-inner\"  >\n\t\t\t\n\t\t\t\n\n\n\t\t<\/div>\n\t\t\t\t\t<\/div>\n\n\t\n\n\t<div id=\"col-491519733\" class=\"col medium-3 small-6 large-3\"  >\n\t\t\t\t<div class=\"col-inner\"  >\n\t\t\t\n\t\t\t\n\n\n\t\t<\/div>\n\t\t\t\t\t<\/div>\n\n\t\n\n<\/div>\n\n\t\t<\/div>\n\n\t\t\n<style>\n#section_2134761117 {\n  padding-top: 30px;\n  padding-bottom: 30px;\n}\n<\/style>\n\t<\/section>","protected":false},"excerpt":{"rendered":"","protected":false},"author":2,"featured_media":0,"parent":0,"menu_order":0,"comment_status":"closed","ping_status":"closed","template":"","meta":{"footnotes":""},"class_list":["post-429","page","type-page","status-publish","hentry"],"_links":{"self":[{"href":"https:\/\/rttheadlight.com\/de\/wp-json\/wp\/v2\/pages\/429","targetHints":{"allow":["GET"]}}],"collection":[{"href":"https:\/\/rttheadlight.com\/de\/wp-json\/wp\/v2\/pages"}],"about":[{"href":"https:\/\/rttheadlight.com\/de\/wp-json\/wp\/v2\/types\/page"}],"author":[{"embeddable":true,"href":"https:\/\/rttheadlight.com\/de\/wp-json\/wp\/v2\/users\/2"}],"replies":[{"embeddable":true,"href":"https:\/\/rttheadlight.com\/de\/wp-json\/wp\/v2\/comments?post=429"}],"version-history":[{"count":38,"href":"https:\/\/rttheadlight.com\/de\/wp-json\/wp\/v2\/pages\/429\/revisions"}],"predecessor-version":[{"id":2174,"href":"https:\/\/rttheadlight.com\/de\/wp-json\/wp\/v2\/pages\/429\/revisions\/2174"}],"wp:attachment":[{"href":"https:\/\/rttheadlight.com\/de\/wp-json\/wp\/v2\/media?parent=429"}],"curies":[{"name":"wp","href":"https:\/\/api.w.org\/{rel}","templated":true}]}}