{"id":13,"date":"2025-05-17T04:10:48","date_gmt":"2025-05-17T04:10:48","guid":{"rendered":"https:\/\/maroon-owl-715960.hostingersite.com\/?page_id=13"},"modified":"2026-04-07T12:42:46","modified_gmt":"2026-04-07T12:42:46","slug":"about","status":"publish","type":"page","link":"https:\/\/rttheadlight.com\/de\/about\/","title":{"rendered":"\u00dcber"},"content":{"rendered":"<section class=\"section\" id=\"section_1557278733\">\n\t\t<div class=\"section-bg fill\" >\n\t\t\t<img fetchpriority=\"high\" decoding=\"async\" width=\"1200\" height=\"417\" src=\"https:\/\/rttheadlight.com\/wp-content\/uploads\/2025\/05\/4-1.jpg\" class=\"bg attachment- size-\" alt=\"\" \/>\t\t\t\t\t\t\n\t\t\t\n\n\t\t<\/div>\n\n\t\t\n\n\t\t<div class=\"section-content relative\">\n\t\t\t\n\n\t<div id=\"text-3674261981\" class=\"text\">\n\t\t\n\n<h2 class=\"uppercase\">To Be No.1<\/h2>\n<h3 class=\"thin-font\">In The LED Headlight Niche<\/h3>\n\t\t\n<style>\n#text-3674261981 {\n  text-align: left;\n  color: rgb(255,255,255);\n}\n#text-3674261981 > * {\n  color: rgb(255,255,255);\n}\n<\/style>\n\t<\/div>\n\t\n\n\t\t<\/div>\n\n\t\t\n<style>\n#section_1557278733 {\n  padding-top: 30px;\n  padding-bottom: 30px;\n  min-height: 250px;\n}\n#section_1557278733 .section-bg img {\n  object-position: 59% 90%;\n}\n@media (min-width:550px) {\n  #section_1557278733 {\n    min-height: 325px;\n  }\n}\n<\/style>\n\t<\/section>\n\t\n\n\t<section class=\"section\" id=\"section_1447614288\">\n\t\t<div class=\"section-bg fill\" >\n\t\t\t\t\t\t\t\t\t\n\t\t\t\n\n\t\t<\/div>\n\n\t\t\n\n\t\t<div class=\"section-content relative\">\n\t\t\t\n\n\t<div id=\"gap-1949003329\" class=\"gap-element clearfix\" style=\"display:block; height:auto;\">\n\t\t\n<style>\n#gap-1949003329 {\n  padding-top: 20px;\n}\n@media (min-width:550px) {\n  #gap-1949003329 {\n    padding-top: 40px;\n  }\n}\n<\/style>\n\t<\/div>\n\t\n\n<div class=\"row\"  id=\"row-789183749\">\n\n\n\t<div id=\"col-1978454912\" class=\"col medium-4 small-12 large-4\"  >\n\t\t\t\t<div class=\"col-inner\"  >\n\t\t\t\n\t\t\t\n\n\t<div id=\"gap-298819983\" class=\"gap-element clearfix hide-for-medium\" style=\"display:block; height:auto;\">\n\t\t\n<style>\n#gap-298819983 {\n  padding-top: 10px;\n}\n<\/style>\n\t<\/div>\n\t\n\n\t<div id=\"text-2602598272\" class=\"text\">\n\t\t\n\n<h3>\u00dcber uns<\/h3>\n\t\t\n<style>\n#text-2602598272 {\n  font-size: 1.75rem;\n  line-height: 1.25;\n}\n@media (min-width:850px) {\n  #text-2602598272 {\n    line-height: 0.75;\n  }\n}\n<\/style>\n\t<\/div>\n\t\n<a href=\"https:\/\/rttheadlight.com\/contact\/\" class=\"button success is-link\"  >\n\t\t<span>Kontakt aufnehmen<\/span>\n\t<i class=\"icon-angle-right\" aria-hidden=\"true\" ><\/i><\/a>\n\n\n\n\t\t<\/div>\n\t\t\t\t\n<style>\n#col-1978454912 > .col-inner {\n  margin: 0px 0px -20px 0px;\n}\n<\/style>\n\t<\/div>\n\n\t\n\n\t<div id=\"col-1733585728\" class=\"col medium-8 small-12 large-8\"  >\n\t\t\t\t<div class=\"col-inner\"  >\n\t\t\t\n\t\t\t\n\n<p>Dongguan Ruituo Technology Co., Ltd., established in 2019, is an ISO9001 certified enterprise integrating R&amp;D, production, sales, and service of 360\u00b0 luminous automotive lighting products. All R&amp;D and management personnel have been engaged in the LED automotive lighting industry for more than 10 years. The company is committed to focusing on 360\u00b0 luminous lighting products, continuously innovating and making breakthroughs in this field.<\/p>\n<p>Infolgedessen hat das Unternehmen 58 nationale Patente sowie 1 internationales PCT-Patent angemeldet, von denen 56 chinesische Patente genehmigt und mit entsprechenden Zertifikaten versehen wurden. Dazu z\u00e4hlen 1 nationales Erfindungspatent, 4 Gebrauchsmusterpatente und 1 Designpatent, die alle pr\u00e4zise Pr\u00fcfungen durch die Nationale Beh\u00f6rde f\u00fcr geistiges Eigentum bestanden und positive Patentrechtsberichte erhalten haben. Durch kontinuierliche Innovation und Beharrlichkeit erhielt das Unternehmen im Jahr 2022 offiziell die nationale Qualifikation als \u201eHigh-Tech-Unternehmen\u201c (Zertifikatsnummer: GR202244009723).<\/p>\n\n\t\t<\/div>\n\t\t\t\t\t<\/div>\n\n\t\n\n<\/div>\n\n\t\t<\/div>\n\n\t\t\n<style>\n#section_1447614288 {\n  padding-top: 30px;\n  padding-bottom: 30px;\n}\n<\/style>\n\t<\/section>","protected":false},"excerpt":{"rendered":"","protected":false},"author":2,"featured_media":0,"parent":0,"menu_order":0,"comment_status":"closed","ping_status":"closed","template":"","meta":{"footnotes":""},"class_list":["post-13","page","type-page","status-publish","hentry"],"_links":{"self":[{"href":"https:\/\/rttheadlight.com\/de\/wp-json\/wp\/v2\/pages\/13","targetHints":{"allow":["GET"]}}],"collection":[{"href":"https:\/\/rttheadlight.com\/de\/wp-json\/wp\/v2\/pages"}],"about":[{"href":"https:\/\/rttheadlight.com\/de\/wp-json\/wp\/v2\/types\/page"}],"author":[{"embeddable":true,"href":"https:\/\/rttheadlight.com\/de\/wp-json\/wp\/v2\/users\/2"}],"replies":[{"embeddable":true,"href":"https:\/\/rttheadlight.com\/de\/wp-json\/wp\/v2\/comments?post=13"}],"version-history":[{"count":6,"href":"https:\/\/rttheadlight.com\/de\/wp-json\/wp\/v2\/pages\/13\/revisions"}],"predecessor-version":[{"id":2239,"href":"https:\/\/rttheadlight.com\/de\/wp-json\/wp\/v2\/pages\/13\/revisions\/2239"}],"wp:attachment":[{"href":"https:\/\/rttheadlight.com\/de\/wp-json\/wp\/v2\/media?parent=13"}],"curies":[{"name":"wp","href":"https:\/\/api.w.org\/{rel}","templated":true}]}}